{"id":20910,"date":"2025-10-16T00:13:26","date_gmt":"2025-10-16T00:13:26","guid":{"rendered":"https:\/\/www.yousanusb.com\/?post_type=product&#038;p=20910"},"modified":"2025-10-16T01:05:39","modified_gmt":"2025-10-16T01:05:39","slug":"electroplated-square-key-usb-flash-drive-with-triangular-hole","status":"publish","type":"product","link":"https:\/\/www.yousanusb.com\/es\/producto\/electroplated-square-key-usb-flash-drive-with-triangular-hole\/","title":{"rendered":"Llave cuadrada galvanizada Memoria USB con orificio triangular"},"content":{"rendered":"<p>Esta unidad USB con llave cuadrada galvanopl\u00e1stica destaca por su artesan\u00eda galvanopl\u00e1stica. Su brillo met\u00e1lico y su refinada superficie confieren al producto un aspecto de primera calidad, al tiempo que ofrecen una excepcional resistencia al desgaste y protecci\u00f3n contra la corrosi\u00f3n. Incluso con un uso frecuente y prolongado, la superficie sigue brillando como nueva, eliminando por completo los problemas de desgaste y decoloraci\u00f3n habituales en las unidades USB de pl\u00e1stico normales.<\/p>\n\n\n\n<div class=\"wp-block-columns is-layout-flex wp-container-core-columns-is-layout-1 wp-block-columns-is-layout-flex\">\n<div class=\"wp-block-column is-vertically-aligned-center is-layout-flow wp-block-column-is-layout-flow\">\n<p>Inspirado en el dise\u00f1o de una llave, su silueta general presenta l\u00edneas cuadradas limpias y n\u00edtidas. El orificio triangular de la parte superior permite engancharlo f\u00e1cilmente a un llavero, lo que permite llevarlo junto a las llaves de casa y del coche. Este dise\u00f1o ahorra espacio al eliminar la necesidad de guardar por separado la unidad USB, al tiempo que evita el riesgo de extrav\u00edo por un almacenamiento descuidado. Realmente logra el concepto de \"siempre a mano, listo para usar cuando se necesite\".<\/p>\n\n\n\n<p>Admite varias capacidades de almacenamiento, como 8 GB, 16 GB, 32 GB e incluso 64 GB, lo que ofrece opciones flexibles para satisfacer sus necesidades, tanto si desea transferir archivos peque\u00f1os temporalmente como almacenar documentos de gran tama\u00f1o, fotos de alta definici\u00f3n y v\u00eddeos.<\/p>\n<\/div>\n\n\n\n<div class=\"wp-block-column is-layout-flow wp-block-column-is-layout-flow\">\n<figure class=\"wp-block-image size-full\"><img fetchpriority=\"high\" decoding=\"async\" width=\"800\" height=\"800\" src=\"https:\/\/www.yousanusb.com\/wp-content\/uploads\/2025\/10\/metal-usb-flash-drive-1.jpg\" alt=\"\" class=\"wp-image-20915\" srcset=\"https:\/\/www.yousanusb.com\/wp-content\/uploads\/2025\/10\/metal-usb-flash-drive-1.jpg 800w, https:\/\/www.yousanusb.com\/wp-content\/uploads\/2025\/10\/metal-usb-flash-drive-1-300x300.jpg 300w, https:\/\/www.yousanusb.com\/wp-content\/uploads\/2025\/10\/metal-usb-flash-drive-1-150x150.jpg 150w, https:\/\/www.yousanusb.com\/wp-content\/uploads\/2025\/10\/metal-usb-flash-drive-1-768x768.jpg 768w, https:\/\/www.yousanusb.com\/wp-content\/uploads\/2025\/10\/metal-usb-flash-drive-1-12x12.jpg 12w, https:\/\/www.yousanusb.com\/wp-content\/uploads\/2025\/10\/metal-usb-flash-drive-1-600x600.jpg 600w, https:\/\/www.yousanusb.com\/wp-content\/uploads\/2025\/10\/metal-usb-flash-drive-1-100x100.jpg 100w\" sizes=\"(max-width: 800px) 100vw, 800px\" \/><\/figure>\n<\/div>\n<\/div>\n\n\n\n<div class=\"wp-block-columns is-layout-flex wp-container-core-columns-is-layout-2 wp-block-columns-is-layout-flex\">\n<div class=\"wp-block-column is-layout-flow wp-block-column-is-layout-flow\">\n<figure class=\"wp-block-image size-full\"><img decoding=\"async\" width=\"800\" height=\"800\" src=\"https:\/\/www.yousanusb.com\/wp-content\/uploads\/2025\/10\/Electroplated-Square-Key-USB-Flash-Drive.jpg\" alt=\"\" class=\"wp-image-20914\" srcset=\"https:\/\/www.yousanusb.com\/wp-content\/uploads\/2025\/10\/Electroplated-Square-Key-USB-Flash-Drive.jpg 800w, https:\/\/www.yousanusb.com\/wp-content\/uploads\/2025\/10\/Electroplated-Square-Key-USB-Flash-Drive-300x300.jpg 300w, https:\/\/www.yousanusb.com\/wp-content\/uploads\/2025\/10\/Electroplated-Square-Key-USB-Flash-Drive-150x150.jpg 150w, https:\/\/www.yousanusb.com\/wp-content\/uploads\/2025\/10\/Electroplated-Square-Key-USB-Flash-Drive-768x768.jpg 768w, https:\/\/www.yousanusb.com\/wp-content\/uploads\/2025\/10\/Electroplated-Square-Key-USB-Flash-Drive-12x12.jpg 12w, https:\/\/www.yousanusb.com\/wp-content\/uploads\/2025\/10\/Electroplated-Square-Key-USB-Flash-Drive-600x600.jpg 600w, https:\/\/www.yousanusb.com\/wp-content\/uploads\/2025\/10\/Electroplated-Square-Key-USB-Flash-Drive-100x100.jpg 100w\" sizes=\"(max-width: 800px) 100vw, 800px\" \/><\/figure>\n<\/div>\n\n\n\n<div class=\"wp-block-column is-vertically-aligned-center is-layout-flow wp-block-column-is-layout-flow\">\n<p>En cuanto a la conectividad, cuenta con un puerto USB est\u00e1ndar que ofrece una amplia compatibilidad de dispositivos: no s\u00f3lo ordenadores y port\u00e1tiles, sino tambi\u00e9n televisores inteligentes con USB, sistemas de audio y otros dispositivos se conectan sin esfuerzo. Esto rompe completamente con las limitaciones de los dispositivos, permitiendo la transferencia de datos \"en cualquier momento, en cualquier lugar, con\u00e9ctate al instante\".<\/p>\n\n\n\n<p>En el n\u00facleo de la transferencia y el almacenamiento de datos, ofrece velocidades de lectura\/escritura estables y eficientes: reduce significativamente los tiempos de espera al transferir informes de trabajo o documentos de cursos, y completa eficazmente tareas como la copia de seguridad de im\u00e1genes de viajes o colecciones de m\u00fasica preciadas. Y lo que es m\u00e1s importante, sus chips de almacenamiento se someten a rigurosas pruebas para salvaguardar eficazmente la seguridad e integridad de los datos, reduciendo dr\u00e1sticamente el riesgo de corrupci\u00f3n o p\u00e9rdida de archivos, lo que le proporciona tranquilidad a la hora de almacenar informaci\u00f3n cr\u00edtica.<\/p>\n<\/div>\n<\/div>\n\n\n\n<div class=\"wp-block-columns is-layout-flex wp-container-core-columns-is-layout-3 wp-block-columns-is-layout-flex\">\n<div class=\"wp-block-column is-vertically-aligned-center is-layout-flow wp-block-column-is-layout-flow\">\n<p>La superficie admite t\u00e9cnicas de personalizaci\u00f3n como el grabado l\u00e1ser y la impresi\u00f3n en color. Al imprimir el logotipo de su empresa o un eslogan exclusivo, se convierte en un obsequio de empresa bien pensado y, al mismo tiempo, se aprovecha el uso frecuente de la unidad USB para mantener la exposici\u00f3n de la marca, convirti\u00e9ndose en una tarjeta de visita m\u00f3vil.<\/p>\n<\/div>\n\n\n\n<div class=\"wp-block-column is-layout-flow wp-block-column-is-layout-flow\">\n<figure class=\"wp-block-image size-full\"><img decoding=\"async\" width=\"800\" height=\"800\" src=\"https:\/\/www.yousanusb.com\/wp-content\/uploads\/2025\/10\/Electroplated-Square-Key-USB-Flash-Drive-with-triangular-hole.jpg\" alt=\"\" class=\"wp-image-20913\" srcset=\"https:\/\/www.yousanusb.com\/wp-content\/uploads\/2025\/10\/Electroplated-Square-Key-USB-Flash-Drive-with-triangular-hole.jpg 800w, https:\/\/www.yousanusb.com\/wp-content\/uploads\/2025\/10\/Electroplated-Square-Key-USB-Flash-Drive-with-triangular-hole-300x300.jpg 300w, https:\/\/www.yousanusb.com\/wp-content\/uploads\/2025\/10\/Electroplated-Square-Key-USB-Flash-Drive-with-triangular-hole-150x150.jpg 150w, https:\/\/www.yousanusb.com\/wp-content\/uploads\/2025\/10\/Electroplated-Square-Key-USB-Flash-Drive-with-triangular-hole-768x768.jpg 768w, https:\/\/www.yousanusb.com\/wp-content\/uploads\/2025\/10\/Electroplated-Square-Key-USB-Flash-Drive-with-triangular-hole-12x12.jpg 12w, https:\/\/www.yousanusb.com\/wp-content\/uploads\/2025\/10\/Electroplated-Square-Key-USB-Flash-Drive-with-triangular-hole-600x600.jpg 600w, https:\/\/www.yousanusb.com\/wp-content\/uploads\/2025\/10\/Electroplated-Square-Key-USB-Flash-Drive-with-triangular-hole-100x100.jpg 100w\" sizes=\"(max-width: 800px) 100vw, 800px\" \/><\/figure>\n<\/div>\n<\/div>","protected":false},"excerpt":{"rendered":"<ul>\n<li>Galvanoplastia artesanal<\/li>\n<li>Materiales met\u00e1licos<\/li>\n<li>Logotipo personalizado<\/li>\n<li>Dise\u00f1o ultrafino<\/li>\n<li>MOQ\uff1a100PCS<\/li>\n<\/ul>","protected":false},"featured_media":20915,"comment_status":"open","ping_status":"closed","template":"","meta":{"_seopress_robots_primary_cat":"","_seopress_titles_title":"","_seopress_titles_desc":"","_seopress_robots_index":""},"class_list":["post-20910","product","type-product","status-publish","has-post-thumbnail","hentry","product_cat-retractable-usb-flash-drive","product_tag-key-usb-flash-drive"],"_links":{"self":[{"href":"https:\/\/www.yousanusb.com\/es\/wp-json\/wp\/v2\/product\/20910"}],"collection":[{"href":"https:\/\/www.yousanusb.com\/es\/wp-json\/wp\/v2\/product"}],"about":[{"href":"https:\/\/www.yousanusb.com\/es\/wp-json\/wp\/v2\/types\/product"}],"replies":[{"embeddable":true,"href":"https:\/\/www.yousanusb.com\/es\/wp-json\/wp\/v2\/comments?post=20910"}],"wp:featuredmedia":[{"embeddable":true,"href":"https:\/\/www.yousanusb.com\/es\/wp-json\/wp\/v2\/media\/20915"}],"wp:attachment":[{"href":"https:\/\/www.yousanusb.com\/es\/wp-json\/wp\/v2\/media?parent=20910"}],"curies":[{"name":"wp","href":"https:\/\/api.w.org\/{rel}","templated":true}]}}