{"id":20934,"date":"2025-10-16T03:14:35","date_gmt":"2025-10-16T03:14:35","guid":{"rendered":"https:\/\/www.yousanusb.com\/?post_type=product&#038;p=20934"},"modified":"2025-12-16T13:35:56","modified_gmt":"2025-12-16T13:35:56","slug":"strawberry-shaped-pvc-soft-rubber-usb-flash-drive","status":"publish","type":"product","link":"https:\/\/www.yousanusb.com\/es\/producto\/strawberry-shaped-pvc-soft-rubber-usb-flash-drive\/","title":{"rendered":"Memoria USB con forma de fresa"},"content":{"rendered":"<p>\u00bfCrees que es una fresa comestible? No, es una creativa e hiperrealista unidad USB de goma blanda de PVC con forma de fresa.<\/p>\n\n\n\n<div class=\"wp-block-columns is-layout-flex wp-container-core-columns-is-layout-1 wp-block-columns-is-layout-flex\">\n<div class=\"wp-block-column is-layout-flow wp-block-column-is-layout-flow\">\n<figure class=\"wp-block-image size-full\"><img fetchpriority=\"high\" decoding=\"async\" width=\"800\" height=\"800\" src=\"https:\/\/www.yousanusb.com\/wp-content\/uploads\/2025\/10\/Strawberry-USB.jpg\" alt=\"\" class=\"wp-image-20941\" srcset=\"https:\/\/www.yousanusb.com\/wp-content\/uploads\/2025\/10\/Strawberry-USB.jpg 800w, https:\/\/www.yousanusb.com\/wp-content\/uploads\/2025\/10\/Strawberry-USB-300x300.jpg 300w, https:\/\/www.yousanusb.com\/wp-content\/uploads\/2025\/10\/Strawberry-USB-150x150.jpg 150w, https:\/\/www.yousanusb.com\/wp-content\/uploads\/2025\/10\/Strawberry-USB-768x768.jpg 768w, https:\/\/www.yousanusb.com\/wp-content\/uploads\/2025\/10\/Strawberry-USB-12x12.jpg 12w, https:\/\/www.yousanusb.com\/wp-content\/uploads\/2025\/10\/Strawberry-USB-600x600.jpg 600w, https:\/\/www.yousanusb.com\/wp-content\/uploads\/2025\/10\/Strawberry-USB-100x100.jpg 100w\" sizes=\"(max-width: 800px) 100vw, 800px\" \/><\/figure>\n<\/div>\n\n\n\n<div class=\"wp-block-column is-vertically-aligned-center is-layout-flow wp-block-column-is-layout-flow\">\n<p>Con forma de fresa, esta memoria USB de PVC y goma blanda est\u00e1 modelada a partir de una fresa hiperrealista. Su cuerpo rojo brillante reproduce con precisi\u00f3n los contornos de la fruta, mientras que las \"semillas\" blancas distribuidas uniformemente recrean la textura de la fruta. El c\u00e1liz verde de la parte superior se distingue por su forma y color tridimensionales, que realzan a\u00fan m\u00e1s su aspecto realista. El efecto visual general es vivo y animado, lo que lo hace muy reconocible.<\/p>\n<\/div>\n<\/div>\n\n\n\n<div class=\"wp-block-columns is-layout-flex wp-container-core-columns-is-layout-2 wp-block-columns-is-layout-flex\">\n<div class=\"wp-block-column is-vertically-aligned-center is-layout-flow wp-block-column-is-layout-flow\">\n<p>Utiliza caucho blando de PVC como material principal. El caucho blando de PVC ofrece una flexibilidad y resistencia excepcionales a los da\u00f1os f\u00edsicos, amortiguando eficazmente los impactos de fuerzas externas como las ca\u00eddas y la compresi\u00f3n. Esto proporciona una protecci\u00f3n fiable para los chips de almacenamiento interno, alargando la vida \u00fatil del producto. La goma blanda de PVC no emite olores irritantes, presenta una textura superficial suave y c\u00e1lida, y proporciona un agarre c\u00f3modo y agradable para la piel. Es resistente al envejecimiento y al agrietamiento incluso con un uso prolongado.<\/p>\n\n\n\n<p>Su dise\u00f1o modular ofrece una comodidad excepcional. Con chips de almacenamiento de alta calidad, admite la personalizaci\u00f3n en m\u00faltiples capacidades -8 GB, 16 GB, 32 GB y 64 GB- para adaptarse a las diversas necesidades de almacenamiento de datos para documentos, im\u00e1genes, v\u00eddeos y mucho m\u00e1s.<\/p>\n<\/div>\n\n\n\n<div class=\"wp-block-column is-layout-flow wp-block-column-is-layout-flow\">\n<figure class=\"wp-block-image size-full\"><img decoding=\"async\" width=\"800\" height=\"800\" src=\"https:\/\/www.yousanusb.com\/wp-content\/uploads\/2025\/10\/Strawberry-PVC-Soft-Rubber-USB-Flash-Drive.jpg\" alt=\"\" class=\"wp-image-20939\" srcset=\"https:\/\/www.yousanusb.com\/wp-content\/uploads\/2025\/10\/Strawberry-PVC-Soft-Rubber-USB-Flash-Drive.jpg 800w, https:\/\/www.yousanusb.com\/wp-content\/uploads\/2025\/10\/Strawberry-PVC-Soft-Rubber-USB-Flash-Drive-300x300.jpg 300w, https:\/\/www.yousanusb.com\/wp-content\/uploads\/2025\/10\/Strawberry-PVC-Soft-Rubber-USB-Flash-Drive-150x150.jpg 150w, https:\/\/www.yousanusb.com\/wp-content\/uploads\/2025\/10\/Strawberry-PVC-Soft-Rubber-USB-Flash-Drive-768x768.jpg 768w, https:\/\/www.yousanusb.com\/wp-content\/uploads\/2025\/10\/Strawberry-PVC-Soft-Rubber-USB-Flash-Drive-12x12.jpg 12w, https:\/\/www.yousanusb.com\/wp-content\/uploads\/2025\/10\/Strawberry-PVC-Soft-Rubber-USB-Flash-Drive-600x600.jpg 600w, https:\/\/www.yousanusb.com\/wp-content\/uploads\/2025\/10\/Strawberry-PVC-Soft-Rubber-USB-Flash-Drive-100x100.jpg 100w\" sizes=\"(max-width: 800px) 100vw, 800px\" \/><\/figure>\n<\/div>\n<\/div>\n\n\n\n<p>Los detalles del dise\u00f1o est\u00e1n meticulosamente elaborados con una autenticidad excepcional. La fresa tiene un enganche para llavero que permite colgarla c\u00f3modamente del llavero para transportarla y utilizarla con facilidad. Ya sea para uso personal diario o como regalo cultural corporativo para clientes, crea una impresi\u00f3n v\u00edvida y memorable que deja un impacto duradero.<\/p>\n\n\n\n<div class=\"wp-block-columns is-layout-flex wp-container-core-columns-is-layout-3 wp-block-columns-is-layout-flex\">\n<div class=\"wp-block-column is-layout-flow wp-block-column-is-layout-flow\">\n<figure class=\"wp-block-image size-full\"><img decoding=\"async\" width=\"800\" height=\"800\" src=\"https:\/\/www.yousanusb.com\/wp-content\/uploads\/2025\/10\/Strawberry-USB-Flash-Drive.jpg\" alt=\"\" class=\"wp-image-20940\" srcset=\"https:\/\/www.yousanusb.com\/wp-content\/uploads\/2025\/10\/Strawberry-USB-Flash-Drive.jpg 800w, https:\/\/www.yousanusb.com\/wp-content\/uploads\/2025\/10\/Strawberry-USB-Flash-Drive-300x300.jpg 300w, https:\/\/www.yousanusb.com\/wp-content\/uploads\/2025\/10\/Strawberry-USB-Flash-Drive-150x150.jpg 150w, https:\/\/www.yousanusb.com\/wp-content\/uploads\/2025\/10\/Strawberry-USB-Flash-Drive-768x768.jpg 768w, https:\/\/www.yousanusb.com\/wp-content\/uploads\/2025\/10\/Strawberry-USB-Flash-Drive-12x12.jpg 12w, https:\/\/www.yousanusb.com\/wp-content\/uploads\/2025\/10\/Strawberry-USB-Flash-Drive-600x600.jpg 600w, https:\/\/www.yousanusb.com\/wp-content\/uploads\/2025\/10\/Strawberry-USB-Flash-Drive-100x100.jpg 100w\" sizes=\"(max-width: 800px) 100vw, 800px\" \/><\/figure>\n<\/div>\n\n\n\n<div class=\"wp-block-column is-layout-flow wp-block-column-is-layout-flow\">\n<figure class=\"wp-block-image size-full\"><img loading=\"lazy\" decoding=\"async\" width=\"800\" height=\"800\" src=\"https:\/\/www.yousanusb.com\/wp-content\/uploads\/2025\/10\/Strawberry-Novelty-Fruits-Shaped-USB-Flash-Drive.jpg\" alt=\"\" class=\"wp-image-20938\" srcset=\"https:\/\/www.yousanusb.com\/wp-content\/uploads\/2025\/10\/Strawberry-Novelty-Fruits-Shaped-USB-Flash-Drive.jpg 800w, https:\/\/www.yousanusb.com\/wp-content\/uploads\/2025\/10\/Strawberry-Novelty-Fruits-Shaped-USB-Flash-Drive-300x300.jpg 300w, https:\/\/www.yousanusb.com\/wp-content\/uploads\/2025\/10\/Strawberry-Novelty-Fruits-Shaped-USB-Flash-Drive-150x150.jpg 150w, https:\/\/www.yousanusb.com\/wp-content\/uploads\/2025\/10\/Strawberry-Novelty-Fruits-Shaped-USB-Flash-Drive-768x768.jpg 768w, https:\/\/www.yousanusb.com\/wp-content\/uploads\/2025\/10\/Strawberry-Novelty-Fruits-Shaped-USB-Flash-Drive-12x12.jpg 12w, https:\/\/www.yousanusb.com\/wp-content\/uploads\/2025\/10\/Strawberry-Novelty-Fruits-Shaped-USB-Flash-Drive-600x600.jpg 600w, https:\/\/www.yousanusb.com\/wp-content\/uploads\/2025\/10\/Strawberry-Novelty-Fruits-Shaped-USB-Flash-Drive-100x100.jpg 100w\" sizes=\"(max-width: 800px) 100vw, 800px\" \/><\/figure>\n<\/div>\n\n\n\n<div class=\"wp-block-column is-layout-flow wp-block-column-is-layout-flow\">\n<figure class=\"wp-block-image size-full\"><img loading=\"lazy\" decoding=\"async\" width=\"800\" height=\"800\" src=\"https:\/\/www.yousanusb.com\/wp-content\/uploads\/2025\/10\/Creative-Fruit-Series-Strawberry-Shape-USB-drive.jpg\" alt=\"\" class=\"wp-image-20937\" srcset=\"https:\/\/www.yousanusb.com\/wp-content\/uploads\/2025\/10\/Creative-Fruit-Series-Strawberry-Shape-USB-drive.jpg 800w, https:\/\/www.yousanusb.com\/wp-content\/uploads\/2025\/10\/Creative-Fruit-Series-Strawberry-Shape-USB-drive-300x300.jpg 300w, https:\/\/www.yousanusb.com\/wp-content\/uploads\/2025\/10\/Creative-Fruit-Series-Strawberry-Shape-USB-drive-150x150.jpg 150w, https:\/\/www.yousanusb.com\/wp-content\/uploads\/2025\/10\/Creative-Fruit-Series-Strawberry-Shape-USB-drive-768x768.jpg 768w, https:\/\/www.yousanusb.com\/wp-content\/uploads\/2025\/10\/Creative-Fruit-Series-Strawberry-Shape-USB-drive-12x12.jpg 12w, https:\/\/www.yousanusb.com\/wp-content\/uploads\/2025\/10\/Creative-Fruit-Series-Strawberry-Shape-USB-drive-600x600.jpg 600w, https:\/\/www.yousanusb.com\/wp-content\/uploads\/2025\/10\/Creative-Fruit-Series-Strawberry-Shape-USB-drive-100x100.jpg 100w\" sizes=\"(max-width: 800px) 100vw, 800px\" \/><\/figure>\n<\/div>\n<\/div>","protected":false},"excerpt":{"rendered":"<ul>\n<li>1GB~128GB de capacidad<\/li>\n<li>Materiales blandos de PVC<\/li>\n<li>Estilo peque\u00f1o y a la moda<\/li>\n<li>Certificaci\u00f3n CE\/RoHS\/FCC<\/li>\n<li>MOQ:100pcs<\/li>\n<\/ul>","protected":false},"featured_media":20939,"comment_status":"open","ping_status":"closed","template":"","meta":{"_seopress_robots_primary_cat":"","_seopress_titles_title":"","_seopress_titles_desc":"","_seopress_robots_index":""},"class_list":["post-20934","product","type-product","status-publish","has-post-thumbnail","hentry","product_cat-custom-usb-drive","product_tag-food-usb-flash-drive","product_tag-fruit-usb-flash-drive"],"_links":{"self":[{"href":"https:\/\/www.yousanusb.com\/es\/wp-json\/wp\/v2\/product\/20934"}],"collection":[{"href":"https:\/\/www.yousanusb.com\/es\/wp-json\/wp\/v2\/product"}],"about":[{"href":"https:\/\/www.yousanusb.com\/es\/wp-json\/wp\/v2\/types\/product"}],"replies":[{"embeddable":true,"href":"https:\/\/www.yousanusb.com\/es\/wp-json\/wp\/v2\/comments?post=20934"}],"wp:featuredmedia":[{"embeddable":true,"href":"https:\/\/www.yousanusb.com\/es\/wp-json\/wp\/v2\/media\/20939"}],"wp:attachment":[{"href":"https:\/\/www.yousanusb.com\/es\/wp-json\/wp\/v2\/media?parent=20934"}],"curies":[{"name":"wp","href":"https:\/\/api.w.org\/{rel}","templated":true}]}}