{"id":20942,"date":"2025-10-16T04:59:55","date_gmt":"2025-10-16T04:59:55","guid":{"rendered":"https:\/\/www.yousanusb.com\/?post_type=product&#038;p=20942"},"modified":"2025-11-10T09:58:53","modified_gmt":"2025-11-10T09:58:53","slug":"piano-keyboard-shaped-usb-flash-drive","status":"publish","type":"product","link":"https:\/\/www.yousanusb.com\/es\/producto\/piano-keyboard-shaped-usb-flash-drive\/","title":{"rendered":"Memoria USB con forma de teclado de piano"},"content":{"rendered":"<div class=\"wp-block-columns is-layout-flex wp-container-core-columns-is-layout-1 wp-block-columns-is-layout-flex\">\n<div class=\"wp-block-column is-vertically-aligned-center is-layout-flow wp-block-column-is-layout-flow\">\n<p>Cuando el almacenamiento pr\u00e1ctico se une a los elementos musicales rom\u00e1nticos, esta unidad USB de PVC suave al tacto con forma de tecla de piano emerge como el representante \"art\u00edstico\" entre los productos digitales. Inspirada en las cl\u00e1sicas teclas de piano, combina a la perfecci\u00f3n la fluidez de la m\u00fasica con la comodidad de la tecnolog\u00eda, ofreciendo una experiencia de almacenamiento que combina el atractivo est\u00e9tico con la funcionalidad.<\/p>\n\n\n\n<p>Fabricada con goma de PVC suave y duradera, la unidad USB ofrece un manejo c\u00f3modo y una excelente resistencia a las ca\u00eddas y los ara\u00f1azos. La combinaci\u00f3n de colores blanco y negro de las teclas recrea fielmente la est\u00e9tica cl\u00e1sica de un piano. Una cadena met\u00e1lica se conecta al cuerpo de la unidad, lo que permite engancharla c\u00f3modamente a llaveros o mochilas como un accesorio con estilo.<\/p>\n<\/div>\n\n\n\n<div class=\"wp-block-column is-layout-flow wp-block-column-is-layout-flow\">\n<figure class=\"wp-block-image size-full\"><img fetchpriority=\"high\" decoding=\"async\" width=\"800\" height=\"800\" src=\"https:\/\/www.yousanusb.com\/wp-content\/uploads\/2025\/10\/Piano-Keyboard-shaped-PVC-Soft-Rubber-USB-Flash-Drive.jpg\" alt=\"\" class=\"wp-image-20949\" srcset=\"https:\/\/www.yousanusb.com\/wp-content\/uploads\/2025\/10\/Piano-Keyboard-shaped-PVC-Soft-Rubber-USB-Flash-Drive.jpg 800w, https:\/\/www.yousanusb.com\/wp-content\/uploads\/2025\/10\/Piano-Keyboard-shaped-PVC-Soft-Rubber-USB-Flash-Drive-300x300.jpg 300w, https:\/\/www.yousanusb.com\/wp-content\/uploads\/2025\/10\/Piano-Keyboard-shaped-PVC-Soft-Rubber-USB-Flash-Drive-150x150.jpg 150w, https:\/\/www.yousanusb.com\/wp-content\/uploads\/2025\/10\/Piano-Keyboard-shaped-PVC-Soft-Rubber-USB-Flash-Drive-768x768.jpg 768w, https:\/\/www.yousanusb.com\/wp-content\/uploads\/2025\/10\/Piano-Keyboard-shaped-PVC-Soft-Rubber-USB-Flash-Drive-12x12.jpg 12w, https:\/\/www.yousanusb.com\/wp-content\/uploads\/2025\/10\/Piano-Keyboard-shaped-PVC-Soft-Rubber-USB-Flash-Drive-600x600.jpg 600w, https:\/\/www.yousanusb.com\/wp-content\/uploads\/2025\/10\/Piano-Keyboard-shaped-PVC-Soft-Rubber-USB-Flash-Drive-100x100.jpg 100w\" sizes=\"(max-width: 800px) 100vw, 800px\" \/><\/figure>\n<\/div>\n<\/div>\n\n\n\n<div class=\"wp-block-columns is-layout-flex wp-container-core-columns-is-layout-2 wp-block-columns-is-layout-flex\">\n<div class=\"wp-block-column is-layout-flow wp-block-column-is-layout-flow\">\n<figure class=\"wp-block-image size-full\"><img decoding=\"async\" width=\"800\" height=\"800\" src=\"https:\/\/www.yousanusb.com\/wp-content\/uploads\/2025\/10\/custom-piano-usb-flash-drive.jpg\" alt=\"\" class=\"wp-image-20948\" srcset=\"https:\/\/www.yousanusb.com\/wp-content\/uploads\/2025\/10\/custom-piano-usb-flash-drive.jpg 800w, https:\/\/www.yousanusb.com\/wp-content\/uploads\/2025\/10\/custom-piano-usb-flash-drive-300x300.jpg 300w, https:\/\/www.yousanusb.com\/wp-content\/uploads\/2025\/10\/custom-piano-usb-flash-drive-150x150.jpg 150w, https:\/\/www.yousanusb.com\/wp-content\/uploads\/2025\/10\/custom-piano-usb-flash-drive-768x768.jpg 768w, https:\/\/www.yousanusb.com\/wp-content\/uploads\/2025\/10\/custom-piano-usb-flash-drive-12x12.jpg 12w, https:\/\/www.yousanusb.com\/wp-content\/uploads\/2025\/10\/custom-piano-usb-flash-drive-600x600.jpg 600w, https:\/\/www.yousanusb.com\/wp-content\/uploads\/2025\/10\/custom-piano-usb-flash-drive-100x100.jpg 100w\" sizes=\"(max-width: 800px) 100vw, 800px\" \/><\/figure>\n<\/div>\n\n\n\n<div class=\"wp-block-column is-vertically-aligned-center is-layout-flow wp-block-column-is-layout-flow\">\n<p>Para los entusiastas de la m\u00fasica, es un accesorio perfecto para expresar individualidad; para las empresas, es un regalo cultural o un recuerdo corporativo ideal. Ya sea para academias de m\u00fasica, instituciones art\u00edsticas o marcas que buscan un ambiente art\u00edstico, el distintivo dise\u00f1o de piano de esta unidad USB ofrece un valor pr\u00e1ctico a la vez que deja en los clientes o socios una impresi\u00f3n duradera de estilo art\u00edstico.<br><\/p>\n<\/div>\n<\/div>\n\n\n\n<p>Esta unidad flash USB con forma de teclado de piano no s\u00f3lo tiene un aspecto exquisito, sino que tambi\u00e9n cuenta con gran capacidad de almacenamiento (64 GB,128 GB), que puede satisfacer todas sus necesidades.Esta serie de unidades USB viene en dos dise\u00f1os: uno que se asemeja a un teclado de piano y otro con forma de piano de cola.<\/p>\n\n\n\n<div class=\"wp-block-columns is-layout-flex wp-container-core-columns-is-layout-3 wp-block-columns-is-layout-flex\">\n<div class=\"wp-block-column is-layout-flow wp-block-column-is-layout-flow\"><div class=\"wp-block-image\">\n<figure class=\"aligncenter size-full\"><img decoding=\"async\" width=\"800\" height=\"800\" src=\"https:\/\/www.yousanusb.com\/wp-content\/uploads\/2025\/10\/Creative-Piano-Keyboard-PVC-Silicone-USB.jpg\" alt=\"\" class=\"wp-image-20947\" srcset=\"https:\/\/www.yousanusb.com\/wp-content\/uploads\/2025\/10\/Creative-Piano-Keyboard-PVC-Silicone-USB.jpg 800w, https:\/\/www.yousanusb.com\/wp-content\/uploads\/2025\/10\/Creative-Piano-Keyboard-PVC-Silicone-USB-300x300.jpg 300w, https:\/\/www.yousanusb.com\/wp-content\/uploads\/2025\/10\/Creative-Piano-Keyboard-PVC-Silicone-USB-150x150.jpg 150w, https:\/\/www.yousanusb.com\/wp-content\/uploads\/2025\/10\/Creative-Piano-Keyboard-PVC-Silicone-USB-768x768.jpg 768w, https:\/\/www.yousanusb.com\/wp-content\/uploads\/2025\/10\/Creative-Piano-Keyboard-PVC-Silicone-USB-12x12.jpg 12w, https:\/\/www.yousanusb.com\/wp-content\/uploads\/2025\/10\/Creative-Piano-Keyboard-PVC-Silicone-USB-600x600.jpg 600w, https:\/\/www.yousanusb.com\/wp-content\/uploads\/2025\/10\/Creative-Piano-Keyboard-PVC-Silicone-USB-100x100.jpg 100w\" sizes=\"(max-width: 800px) 100vw, 800px\" \/><figcaption class=\"wp-element-caption\">piano de cola unidad flash usb<\/figcaption><\/figure><\/div><\/div>\n\n\n\n<div class=\"wp-block-column is-layout-flow wp-block-column-is-layout-flow\"><div class=\"wp-block-image\">\n<figure class=\"aligncenter size-full\"><img loading=\"lazy\" decoding=\"async\" width=\"800\" height=\"800\" src=\"https:\/\/www.yousanusb.com\/wp-content\/uploads\/2025\/10\/piano-shape-usb-drives.jpg\" alt=\"\" class=\"wp-image-20950\" srcset=\"https:\/\/www.yousanusb.com\/wp-content\/uploads\/2025\/10\/piano-shape-usb-drives.jpg 800w, https:\/\/www.yousanusb.com\/wp-content\/uploads\/2025\/10\/piano-shape-usb-drives-300x300.jpg 300w, https:\/\/www.yousanusb.com\/wp-content\/uploads\/2025\/10\/piano-shape-usb-drives-150x150.jpg 150w, https:\/\/www.yousanusb.com\/wp-content\/uploads\/2025\/10\/piano-shape-usb-drives-768x768.jpg 768w, https:\/\/www.yousanusb.com\/wp-content\/uploads\/2025\/10\/piano-shape-usb-drives-12x12.jpg 12w, https:\/\/www.yousanusb.com\/wp-content\/uploads\/2025\/10\/piano-shape-usb-drives-600x600.jpg 600w, https:\/\/www.yousanusb.com\/wp-content\/uploads\/2025\/10\/piano-shape-usb-drives-100x100.jpg 100w\" sizes=\"(max-width: 800px) 100vw, 800px\" \/><figcaption class=\"wp-element-caption\">piano de cola l\u00e1piz de memoria usb<\/figcaption><\/figure><\/div><\/div>\n<\/div>\n\n\n\n<div class=\"wp-block-columns is-layout-flex wp-container-core-columns-is-layout-4 wp-block-columns-is-layout-flex\">\n<div class=\"wp-block-column is-layout-flow wp-block-column-is-layout-flow\"><div class=\"wp-block-image\">\n<figure class=\"aligncenter size-full\"><img loading=\"lazy\" decoding=\"async\" width=\"800\" height=\"800\" src=\"https:\/\/www.yousanusb.com\/wp-content\/uploads\/2025\/10\/Cartoon-Piano-Key-Flash-Drive.jpg\" alt=\"\" class=\"wp-image-20946\" srcset=\"https:\/\/www.yousanusb.com\/wp-content\/uploads\/2025\/10\/Cartoon-Piano-Key-Flash-Drive.jpg 800w, https:\/\/www.yousanusb.com\/wp-content\/uploads\/2025\/10\/Cartoon-Piano-Key-Flash-Drive-300x300.jpg 300w, https:\/\/www.yousanusb.com\/wp-content\/uploads\/2025\/10\/Cartoon-Piano-Key-Flash-Drive-150x150.jpg 150w, https:\/\/www.yousanusb.com\/wp-content\/uploads\/2025\/10\/Cartoon-Piano-Key-Flash-Drive-768x768.jpg 768w, https:\/\/www.yousanusb.com\/wp-content\/uploads\/2025\/10\/Cartoon-Piano-Key-Flash-Drive-12x12.jpg 12w, https:\/\/www.yousanusb.com\/wp-content\/uploads\/2025\/10\/Cartoon-Piano-Key-Flash-Drive-600x600.jpg 600w, https:\/\/www.yousanusb.com\/wp-content\/uploads\/2025\/10\/Cartoon-Piano-Key-Flash-Drive-100x100.jpg 100w\" sizes=\"(max-width: 800px) 100vw, 800px\" \/><figcaption class=\"wp-element-caption\">teclado piano unidad flash usb<\/figcaption><\/figure><\/div><\/div>\n\n\n\n<div class=\"wp-block-column is-layout-flow wp-block-column-is-layout-flow\"><div class=\"wp-block-image\">\n<figure class=\"aligncenter size-full\"><img loading=\"lazy\" decoding=\"async\" width=\"800\" height=\"800\" src=\"https:\/\/www.yousanusb.com\/wp-content\/uploads\/2025\/10\/Cartoon-Memory-Stick-Usb.jpg\" alt=\"\" class=\"wp-image-20945\" srcset=\"https:\/\/www.yousanusb.com\/wp-content\/uploads\/2025\/10\/Cartoon-Memory-Stick-Usb.jpg 800w, https:\/\/www.yousanusb.com\/wp-content\/uploads\/2025\/10\/Cartoon-Memory-Stick-Usb-300x300.jpg 300w, https:\/\/www.yousanusb.com\/wp-content\/uploads\/2025\/10\/Cartoon-Memory-Stick-Usb-150x150.jpg 150w, https:\/\/www.yousanusb.com\/wp-content\/uploads\/2025\/10\/Cartoon-Memory-Stick-Usb-768x768.jpg 768w, https:\/\/www.yousanusb.com\/wp-content\/uploads\/2025\/10\/Cartoon-Memory-Stick-Usb-12x12.jpg 12w, https:\/\/www.yousanusb.com\/wp-content\/uploads\/2025\/10\/Cartoon-Memory-Stick-Usb-600x600.jpg 600w, https:\/\/www.yousanusb.com\/wp-content\/uploads\/2025\/10\/Cartoon-Memory-Stick-Usb-100x100.jpg 100w\" sizes=\"(max-width: 800px) 100vw, 800px\" \/><figcaption class=\"wp-element-caption\">teclado piano usb stick<\/figcaption><\/figure><\/div><\/div>\n<\/div>","protected":false},"excerpt":{"rendered":"<ul>\n<li>Peque\u00f1o y ligero<\/li>\n<li>Resistente al agua y a los golpes<\/li>\n<li>Plug and play<\/li>\n<li>Gama compatible: tel\u00e9fonos m\u00f3viles, ordenadores, altavoces y otros dispositivos USB<\/li>\n<li>MOQ:100pcs<\/li>\n<\/ul>","protected":false},"featured_media":20949,"comment_status":"open","ping_status":"closed","template":"","meta":{"_seopress_robots_primary_cat":"","_seopress_titles_title":"","_seopress_titles_desc":"","_seopress_robots_index":""},"class_list":["post-20942","product","type-product","status-publish","has-post-thumbnail","hentry","product_cat-custom-usb-drive"],"_links":{"self":[{"href":"https:\/\/www.yousanusb.com\/es\/wp-json\/wp\/v2\/product\/20942"}],"collection":[{"href":"https:\/\/www.yousanusb.com\/es\/wp-json\/wp\/v2\/product"}],"about":[{"href":"https:\/\/www.yousanusb.com\/es\/wp-json\/wp\/v2\/types\/product"}],"replies":[{"embeddable":true,"href":"https:\/\/www.yousanusb.com\/es\/wp-json\/wp\/v2\/comments?post=20942"}],"wp:featuredmedia":[{"embeddable":true,"href":"https:\/\/www.yousanusb.com\/es\/wp-json\/wp\/v2\/media\/20949"}],"wp:attachment":[{"href":"https:\/\/www.yousanusb.com\/es\/wp-json\/wp\/v2\/media?parent=20942"}],"curies":[{"name":"wp","href":"https:\/\/api.w.org\/{rel}","templated":true}]}}