{"id":21047,"date":"2025-10-17T03:31:43","date_gmt":"2025-10-17T03:31:43","guid":{"rendered":"https:\/\/www.yousanusb.com\/?post_type=product&#038;p=21047"},"modified":"2025-11-10T09:59:19","modified_gmt":"2025-11-10T09:59:19","slug":"custom-branded-fire-extinguisher-shape-usb-flash-drive","status":"publish","type":"product","link":"https:\/\/www.yousanusb.com\/es\/producto\/custom-branded-fire-extinguisher-shape-usb-flash-drive\/","title":{"rendered":"Memoria USB personalizada con forma de extintor de incendios"},"content":{"rendered":"<p>Una memoria USB muy original con dise\u00f1o de extintor rojo. Esta memoria USB con dise\u00f1o de extintor rojo parece un extintor de verdad. Tiene un acabado muy detallado. Este ser\u00e1 un gran regalo para todos los grupos de edad.<\/p>\n\n\n\n<div class=\"wp-block-columns is-layout-flex wp-container-core-columns-is-layout-1 wp-block-columns-is-layout-flex\">\n<div class=\"wp-block-column is-vertically-aligned-center is-layout-flow wp-block-column-is-layout-flow\">\n<p><strong>Modelo A<\/strong> hace gala de una precisi\u00f3n de detalle excepcional: la base imita el soporte del extintor con goma blanda negra, mientras que la parte superior combina componentes grises con el cilindro rojo para lograr un contraste de color por capas. El gatillo negro presenta contornos definidos y la manguera negra cuelga de forma natural, creando un extintor aut\u00e9ntico en miniatura con un atractivo profesional.<\/p>\n\n\n\n<p><strong>Modelo B<\/strong> adopta un dise\u00f1o minimalista con el rojo como color principal. La boquilla se conecta a una manguera negra, lo que atrae a los usuarios que prefieren una est\u00e9tica sencilla.<\/p>\n\n\n\n<p><strong>Modelo C<\/strong> incorpora un emblema distintivo: un distintivo circular de tem\u00e1tica de extinci\u00f3n de incendios en el lado del cilindro, con gr\u00e1ficos y texto que realzan su atractivo tem\u00e1tico. Los detalles en azul adornan la boquilla, lo que convierte a este modelo en un excelente portador para promover la cultura de la seguridad contra incendios.<\/p>\n<\/div>\n\n\n\n<div class=\"wp-block-column is-vertically-aligned-center is-layout-flow wp-block-column-is-layout-flow\">\n<figure class=\"wp-block-image size-full\"><img fetchpriority=\"high\" decoding=\"async\" width=\"800\" height=\"800\" src=\"https:\/\/www.yousanusb.com\/wp-content\/uploads\/2025\/10\/Fire-Extinguisher-shaped-USB-Flash-Drives.jpg\" alt=\"\" class=\"wp-image-21052\" srcset=\"https:\/\/www.yousanusb.com\/wp-content\/uploads\/2025\/10\/Fire-Extinguisher-shaped-USB-Flash-Drives.jpg 800w, https:\/\/www.yousanusb.com\/wp-content\/uploads\/2025\/10\/Fire-Extinguisher-shaped-USB-Flash-Drives-300x300.jpg 300w, https:\/\/www.yousanusb.com\/wp-content\/uploads\/2025\/10\/Fire-Extinguisher-shaped-USB-Flash-Drives-150x150.jpg 150w, https:\/\/www.yousanusb.com\/wp-content\/uploads\/2025\/10\/Fire-Extinguisher-shaped-USB-Flash-Drives-768x768.jpg 768w, https:\/\/www.yousanusb.com\/wp-content\/uploads\/2025\/10\/Fire-Extinguisher-shaped-USB-Flash-Drives-12x12.jpg 12w, https:\/\/www.yousanusb.com\/wp-content\/uploads\/2025\/10\/Fire-Extinguisher-shaped-USB-Flash-Drives-600x600.jpg 600w, https:\/\/www.yousanusb.com\/wp-content\/uploads\/2025\/10\/Fire-Extinguisher-shaped-USB-Flash-Drives-100x100.jpg 100w\" sizes=\"(max-width: 800px) 100vw, 800px\" \/><\/figure>\n<\/div>\n<\/div>\n\n\n\n<p>Todos ellos est\u00e1n fabricados con goma de PVC suave y duradera, que da forma perfectamente al cilindro curvado y al mecanismo de disparo del extintor, al tiempo que ofrece una excelente resistencia a las ca\u00eddas y los ara\u00f1azos. Cuando se golpea contra llaves u otros dispositivos digitales en el uso diario, protege eficazmente el chip de almacenamiento interno.<\/p>\n\n\n\n<div class=\"wp-block-columns is-layout-flex wp-container-core-columns-is-layout-2 wp-block-columns-is-layout-flex\">\n<div class=\"wp-block-column is-layout-flow wp-block-column-is-layout-flow\"><div class=\"wp-block-image\">\n<figure class=\"aligncenter size-full\"><img decoding=\"async\" width=\"800\" height=\"800\" src=\"https:\/\/www.yousanusb.com\/wp-content\/uploads\/2025\/10\/Fire-Extinguisher-Shape-USB-Memory-Drive.jpg\" alt=\"\" class=\"wp-image-21051\" srcset=\"https:\/\/www.yousanusb.com\/wp-content\/uploads\/2025\/10\/Fire-Extinguisher-Shape-USB-Memory-Drive.jpg 800w, https:\/\/www.yousanusb.com\/wp-content\/uploads\/2025\/10\/Fire-Extinguisher-Shape-USB-Memory-Drive-300x300.jpg 300w, https:\/\/www.yousanusb.com\/wp-content\/uploads\/2025\/10\/Fire-Extinguisher-Shape-USB-Memory-Drive-150x150.jpg 150w, https:\/\/www.yousanusb.com\/wp-content\/uploads\/2025\/10\/Fire-Extinguisher-Shape-USB-Memory-Drive-768x768.jpg 768w, https:\/\/www.yousanusb.com\/wp-content\/uploads\/2025\/10\/Fire-Extinguisher-Shape-USB-Memory-Drive-12x12.jpg 12w, https:\/\/www.yousanusb.com\/wp-content\/uploads\/2025\/10\/Fire-Extinguisher-Shape-USB-Memory-Drive-600x600.jpg 600w, https:\/\/www.yousanusb.com\/wp-content\/uploads\/2025\/10\/Fire-Extinguisher-Shape-USB-Memory-Drive-100x100.jpg 100w\" sizes=\"(max-width: 800px) 100vw, 800px\" \/><figcaption class=\"wp-element-caption\">Extintor modelo C unidad usb<\/figcaption><\/figure><\/div><\/div>\n\n\n\n<div class=\"wp-block-column is-layout-flow wp-block-column-is-layout-flow\"><div class=\"wp-block-image\">\n<figure class=\"aligncenter size-full\"><img decoding=\"async\" width=\"800\" height=\"800\" src=\"https:\/\/www.yousanusb.com\/wp-content\/uploads\/2025\/10\/soft-pvc-rubber-usb-drive-1.jpg\" alt=\"\" class=\"wp-image-21054\" srcset=\"https:\/\/www.yousanusb.com\/wp-content\/uploads\/2025\/10\/soft-pvc-rubber-usb-drive-1.jpg 800w, https:\/\/www.yousanusb.com\/wp-content\/uploads\/2025\/10\/soft-pvc-rubber-usb-drive-1-300x300.jpg 300w, https:\/\/www.yousanusb.com\/wp-content\/uploads\/2025\/10\/soft-pvc-rubber-usb-drive-1-150x150.jpg 150w, https:\/\/www.yousanusb.com\/wp-content\/uploads\/2025\/10\/soft-pvc-rubber-usb-drive-1-768x768.jpg 768w, https:\/\/www.yousanusb.com\/wp-content\/uploads\/2025\/10\/soft-pvc-rubber-usb-drive-1-12x12.jpg 12w, https:\/\/www.yousanusb.com\/wp-content\/uploads\/2025\/10\/soft-pvc-rubber-usb-drive-1-600x600.jpg 600w, https:\/\/www.yousanusb.com\/wp-content\/uploads\/2025\/10\/soft-pvc-rubber-usb-drive-1-100x100.jpg 100w\" sizes=\"(max-width: 800px) 100vw, 800px\" \/><figcaption class=\"wp-element-caption\">Extintor modelo C unidad usb<\/figcaption><\/figure><\/div><\/div>\n\n\n\n<div class=\"wp-block-column is-layout-flow wp-block-column-is-layout-flow\"><div class=\"wp-block-image\">\n<figure class=\"aligncenter size-full\"><img loading=\"lazy\" decoding=\"async\" width=\"800\" height=\"800\" src=\"https:\/\/www.yousanusb.com\/wp-content\/uploads\/2025\/10\/custom-fire-extinguisher-usb-drive.jpg\" alt=\"\" class=\"wp-image-21050\" srcset=\"https:\/\/www.yousanusb.com\/wp-content\/uploads\/2025\/10\/custom-fire-extinguisher-usb-drive.jpg 800w, https:\/\/www.yousanusb.com\/wp-content\/uploads\/2025\/10\/custom-fire-extinguisher-usb-drive-300x300.jpg 300w, https:\/\/www.yousanusb.com\/wp-content\/uploads\/2025\/10\/custom-fire-extinguisher-usb-drive-150x150.jpg 150w, https:\/\/www.yousanusb.com\/wp-content\/uploads\/2025\/10\/custom-fire-extinguisher-usb-drive-768x768.jpg 768w, https:\/\/www.yousanusb.com\/wp-content\/uploads\/2025\/10\/custom-fire-extinguisher-usb-drive-12x12.jpg 12w, https:\/\/www.yousanusb.com\/wp-content\/uploads\/2025\/10\/custom-fire-extinguisher-usb-drive-600x600.jpg 600w, https:\/\/www.yousanusb.com\/wp-content\/uploads\/2025\/10\/custom-fire-extinguisher-usb-drive-100x100.jpg 100w\" sizes=\"(max-width: 800px) 100vw, 800px\" \/><figcaption class=\"wp-element-caption\">Extintor modelo C unidad usb<\/figcaption><\/figure><\/div><\/div>\n<\/div>\n\n\n\n<div class=\"wp-block-columns is-layout-flex wp-container-core-columns-is-layout-3 wp-block-columns-is-layout-flex\">\n<div class=\"wp-block-column is-layout-flow wp-block-column-is-layout-flow\"><div class=\"wp-block-image\">\n<figure class=\"aligncenter size-full\"><img loading=\"lazy\" decoding=\"async\" width=\"800\" height=\"800\" src=\"https:\/\/www.yousanusb.com\/wp-content\/uploads\/2025\/10\/High-Quality-Pvc-Fire-Extinguisher-Shape-Usb-Flash-Drive.jpg\" alt=\"\" class=\"wp-image-21053\" srcset=\"https:\/\/www.yousanusb.com\/wp-content\/uploads\/2025\/10\/High-Quality-Pvc-Fire-Extinguisher-Shape-Usb-Flash-Drive.jpg 800w, https:\/\/www.yousanusb.com\/wp-content\/uploads\/2025\/10\/High-Quality-Pvc-Fire-Extinguisher-Shape-Usb-Flash-Drive-300x300.jpg 300w, https:\/\/www.yousanusb.com\/wp-content\/uploads\/2025\/10\/High-Quality-Pvc-Fire-Extinguisher-Shape-Usb-Flash-Drive-150x150.jpg 150w, https:\/\/www.yousanusb.com\/wp-content\/uploads\/2025\/10\/High-Quality-Pvc-Fire-Extinguisher-Shape-Usb-Flash-Drive-768x768.jpg 768w, https:\/\/www.yousanusb.com\/wp-content\/uploads\/2025\/10\/High-Quality-Pvc-Fire-Extinguisher-Shape-Usb-Flash-Drive-12x12.jpg 12w, https:\/\/www.yousanusb.com\/wp-content\/uploads\/2025\/10\/High-Quality-Pvc-Fire-Extinguisher-Shape-Usb-Flash-Drive-600x600.jpg 600w, https:\/\/www.yousanusb.com\/wp-content\/uploads\/2025\/10\/High-Quality-Pvc-Fire-Extinguisher-Shape-Usb-Flash-Drive-100x100.jpg 100w\" sizes=\"(max-width: 800px) 100vw, 800px\" \/><figcaption class=\"wp-element-caption\">Extintor modelo B unidad usb<\/figcaption><\/figure><\/div><\/div>\n\n\n\n<div class=\"wp-block-column is-layout-flow wp-block-column-is-layout-flow\"><div class=\"wp-block-image\">\n<figure class=\"aligncenter size-full\"><img loading=\"lazy\" decoding=\"async\" width=\"800\" height=\"800\" src=\"https:\/\/www.yousanusb.com\/wp-content\/uploads\/2025\/10\/usb-2.0-Fire-Extinguisher-shaped-USB-Flash-Drive.jpg\" alt=\"\" class=\"wp-image-21055\" srcset=\"https:\/\/www.yousanusb.com\/wp-content\/uploads\/2025\/10\/usb-2.0-Fire-Extinguisher-shaped-USB-Flash-Drive.jpg 800w, https:\/\/www.yousanusb.com\/wp-content\/uploads\/2025\/10\/usb-2.0-Fire-Extinguisher-shaped-USB-Flash-Drive-300x300.jpg 300w, https:\/\/www.yousanusb.com\/wp-content\/uploads\/2025\/10\/usb-2.0-Fire-Extinguisher-shaped-USB-Flash-Drive-150x150.jpg 150w, https:\/\/www.yousanusb.com\/wp-content\/uploads\/2025\/10\/usb-2.0-Fire-Extinguisher-shaped-USB-Flash-Drive-768x768.jpg 768w, https:\/\/www.yousanusb.com\/wp-content\/uploads\/2025\/10\/usb-2.0-Fire-Extinguisher-shaped-USB-Flash-Drive-12x12.jpg 12w, https:\/\/www.yousanusb.com\/wp-content\/uploads\/2025\/10\/usb-2.0-Fire-Extinguisher-shaped-USB-Flash-Drive-600x600.jpg 600w, https:\/\/www.yousanusb.com\/wp-content\/uploads\/2025\/10\/usb-2.0-Fire-Extinguisher-shaped-USB-Flash-Drive-100x100.jpg 100w\" sizes=\"(max-width: 800px) 100vw, 800px\" \/><figcaption class=\"wp-element-caption\">Extintor modelo B unidad usb<\/figcaption><\/figure><\/div><\/div>\n\n\n\n<div class=\"wp-block-column is-layout-flow wp-block-column-is-layout-flow\"><div class=\"wp-block-image\">\n<figure class=\"aligncenter size-full\"><img loading=\"lazy\" decoding=\"async\" width=\"800\" height=\"800\" src=\"https:\/\/www.yousanusb.com\/wp-content\/uploads\/2025\/10\/Wholesale-Firefighter-Usb-flash-drive.jpg\" alt=\"\" class=\"wp-image-21056\" srcset=\"https:\/\/www.yousanusb.com\/wp-content\/uploads\/2025\/10\/Wholesale-Firefighter-Usb-flash-drive.jpg 800w, https:\/\/www.yousanusb.com\/wp-content\/uploads\/2025\/10\/Wholesale-Firefighter-Usb-flash-drive-300x300.jpg 300w, https:\/\/www.yousanusb.com\/wp-content\/uploads\/2025\/10\/Wholesale-Firefighter-Usb-flash-drive-150x150.jpg 150w, https:\/\/www.yousanusb.com\/wp-content\/uploads\/2025\/10\/Wholesale-Firefighter-Usb-flash-drive-768x768.jpg 768w, https:\/\/www.yousanusb.com\/wp-content\/uploads\/2025\/10\/Wholesale-Firefighter-Usb-flash-drive-12x12.jpg 12w, https:\/\/www.yousanusb.com\/wp-content\/uploads\/2025\/10\/Wholesale-Firefighter-Usb-flash-drive-600x600.jpg 600w, https:\/\/www.yousanusb.com\/wp-content\/uploads\/2025\/10\/Wholesale-Firefighter-Usb-flash-drive-100x100.jpg 100w\" sizes=\"(max-width: 800px) 100vw, 800px\" \/><figcaption class=\"wp-element-caption\">Extintor modelo A unidad usb<\/figcaption><\/figure><\/div><\/div>\n<\/div>","protected":false},"excerpt":{"rendered":"<ul>\n<li>Memoria USB personalizada de PVC blando<\/li>\n<li>Logotipo OEM personalizado<\/li>\n<li>Certificado CE\/FCC\/ROHS<\/li>\n<li>Embalaje personalizado<\/li>\n<li>MOQ:100pcs<\/li>\n<\/ul>","protected":false},"featured_media":21052,"comment_status":"open","ping_status":"closed","template":"","meta":{"_seopress_robots_primary_cat":"","_seopress_titles_title":"","_seopress_titles_desc":"","_seopress_robots_index":""},"class_list":["post-21047","product","type-product","status-publish","has-post-thumbnail","hentry","product_cat-custom-usb-drive"],"_links":{"self":[{"href":"https:\/\/www.yousanusb.com\/es\/wp-json\/wp\/v2\/product\/21047"}],"collection":[{"href":"https:\/\/www.yousanusb.com\/es\/wp-json\/wp\/v2\/product"}],"about":[{"href":"https:\/\/www.yousanusb.com\/es\/wp-json\/wp\/v2\/types\/product"}],"replies":[{"embeddable":true,"href":"https:\/\/www.yousanusb.com\/es\/wp-json\/wp\/v2\/comments?post=21047"}],"wp:featuredmedia":[{"embeddable":true,"href":"https:\/\/www.yousanusb.com\/es\/wp-json\/wp\/v2\/media\/21052"}],"wp:attachment":[{"href":"https:\/\/www.yousanusb.com\/es\/wp-json\/wp\/v2\/media?parent=21047"}],"curies":[{"name":"wp","href":"https:\/\/api.w.org\/{rel}","templated":true}]}}