{"id":21196,"date":"2025-10-20T07:51:45","date_gmt":"2025-10-20T07:51:45","guid":{"rendered":"https:\/\/www.yousanusb.com\/?post_type=product&#038;p=21196"},"modified":"2025-11-10T10:00:04","modified_gmt":"2025-11-10T10:00:04","slug":"backpack-shaped-usb-flash-drive","status":"publish","type":"product","link":"https:\/\/www.yousanusb.com\/es\/producto\/backpack-shaped-usb-flash-drive\/","title":{"rendered":"Mochila Memoria USB"},"content":{"rendered":"<div class=\"wp-block-columns is-layout-flex wp-container-core-columns-is-layout-1 wp-block-columns-is-layout-flex\">\n<div class=\"wp-block-column is-vertically-aligned-center is-layout-flow wp-block-column-is-layout-flow\">\n<p>Esta memoria USB con forma de mochila est\u00e1 inspirada en una mini mochila y fabricada en PVC blando respetuoso con el medio ambiente. Disponible en colores vivos como el azul, el verde, el rosa y el amarillo para adaptarse a todos los gustos, cuenta con una pr\u00e1ctica zona en la parte delantera para escribir a mano el nombre del usuario. Esto facilita la distinci\u00f3n entre varios dispositivos y evita confusiones.<\/p>\n\n\n\n<p>Cuenta con una interfaz USB estable (compatible con los protocolos USB 2.0\/3.0, seleccionable por versi\u00f3n) para una funcionalidad plug-and-play, compatible con los principales sistemas operativos, incluidos Windows y macOS. Equipado con chips de memoria flash de alta calidad, almacena de forma fiable documentos, material did\u00e1ctico, im\u00e1genes, audio y otros tipos de datos. Su velocidad de lectura\/escritura satisface las demandas diarias, proporcionando un soporte eficiente para la transferencia de datos durante el estudio y el trabajo.<\/p>\n<\/div>\n\n\n\n<div class=\"wp-block-column is-vertically-aligned-center is-layout-flow wp-block-column-is-layout-flow\">\n<figure class=\"wp-block-image size-full\"><img fetchpriority=\"high\" decoding=\"async\" width=\"800\" height=\"800\" src=\"https:\/\/www.yousanusb.com\/wp-content\/uploads\/2025\/10\/Backpack-Shaped-USB-Flash-Drive.jpg\" alt=\"\" class=\"wp-image-21236\" srcset=\"https:\/\/www.yousanusb.com\/wp-content\/uploads\/2025\/10\/Backpack-Shaped-USB-Flash-Drive.jpg 800w, https:\/\/www.yousanusb.com\/wp-content\/uploads\/2025\/10\/Backpack-Shaped-USB-Flash-Drive-300x300.jpg 300w, https:\/\/www.yousanusb.com\/wp-content\/uploads\/2025\/10\/Backpack-Shaped-USB-Flash-Drive-150x150.jpg 150w, https:\/\/www.yousanusb.com\/wp-content\/uploads\/2025\/10\/Backpack-Shaped-USB-Flash-Drive-768x768.jpg 768w, https:\/\/www.yousanusb.com\/wp-content\/uploads\/2025\/10\/Backpack-Shaped-USB-Flash-Drive-12x12.jpg 12w, https:\/\/www.yousanusb.com\/wp-content\/uploads\/2025\/10\/Backpack-Shaped-USB-Flash-Drive-600x600.jpg 600w, https:\/\/www.yousanusb.com\/wp-content\/uploads\/2025\/10\/Backpack-Shaped-USB-Flash-Drive-100x100.jpg 100w\" sizes=\"(max-width: 800px) 100vw, 800px\" \/><\/figure>\n<\/div>\n<\/div>\n\n\n\n<p>La personalizaci\u00f3n es uno de sus aspectos m\u00e1s destacados, ya que admite dise\u00f1os de logotipos exclusivos para empresas y marcas. Ya sea imprimiendo logotipos de marca en la superficie de la mochila o incorporando combinaciones de colores en dise\u00f1os tem\u00e1ticos, este enfoque transforma las memorias USB en vers\u00e1tiles soportes que combinan funcionalidad pr\u00e1ctica con valor de promoci\u00f3n de marca. Especialmente indicadas para instituciones educativas, marcas culturales y creativas, y empresas, estas unidades sirven como regalos promocionales o herramientas de marketing que transmiten conceptos de marca a la vez que muestran creatividad.<\/p>\n\n\n\n<div class=\"wp-block-columns is-layout-flex wp-container-core-columns-is-layout-2 wp-block-columns-is-layout-flex\">\n<div class=\"wp-block-column is-layout-flow wp-block-column-is-layout-flow\">\n<figure class=\"wp-block-image size-full\"><img decoding=\"async\" width=\"800\" height=\"800\" src=\"https:\/\/www.yousanusb.com\/wp-content\/uploads\/2025\/10\/Cartoon-Backpack-USB-Drive.jpg\" alt=\"\" class=\"wp-image-21237\" srcset=\"https:\/\/www.yousanusb.com\/wp-content\/uploads\/2025\/10\/Cartoon-Backpack-USB-Drive.jpg 800w, https:\/\/www.yousanusb.com\/wp-content\/uploads\/2025\/10\/Cartoon-Backpack-USB-Drive-300x300.jpg 300w, https:\/\/www.yousanusb.com\/wp-content\/uploads\/2025\/10\/Cartoon-Backpack-USB-Drive-150x150.jpg 150w, https:\/\/www.yousanusb.com\/wp-content\/uploads\/2025\/10\/Cartoon-Backpack-USB-Drive-768x768.jpg 768w, https:\/\/www.yousanusb.com\/wp-content\/uploads\/2025\/10\/Cartoon-Backpack-USB-Drive-12x12.jpg 12w, https:\/\/www.yousanusb.com\/wp-content\/uploads\/2025\/10\/Cartoon-Backpack-USB-Drive-600x600.jpg 600w, https:\/\/www.yousanusb.com\/wp-content\/uploads\/2025\/10\/Cartoon-Backpack-USB-Drive-100x100.jpg 100w\" sizes=\"(max-width: 800px) 100vw, 800px\" \/><\/figure>\n<\/div>\n\n\n\n<div class=\"wp-block-column is-layout-flow wp-block-column-is-layout-flow\">\n<figure class=\"wp-block-image size-full\"><img decoding=\"async\" width=\"800\" height=\"800\" src=\"https:\/\/www.yousanusb.com\/wp-content\/uploads\/2025\/10\/Cute-Backpack-USB-Flash-Drive.jpg\" alt=\"\" class=\"wp-image-21240\" srcset=\"https:\/\/www.yousanusb.com\/wp-content\/uploads\/2025\/10\/Cute-Backpack-USB-Flash-Drive.jpg 800w, https:\/\/www.yousanusb.com\/wp-content\/uploads\/2025\/10\/Cute-Backpack-USB-Flash-Drive-300x300.jpg 300w, https:\/\/www.yousanusb.com\/wp-content\/uploads\/2025\/10\/Cute-Backpack-USB-Flash-Drive-150x150.jpg 150w, https:\/\/www.yousanusb.com\/wp-content\/uploads\/2025\/10\/Cute-Backpack-USB-Flash-Drive-768x768.jpg 768w, https:\/\/www.yousanusb.com\/wp-content\/uploads\/2025\/10\/Cute-Backpack-USB-Flash-Drive-12x12.jpg 12w, https:\/\/www.yousanusb.com\/wp-content\/uploads\/2025\/10\/Cute-Backpack-USB-Flash-Drive-600x600.jpg 600w, https:\/\/www.yousanusb.com\/wp-content\/uploads\/2025\/10\/Cute-Backpack-USB-Flash-Drive-100x100.jpg 100w\" sizes=\"(max-width: 800px) 100vw, 800px\" \/><\/figure>\n<\/div>\n<\/div>\n\n\n\n<div class=\"wp-block-columns is-layout-flex wp-container-core-columns-is-layout-3 wp-block-columns-is-layout-flex\">\n<div class=\"wp-block-column is-layout-flow wp-block-column-is-layout-flow\">\n<figure class=\"wp-block-image size-full\"><img loading=\"lazy\" decoding=\"async\" width=\"800\" height=\"800\" src=\"https:\/\/www.yousanusb.com\/wp-content\/uploads\/2025\/10\/backpack-usb-drive.jpg\" alt=\"\" class=\"wp-image-21235\" srcset=\"https:\/\/www.yousanusb.com\/wp-content\/uploads\/2025\/10\/backpack-usb-drive.jpg 800w, https:\/\/www.yousanusb.com\/wp-content\/uploads\/2025\/10\/backpack-usb-drive-300x300.jpg 300w, https:\/\/www.yousanusb.com\/wp-content\/uploads\/2025\/10\/backpack-usb-drive-150x150.jpg 150w, https:\/\/www.yousanusb.com\/wp-content\/uploads\/2025\/10\/backpack-usb-drive-768x768.jpg 768w, https:\/\/www.yousanusb.com\/wp-content\/uploads\/2025\/10\/backpack-usb-drive-12x12.jpg 12w, https:\/\/www.yousanusb.com\/wp-content\/uploads\/2025\/10\/backpack-usb-drive-600x600.jpg 600w, https:\/\/www.yousanusb.com\/wp-content\/uploads\/2025\/10\/backpack-usb-drive-100x100.jpg 100w\" sizes=\"(max-width: 800px) 100vw, 800px\" \/><\/figure>\n<\/div>\n\n\n\n<div class=\"wp-block-column is-vertically-aligned-center is-layout-flow wp-block-column-is-layout-flow\">\n<p>Escenarios aplicables:<\/p>\n\n\n\n<ul class=\"wp-block-list\">\n<li>Los estudiantes la utilizan para guardar los apuntes de clase, las tareas y el material de repaso. La \"mini mochila\" se engancha a la mochila y sirve tanto de pr\u00e1ctico accesorio como de decoraci\u00f3n personalizada.<\/li>\n\n\n\n<li>Los profesionales lo utilizan para hacer copias de seguridad de documentos de trabajo y propuestas, y su tama\u00f1o compacto facilita su transporte a cualquier parte.<\/li>\n\n\n\n<li>Como regalo personalizado, es id\u00f3neo para eventos universitarios, exposiciones corporativas, promociones de marca y otros escenarios.<\/li>\n<\/ul>\n<\/div>\n<\/div>","protected":false},"excerpt":{"rendered":"<ul>\n<li>Mochila de 4 colores Forma<\/li>\n<li>Ligero, a prueba de golpes<\/li>\n<li>Mochila con cadena<\/li>\n<li>Dise\u00f1o gratuito,Muestras gratuitas<\/li>\n<li>MOQ:100pcs<\/li>\n<\/ul>","protected":false},"featured_media":21236,"comment_status":"open","ping_status":"closed","template":"","meta":{"_seopress_robots_primary_cat":"","_seopress_titles_title":"","_seopress_titles_desc":"","_seopress_robots_index":""},"class_list":["post-21196","product","type-product","status-publish","has-post-thumbnail","hentry","product_cat-custom-usb-drive"],"_links":{"self":[{"href":"https:\/\/www.yousanusb.com\/es\/wp-json\/wp\/v2\/product\/21196"}],"collection":[{"href":"https:\/\/www.yousanusb.com\/es\/wp-json\/wp\/v2\/product"}],"about":[{"href":"https:\/\/www.yousanusb.com\/es\/wp-json\/wp\/v2\/types\/product"}],"replies":[{"embeddable":true,"href":"https:\/\/www.yousanusb.com\/es\/wp-json\/wp\/v2\/comments?post=21196"}],"wp:featuredmedia":[{"embeddable":true,"href":"https:\/\/www.yousanusb.com\/es\/wp-json\/wp\/v2\/media\/21236"}],"wp:attachment":[{"href":"https:\/\/www.yousanusb.com\/es\/wp-json\/wp\/v2\/media?parent=21196"}],"curies":[{"name":"wp","href":"https:\/\/api.w.org\/{rel}","templated":true}]}}