{"id":21259,"date":"2025-10-21T02:25:52","date_gmt":"2025-10-21T02:25:52","guid":{"rendered":"https:\/\/www.yousanusb.com\/?post_type=product&#038;p=21259"},"modified":"2025-10-21T02:40:37","modified_gmt":"2025-10-21T02:40:37","slug":"4-in-1-laser-stylus-usb-flash-drive","status":"publish","type":"product","link":"https:\/\/www.yousanusb.com\/es\/producto\/4-in-1-laser-stylus-usb-flash-drive\/","title":{"rendered":"L\u00e1piz L\u00e1ser 4 en 1 Memoria USB"},"content":{"rendered":"<p>El Bol\u00edgrafo L\u00e1ser USB T\u00e1ctil 4 en 1 es una versi\u00f3n mejorada del bol\u00edgrafo l\u00e1ser USB, con cuatro funciones b\u00e1sicas: t\u00e1ctil + puntero l\u00e1ser + unidad USB + bol\u00edgrafo. A\u00f1ade la funcionalidad de l\u00e1piz t\u00e1ctil a las capacidades del bol\u00edgrafo USB l\u00e1ser.<\/p>\n\n\n\n<div class=\"wp-block-columns is-layout-flex wp-container-core-columns-is-layout-1 wp-block-columns-is-layout-flex\">\n<div class=\"wp-block-column is-layout-flow wp-block-column-is-layout-flow\">\n<figure class=\"wp-block-image size-full\"><img fetchpriority=\"high\" decoding=\"async\" width=\"800\" height=\"800\" src=\"https:\/\/www.yousanusb.com\/wp-content\/uploads\/2025\/10\/4-in-1-laser-touch-pen-USB-drive.webp\" alt=\"\" class=\"wp-image-21262\" srcset=\"https:\/\/www.yousanusb.com\/wp-content\/uploads\/2025\/10\/4-in-1-laser-touch-pen-USB-drive.webp 800w, https:\/\/www.yousanusb.com\/wp-content\/uploads\/2025\/10\/4-in-1-laser-touch-pen-USB-drive-300x300.webp 300w, https:\/\/www.yousanusb.com\/wp-content\/uploads\/2025\/10\/4-in-1-laser-touch-pen-USB-drive-150x150.webp 150w, https:\/\/www.yousanusb.com\/wp-content\/uploads\/2025\/10\/4-in-1-laser-touch-pen-USB-drive-768x768.webp 768w, https:\/\/www.yousanusb.com\/wp-content\/uploads\/2025\/10\/4-in-1-laser-touch-pen-USB-drive-12x12.webp 12w, https:\/\/www.yousanusb.com\/wp-content\/uploads\/2025\/10\/4-in-1-laser-touch-pen-USB-drive-600x600.webp 600w, https:\/\/www.yousanusb.com\/wp-content\/uploads\/2025\/10\/4-in-1-laser-touch-pen-USB-drive-100x100.webp 100w\" sizes=\"(max-width: 800px) 100vw, 800px\" \/><\/figure>\n<\/div>\n\n\n\n<div class=\"wp-block-column is-vertically-aligned-center is-layout-flow wp-block-column-is-layout-flow\">\n<p><strong>L\u00e1piz t\u00e1ctil:<\/strong> La tapa del l\u00e1piz incorpora un l\u00e1piz t\u00e1ctil compatible con tel\u00e9fonos inteligentes, tabletas y ordenadores. Su finalidad principal es sustituir o complementar los gestos de los dedos, permitiendo un manejo m\u00e1s preciso y c\u00f3modo de los dispositivos m\u00f3viles mediante la interacci\u00f3n con pantallas t\u00e1ctiles (principalmente capacitivas, ocasionalmente electromagn\u00e9ticas).<\/p>\n<\/div>\n<\/div>\n\n\n\n<p><\/p>\n\n\n\n<div class=\"wp-block-columns is-layout-flex wp-container-core-columns-is-layout-2 wp-block-columns-is-layout-flex\">\n<div class=\"wp-block-column is-layout-flow wp-block-column-is-layout-flow\">\n<figure class=\"wp-block-image size-full\"><img decoding=\"async\" width=\"800\" height=\"800\" src=\"https:\/\/www.yousanusb.com\/wp-content\/uploads\/2025\/10\/otg-pendrive-with-stylus-pen.webp\" alt=\"\" class=\"wp-image-21265\" srcset=\"https:\/\/www.yousanusb.com\/wp-content\/uploads\/2025\/10\/otg-pendrive-with-stylus-pen.webp 800w, https:\/\/www.yousanusb.com\/wp-content\/uploads\/2025\/10\/otg-pendrive-with-stylus-pen-300x300.webp 300w, https:\/\/www.yousanusb.com\/wp-content\/uploads\/2025\/10\/otg-pendrive-with-stylus-pen-150x150.webp 150w, https:\/\/www.yousanusb.com\/wp-content\/uploads\/2025\/10\/otg-pendrive-with-stylus-pen-768x768.webp 768w, https:\/\/www.yousanusb.com\/wp-content\/uploads\/2025\/10\/otg-pendrive-with-stylus-pen-12x12.webp 12w, https:\/\/www.yousanusb.com\/wp-content\/uploads\/2025\/10\/otg-pendrive-with-stylus-pen-600x600.webp 600w, https:\/\/www.yousanusb.com\/wp-content\/uploads\/2025\/10\/otg-pendrive-with-stylus-pen-100x100.webp 100w\" sizes=\"(max-width: 800px) 100vw, 800px\" \/><\/figure>\n<\/div>\n\n\n\n<div class=\"wp-block-column is-vertically-aligned-center is-layout-flow wp-block-column-is-layout-flow\">\n<p><strong>Unidad USB: <\/strong>Incorpora un chip de unidad USB integrado para el almacenamiento de datos, que funciona como una unidad flash port\u00e1til.<\/p>\n\n\n\n<p><strong>Puntero l\u00e1ser: <\/strong>Emite un haz l\u00e1ser visible para apuntar con precisi\u00f3n, muy utilizado en presentaciones, ense\u00f1anza y escenarios de observaci\u00f3n. Los modelos de mayor potencia pueden ofrecer aplicaciones funcionales especializadas.<\/p>\n<\/div>\n<\/div>\n\n\n\n<p><strong>Signature Pen: <\/strong>Dise\u00f1ado para la escritura diaria, este instrumento de escritura port\u00e1til est\u00e1 optimizado para firmar y tomar notas. Su mecanismo roller garantiza un flujo de tinta suave, lo que permite escribir con precisi\u00f3n sobre papel, documentos y superficies similares.<\/p>\n\n\n\n<div class=\"wp-block-columns is-layout-flex wp-container-core-columns-is-layout-3 wp-block-columns-is-layout-flex\">\n<div class=\"wp-block-column is-layout-flow wp-block-column-is-layout-flow\">\n<figure class=\"wp-block-image size-full\"><img decoding=\"async\" width=\"800\" height=\"800\" src=\"https:\/\/www.yousanusb.com\/wp-content\/uploads\/2025\/10\/6-in-1-Multifunctional-Capacitive-Pen-with-Floodlight-And-Laser-Light-Blue.webp\" alt=\"\" class=\"wp-image-21263\" srcset=\"https:\/\/www.yousanusb.com\/wp-content\/uploads\/2025\/10\/6-in-1-Multifunctional-Capacitive-Pen-with-Floodlight-And-Laser-Light-Blue.webp 800w, https:\/\/www.yousanusb.com\/wp-content\/uploads\/2025\/10\/6-in-1-Multifunctional-Capacitive-Pen-with-Floodlight-And-Laser-Light-Blue-300x300.webp 300w, https:\/\/www.yousanusb.com\/wp-content\/uploads\/2025\/10\/6-in-1-Multifunctional-Capacitive-Pen-with-Floodlight-And-Laser-Light-Blue-150x150.webp 150w, https:\/\/www.yousanusb.com\/wp-content\/uploads\/2025\/10\/6-in-1-Multifunctional-Capacitive-Pen-with-Floodlight-And-Laser-Light-Blue-768x768.webp 768w, https:\/\/www.yousanusb.com\/wp-content\/uploads\/2025\/10\/6-in-1-Multifunctional-Capacitive-Pen-with-Floodlight-And-Laser-Light-Blue-12x12.webp 12w, https:\/\/www.yousanusb.com\/wp-content\/uploads\/2025\/10\/6-in-1-Multifunctional-Capacitive-Pen-with-Floodlight-And-Laser-Light-Blue-600x600.webp 600w, https:\/\/www.yousanusb.com\/wp-content\/uploads\/2025\/10\/6-in-1-Multifunctional-Capacitive-Pen-with-Floodlight-And-Laser-Light-Blue-100x100.webp 100w\" sizes=\"(max-width: 800px) 100vw, 800px\" \/><\/figure>\n<\/div>\n\n\n\n<div class=\"wp-block-column is-layout-flow wp-block-column-is-layout-flow\">\n<figure class=\"wp-block-image size-full\"><img loading=\"lazy\" decoding=\"async\" width=\"800\" height=\"800\" src=\"https:\/\/www.yousanusb.com\/wp-content\/uploads\/2025\/10\/PPT-page-turning-pen-USB-drive.webp\" alt=\"\" class=\"wp-image-21266\" srcset=\"https:\/\/www.yousanusb.com\/wp-content\/uploads\/2025\/10\/PPT-page-turning-pen-USB-drive.webp 800w, https:\/\/www.yousanusb.com\/wp-content\/uploads\/2025\/10\/PPT-page-turning-pen-USB-drive-300x300.webp 300w, https:\/\/www.yousanusb.com\/wp-content\/uploads\/2025\/10\/PPT-page-turning-pen-USB-drive-150x150.webp 150w, https:\/\/www.yousanusb.com\/wp-content\/uploads\/2025\/10\/PPT-page-turning-pen-USB-drive-768x768.webp 768w, https:\/\/www.yousanusb.com\/wp-content\/uploads\/2025\/10\/PPT-page-turning-pen-USB-drive-12x12.webp 12w, https:\/\/www.yousanusb.com\/wp-content\/uploads\/2025\/10\/PPT-page-turning-pen-USB-drive-600x600.webp 600w, https:\/\/www.yousanusb.com\/wp-content\/uploads\/2025\/10\/PPT-page-turning-pen-USB-drive-100x100.webp 100w\" sizes=\"(max-width: 800px) 100vw, 800px\" \/><\/figure>\n<\/div>\n<\/div>","protected":false},"excerpt":{"rendered":"<ul>\n<li>La unidad USB 4 en 1<\/li>\n<li>L\u00e1piz t\u00e1ctil<\/li>\n<li>Puntero l\u00e1ser<\/li>\n<li>Bol\u00edgrafo de firma<\/li>\n<li>Estilo bol\u00edgrafo y LOGO personalizado<\/li>\n<\/ul>","protected":false},"featured_media":21262,"comment_status":"open","ping_status":"closed","template":"","meta":{"_seopress_robots_primary_cat":"","_seopress_titles_title":"4-in-1 Laser Stylus USB Flash Drive","_seopress_titles_desc":"The 4-in-1 Laser Touch USB Pen is an upgraded version of the laser USB pen, featuring four core functions: touch + laser pointer + USB drive + pen. It adds touch pen functionality to the capabilities of the laser USB pen.","_seopress_robots_index":""},"class_list":["post-21259","product","type-product","status-publish","has-post-thumbnail","hentry","product_cat-usb-drive-pens","product_tag-stylus-touch-screen-pen-shape-usb-flash-drive"],"_links":{"self":[{"href":"https:\/\/www.yousanusb.com\/es\/wp-json\/wp\/v2\/product\/21259"}],"collection":[{"href":"https:\/\/www.yousanusb.com\/es\/wp-json\/wp\/v2\/product"}],"about":[{"href":"https:\/\/www.yousanusb.com\/es\/wp-json\/wp\/v2\/types\/product"}],"replies":[{"embeddable":true,"href":"https:\/\/www.yousanusb.com\/es\/wp-json\/wp\/v2\/comments?post=21259"}],"wp:featuredmedia":[{"embeddable":true,"href":"https:\/\/www.yousanusb.com\/es\/wp-json\/wp\/v2\/media\/21262"}],"wp:attachment":[{"href":"https:\/\/www.yousanusb.com\/es\/wp-json\/wp\/v2\/media?parent=21259"}],"curies":[{"name":"wp","href":"https:\/\/api.w.org\/{rel}","templated":true}]}}