{"id":21398,"date":"2025-10-21T08:53:40","date_gmt":"2025-10-21T08:53:40","guid":{"rendered":"https:\/\/www.yousanusb.com\/?post_type=product&#038;p=21398"},"modified":"2025-10-22T03:55:14","modified_gmt":"2025-10-22T03:55:14","slug":"deer-pvc-keychain","status":"publish","type":"product","link":"https:\/\/www.yousanusb.com\/es\/producto\/deer-pvc-keychain\/","title":{"rendered":"Lindo llavero de ciervo"},"content":{"rendered":"<p>Este peque\u00f1o llavero de ciervo captura la gracia de un cervatillo del bosque en un charm de bolsillo. Eng\u00e1nchalo a tus llaves o a tu bolso para encender al instante el coraz\u00f3n de una ni\u00f1a. Su c\u00e1lido cuerpo marr\u00f3n est\u00e1 salpicado de p\u00e1lidas manchas amarillas, como la luz del sol filtr\u00e1ndose a trav\u00e9s del dosel del bosque. El rubor rosado y su simp\u00e1tica naricilla le a\u00f1aden encanto, mientras que en lo alto de su cabeza se alza una juguetona cornamenta. Sus ojos grandes y redondos brillan de inocencia, y su postura insin\u00faa un paso ligero y \u00e1gil, como si saltara alegremente por el bosque.<\/p>\n\n\n\n<div class=\"wp-block-columns is-layout-flex wp-container-core-columns-is-layout-1 wp-block-columns-is-layout-flex\">\n<div class=\"wp-block-column is-layout-flow wp-block-column-is-layout-flow\">\n<figure class=\"wp-block-image size-full\"><img fetchpriority=\"high\" decoding=\"async\" width=\"800\" height=\"800\" src=\"https:\/\/www.yousanusb.com\/wp-content\/uploads\/2025\/10\/Deer-PVC-keychain.jpg\" alt=\"\" class=\"wp-image-21402\" srcset=\"https:\/\/www.yousanusb.com\/wp-content\/uploads\/2025\/10\/Deer-PVC-keychain.jpg 800w, https:\/\/www.yousanusb.com\/wp-content\/uploads\/2025\/10\/Deer-PVC-keychain-300x300.jpg 300w, https:\/\/www.yousanusb.com\/wp-content\/uploads\/2025\/10\/Deer-PVC-keychain-150x150.jpg 150w, https:\/\/www.yousanusb.com\/wp-content\/uploads\/2025\/10\/Deer-PVC-keychain-768x768.jpg 768w, https:\/\/www.yousanusb.com\/wp-content\/uploads\/2025\/10\/Deer-PVC-keychain-12x12.jpg 12w, https:\/\/www.yousanusb.com\/wp-content\/uploads\/2025\/10\/Deer-PVC-keychain-600x600.jpg 600w, https:\/\/www.yousanusb.com\/wp-content\/uploads\/2025\/10\/Deer-PVC-keychain-100x100.jpg 100w\" sizes=\"(max-width: 800px) 100vw, 800px\" \/><\/figure>\n<\/div>\n\n\n\n<div class=\"wp-block-column is-layout-flow wp-block-column-is-layout-flow\">\n<figure class=\"wp-block-image size-full\"><img decoding=\"async\" width=\"1200\" height=\"1200\" src=\"https:\/\/www.yousanusb.com\/wp-content\/uploads\/2025\/10\/deer-keychain-1.jpg\" alt=\"\" class=\"wp-image-21588\" srcset=\"https:\/\/www.yousanusb.com\/wp-content\/uploads\/2025\/10\/deer-keychain-1.jpg 1200w, https:\/\/www.yousanusb.com\/wp-content\/uploads\/2025\/10\/deer-keychain-1-300x300.jpg 300w, https:\/\/www.yousanusb.com\/wp-content\/uploads\/2025\/10\/deer-keychain-1-1024x1024.jpg 1024w, https:\/\/www.yousanusb.com\/wp-content\/uploads\/2025\/10\/deer-keychain-1-150x150.jpg 150w, https:\/\/www.yousanusb.com\/wp-content\/uploads\/2025\/10\/deer-keychain-1-768x768.jpg 768w, https:\/\/www.yousanusb.com\/wp-content\/uploads\/2025\/10\/deer-keychain-1-12x12.jpg 12w, https:\/\/www.yousanusb.com\/wp-content\/uploads\/2025\/10\/deer-keychain-1-600x600.jpg 600w, https:\/\/www.yousanusb.com\/wp-content\/uploads\/2025\/10\/deer-keychain-1-100x100.jpg 100w\" sizes=\"(max-width: 1200px) 100vw, 1200px\" \/><\/figure>\n<\/div>\n<\/div>\n\n\n\n<p>El clip para llavero de aleaci\u00f3n de zinc de gran dureza es desmontable y se abre y cierra con suavidad. Combinado con una cadena de acero inoxidable de grosor moderado y excelente flexibilidad, sujeta con seguridad llaves y otros objetos, ofreciendo tanto durabilidad como atractivo est\u00e9tico.<\/p>","protected":false},"excerpt":{"rendered":"<ul>\n<li>PVC blando engomado<\/li>\n<li>Regalos promocionales<\/li>\n<li>M\u00e9todo de impresi\u00f3n por inyecci\u00f3n de PVC<\/li>\n<li>Embalaje individual en bolsa OPP<\/li>\n<li>MOQ:100pcs<\/li>\n<\/ul>","protected":false},"featured_media":21402,"comment_status":"open","ping_status":"closed","template":"","meta":{"_seopress_robots_primary_cat":"","_seopress_titles_title":"","_seopress_titles_desc":"","_seopress_robots_index":""},"class_list":["post-21398","product","type-product","status-publish","has-post-thumbnail","hentry","product_cat-3d-rubber-key-chain"],"_links":{"self":[{"href":"https:\/\/www.yousanusb.com\/es\/wp-json\/wp\/v2\/product\/21398"}],"collection":[{"href":"https:\/\/www.yousanusb.com\/es\/wp-json\/wp\/v2\/product"}],"about":[{"href":"https:\/\/www.yousanusb.com\/es\/wp-json\/wp\/v2\/types\/product"}],"replies":[{"embeddable":true,"href":"https:\/\/www.yousanusb.com\/es\/wp-json\/wp\/v2\/comments?post=21398"}],"wp:featuredmedia":[{"embeddable":true,"href":"https:\/\/www.yousanusb.com\/es\/wp-json\/wp\/v2\/media\/21402"}],"wp:attachment":[{"href":"https:\/\/www.yousanusb.com\/es\/wp-json\/wp\/v2\/media?parent=21398"}],"curies":[{"name":"wp","href":"https:\/\/api.w.org\/{rel}","templated":true}]}}