{"id":21406,"date":"2025-10-21T09:06:04","date_gmt":"2025-10-21T09:06:04","guid":{"rendered":"https:\/\/www.yousanusb.com\/?post_type=product&#038;p=21406"},"modified":"2025-10-22T03:54:58","modified_gmt":"2025-10-22T03:54:58","slug":"2d-dragon-pvc-keychain","status":"publish","type":"product","link":"https:\/\/www.yousanusb.com\/es\/producto\/2d-dragon-pvc-keychain\/","title":{"rendered":"Llavero Drag\u00f3n 2D"},"content":{"rendered":"<p>Este llavero de drag\u00f3n est\u00e1 fabricado en material de PVC suave de primera calidad con un color duradero. Los herrajes son un llavero de aleaci\u00f3n de zinc de gran dureza y una cadena de acero inoxidable para mayor durabilidad y practicidad. Ya sea para decorar las llaves, como accesorio para el bolso o como regalo divertido, estos tres llaveros a\u00f1aden un toque de caprichoso encanto a la vida cotidiana con sus dise\u00f1os \u00fanicos.<\/p>\n\n\n\n<div class=\"wp-block-columns is-layout-flex wp-container-core-columns-is-layout-1 wp-block-columns-is-layout-flex\">\n<div class=\"wp-block-column is-layout-flow wp-block-column-is-layout-flow\">\n<figure class=\"wp-block-image size-full\"><img fetchpriority=\"high\" decoding=\"async\" width=\"800\" height=\"800\" src=\"https:\/\/www.yousanusb.com\/wp-content\/uploads\/2025\/10\/PVC-Dragon-keychain.jpg\" alt=\"\" class=\"wp-image-21410\" srcset=\"https:\/\/www.yousanusb.com\/wp-content\/uploads\/2025\/10\/PVC-Dragon-keychain.jpg 800w, https:\/\/www.yousanusb.com\/wp-content\/uploads\/2025\/10\/PVC-Dragon-keychain-300x300.jpg 300w, https:\/\/www.yousanusb.com\/wp-content\/uploads\/2025\/10\/PVC-Dragon-keychain-150x150.jpg 150w, https:\/\/www.yousanusb.com\/wp-content\/uploads\/2025\/10\/PVC-Dragon-keychain-768x768.jpg 768w, https:\/\/www.yousanusb.com\/wp-content\/uploads\/2025\/10\/PVC-Dragon-keychain-12x12.jpg 12w, https:\/\/www.yousanusb.com\/wp-content\/uploads\/2025\/10\/PVC-Dragon-keychain-600x600.jpg 600w, https:\/\/www.yousanusb.com\/wp-content\/uploads\/2025\/10\/PVC-Dragon-keychain-100x100.jpg 100w\" sizes=\"(max-width: 800px) 100vw, 800px\" \/><figcaption class=\"wp-element-caption\">1.Llavero Drag\u00f3n Rojo Inspirado en los motivos tradicionales de dragones, este llavero presenta una base carmes\u00ed acentuada con detalles en marr\u00f3n dorado. Los reflejos de color rubor a\u00f1aden un toque de encanto juguet\u00f3n, evocando el aura de un ben\u00e9volo esp\u00edritu guardi\u00e1n.<\/figcaption><\/figure>\n<\/div>\n\n\n\n<div class=\"wp-block-column is-layout-flow wp-block-column-is-layout-flow\">\n<figure class=\"wp-block-image size-full\"><img decoding=\"async\" width=\"800\" height=\"800\" src=\"https:\/\/www.yousanusb.com\/wp-content\/uploads\/2025\/10\/dragon-keychain.jpg\" alt=\"\" class=\"wp-image-21409\" srcset=\"https:\/\/www.yousanusb.com\/wp-content\/uploads\/2025\/10\/dragon-keychain.jpg 800w, https:\/\/www.yousanusb.com\/wp-content\/uploads\/2025\/10\/dragon-keychain-300x300.jpg 300w, https:\/\/www.yousanusb.com\/wp-content\/uploads\/2025\/10\/dragon-keychain-150x150.jpg 150w, https:\/\/www.yousanusb.com\/wp-content\/uploads\/2025\/10\/dragon-keychain-768x768.jpg 768w, https:\/\/www.yousanusb.com\/wp-content\/uploads\/2025\/10\/dragon-keychain-12x12.jpg 12w, https:\/\/www.yousanusb.com\/wp-content\/uploads\/2025\/10\/dragon-keychain-600x600.jpg 600w, https:\/\/www.yousanusb.com\/wp-content\/uploads\/2025\/10\/dragon-keychain-100x100.jpg 100w\" sizes=\"(max-width: 800px) 100vw, 800px\" \/><figcaption class=\"wp-element-caption\">2.Llavero drag\u00f3n amarillo de dibujos animados, con un dise\u00f1o alegre y animado, cejas rojas y cuerpo amarillo. Su pose juguetona irradia una sensaci\u00f3n de encanto infantil.<\/figcaption><\/figure>\n<\/div>\n<\/div>","protected":false},"excerpt":{"rendered":"<ul>\n<li>Regalos promocionales<\/li>\n<li>Materiales de goma blanda de PVC<\/li>\n<li>Personaliza tu propia mascota<\/li>\n<li>Embalaje individual en bolsa OPP<\/li>\n<li>MOQ:100pcs<\/li>\n<\/ul>","protected":false},"featured_media":21410,"comment_status":"open","ping_status":"closed","template":"","meta":{"_seopress_robots_primary_cat":"","_seopress_titles_title":"","_seopress_titles_desc":"","_seopress_robots_index":""},"class_list":["post-21406","product","type-product","status-publish","has-post-thumbnail","hentry","product_cat-3d-rubber-key-chain"],"_links":{"self":[{"href":"https:\/\/www.yousanusb.com\/es\/wp-json\/wp\/v2\/product\/21406"}],"collection":[{"href":"https:\/\/www.yousanusb.com\/es\/wp-json\/wp\/v2\/product"}],"about":[{"href":"https:\/\/www.yousanusb.com\/es\/wp-json\/wp\/v2\/types\/product"}],"replies":[{"embeddable":true,"href":"https:\/\/www.yousanusb.com\/es\/wp-json\/wp\/v2\/comments?post=21406"}],"wp:featuredmedia":[{"embeddable":true,"href":"https:\/\/www.yousanusb.com\/es\/wp-json\/wp\/v2\/media\/21410"}],"wp:attachment":[{"href":"https:\/\/www.yousanusb.com\/es\/wp-json\/wp\/v2\/media?parent=21406"}],"curies":[{"name":"wp","href":"https:\/\/api.w.org\/{rel}","templated":true}]}}