{"id":22066,"date":"2025-10-22T06:52:59","date_gmt":"2025-10-22T06:52:59","guid":{"rendered":"https:\/\/www.yousanusb.com\/?post_type=product&#038;p=22066"},"modified":"2025-10-22T12:36:26","modified_gmt":"2025-10-22T12:36:26","slug":"hedgehog-pvc-keychain","status":"publish","type":"product","link":"https:\/\/www.yousanusb.com\/es\/producto\/hedgehog-pvc-keychain\/","title":{"rendered":"llavero erizo PVC"},"content":{"rendered":"<p>Este llavero erizo est\u00e1 disponible en dos dise\u00f1os: uno presenta un erizo marr\u00f3n con nariz rosa, ojos redondos, mejillas sonrosadas y p\u00faas de textura vibrante; el otro muestra un erizo gris p\u00farpura adornado con bayas rojo anaranjadas entre sus espinas, su adorable pose irradia pura ternura. <\/p>\n\n\n\n<div class=\"wp-block-columns is-layout-flex wp-container-core-columns-is-layout-1 wp-block-columns-is-layout-flex\">\n<div class=\"wp-block-column is-layout-flow wp-block-column-is-layout-flow\"><div class=\"wp-block-image\">\n<figure class=\"aligncenter size-full\"><img fetchpriority=\"high\" decoding=\"async\" width=\"800\" height=\"800\" src=\"https:\/\/www.yousanusb.com\/wp-content\/uploads\/2025\/10\/Hedgehog-PVC-keychain.jpg\" alt=\"\" class=\"wp-image-22070\" srcset=\"https:\/\/www.yousanusb.com\/wp-content\/uploads\/2025\/10\/Hedgehog-PVC-keychain.jpg 800w, https:\/\/www.yousanusb.com\/wp-content\/uploads\/2025\/10\/Hedgehog-PVC-keychain-300x300.jpg 300w, https:\/\/www.yousanusb.com\/wp-content\/uploads\/2025\/10\/Hedgehog-PVC-keychain-150x150.jpg 150w, https:\/\/www.yousanusb.com\/wp-content\/uploads\/2025\/10\/Hedgehog-PVC-keychain-768x768.jpg 768w, https:\/\/www.yousanusb.com\/wp-content\/uploads\/2025\/10\/Hedgehog-PVC-keychain-12x12.jpg 12w, https:\/\/www.yousanusb.com\/wp-content\/uploads\/2025\/10\/Hedgehog-PVC-keychain-600x600.jpg 600w, https:\/\/www.yousanusb.com\/wp-content\/uploads\/2025\/10\/Hedgehog-PVC-keychain-100x100.jpg 100w\" sizes=\"(max-width: 800px) 100vw, 800px\" \/><figcaption class=\"wp-element-caption\">llavero erizo marr\u00f3n con nariz rosa<\/figcaption><\/figure><\/div><\/div>\n\n\n\n<div class=\"wp-block-column is-vertically-aligned-center is-layout-flow wp-block-column-is-layout-flow\">\n<p>Fabricado en PVC blando de primera calidad, ofrece una textura suave con una estructura duradera y resistente al desgaste. Combinado con un llavero met\u00e1lico est\u00e1ndar y una cadena, garantiza la m\u00e1xima seguridad al tiempo que sujeta tus llaves sin esfuerzo, para que puedas encontrarlas en un abrir y cerrar de ojos en cualquier momento.<\/p>\n<\/div>\n<\/div>\n\n\n\n<div class=\"wp-block-columns is-layout-flex wp-container-core-columns-is-layout-2 wp-block-columns-is-layout-flex\">\n<div class=\"wp-block-column is-vertically-aligned-center is-layout-flow wp-block-column-is-layout-flow\">\n<p>Su dise\u00f1o distintivo lo hace reconocible al instante, y su tama\u00f1o vers\u00e1til se adapta a cualquier ocasi\u00f3n. Ya sea colgado de un llavero o como colgante de mochila, se convierte al instante en un llamativo punto de atracci\u00f3n. Su estilo fresco y adorable a\u00f1ade un toque juguet\u00f3n a tus desplazamientos diarios o a tus paseos al aire libre. Tanto si lo regala a un amigo al que le encantan las cosas bonitas para transmitirle su afecto, como si lo guarda para su propia colecci\u00f3n y disfrute, su exclusivo y adorable charm de erizo inyecta a la vida diversi\u00f3n y vitalidad. Es un peque\u00f1o accesorio de moda que combina funcionalidad y atractivo visual.<\/p>\n<\/div>\n\n\n\n<div class=\"wp-block-column is-layout-flow wp-block-column-is-layout-flow\"><div class=\"wp-block-image\">\n<figure class=\"aligncenter size-full\"><img decoding=\"async\" width=\"800\" height=\"800\" src=\"https:\/\/www.yousanusb.com\/wp-content\/uploads\/2025\/10\/hedgehog-keychain.jpg\" alt=\"\" class=\"wp-image-22069\" srcset=\"https:\/\/www.yousanusb.com\/wp-content\/uploads\/2025\/10\/hedgehog-keychain.jpg 800w, https:\/\/www.yousanusb.com\/wp-content\/uploads\/2025\/10\/hedgehog-keychain-300x300.jpg 300w, https:\/\/www.yousanusb.com\/wp-content\/uploads\/2025\/10\/hedgehog-keychain-150x150.jpg 150w, https:\/\/www.yousanusb.com\/wp-content\/uploads\/2025\/10\/hedgehog-keychain-768x768.jpg 768w, https:\/\/www.yousanusb.com\/wp-content\/uploads\/2025\/10\/hedgehog-keychain-12x12.jpg 12w, https:\/\/www.yousanusb.com\/wp-content\/uploads\/2025\/10\/hedgehog-keychain-600x600.jpg 600w, https:\/\/www.yousanusb.com\/wp-content\/uploads\/2025\/10\/hedgehog-keychain-100x100.jpg 100w\" sizes=\"(max-width: 800px) 100vw, 800px\" \/><figcaption class=\"wp-element-caption\">llavero erizo gris p\u00farpura<\/figcaption><\/figure><\/div><\/div>\n<\/div>","protected":false},"excerpt":{"rendered":"<ul>\n<li>Llavero personalizado de diferentes colores<\/li>\n<li>Materiales blandos de PVC<\/li>\n<li>Dise\u00f1o gratuito,Muestra gratuita<\/li>\n<li>Personaliza tu propio tema<\/li>\n<li>MOQ:200pcs<\/li>\n<\/ul>","protected":false},"featured_media":22070,"comment_status":"open","ping_status":"closed","template":"","meta":{"_seopress_robots_primary_cat":"","_seopress_titles_title":"","_seopress_titles_desc":"","_seopress_robots_index":""},"class_list":["post-22066","product","type-product","status-publish","has-post-thumbnail","hentry","product_cat-3d-rubber-key-chain"],"_links":{"self":[{"href":"https:\/\/www.yousanusb.com\/es\/wp-json\/wp\/v2\/product\/22066"}],"collection":[{"href":"https:\/\/www.yousanusb.com\/es\/wp-json\/wp\/v2\/product"}],"about":[{"href":"https:\/\/www.yousanusb.com\/es\/wp-json\/wp\/v2\/types\/product"}],"replies":[{"embeddable":true,"href":"https:\/\/www.yousanusb.com\/es\/wp-json\/wp\/v2\/comments?post=22066"}],"wp:featuredmedia":[{"embeddable":true,"href":"https:\/\/www.yousanusb.com\/es\/wp-json\/wp\/v2\/media\/22070"}],"wp:attachment":[{"href":"https:\/\/www.yousanusb.com\/es\/wp-json\/wp\/v2\/media?parent=22066"}],"curies":[{"name":"wp","href":"https:\/\/api.w.org\/{rel}","templated":true}]}}