{"id":22247,"date":"2025-10-22T13:02:15","date_gmt":"2025-10-22T13:02:15","guid":{"rendered":"https:\/\/www.yousanusb.com\/?post_type=product&#038;p=22247"},"modified":"2025-11-13T14:01:05","modified_gmt":"2025-11-13T14:01:05","slug":"rugby-ball-usb-flash-drive","status":"publish","type":"product","link":"https:\/\/www.yousanusb.com\/es\/producto\/rugby-ball-usb-flash-drive\/","title":{"rendered":"Memoria USB bal\u00f3n de rugby"},"content":{"rendered":"<p>Esta memoria USB con forma de bal\u00f3n de rugby reproduce fielmente el contorno ovalado y los detalles de las costuras de un bal\u00f3n de rugby real. Disponible en rojo, rosa y otros colores, algunos modelos incorporan un llavero met\u00e1lico para facilitar su colocaci\u00f3n en bolsos o llaveros, combinando as\u00ed portabilidad y atractivo decorativo. <\/p>\n\n\n\n<div class=\"wp-block-columns is-layout-flex wp-container-core-columns-is-layout-1 wp-block-columns-is-layout-flex\">\n<div class=\"wp-block-column is-layout-flow wp-block-column-is-layout-flow\"><div class=\"wp-block-image\">\n<figure class=\"aligncenter size-full\"><img fetchpriority=\"high\" decoding=\"async\" width=\"800\" height=\"800\" src=\"https:\/\/www.yousanusb.com\/wp-content\/uploads\/2025\/10\/custom-Rugby-USB-Flash-Drive.jpg\" alt=\"\" class=\"wp-image-22251\" srcset=\"https:\/\/www.yousanusb.com\/wp-content\/uploads\/2025\/10\/custom-Rugby-USB-Flash-Drive.jpg 800w, https:\/\/www.yousanusb.com\/wp-content\/uploads\/2025\/10\/custom-Rugby-USB-Flash-Drive-300x300.jpg 300w, https:\/\/www.yousanusb.com\/wp-content\/uploads\/2025\/10\/custom-Rugby-USB-Flash-Drive-150x150.jpg 150w, https:\/\/www.yousanusb.com\/wp-content\/uploads\/2025\/10\/custom-Rugby-USB-Flash-Drive-768x768.jpg 768w, https:\/\/www.yousanusb.com\/wp-content\/uploads\/2025\/10\/custom-Rugby-USB-Flash-Drive-12x12.jpg 12w, https:\/\/www.yousanusb.com\/wp-content\/uploads\/2025\/10\/custom-Rugby-USB-Flash-Drive-600x600.jpg 600w, https:\/\/www.yousanusb.com\/wp-content\/uploads\/2025\/10\/custom-Rugby-USB-Flash-Drive-100x100.jpg 100w\" sizes=\"(max-width: 800px) 100vw, 800px\" \/><figcaption class=\"wp-element-caption\">Pelota roja de rugby Memoria USB<\/figcaption><\/figure><\/div><\/div>\n\n\n\n<div class=\"wp-block-column is-layout-flow wp-block-column-is-layout-flow\"><div class=\"wp-block-image\">\n<figure class=\"aligncenter size-full\"><img decoding=\"async\" width=\"800\" height=\"800\" src=\"https:\/\/www.yousanusb.com\/wp-content\/uploads\/2025\/10\/pink-Rugby-USB-Flash-Drive.jpg\" alt=\"\" class=\"wp-image-22252\" srcset=\"https:\/\/www.yousanusb.com\/wp-content\/uploads\/2025\/10\/pink-Rugby-USB-Flash-Drive.jpg 800w, https:\/\/www.yousanusb.com\/wp-content\/uploads\/2025\/10\/pink-Rugby-USB-Flash-Drive-300x300.jpg 300w, https:\/\/www.yousanusb.com\/wp-content\/uploads\/2025\/10\/pink-Rugby-USB-Flash-Drive-150x150.jpg 150w, https:\/\/www.yousanusb.com\/wp-content\/uploads\/2025\/10\/pink-Rugby-USB-Flash-Drive-768x768.jpg 768w, https:\/\/www.yousanusb.com\/wp-content\/uploads\/2025\/10\/pink-Rugby-USB-Flash-Drive-12x12.jpg 12w, https:\/\/www.yousanusb.com\/wp-content\/uploads\/2025\/10\/pink-Rugby-USB-Flash-Drive-600x600.jpg 600w, https:\/\/www.yousanusb.com\/wp-content\/uploads\/2025\/10\/pink-Rugby-USB-Flash-Drive-100x100.jpg 100w\" sizes=\"(max-width: 800px) 100vw, 800px\" \/><figcaption class=\"wp-element-caption\">Memoria USB bal\u00f3n de rugby rosa<\/figcaption><\/figure><\/div><\/div>\n<\/div>\n\n\n\n<div class=\"wp-block-columns is-layout-flex wp-container-core-columns-is-layout-2 wp-block-columns-is-layout-flex\">\n<div class=\"wp-block-column is-layout-flow wp-block-column-is-layout-flow\">\n<figure class=\"wp-block-image size-full\"><img decoding=\"async\" width=\"800\" height=\"800\" src=\"https:\/\/www.yousanusb.com\/wp-content\/uploads\/2025\/10\/Rugby-USB-Flash-Drive.jpg\" alt=\"\" class=\"wp-image-22255\" srcset=\"https:\/\/www.yousanusb.com\/wp-content\/uploads\/2025\/10\/Rugby-USB-Flash-Drive.jpg 800w, https:\/\/www.yousanusb.com\/wp-content\/uploads\/2025\/10\/Rugby-USB-Flash-Drive-300x300.jpg 300w, https:\/\/www.yousanusb.com\/wp-content\/uploads\/2025\/10\/Rugby-USB-Flash-Drive-150x150.jpg 150w, https:\/\/www.yousanusb.com\/wp-content\/uploads\/2025\/10\/Rugby-USB-Flash-Drive-768x768.jpg 768w, https:\/\/www.yousanusb.com\/wp-content\/uploads\/2025\/10\/Rugby-USB-Flash-Drive-12x12.jpg 12w, https:\/\/www.yousanusb.com\/wp-content\/uploads\/2025\/10\/Rugby-USB-Flash-Drive-600x600.jpg 600w, https:\/\/www.yousanusb.com\/wp-content\/uploads\/2025\/10\/Rugby-USB-Flash-Drive-100x100.jpg 100w\" sizes=\"(max-width: 800px) 100vw, 800px\" \/><\/figure>\n<\/div>\n\n\n\n<div class=\"wp-block-column is-vertically-aligned-center is-layout-flow wp-block-column-is-layout-flow\">\n<p>Su dise\u00f1o de cuerpo dividido oculta el puerto USB dentro del cuerpo del \"bal\u00f3n\", mientras que la tapa protege eficazmente la interfaz y mejora la integridad est\u00e9tica general.<\/p>\n\n\n\n<p>Esta unidad USB admite el grabado de logotipos personalizados mediante dos procesos: el grabado por l\u00e1ser y la impresi\u00f3n UV. El grabado por l\u00e1ser proporciona l\u00edneas precisas, integrando perfectamente el logotipo con la superficie de la unidad para obtener resultados resistentes al desgaste y a la decoloraci\u00f3n. La impresi\u00f3n UV produce colores vivos, reproduciendo fielmente patrones intrincados con detalles n\u00edtidos.<\/p>\n<\/div>\n<\/div>\n\n\n\n<div class=\"wp-block-columns is-layout-flex wp-container-core-columns-is-layout-3 wp-block-columns-is-layout-flex\">\n<div class=\"wp-block-column is-vertically-aligned-center is-layout-flow wp-block-column-is-layout-flow\">\n<p>Fabricado con material de PVC blando de primera calidad, ofrece una sensaci\u00f3n suave al tacto con una excelente resistencia a las ca\u00eddas y propiedades antipolvo, lo que proporciona una protecci\u00f3n fiable para el chip de almacenamiento durante el uso diario y prolonga la vida \u00fatil de la unidad USB.<\/p>\n\n\n\n<p>En cuanto al rendimiento del almacenamiento, cuenta con un chip de almacenamiento de alta velocidad que admite la funcionalidad plug-and-play a trav\u00e9s de la interfaz USB y la compatibilidad con m\u00faltiples sistemas operativos. Esto permite almacenar y transferir eficazmente varios archivos, incluidos documentos y contenidos multimedia. La s\u00f3lida estabilidad del chip mitiga eficazmente los riesgos de p\u00e9rdida de datos, garantizando la seguridad de la informaci\u00f3n.<\/p>\n\n\n\n<p>Ya sea para entusiastas del deporte que coleccionan recuerdos, profesionales que transfieren documentos empresariales o estudiantes que almacenan materiales de aprendizaje, esta unidad USB con forma de bal\u00f3n de f\u00fatbol satisface las necesidades de todos los usuarios.<\/p>\n<\/div>\n\n\n\n<div class=\"wp-block-column is-layout-flow wp-block-column-is-layout-flow\">\n<figure class=\"wp-block-image size-full\"><img loading=\"lazy\" decoding=\"async\" width=\"800\" height=\"800\" src=\"https:\/\/www.yousanusb.com\/wp-content\/uploads\/2025\/10\/red-Rugby-USB-Flash-Drive.jpg\" alt=\"\" class=\"wp-image-22254\" srcset=\"https:\/\/www.yousanusb.com\/wp-content\/uploads\/2025\/10\/red-Rugby-USB-Flash-Drive.jpg 800w, https:\/\/www.yousanusb.com\/wp-content\/uploads\/2025\/10\/red-Rugby-USB-Flash-Drive-300x300.jpg 300w, https:\/\/www.yousanusb.com\/wp-content\/uploads\/2025\/10\/red-Rugby-USB-Flash-Drive-150x150.jpg 150w, https:\/\/www.yousanusb.com\/wp-content\/uploads\/2025\/10\/red-Rugby-USB-Flash-Drive-768x768.jpg 768w, https:\/\/www.yousanusb.com\/wp-content\/uploads\/2025\/10\/red-Rugby-USB-Flash-Drive-12x12.jpg 12w, https:\/\/www.yousanusb.com\/wp-content\/uploads\/2025\/10\/red-Rugby-USB-Flash-Drive-600x600.jpg 600w, https:\/\/www.yousanusb.com\/wp-content\/uploads\/2025\/10\/red-Rugby-USB-Flash-Drive-100x100.jpg 100w\" sizes=\"(max-width: 800px) 100vw, 800px\" \/><\/figure>\n<\/div>\n<\/div>","protected":false},"excerpt":{"rendered":"<ul>\n<li>Compatible con USB 2.0 Hot Plug &amp; Play<\/li>\n<li>Memoria USB 3D personalizada<\/li>\n<li>Plug-and-play<\/li>\n<li>CE, RHOS, SGS Especificaci\u00f3n<\/li>\n<li>MOQ:100pcs<\/li>\n<\/ul>","protected":false},"featured_media":22253,"comment_status":"open","ping_status":"closed","template":"","meta":{"_seopress_robots_primary_cat":"","_seopress_titles_title":"","_seopress_titles_desc":"","_seopress_robots_index":""},"class_list":["post-22247","product","type-product","status-publish","has-post-thumbnail","hentry","product_cat-custom-usb-drive","product_tag-ball-usb-flash-drive"],"_links":{"self":[{"href":"https:\/\/www.yousanusb.com\/es\/wp-json\/wp\/v2\/product\/22247"}],"collection":[{"href":"https:\/\/www.yousanusb.com\/es\/wp-json\/wp\/v2\/product"}],"about":[{"href":"https:\/\/www.yousanusb.com\/es\/wp-json\/wp\/v2\/types\/product"}],"replies":[{"embeddable":true,"href":"https:\/\/www.yousanusb.com\/es\/wp-json\/wp\/v2\/comments?post=22247"}],"wp:featuredmedia":[{"embeddable":true,"href":"https:\/\/www.yousanusb.com\/es\/wp-json\/wp\/v2\/media\/22253"}],"wp:attachment":[{"href":"https:\/\/www.yousanusb.com\/es\/wp-json\/wp\/v2\/media?parent=22247"}],"curies":[{"name":"wp","href":"https:\/\/api.w.org\/{rel}","templated":true}]}}