{"id":22350,"date":"2025-10-23T05:12:21","date_gmt":"2025-10-23T05:12:21","guid":{"rendered":"https:\/\/www.yousanusb.com\/?post_type=product&#038;p=22350"},"modified":"2025-10-24T03:29:34","modified_gmt":"2025-10-24T03:29:34","slug":"cartoon-mouse-keychain","status":"publish","type":"product","link":"https:\/\/www.yousanusb.com\/es\/producto\/cartoon-mouse-keychain\/","title":{"rendered":"Llavero rat\u00f3n de dibujos animados"},"content":{"rendered":"<p>Estos tres llaveros de ratones de dibujos animados tienen cada uno su propio encanto adorable, infundiendo a la vida cotidiana una energ\u00eda l\u00fadica a trav\u00e9s de simp\u00e1ticos dise\u00f1os de ratones. Son un regalo encantador para ti o para los dem\u00e1s. Fabricados en PVC blando, tienen un acabado suave y duradero y vienen con llaveros y cadenas met\u00e1licos de tama\u00f1o est\u00e1ndar. Perfectos para organizar las llaves o como colgantes de bolso.<\/p>\n\n\n\n<div class=\"wp-block-columns is-layout-flex wp-container-core-columns-is-layout-1 wp-block-columns-is-layout-flex\">\n<div class=\"wp-block-column is-layout-flow wp-block-column-is-layout-flow\">\n<figure class=\"wp-block-image size-full\"><img fetchpriority=\"high\" decoding=\"async\" width=\"800\" height=\"800\" src=\"https:\/\/www.yousanusb.com\/wp-content\/uploads\/2025\/10\/Mouse-PVC-soft-keychain.jpg\" alt=\"\" class=\"wp-image-22355\" srcset=\"https:\/\/www.yousanusb.com\/wp-content\/uploads\/2025\/10\/Mouse-PVC-soft-keychain.jpg 800w, https:\/\/www.yousanusb.com\/wp-content\/uploads\/2025\/10\/Mouse-PVC-soft-keychain-300x300.jpg 300w, https:\/\/www.yousanusb.com\/wp-content\/uploads\/2025\/10\/Mouse-PVC-soft-keychain-150x150.jpg 150w, https:\/\/www.yousanusb.com\/wp-content\/uploads\/2025\/10\/Mouse-PVC-soft-keychain-768x768.jpg 768w, https:\/\/www.yousanusb.com\/wp-content\/uploads\/2025\/10\/Mouse-PVC-soft-keychain-12x12.jpg 12w, https:\/\/www.yousanusb.com\/wp-content\/uploads\/2025\/10\/Mouse-PVC-soft-keychain-600x600.jpg 600w, https:\/\/www.yousanusb.com\/wp-content\/uploads\/2025\/10\/Mouse-PVC-soft-keychain-100x100.jpg 100w\" sizes=\"(max-width: 800px) 100vw, 800px\" \/><figcaption class=\"wp-element-caption\">1.Este llavero de rat\u00f3n presenta una base de color gris intenso, con orejas rosas, grandes ojos azul p\u00farpura y una amplia sonrisa. Su dise\u00f1o alegre y juguet\u00f3n parece listo para embarcarse en divertidas aventuras en cualquier momento, sus l\u00edneas brillantes rebosan inocencia infantil.<\/figcaption><\/figure>\n<\/div>\n\n\n\n<div class=\"wp-block-column is-layout-flow wp-block-column-is-layout-flow\">\n<figure class=\"wp-block-image size-full\"><img decoding=\"async\" width=\"800\" height=\"800\" src=\"https:\/\/www.yousanusb.com\/wp-content\/uploads\/2025\/10\/mouse-PVC-keychain.jpg\" alt=\"\" class=\"wp-image-22354\" srcset=\"https:\/\/www.yousanusb.com\/wp-content\/uploads\/2025\/10\/mouse-PVC-keychain.jpg 800w, https:\/\/www.yousanusb.com\/wp-content\/uploads\/2025\/10\/mouse-PVC-keychain-300x300.jpg 300w, https:\/\/www.yousanusb.com\/wp-content\/uploads\/2025\/10\/mouse-PVC-keychain-150x150.jpg 150w, https:\/\/www.yousanusb.com\/wp-content\/uploads\/2025\/10\/mouse-PVC-keychain-768x768.jpg 768w, https:\/\/www.yousanusb.com\/wp-content\/uploads\/2025\/10\/mouse-PVC-keychain-12x12.jpg 12w, https:\/\/www.yousanusb.com\/wp-content\/uploads\/2025\/10\/mouse-PVC-keychain-600x600.jpg 600w, https:\/\/www.yousanusb.com\/wp-content\/uploads\/2025\/10\/mouse-PVC-keychain-100x100.jpg 100w\" sizes=\"(max-width: 800px) 100vw, 800px\" \/><figcaption class=\"wp-element-caption\">2.Este llavero rat\u00f3n presenta un rat\u00f3n de campo marr\u00f3n y a rayas con las orejas rosas ligeramente ca\u00eddas, los ojos suavemente cerrados y una leve sonrisa en la cara. Su forma regordeta y adorable irradia amable simpat\u00eda.<\/figcaption><\/figure>\n<\/div>\n\n\n\n<div class=\"wp-block-column is-layout-flow wp-block-column-is-layout-flow\">\n<figure class=\"wp-block-image size-full\"><img decoding=\"async\" width=\"800\" height=\"800\" src=\"https:\/\/www.yousanusb.com\/wp-content\/uploads\/2025\/10\/mouse-keychain.jpg\" alt=\"\" class=\"wp-image-22353\" srcset=\"https:\/\/www.yousanusb.com\/wp-content\/uploads\/2025\/10\/mouse-keychain.jpg 800w, https:\/\/www.yousanusb.com\/wp-content\/uploads\/2025\/10\/mouse-keychain-300x300.jpg 300w, https:\/\/www.yousanusb.com\/wp-content\/uploads\/2025\/10\/mouse-keychain-150x150.jpg 150w, https:\/\/www.yousanusb.com\/wp-content\/uploads\/2025\/10\/mouse-keychain-768x768.jpg 768w, https:\/\/www.yousanusb.com\/wp-content\/uploads\/2025\/10\/mouse-keychain-12x12.jpg 12w, https:\/\/www.yousanusb.com\/wp-content\/uploads\/2025\/10\/mouse-keychain-600x600.jpg 600w, https:\/\/www.yousanusb.com\/wp-content\/uploads\/2025\/10\/mouse-keychain-100x100.jpg 100w\" sizes=\"(max-width: 800px) 100vw, 800px\" \/><figcaption class=\"wp-element-caption\">3.Este llavero de rat\u00f3n presenta un rat\u00f3n gris claro con mejillas y orejas sonrosadas, acunando comida en sus patas. Su cuerpo regordete y redondeado desprende un entra\u00f1able encanto bobalic\u00f3n, mientras que los bigotes y la cola negra enroscada a\u00f1aden un detalle encantador al dise\u00f1o.<\/figcaption><\/figure>\n<\/div>\n<\/div>","protected":false},"excerpt":{"rendered":"<ul>\n<li>Llavero personalizado de formas diferentes<\/li>\n<li>llavero de pvc de alta calidad<\/li>\n<li>PVC blando Materiales de caucho<\/li>\n<li>Cree llaveros de PVC de caucho personalizados<\/li>\n<li>MOQ:200pcs<\/li>\n<\/ul>","protected":false},"featured_media":22353,"comment_status":"open","ping_status":"closed","template":"","meta":{"_seopress_robots_primary_cat":"","_seopress_titles_title":"","_seopress_titles_desc":"","_seopress_robots_index":""},"class_list":["post-22350","product","type-product","status-publish","has-post-thumbnail","hentry","product_cat-3d-rubber-key-chain"],"_links":{"self":[{"href":"https:\/\/www.yousanusb.com\/es\/wp-json\/wp\/v2\/product\/22350"}],"collection":[{"href":"https:\/\/www.yousanusb.com\/es\/wp-json\/wp\/v2\/product"}],"about":[{"href":"https:\/\/www.yousanusb.com\/es\/wp-json\/wp\/v2\/types\/product"}],"replies":[{"embeddable":true,"href":"https:\/\/www.yousanusb.com\/es\/wp-json\/wp\/v2\/comments?post=22350"}],"wp:featuredmedia":[{"embeddable":true,"href":"https:\/\/www.yousanusb.com\/es\/wp-json\/wp\/v2\/media\/22353"}],"wp:attachment":[{"href":"https:\/\/www.yousanusb.com\/es\/wp-json\/wp\/v2\/media?parent=22350"}],"curies":[{"name":"wp","href":"https:\/\/api.w.org\/{rel}","templated":true}]}}