{"id":22356,"date":"2025-10-23T05:33:17","date_gmt":"2025-10-23T05:33:17","guid":{"rendered":"https:\/\/www.yousanusb.com\/?post_type=product&#038;p=22356"},"modified":"2025-10-24T03:29:46","modified_gmt":"2025-10-24T03:29:46","slug":"cute-owl-keychain","status":"publish","type":"product","link":"https:\/\/www.yousanusb.com\/es\/producto\/cute-owl-keychain\/","title":{"rendered":"Llavero B\u00faho"},"content":{"rendered":"<div class=\"wp-block-columns is-layout-flex wp-container-core-columns-is-layout-1 wp-block-columns-is-layout-flex\">\n<div class=\"wp-block-column is-layout-flow wp-block-column-is-layout-flow\">\n<figure class=\"wp-block-image size-full\"><img fetchpriority=\"high\" decoding=\"async\" width=\"800\" height=\"800\" src=\"https:\/\/www.yousanusb.com\/wp-content\/uploads\/2025\/10\/owl-PVC-keychain.jpg\" alt=\"\" class=\"wp-image-22360\" srcset=\"https:\/\/www.yousanusb.com\/wp-content\/uploads\/2025\/10\/owl-PVC-keychain.jpg 800w, https:\/\/www.yousanusb.com\/wp-content\/uploads\/2025\/10\/owl-PVC-keychain-300x300.jpg 300w, https:\/\/www.yousanusb.com\/wp-content\/uploads\/2025\/10\/owl-PVC-keychain-150x150.jpg 150w, https:\/\/www.yousanusb.com\/wp-content\/uploads\/2025\/10\/owl-PVC-keychain-768x768.jpg 768w, https:\/\/www.yousanusb.com\/wp-content\/uploads\/2025\/10\/owl-PVC-keychain-12x12.jpg 12w, https:\/\/www.yousanusb.com\/wp-content\/uploads\/2025\/10\/owl-PVC-keychain-600x600.jpg 600w, https:\/\/www.yousanusb.com\/wp-content\/uploads\/2025\/10\/owl-PVC-keychain-100x100.jpg 100w\" sizes=\"(max-width: 800px) 100vw, 800px\" \/><\/figure>\n<\/div>\n\n\n\n<div class=\"wp-block-column is-vertically-aligned-center is-layout-flow wp-block-column-is-layout-flow\">\n<p>Esta es una vibrante colecci\u00f3n de b\u00fahos, cada uno en rosa, azul y morado, cada uno con su propio encanto. Todos los b\u00fahos tienen unos ojos grandes, redondos y adorables, y sus alas est\u00e1n adornadas con plumas de colores que crean un dise\u00f1o alegre y divertido.<\/p>\n\n\n\n<p>Estos b\u00fahos, fabricados con un suave material de PVC de textura lisa y resistentes herrajes met\u00e1licos, sirven tanto de llavero como de colgante para el bolso. Sus encantadores y juguetones estilos infunden energ\u00eda a la vida diaria, lo que los convierte en la elecci\u00f3n perfecta para adornar accesorios y difundir la ternura.<\/p>\n<\/div>\n<\/div>\n\n\n\n<div class=\"wp-block-columns is-layout-flex wp-container-core-columns-is-layout-2 wp-block-columns-is-layout-flex\">\n<div class=\"wp-block-column is-vertically-aligned-center is-layout-flow wp-block-column-is-layout-flow\">\n<p>Este llavero con dise\u00f1o de b\u00faho tiene como colores principales el negro y el amarillo, con una silueta elegante y redondeada. Su pico y garras naranjas complementan el distintivo dibujo de su vientre, creando un aspecto entra\u00f1ablemente tierno y fresco. La combinaci\u00f3n de cadena met\u00e1lica y llavero garantiza su practicidad y durabilidad.<\/p>\n\n\n\n<p>Fabricado en suave caucho de PVC, incorpora componentes met\u00e1licos de aleaci\u00f3n de zinc para el llavero y la cadena, lo que garantiza su robustez y longevidad. Este sencillo pero encantador llavero sirve para dos cosas: sujetar llaves o adornar bolsos, por lo que es una de las mejores opciones para papeler\u00edas y tiendas de regalos.<\/p>\n<\/div>\n\n\n\n<div class=\"wp-block-column is-layout-flow wp-block-column-is-layout-flow\">\n<figure class=\"wp-block-image size-full\"><img decoding=\"async\" width=\"800\" height=\"800\" src=\"https:\/\/www.yousanusb.com\/wp-content\/uploads\/2025\/10\/Owl-keychain.jpg\" alt=\"\" class=\"wp-image-22359\" srcset=\"https:\/\/www.yousanusb.com\/wp-content\/uploads\/2025\/10\/Owl-keychain.jpg 800w, https:\/\/www.yousanusb.com\/wp-content\/uploads\/2025\/10\/Owl-keychain-300x300.jpg 300w, https:\/\/www.yousanusb.com\/wp-content\/uploads\/2025\/10\/Owl-keychain-150x150.jpg 150w, https:\/\/www.yousanusb.com\/wp-content\/uploads\/2025\/10\/Owl-keychain-768x768.jpg 768w, https:\/\/www.yousanusb.com\/wp-content\/uploads\/2025\/10\/Owl-keychain-12x12.jpg 12w, https:\/\/www.yousanusb.com\/wp-content\/uploads\/2025\/10\/Owl-keychain-600x600.jpg 600w, https:\/\/www.yousanusb.com\/wp-content\/uploads\/2025\/10\/Owl-keychain-100x100.jpg 100w\" sizes=\"(max-width: 800px) 100vw, 800px\" \/><\/figure>\n<\/div>\n<\/div>","protected":false},"excerpt":{"rendered":"<ul>\n<li>llavero b\u00faho de colores<\/li>\n<li>PVC blando Materiales de caucho<\/li>\n<li>Cree llaveros de PVC de caucho personalizados<\/li>\n<li>Dise\u00f1o gratuito, muestras gratuitas<\/li>\n<li>MOQ:200pcs<\/li>\n<\/ul>","protected":false},"featured_media":22359,"comment_status":"open","ping_status":"closed","template":"","meta":{"_seopress_robots_primary_cat":"","_seopress_titles_title":"","_seopress_titles_desc":"","_seopress_robots_index":""},"class_list":["post-22356","product","type-product","status-publish","has-post-thumbnail","hentry","product_cat-3d-rubber-key-chain"],"_links":{"self":[{"href":"https:\/\/www.yousanusb.com\/es\/wp-json\/wp\/v2\/product\/22356"}],"collection":[{"href":"https:\/\/www.yousanusb.com\/es\/wp-json\/wp\/v2\/product"}],"about":[{"href":"https:\/\/www.yousanusb.com\/es\/wp-json\/wp\/v2\/types\/product"}],"replies":[{"embeddable":true,"href":"https:\/\/www.yousanusb.com\/es\/wp-json\/wp\/v2\/comments?post=22356"}],"wp:featuredmedia":[{"embeddable":true,"href":"https:\/\/www.yousanusb.com\/es\/wp-json\/wp\/v2\/media\/22359"}],"wp:attachment":[{"href":"https:\/\/www.yousanusb.com\/es\/wp-json\/wp\/v2\/media?parent=22356"}],"curies":[{"name":"wp","href":"https:\/\/api.w.org\/{rel}","templated":true}]}}