{"id":22362,"date":"2025-10-23T05:47:14","date_gmt":"2025-10-23T05:47:14","guid":{"rendered":"https:\/\/www.yousanusb.com\/?post_type=product&#038;p=22362"},"modified":"2025-10-24T03:29:55","modified_gmt":"2025-10-24T03:29:55","slug":"cartoon-2d-panda-pvc-keychain","status":"publish","type":"product","link":"https:\/\/www.yousanusb.com\/es\/producto\/cartoon-2d-panda-pvc-keychain\/","title":{"rendered":"Llavero de PVC con panda 2D de dibujos animados"},"content":{"rendered":"<p>Ya sea para guardar las llaves o como colgante para el bolso, estos dos llaveros a\u00f1aden un toque de vitalidad a la vida cotidiana: son los accesorios perfectos para los amantes de los pandas y de los estilos bonitos.<\/p>\n\n\n\n<p>Sus llaveros y llaveros est\u00e1n fabricados en aleaci\u00f3n de zinc con acabados galv\u00e1nicos, lo que garantiza su resistencia a la oxidaci\u00f3n, durabilidad y refinada textura. El cuerpo principal es de PVC blando, con colores vivos y resistentes a la decoloraci\u00f3n y un tacto suave y el\u00e1stico, y presenta dise\u00f1os vivos y tridimensionales.<\/p>\n\n\n\n<div class=\"wp-block-columns is-layout-flex wp-container-core-columns-is-layout-1 wp-block-columns-is-layout-flex\">\n<div class=\"wp-block-column is-layout-flow wp-block-column-is-layout-flow\">\n<figure class=\"wp-block-image size-full\"><img fetchpriority=\"high\" decoding=\"async\" width=\"800\" height=\"800\" src=\"https:\/\/www.yousanusb.com\/wp-content\/uploads\/2025\/10\/Panda-PVC-keychain.jpg\" alt=\"\" class=\"wp-image-22366\" srcset=\"https:\/\/www.yousanusb.com\/wp-content\/uploads\/2025\/10\/Panda-PVC-keychain.jpg 800w, https:\/\/www.yousanusb.com\/wp-content\/uploads\/2025\/10\/Panda-PVC-keychain-300x300.jpg 300w, https:\/\/www.yousanusb.com\/wp-content\/uploads\/2025\/10\/Panda-PVC-keychain-150x150.jpg 150w, https:\/\/www.yousanusb.com\/wp-content\/uploads\/2025\/10\/Panda-PVC-keychain-768x768.jpg 768w, https:\/\/www.yousanusb.com\/wp-content\/uploads\/2025\/10\/Panda-PVC-keychain-12x12.jpg 12w, https:\/\/www.yousanusb.com\/wp-content\/uploads\/2025\/10\/Panda-PVC-keychain-600x600.jpg 600w, https:\/\/www.yousanusb.com\/wp-content\/uploads\/2025\/10\/Panda-PVC-keychain-100x100.jpg 100w\" sizes=\"(max-width: 800px) 100vw, 800px\" \/><figcaption class=\"wp-element-caption\">1.Este panda sujeta un tallo de bamb\u00fa de un verde vibrante, sus ojos redondos enmarcados en negro y acentuados con rubor rosa, irradian un encanto juguet\u00f3n que capta a la perfecci\u00f3n el binomio atemporal de los pandas y el bamb\u00fa.<\/figcaption><\/figure>\n<\/div>\n\n\n\n<div class=\"wp-block-column is-layout-flow wp-block-column-is-layout-flow\">\n<figure class=\"wp-block-image size-full\"><img decoding=\"async\" width=\"800\" height=\"800\" src=\"https:\/\/www.yousanusb.com\/wp-content\/uploads\/2025\/10\/Panda-keychain.jpg\" alt=\"\" class=\"wp-image-22365\" srcset=\"https:\/\/www.yousanusb.com\/wp-content\/uploads\/2025\/10\/Panda-keychain.jpg 800w, https:\/\/www.yousanusb.com\/wp-content\/uploads\/2025\/10\/Panda-keychain-300x300.jpg 300w, https:\/\/www.yousanusb.com\/wp-content\/uploads\/2025\/10\/Panda-keychain-150x150.jpg 150w, https:\/\/www.yousanusb.com\/wp-content\/uploads\/2025\/10\/Panda-keychain-768x768.jpg 768w, https:\/\/www.yousanusb.com\/wp-content\/uploads\/2025\/10\/Panda-keychain-12x12.jpg 12w, https:\/\/www.yousanusb.com\/wp-content\/uploads\/2025\/10\/Panda-keychain-600x600.jpg 600w, https:\/\/www.yousanusb.com\/wp-content\/uploads\/2025\/10\/Panda-keychain-100x100.jpg 100w\" sizes=\"(max-width: 800px) 100vw, 800px\" \/><figcaption class=\"wp-element-caption\">2.Este llavero panda presenta una cl\u00e1sica combinaci\u00f3n de colores en blanco y negro. El panda adopta una pose simp\u00e1tica y serena, con sus ojos azules brillantes y expresivos. Los detalles rosas de sus patas le a\u00f1aden un toque encantador que lo hace absolutamente adorable.<\/figcaption><\/figure>\n<\/div>\n<\/div>\n\n\n\n<p><\/p>","protected":false},"excerpt":{"rendered":"<ul>\n<li>material de PVC blando<\/li>\n<li>llavero de aleaci\u00f3n de zinc<\/li>\n<li>custome diferentes formas<\/li>\n<li>Cree llaveros de PVC de caucho personalizados<\/li>\n<li>MOQ:100pcs<\/li>\n<\/ul>","protected":false},"featured_media":22366,"comment_status":"open","ping_status":"closed","template":"","meta":{"_seopress_robots_primary_cat":"","_seopress_titles_title":"","_seopress_titles_desc":"","_seopress_robots_index":""},"class_list":["post-22362","product","type-product","status-publish","has-post-thumbnail","hentry","product_cat-3d-rubber-key-chain"],"_links":{"self":[{"href":"https:\/\/www.yousanusb.com\/es\/wp-json\/wp\/v2\/product\/22362"}],"collection":[{"href":"https:\/\/www.yousanusb.com\/es\/wp-json\/wp\/v2\/product"}],"about":[{"href":"https:\/\/www.yousanusb.com\/es\/wp-json\/wp\/v2\/types\/product"}],"replies":[{"embeddable":true,"href":"https:\/\/www.yousanusb.com\/es\/wp-json\/wp\/v2\/comments?post=22362"}],"wp:featuredmedia":[{"embeddable":true,"href":"https:\/\/www.yousanusb.com\/es\/wp-json\/wp\/v2\/media\/22366"}],"wp:attachment":[{"href":"https:\/\/www.yousanusb.com\/es\/wp-json\/wp\/v2\/media?parent=22362"}],"curies":[{"name":"wp","href":"https:\/\/api.w.org\/{rel}","templated":true}]}}