{"id":22367,"date":"2025-10-23T06:18:51","date_gmt":"2025-10-23T06:18:51","guid":{"rendered":"https:\/\/www.yousanusb.com\/?post_type=product&#038;p=22367"},"modified":"2025-10-24T03:30:10","modified_gmt":"2025-10-24T03:30:10","slug":"cute-pvc-parrot-keychain","status":"publish","type":"product","link":"https:\/\/www.yousanusb.com\/es\/producto\/cute-pvc-parrot-keychain\/","title":{"rendered":"Llavero loro de PVC"},"content":{"rendered":"<p>Este loro llavero presenta delicadas gradaciones de color, con transiciones naturales en las plumas azules. Los ojos est\u00e1n adornados con intrincados detalles de color, mientras que las alas y la cola muestran patrones claros y definidos. Estos dos dise\u00f1os de loros llavero difieren no s\u00f3lo en los detalles de los ojos, sino tambi\u00e9n en la profundidad del colorido de las plumas, lo que le permite elegir en funci\u00f3n de sus preferencias.<\/p>\n\n\n\n<div class=\"wp-block-columns is-layout-flex wp-container-core-columns-is-layout-1 wp-block-columns-is-layout-flex\">\n<div class=\"wp-block-column is-layout-flow wp-block-column-is-layout-flow\">\n<figure class=\"wp-block-image size-full\"><img fetchpriority=\"high\" decoding=\"async\" width=\"800\" height=\"800\" src=\"https:\/\/www.yousanusb.com\/wp-content\/uploads\/2025\/10\/Parrot-PVC-keychain.jpg\" alt=\"\" class=\"wp-image-22371\" srcset=\"https:\/\/www.yousanusb.com\/wp-content\/uploads\/2025\/10\/Parrot-PVC-keychain.jpg 800w, https:\/\/www.yousanusb.com\/wp-content\/uploads\/2025\/10\/Parrot-PVC-keychain-300x300.jpg 300w, https:\/\/www.yousanusb.com\/wp-content\/uploads\/2025\/10\/Parrot-PVC-keychain-150x150.jpg 150w, https:\/\/www.yousanusb.com\/wp-content\/uploads\/2025\/10\/Parrot-PVC-keychain-768x768.jpg 768w, https:\/\/www.yousanusb.com\/wp-content\/uploads\/2025\/10\/Parrot-PVC-keychain-12x12.jpg 12w, https:\/\/www.yousanusb.com\/wp-content\/uploads\/2025\/10\/Parrot-PVC-keychain-600x600.jpg 600w, https:\/\/www.yousanusb.com\/wp-content\/uploads\/2025\/10\/Parrot-PVC-keychain-100x100.jpg 100w\" sizes=\"(max-width: 800px) 100vw, 800px\" \/><\/figure>\n<\/div>\n\n\n\n<div class=\"wp-block-column is-layout-flow wp-block-column-is-layout-flow\">\n<figure class=\"wp-block-image size-full\"><img decoding=\"async\" width=\"800\" height=\"800\" src=\"https:\/\/www.yousanusb.com\/wp-content\/uploads\/2025\/10\/Parrot-keychain.jpg\" alt=\"\" class=\"wp-image-22370\" srcset=\"https:\/\/www.yousanusb.com\/wp-content\/uploads\/2025\/10\/Parrot-keychain.jpg 800w, https:\/\/www.yousanusb.com\/wp-content\/uploads\/2025\/10\/Parrot-keychain-300x300.jpg 300w, https:\/\/www.yousanusb.com\/wp-content\/uploads\/2025\/10\/Parrot-keychain-150x150.jpg 150w, https:\/\/www.yousanusb.com\/wp-content\/uploads\/2025\/10\/Parrot-keychain-768x768.jpg 768w, https:\/\/www.yousanusb.com\/wp-content\/uploads\/2025\/10\/Parrot-keychain-12x12.jpg 12w, https:\/\/www.yousanusb.com\/wp-content\/uploads\/2025\/10\/Parrot-keychain-600x600.jpg 600w, https:\/\/www.yousanusb.com\/wp-content\/uploads\/2025\/10\/Parrot-keychain-100x100.jpg 100w\" sizes=\"(max-width: 800px) 100vw, 800px\" \/><\/figure>\n<\/div>\n<\/div>\n\n\n\n<p>Sus llaveros y llaveros est\u00e1n fabricados con una aleaci\u00f3n de zinc, tratada con galvanoplastia para ofrecer resistencia a la oxidaci\u00f3n y durabilidad. El cuerpo principal est\u00e1 hecho de un suave material de PVC, que ofrece un tacto suave con colores vibrantes y resistentes a la decoloraci\u00f3n. El dise\u00f1o tridimensional da vida al loro con sorprendente realismo.<\/p>\n\n\n\n<p>Ya sea para guardar las llaves o como colgante para el bolso, estos dos llaveros transmiten la vitalidad tropical a trav\u00e9s de sus encantadores y detallados dise\u00f1os de loros y sus resistentes materiales. Son accesorios \u00fanicos para los amantes de los p\u00e1jaros y de los estilos bonitos.<\/p>","protected":false},"excerpt":{"rendered":"<ul>\n<li>Llavero de pl\u00e1stico PVC<\/li>\n<li>Llavero de pvc de alta calidad<\/li>\n<li>Llaveros de caucho personalizados<\/li>\n<li>Cree llaveros de PVC de caucho personalizados<\/li>\n<li>MOQ:200pcs<\/li>\n<\/ul>","protected":false},"featured_media":22371,"comment_status":"open","ping_status":"closed","template":"","meta":{"_seopress_robots_primary_cat":"","_seopress_titles_title":"","_seopress_titles_desc":"","_seopress_robots_index":""},"class_list":["post-22367","product","type-product","status-publish","has-post-thumbnail","hentry","product_cat-3d-rubber-key-chain"],"_links":{"self":[{"href":"https:\/\/www.yousanusb.com\/es\/wp-json\/wp\/v2\/product\/22367"}],"collection":[{"href":"https:\/\/www.yousanusb.com\/es\/wp-json\/wp\/v2\/product"}],"about":[{"href":"https:\/\/www.yousanusb.com\/es\/wp-json\/wp\/v2\/types\/product"}],"replies":[{"embeddable":true,"href":"https:\/\/www.yousanusb.com\/es\/wp-json\/wp\/v2\/comments?post=22367"}],"wp:featuredmedia":[{"embeddable":true,"href":"https:\/\/www.yousanusb.com\/es\/wp-json\/wp\/v2\/media\/22371"}],"wp:attachment":[{"href":"https:\/\/www.yousanusb.com\/es\/wp-json\/wp\/v2\/media?parent=22367"}],"curies":[{"name":"wp","href":"https:\/\/api.w.org\/{rel}","templated":true}]}}