{"id":22372,"date":"2025-10-23T07:08:22","date_gmt":"2025-10-23T07:08:22","guid":{"rendered":"https:\/\/www.yousanusb.com\/?post_type=product&#038;p=22372"},"modified":"2025-10-24T03:30:21","modified_gmt":"2025-10-24T03:30:21","slug":"custom-peacock-pvc-keychain","status":"publish","type":"product","link":"https:\/\/www.yousanusb.com\/es\/producto\/custom-peacock-pvc-keychain\/","title":{"rendered":"Llavero de PVC con pavo real personalizado"},"content":{"rendered":"<p>El llavero pavo real tiene un cuerpo de PVC blando con una textura flexible y el\u00e1stica. Sus vibrantes colores presentan una gran saturaci\u00f3n y resistencia a la decoloraci\u00f3n, mientras que el dise\u00f1o tridimensional da vida a la expresi\u00f3n de cada pavo real y a sus intrincados detalles. Tanto el llavero como la cadena est\u00e1n fabricados en aleaci\u00f3n de zinc, tratada con galvanoplastia para una mayor durabilidad a prueba de \u00f3xido. Estos llaveros son muy apreciados por sus vibrantes colores y su exquisita artesan\u00eda, lo que los convierte en uno de los art\u00edculos m\u00e1s vendidos en tiendas culturales y creativas.<\/p>\n\n\n\n<div class=\"wp-block-columns is-layout-flex wp-container-core-columns-is-layout-1 wp-block-columns-is-layout-flex\">\n<div class=\"wp-block-column is-layout-flow wp-block-column-is-layout-flow\">\n<figure class=\"wp-block-image size-full\"><img fetchpriority=\"high\" decoding=\"async\" width=\"800\" height=\"800\" src=\"https:\/\/www.yousanusb.com\/wp-content\/uploads\/2025\/10\/2D-PVC-Peacock-keychain.jpg\" alt=\"\" class=\"wp-image-22375\" srcset=\"https:\/\/www.yousanusb.com\/wp-content\/uploads\/2025\/10\/2D-PVC-Peacock-keychain.jpg 800w, https:\/\/www.yousanusb.com\/wp-content\/uploads\/2025\/10\/2D-PVC-Peacock-keychain-300x300.jpg 300w, https:\/\/www.yousanusb.com\/wp-content\/uploads\/2025\/10\/2D-PVC-Peacock-keychain-150x150.jpg 150w, https:\/\/www.yousanusb.com\/wp-content\/uploads\/2025\/10\/2D-PVC-Peacock-keychain-768x768.jpg 768w, https:\/\/www.yousanusb.com\/wp-content\/uploads\/2025\/10\/2D-PVC-Peacock-keychain-12x12.jpg 12w, https:\/\/www.yousanusb.com\/wp-content\/uploads\/2025\/10\/2D-PVC-Peacock-keychain-600x600.jpg 600w, https:\/\/www.yousanusb.com\/wp-content\/uploads\/2025\/10\/2D-PVC-Peacock-keychain-100x100.jpg 100w\" sizes=\"(max-width: 800px) 100vw, 800px\" \/><\/figure>\n<\/div>\n\n\n\n<div class=\"wp-block-column is-vertically-aligned-center is-layout-flow wp-block-column-is-layout-flow\">\n<p>Este llavero de pavo real presenta una suave y relajante paleta de color verde claro. El dise\u00f1o simplificado de la pluma de la cola y el punto ocular rebosa encanto infantil, mientras que la forma redondeada y adorable del ave transforma la belleza real del pavo real en un s\u00edmbolo juguet\u00f3n. El conjunto irradia una energ\u00eda vibrante y caprichosa.<\/p>\n<\/div>\n<\/div>\n\n\n\n<div class=\"wp-block-columns is-layout-flex wp-container-core-columns-is-layout-2 wp-block-columns-is-layout-flex\">\n<div class=\"wp-block-column is-layout-flow wp-block-column-is-layout-flow\">\n<figure class=\"wp-block-image size-full\"><img decoding=\"async\" width=\"800\" height=\"800\" src=\"https:\/\/www.yousanusb.com\/wp-content\/uploads\/2025\/10\/peacock-PVC-keychain-1.jpg\" alt=\"\" class=\"wp-image-22379\" srcset=\"https:\/\/www.yousanusb.com\/wp-content\/uploads\/2025\/10\/peacock-PVC-keychain-1.jpg 800w, https:\/\/www.yousanusb.com\/wp-content\/uploads\/2025\/10\/peacock-PVC-keychain-1-300x300.jpg 300w, https:\/\/www.yousanusb.com\/wp-content\/uploads\/2025\/10\/peacock-PVC-keychain-1-150x150.jpg 150w, https:\/\/www.yousanusb.com\/wp-content\/uploads\/2025\/10\/peacock-PVC-keychain-1-768x768.jpg 768w, https:\/\/www.yousanusb.com\/wp-content\/uploads\/2025\/10\/peacock-PVC-keychain-1-12x12.jpg 12w, https:\/\/www.yousanusb.com\/wp-content\/uploads\/2025\/10\/peacock-PVC-keychain-1-600x600.jpg 600w, https:\/\/www.yousanusb.com\/wp-content\/uploads\/2025\/10\/peacock-PVC-keychain-1-100x100.jpg 100w\" sizes=\"(max-width: 800px) 100vw, 800px\" \/><\/figure>\n<\/div>\n\n\n\n<div class=\"wp-block-column is-vertically-aligned-center is-layout-flow wp-block-column-is-layout-flow\">\n<p>Estos tres dise\u00f1os de llavero de pavo real presentan caracter\u00edsticas distintas, de izquierda a derecha:<\/p>\n\n\n\n<ul class=\"wp-block-list\">\n<li>El primero muestra plumas de la cola verde esmeralda sobre un cuerpo azul, con manchas oculares rojo anaranjadas que adornan las plumas, evocando un pavo real en el bosque, rebosante de vitalidad natural;<\/li>\n\n\n\n<li>La segunda presenta las plumas de la cola en vibrantes parches con los tonos del arco iris: rojo, naranja, amarillo, verde y azul, superpuestos para lograr un impacto visual impactante, que capta el deslumbrante esplendor de un pavo real desplegando la cola;<\/li>\n\n\n\n<li>El tercero presenta un cuerpo azul con plumas en la cola que se asemejan a hojas esmeralda, y su dise\u00f1o juguet\u00f3n y alegre evoca la imagen de un pavo real que camina ligero por la jungla.<\/li>\n<\/ul>\n<\/div>\n<\/div>","protected":false},"excerpt":{"rendered":"<ul>\n<li>Llavero de pvc de alta calidad<\/li>\n<li>Bonito llavero 2D<\/li>\n<li>Bolsas simples de OPP<\/li>\n<li>Personaliza tu forma<\/li>\n<li>MOQ:200pcs<\/li>\n<\/ul>","protected":false},"featured_media":22375,"comment_status":"open","ping_status":"closed","template":"","meta":{"_seopress_robots_primary_cat":"","_seopress_titles_title":"","_seopress_titles_desc":"","_seopress_robots_index":""},"class_list":["post-22372","product","type-product","status-publish","has-post-thumbnail","hentry","product_cat-3d-rubber-key-chain"],"_links":{"self":[{"href":"https:\/\/www.yousanusb.com\/es\/wp-json\/wp\/v2\/product\/22372"}],"collection":[{"href":"https:\/\/www.yousanusb.com\/es\/wp-json\/wp\/v2\/product"}],"about":[{"href":"https:\/\/www.yousanusb.com\/es\/wp-json\/wp\/v2\/types\/product"}],"replies":[{"embeddable":true,"href":"https:\/\/www.yousanusb.com\/es\/wp-json\/wp\/v2\/comments?post=22372"}],"wp:featuredmedia":[{"embeddable":true,"href":"https:\/\/www.yousanusb.com\/es\/wp-json\/wp\/v2\/media\/22375"}],"wp:attachment":[{"href":"https:\/\/www.yousanusb.com\/es\/wp-json\/wp\/v2\/media?parent=22372"}],"curies":[{"name":"wp","href":"https:\/\/api.w.org\/{rel}","templated":true}]}}