{"id":22386,"date":"2025-10-23T11:14:15","date_gmt":"2025-10-23T11:14:15","guid":{"rendered":"https:\/\/www.yousanusb.com\/?post_type=product&#038;p=22386"},"modified":"2025-11-13T14:00:41","modified_gmt":"2025-11-13T14:00:41","slug":"custom-golf-ball-usb-flash-drive","status":"publish","type":"product","link":"https:\/\/www.yousanusb.com\/es\/producto\/custom-golf-ball-usb-flash-drive\/","title":{"rendered":"Memoria USB personalizada Bola de Golf"},"content":{"rendered":"<div class=\"wp-block-columns is-layout-flex wp-container-core-columns-is-layout-1 wp-block-columns-is-layout-flex\">\n<div class=\"wp-block-column is-layout-flow wp-block-column-is-layout-flow\">\n<figure class=\"wp-block-image size-full\"><img fetchpriority=\"high\" decoding=\"async\" width=\"800\" height=\"800\" src=\"https:\/\/www.yousanusb.com\/wp-content\/uploads\/2025\/10\/custom-golf-ball-usb-flash-drive.png\" alt=\"\" class=\"wp-image-22389\" srcset=\"https:\/\/www.yousanusb.com\/wp-content\/uploads\/2025\/10\/custom-golf-ball-usb-flash-drive.png 800w, https:\/\/www.yousanusb.com\/wp-content\/uploads\/2025\/10\/custom-golf-ball-usb-flash-drive-300x300.png 300w, https:\/\/www.yousanusb.com\/wp-content\/uploads\/2025\/10\/custom-golf-ball-usb-flash-drive-150x150.png 150w, https:\/\/www.yousanusb.com\/wp-content\/uploads\/2025\/10\/custom-golf-ball-usb-flash-drive-768x768.png 768w, https:\/\/www.yousanusb.com\/wp-content\/uploads\/2025\/10\/custom-golf-ball-usb-flash-drive-12x12.png 12w, https:\/\/www.yousanusb.com\/wp-content\/uploads\/2025\/10\/custom-golf-ball-usb-flash-drive-600x600.png 600w, https:\/\/www.yousanusb.com\/wp-content\/uploads\/2025\/10\/custom-golf-ball-usb-flash-drive-100x100.png 100w\" sizes=\"(max-width: 800px) 100vw, 800px\" \/><\/figure>\n<\/div>\n\n\n\n<div class=\"wp-block-column is-vertically-aligned-center is-layout-flow wp-block-column-is-layout-flow\">\n<p>Esta unidad USB con forma de pelota de golf es un producto innovador que combina elementos deportivos con tecnolog\u00eda de almacenamiento. Reproduce fielmente las caracter\u00edsticas f\u00edsicas de una pelota de golf, con una superficie finamente texturizada y recreando con precisi\u00f3n el patr\u00f3n de hoyuelos. <\/p>\n\n\n\n<p>Utilizando una t\u00e9cnica de moldeado integrada, el cuerpo esf\u00e9rico se conecta perfectamente al puerto USB. La tapa antipolvo incluida protege eficazmente la interfaz del polvo y la humedad, garantizando un funcionamiento estable a largo plazo. A la vez que mantiene un dise\u00f1o elegante, alcanza est\u00e1ndares de durabilidad de grado industrial. <\/p>\n\n\n\n<p>Fabricado en PVC de alta calidad, ofrece una excepcional resistencia al desgaste y durabilidad.<\/p>\n<\/div>\n<\/div>\n\n\n\n<div class=\"wp-block-columns is-layout-flex wp-container-core-columns-is-layout-2 wp-block-columns-is-layout-flex\">\n<div class=\"wp-block-column is-vertically-aligned-center is-layout-flow wp-block-column-is-layout-flow\">\n<p>Incorpora chips de memoria flash de alta velocidad y ofrece m\u00faltiples opciones de capacidad, desde 8 GB hasta 64 GB, para adaptarse con flexibilidad a las diversas necesidades de almacenamiento de datos. Con velocidades de lectura\/escritura estables y eficientes, permite transferir y almacenar r\u00e1pidamente documentos y archivos multimedia, satisfaciendo las demandas de escenarios profesionales como las operaciones empresariales y las copias de seguridad de datos.<\/p>\n<\/div>\n\n\n\n<div class=\"wp-block-column is-layout-flow wp-block-column-is-layout-flow\">\n<figure class=\"wp-block-image size-full\"><img decoding=\"async\" width=\"800\" height=\"800\" src=\"https:\/\/www.yousanusb.com\/wp-content\/uploads\/2025\/10\/golf-ball-usb-flash-drive.png\" alt=\"\" class=\"wp-image-22392\" srcset=\"https:\/\/www.yousanusb.com\/wp-content\/uploads\/2025\/10\/golf-ball-usb-flash-drive.png 800w, https:\/\/www.yousanusb.com\/wp-content\/uploads\/2025\/10\/golf-ball-usb-flash-drive-300x300.png 300w, https:\/\/www.yousanusb.com\/wp-content\/uploads\/2025\/10\/golf-ball-usb-flash-drive-150x150.png 150w, https:\/\/www.yousanusb.com\/wp-content\/uploads\/2025\/10\/golf-ball-usb-flash-drive-768x768.png 768w, https:\/\/www.yousanusb.com\/wp-content\/uploads\/2025\/10\/golf-ball-usb-flash-drive-12x12.png 12w, https:\/\/www.yousanusb.com\/wp-content\/uploads\/2025\/10\/golf-ball-usb-flash-drive-600x600.png 600w, https:\/\/www.yousanusb.com\/wp-content\/uploads\/2025\/10\/golf-ball-usb-flash-drive-100x100.png 100w\" sizes=\"(max-width: 800px) 100vw, 800px\" \/><\/figure>\n<\/div>\n<\/div>\n\n\n\n<div class=\"wp-block-columns is-layout-flex wp-container-core-columns-is-layout-3 wp-block-columns-is-layout-flex\">\n<div class=\"wp-block-column is-layout-flow wp-block-column-is-layout-flow\">\n<figure class=\"wp-block-image size-full\"><img decoding=\"async\" width=\"800\" height=\"800\" src=\"https:\/\/www.yousanusb.com\/wp-content\/uploads\/2025\/10\/golf-ball-pen-drive.png\" alt=\"\" class=\"wp-image-22391\" srcset=\"https:\/\/www.yousanusb.com\/wp-content\/uploads\/2025\/10\/golf-ball-pen-drive.png 800w, https:\/\/www.yousanusb.com\/wp-content\/uploads\/2025\/10\/golf-ball-pen-drive-300x300.png 300w, https:\/\/www.yousanusb.com\/wp-content\/uploads\/2025\/10\/golf-ball-pen-drive-150x150.png 150w, https:\/\/www.yousanusb.com\/wp-content\/uploads\/2025\/10\/golf-ball-pen-drive-768x768.png 768w, https:\/\/www.yousanusb.com\/wp-content\/uploads\/2025\/10\/golf-ball-pen-drive-12x12.png 12w, https:\/\/www.yousanusb.com\/wp-content\/uploads\/2025\/10\/golf-ball-pen-drive-600x600.png 600w, https:\/\/www.yousanusb.com\/wp-content\/uploads\/2025\/10\/golf-ball-pen-drive-100x100.png 100w\" sizes=\"(max-width: 800px) 100vw, 800px\" \/><\/figure>\n<\/div>\n\n\n\n<div class=\"wp-block-column is-vertically-aligned-center is-layout-flow wp-block-column-is-layout-flow\">\n<p>Para clubes de golf y organizadores de torneos, sirve como soporte de marca de primera calidad. Personalizable con logotipos exclusivos (por ejemplo, \"Amarilla Golf &amp; Marina\"), refuerza la impresi\u00f3n de marca a trav\u00e9s de conmemoraciones de torneos y regalos a los socios. En el \u00e1mbito empresarial, funciona como regalo pr\u00e1ctico para los socios, actuando como embajador de la marca para lograr una exposici\u00f3n sostenida.<\/p>\n\n\n\n<p>Sirve tanto como herramienta de almacenamiento como accesorio elegante que muestra los intereses personales a trav\u00e9s de su dise\u00f1o tem\u00e1tico. Se guarda f\u00e1cilmente en una bolsa de golf o en un bolsillo y sirve de puente entre el deporte y la oficina.<\/p>\n<\/div>\n<\/div>","protected":false},"excerpt":{"rendered":"<ul>\n<li>Pen Drives \u00fanicos<\/li>\n<li>Impresi\u00f3n de logotipos<\/li>\n<li>Disponible en varios tama\u00f1os de memoria.<\/li>\n<li>Dise\u00f1o gratuito, muestras gratuitas<\/li>\n<li>MOQ:100pcs<\/li>\n<\/ul>","protected":false},"featured_media":22389,"comment_status":"open","ping_status":"closed","template":"","meta":{"_seopress_robots_primary_cat":"","_seopress_titles_title":"","_seopress_titles_desc":"","_seopress_robots_index":""},"class_list":["post-22386","product","type-product","status-publish","has-post-thumbnail","hentry","product_cat-custom-usb-drive","product_tag-ball-usb-flash-drive"],"_links":{"self":[{"href":"https:\/\/www.yousanusb.com\/es\/wp-json\/wp\/v2\/product\/22386"}],"collection":[{"href":"https:\/\/www.yousanusb.com\/es\/wp-json\/wp\/v2\/product"}],"about":[{"href":"https:\/\/www.yousanusb.com\/es\/wp-json\/wp\/v2\/types\/product"}],"replies":[{"embeddable":true,"href":"https:\/\/www.yousanusb.com\/es\/wp-json\/wp\/v2\/comments?post=22386"}],"wp:featuredmedia":[{"embeddable":true,"href":"https:\/\/www.yousanusb.com\/es\/wp-json\/wp\/v2\/media\/22389"}],"wp:attachment":[{"href":"https:\/\/www.yousanusb.com\/es\/wp-json\/wp\/v2\/media?parent=22386"}],"curies":[{"name":"wp","href":"https:\/\/api.w.org\/{rel}","templated":true}]}}