{"id":22393,"date":"2025-10-23T12:16:14","date_gmt":"2025-10-23T12:16:14","guid":{"rendered":"https:\/\/www.yousanusb.com\/?post_type=product&#038;p=22393"},"modified":"2025-12-16T13:22:21","modified_gmt":"2025-12-16T13:22:21","slug":"hamburger-usb-flash-drive","status":"publish","type":"product","link":"https:\/\/www.yousanusb.com\/es\/producto\/hamburger-usb-flash-drive\/","title":{"rendered":"Memoria USB Hamburguesa"},"content":{"rendered":"<div class=\"wp-block-columns is-layout-flex wp-container-core-columns-is-layout-1 wp-block-columns-is-layout-flex\">\n<div class=\"wp-block-column is-vertically-aligned-center is-layout-flow wp-block-column-is-layout-flow\">\n<p>Esta memoria USB de hamburguesas responde perfectamente a las preferencias est\u00e9ticas de los j\u00f3venes. Reproduce meticulosamente las capas tridimensionales y los intrincados detalles de la hamburguesa, desde el pan dorado con s\u00e9samo y la lechuga de un verde vibrante hasta la hamburguesa de carne real, por lo que parecer\u00e1 tan real que querr\u00e1s darle un mordisco. Fabricado en PVC ecol\u00f3gico, combina flexibilidad y durabilidad.<\/p>\n\n\n\n<p>Mediante un proceso integrado de inyecci\u00f3n en molde, el cuerpo de la hamburguesa se conecta a la perfecci\u00f3n con el puerto USB. Algunos modelos incluso incorporan tapas antipolvo para proteger la interfaz y prolongar la vida \u00fatil del dispositivo.<\/p>\n\n\n\n<p>Tambi\u00e9n puede personalizarse con logotipos de marcas, sirviendo de soporte m\u00f3vil para la difusi\u00f3n de la cultura de marca.<\/p>\n<\/div>\n\n\n\n<div class=\"wp-block-column is-layout-flow wp-block-column-is-layout-flow\">\n<figure class=\"wp-block-image size-full\"><img fetchpriority=\"high\" decoding=\"async\" width=\"800\" height=\"800\" src=\"https:\/\/www.yousanusb.com\/wp-content\/uploads\/2025\/10\/hamburger-usb-flash-drive.jpg\" alt=\"\" class=\"wp-image-22398\" srcset=\"https:\/\/www.yousanusb.com\/wp-content\/uploads\/2025\/10\/hamburger-usb-flash-drive.jpg 800w, https:\/\/www.yousanusb.com\/wp-content\/uploads\/2025\/10\/hamburger-usb-flash-drive-300x300.jpg 300w, https:\/\/www.yousanusb.com\/wp-content\/uploads\/2025\/10\/hamburger-usb-flash-drive-150x150.jpg 150w, https:\/\/www.yousanusb.com\/wp-content\/uploads\/2025\/10\/hamburger-usb-flash-drive-768x768.jpg 768w, https:\/\/www.yousanusb.com\/wp-content\/uploads\/2025\/10\/hamburger-usb-flash-drive-12x12.jpg 12w, https:\/\/www.yousanusb.com\/wp-content\/uploads\/2025\/10\/hamburger-usb-flash-drive-600x600.jpg 600w, https:\/\/www.yousanusb.com\/wp-content\/uploads\/2025\/10\/hamburger-usb-flash-drive-100x100.jpg 100w\" sizes=\"(max-width: 800px) 100vw, 800px\" \/><\/figure>\n<\/div>\n<\/div>\n\n\n\n<div class=\"wp-block-columns is-layout-flex wp-container-core-columns-is-layout-2 wp-block-columns-is-layout-flex\">\n<div class=\"wp-block-column is-layout-flow wp-block-column-is-layout-flow\">\n<figure class=\"wp-block-image size-full\"><img decoding=\"async\" width=\"800\" height=\"800\" src=\"https:\/\/www.yousanusb.com\/wp-content\/uploads\/2025\/10\/Hamburger-USB-Pen-Drive.jpg\" alt=\"\" class=\"wp-image-22399\" srcset=\"https:\/\/www.yousanusb.com\/wp-content\/uploads\/2025\/10\/Hamburger-USB-Pen-Drive.jpg 800w, https:\/\/www.yousanusb.com\/wp-content\/uploads\/2025\/10\/Hamburger-USB-Pen-Drive-300x300.jpg 300w, https:\/\/www.yousanusb.com\/wp-content\/uploads\/2025\/10\/Hamburger-USB-Pen-Drive-150x150.jpg 150w, https:\/\/www.yousanusb.com\/wp-content\/uploads\/2025\/10\/Hamburger-USB-Pen-Drive-768x768.jpg 768w, https:\/\/www.yousanusb.com\/wp-content\/uploads\/2025\/10\/Hamburger-USB-Pen-Drive-12x12.jpg 12w, https:\/\/www.yousanusb.com\/wp-content\/uploads\/2025\/10\/Hamburger-USB-Pen-Drive-600x600.jpg 600w, https:\/\/www.yousanusb.com\/wp-content\/uploads\/2025\/10\/Hamburger-USB-Pen-Drive-100x100.jpg 100w\" sizes=\"(max-width: 800px) 100vw, 800px\" \/><\/figure>\n<\/div>\n\n\n\n<div class=\"wp-block-column is-vertically-aligned-center is-layout-flow wp-block-column-is-layout-flow\">\n<p>En t\u00e9rminos de rendimiento de almacenamiento, cuenta con chips de memoria flash de alta velocidad que ofrecen m\u00faltiples opciones de capacidad, desde 8 GB hasta 128 GB, para satisfacer diversas necesidades de almacenamiento de datos, como documentos, im\u00e1genes y v\u00eddeos. La interfaz USB emplea un protocolo de transferencia de alta velocidad, que proporciona velocidades de lectura\/escritura estables y eficientes que permiten una r\u00e1pida transferencia y copia de seguridad de archivos de gran tama\u00f1o. Bajo su exterior creativo se esconde un rendimiento de almacenamiento de nivel profesional.<br><\/p>\n<\/div>\n<\/div>\n\n\n\n<div class=\"wp-block-columns is-layout-flex wp-container-core-columns-is-layout-3 wp-block-columns-is-layout-flex\">\n<div class=\"wp-block-column is-vertically-aligned-center is-layout-flow wp-block-column-is-layout-flow\">\n<p>Son aplicables los siguientes supuestos:<\/p>\n\n\n\n<ul class=\"wp-block-list\">\n<li>En el sector de la comida r\u00e1pida, sirve como una innovadora herramienta de marketing de marca, mejorando el reconocimiento de la marca a trav\u00e9s de promociones en el establecimiento, ventajas para los socios y celebraciones de aniversarios.<\/li>\n\n\n\n<li>En entornos empresariales, rompe el molde de los regalos digitales convencionales, transmitiendo la consideraci\u00f3n y el dinamismo del obsequiador.<\/li>\n\n\n\n<li>Para los consumidores m\u00e1s j\u00f3venes, su dise\u00f1o en forma de hamburguesa se duplica como accesorio de moda que cabe f\u00e1cilmente en los bolsos, combinando a la perfecci\u00f3n el estilo personal con la organizaci\u00f3n digital en la vida diaria.<\/li>\n<\/ul>\n<\/div>\n\n\n\n<div class=\"wp-block-column is-layout-flow wp-block-column-is-layout-flow\">\n<figure class=\"wp-block-image size-full\"><img decoding=\"async\" width=\"800\" height=\"800\" src=\"https:\/\/www.yousanusb.com\/wp-content\/uploads\/2025\/10\/food-shaped-usb-drive.jpg\" alt=\"\" class=\"wp-image-22397\" srcset=\"https:\/\/www.yousanusb.com\/wp-content\/uploads\/2025\/10\/food-shaped-usb-drive.jpg 800w, https:\/\/www.yousanusb.com\/wp-content\/uploads\/2025\/10\/food-shaped-usb-drive-300x300.jpg 300w, https:\/\/www.yousanusb.com\/wp-content\/uploads\/2025\/10\/food-shaped-usb-drive-150x150.jpg 150w, https:\/\/www.yousanusb.com\/wp-content\/uploads\/2025\/10\/food-shaped-usb-drive-768x768.jpg 768w, https:\/\/www.yousanusb.com\/wp-content\/uploads\/2025\/10\/food-shaped-usb-drive-12x12.jpg 12w, https:\/\/www.yousanusb.com\/wp-content\/uploads\/2025\/10\/food-shaped-usb-drive-600x600.jpg 600w, https:\/\/www.yousanusb.com\/wp-content\/uploads\/2025\/10\/food-shaped-usb-drive-100x100.jpg 100w\" sizes=\"(max-width: 800px) 100vw, 800px\" \/><\/figure>\n<\/div>\n<\/div>","protected":false},"excerpt":{"rendered":"<ul>\n<li>Pen Drive de PVC<\/li>\n<li>Color Pantone, Color est\u00e1ndar<\/li>\n<li>Imprima el logotipo del cliente en el USB<\/li>\n<li>Certificados CE, FCC y RoHS<\/li>\n<li>Plug-and-play<\/li>\n<li>MOQ:100pcs<\/li>\n<\/ul>","protected":false},"featured_media":22396,"comment_status":"open","ping_status":"closed","template":"","meta":{"_seopress_robots_primary_cat":"","_seopress_titles_title":"","_seopress_titles_desc":"","_seopress_robots_index":""},"class_list":["post-22393","product","type-product","status-publish","has-post-thumbnail","hentry","product_cat-custom-usb-drive","product_tag-food-usb-flash-drive"],"_links":{"self":[{"href":"https:\/\/www.yousanusb.com\/es\/wp-json\/wp\/v2\/product\/22393"}],"collection":[{"href":"https:\/\/www.yousanusb.com\/es\/wp-json\/wp\/v2\/product"}],"about":[{"href":"https:\/\/www.yousanusb.com\/es\/wp-json\/wp\/v2\/types\/product"}],"replies":[{"embeddable":true,"href":"https:\/\/www.yousanusb.com\/es\/wp-json\/wp\/v2\/comments?post=22393"}],"wp:featuredmedia":[{"embeddable":true,"href":"https:\/\/www.yousanusb.com\/es\/wp-json\/wp\/v2\/media\/22396"}],"wp:attachment":[{"href":"https:\/\/www.yousanusb.com\/es\/wp-json\/wp\/v2\/media?parent=22393"}],"curies":[{"name":"wp","href":"https:\/\/api.w.org\/{rel}","templated":true}]}}