{"id":22433,"date":"2025-10-24T02:54:00","date_gmt":"2025-10-24T02:54:00","guid":{"rendered":"https:\/\/www.yousanusb.com\/?post_type=product&#038;p=22433"},"modified":"2025-10-24T03:31:30","modified_gmt":"2025-10-24T03:31:30","slug":"cartoon-2d-pufferfish-keychain","status":"publish","type":"product","link":"https:\/\/www.yousanusb.com\/es\/producto\/cartoon-2d-pufferfish-keychain\/","title":{"rendered":"Llavero pez globo 2D de dibujos animados"},"content":{"rendered":"<p>Este llavero presenta un dise\u00f1o de pez globo de dibujos animados, que combina h\u00e1bilmente el gr\u00e1cil encanto de la vida marina con una est\u00e9tica adorable. Est\u00e1 disponible en dos refrescantes colores azules: uno es azul real intenso combinado con aletas y pico amarillo anaranjado, mientras que el otro es azul cielo suave con aletas y pico rojos. Su silueta redondeada, sus adorables ojos cerrados, sus mejillas sonrosadas y las juguetonas manchas que cubren su cuerpo convierten al pez globo en un personaje encantador y visualmente cautivador.<\/p>\n\n\n\n<div class=\"wp-block-columns is-layout-flex wp-container-core-columns-is-layout-1 wp-block-columns-is-layout-flex\">\n<div class=\"wp-block-column is-layout-flow wp-block-column-is-layout-flow\">\n<figure class=\"wp-block-image size-full\"><img fetchpriority=\"high\" decoding=\"async\" width=\"800\" height=\"800\" src=\"https:\/\/www.yousanusb.com\/wp-content\/uploads\/2025\/10\/Pufferfish-keychain.jpg\" alt=\"\" class=\"wp-image-22436\" srcset=\"https:\/\/www.yousanusb.com\/wp-content\/uploads\/2025\/10\/Pufferfish-keychain.jpg 800w, https:\/\/www.yousanusb.com\/wp-content\/uploads\/2025\/10\/Pufferfish-keychain-300x300.jpg 300w, https:\/\/www.yousanusb.com\/wp-content\/uploads\/2025\/10\/Pufferfish-keychain-150x150.jpg 150w, https:\/\/www.yousanusb.com\/wp-content\/uploads\/2025\/10\/Pufferfish-keychain-768x768.jpg 768w, https:\/\/www.yousanusb.com\/wp-content\/uploads\/2025\/10\/Pufferfish-keychain-12x12.jpg 12w, https:\/\/www.yousanusb.com\/wp-content\/uploads\/2025\/10\/Pufferfish-keychain-600x600.jpg 600w, https:\/\/www.yousanusb.com\/wp-content\/uploads\/2025\/10\/Pufferfish-keychain-100x100.jpg 100w\" sizes=\"(max-width: 800px) 100vw, 800px\" \/><\/figure>\n<\/div>\n\n\n\n<div class=\"wp-block-column is-layout-flow wp-block-column-is-layout-flow\">\n<figure class=\"wp-block-image size-full\"><img decoding=\"async\" width=\"800\" height=\"800\" src=\"https:\/\/www.yousanusb.com\/wp-content\/uploads\/2025\/10\/Pufferfish-PVC-keychain.jpg\" alt=\"\" class=\"wp-image-22437\" srcset=\"https:\/\/www.yousanusb.com\/wp-content\/uploads\/2025\/10\/Pufferfish-PVC-keychain.jpg 800w, https:\/\/www.yousanusb.com\/wp-content\/uploads\/2025\/10\/Pufferfish-PVC-keychain-300x300.jpg 300w, https:\/\/www.yousanusb.com\/wp-content\/uploads\/2025\/10\/Pufferfish-PVC-keychain-150x150.jpg 150w, https:\/\/www.yousanusb.com\/wp-content\/uploads\/2025\/10\/Pufferfish-PVC-keychain-768x768.jpg 768w, https:\/\/www.yousanusb.com\/wp-content\/uploads\/2025\/10\/Pufferfish-PVC-keychain-12x12.jpg 12w, https:\/\/www.yousanusb.com\/wp-content\/uploads\/2025\/10\/Pufferfish-PVC-keychain-600x600.jpg 600w, https:\/\/www.yousanusb.com\/wp-content\/uploads\/2025\/10\/Pufferfish-PVC-keychain-100x100.jpg 100w\" sizes=\"(max-width: 800px) 100vw, 800px\" \/><\/figure>\n<\/div>\n<\/div>\n\n\n\n<p>El cuerpo principal est\u00e1 fabricado en PVC blando de primera calidad, que ofrece un tacto suave a la vez que es duradero y resistente al desgaste. El llavero y la cadena de metal son de aleaci\u00f3n de zinc, lo que garantiza su robustez y fiabilidad. Sujeta las llaves de forma segura y tambi\u00e9n puede servir como colgante para el bolso, a\u00f1adiendo un bonito detalle a tu atuendo o a tus accesorios.<\/p>\n\n\n\n<p><\/p>","protected":false},"excerpt":{"rendered":"<ul>\n<li>bonito llavero pez globo<\/li>\n<li>material de PVC blando<\/li>\n<li>Hay dos colores disponibles.<\/li>\n<li>dise\u00f1o gratuito, muestras gratuitas<\/li>\n<li>MOQ:200pcs<\/li>\n<\/ul>","protected":false},"featured_media":22437,"comment_status":"open","ping_status":"closed","template":"","meta":{"_seopress_robots_primary_cat":"","_seopress_titles_title":"","_seopress_titles_desc":"","_seopress_robots_index":""},"class_list":["post-22433","product","type-product","status-publish","has-post-thumbnail","hentry","product_cat-3d-rubber-key-chain"],"_links":{"self":[{"href":"https:\/\/www.yousanusb.com\/es\/wp-json\/wp\/v2\/product\/22433"}],"collection":[{"href":"https:\/\/www.yousanusb.com\/es\/wp-json\/wp\/v2\/product"}],"about":[{"href":"https:\/\/www.yousanusb.com\/es\/wp-json\/wp\/v2\/types\/product"}],"replies":[{"embeddable":true,"href":"https:\/\/www.yousanusb.com\/es\/wp-json\/wp\/v2\/comments?post=22433"}],"wp:featuredmedia":[{"embeddable":true,"href":"https:\/\/www.yousanusb.com\/es\/wp-json\/wp\/v2\/media\/22437"}],"wp:attachment":[{"href":"https:\/\/www.yousanusb.com\/es\/wp-json\/wp\/v2\/media?parent=22433"}],"curies":[{"name":"wp","href":"https:\/\/api.w.org\/{rel}","templated":true}]}}