{"id":22438,"date":"2025-10-24T03:05:37","date_gmt":"2025-10-24T03:05:37","guid":{"rendered":"https:\/\/www.yousanusb.com\/?post_type=product&#038;p=22438"},"modified":"2025-10-24T03:34:11","modified_gmt":"2025-10-24T03:34:11","slug":"cute-pvc-rabbit-keychain","status":"publish","type":"product","link":"https:\/\/www.yousanusb.com\/es\/producto\/cute-pvc-rabbit-keychain\/","title":{"rendered":"Bonito llavero de conejo de PVC"},"content":{"rendered":"<p>Si eres un entusiasta de los conejos o un fan de las cosas bonitas, esta serie de llaveros de conejos de dibujos animados seguro que te encantar\u00e1. Tanto si utilizas estos conejitos para organizar tus llaves y alegrar tus conjuntos, como si se los regalas a tu mejor amiga o a tus amigos m\u00e1s peque\u00f1os, son un accesorio encantador lleno de inocente diversi\u00f3n infantil.<\/p>\n\n\n\n<div class=\"wp-block-columns is-layout-flex wp-container-core-columns-is-layout-1 wp-block-columns-is-layout-flex\">\n<div class=\"wp-block-column is-layout-flow wp-block-column-is-layout-flow\">\n<figure class=\"wp-block-image size-full\"><img fetchpriority=\"high\" decoding=\"async\" width=\"800\" height=\"800\" src=\"https:\/\/www.yousanusb.com\/wp-content\/uploads\/2025\/10\/rabbit-PVC-keychain.jpg\" alt=\"\" class=\"wp-image-22443\" srcset=\"https:\/\/www.yousanusb.com\/wp-content\/uploads\/2025\/10\/rabbit-PVC-keychain.jpg 800w, https:\/\/www.yousanusb.com\/wp-content\/uploads\/2025\/10\/rabbit-PVC-keychain-300x300.jpg 300w, https:\/\/www.yousanusb.com\/wp-content\/uploads\/2025\/10\/rabbit-PVC-keychain-150x150.jpg 150w, https:\/\/www.yousanusb.com\/wp-content\/uploads\/2025\/10\/rabbit-PVC-keychain-768x768.jpg 768w, https:\/\/www.yousanusb.com\/wp-content\/uploads\/2025\/10\/rabbit-PVC-keychain-12x12.jpg 12w, https:\/\/www.yousanusb.com\/wp-content\/uploads\/2025\/10\/rabbit-PVC-keychain-600x600.jpg 600w, https:\/\/www.yousanusb.com\/wp-content\/uploads\/2025\/10\/rabbit-PVC-keychain-100x100.jpg 100w\" sizes=\"(max-width: 800px) 100vw, 800px\" \/><\/figure>\n<\/div>\n\n\n\n<div class=\"wp-block-column is-vertically-aligned-center is-layout-flow wp-block-column-is-layout-flow\">\n<p>1.Este conejo es todo un amante de la comida, agarrando con fuerza una gran zanahoria. La parte superior de la zanahoria, de un verde vibrante, es muy realista, mientras que sus orejas rojas y su nariz negra crean un llamativo contraste de color con la zanahoria naranja rojiza. Su adorable expresi\u00f3n bobalicona es sencillamente irresistible.<\/p>\n<\/div>\n<\/div>\n\n\n\n<div class=\"wp-block-columns is-layout-flex wp-container-core-columns-is-layout-2 wp-block-columns-is-layout-flex\">\n<div class=\"wp-block-column is-vertically-aligned-center is-layout-flow wp-block-column-is-layout-flow\">\n<p>2. Se trata de un elegante conejito blanco y negro, en el que predomina el blanco con contornos negros en los bordes. Sus grandes ojos redondos brillan con picard\u00eda, una oreja erguida y el cuerpo en posici\u00f3n de salto, como si estuviera listo para salir disparado en cualquier momento. La combinaci\u00f3n de colores blanco y negro a\u00f1ade un toque de modernidad.<\/p>\n<\/div>\n\n\n\n<div class=\"wp-block-column is-layout-flow wp-block-column-is-layout-flow\">\n<figure class=\"wp-block-image size-full\"><img decoding=\"async\" width=\"800\" height=\"800\" src=\"https:\/\/www.yousanusb.com\/wp-content\/uploads\/2025\/10\/rabbit-keychain.jpg\" alt=\"\" class=\"wp-image-22442\" srcset=\"https:\/\/www.yousanusb.com\/wp-content\/uploads\/2025\/10\/rabbit-keychain.jpg 800w, https:\/\/www.yousanusb.com\/wp-content\/uploads\/2025\/10\/rabbit-keychain-300x300.jpg 300w, https:\/\/www.yousanusb.com\/wp-content\/uploads\/2025\/10\/rabbit-keychain-150x150.jpg 150w, https:\/\/www.yousanusb.com\/wp-content\/uploads\/2025\/10\/rabbit-keychain-768x768.jpg 768w, https:\/\/www.yousanusb.com\/wp-content\/uploads\/2025\/10\/rabbit-keychain-12x12.jpg 12w, https:\/\/www.yousanusb.com\/wp-content\/uploads\/2025\/10\/rabbit-keychain-600x600.jpg 600w, https:\/\/www.yousanusb.com\/wp-content\/uploads\/2025\/10\/rabbit-keychain-100x100.jpg 100w\" sizes=\"(max-width: 800px) 100vw, 800px\" \/><\/figure>\n<\/div>\n<\/div>\n\n\n\n<div class=\"wp-block-columns is-layout-flex wp-container-core-columns-is-layout-3 wp-block-columns-is-layout-flex\">\n<div class=\"wp-block-column is-layout-flow wp-block-column-is-layout-flow\">\n<figure class=\"wp-block-image size-full\"><img decoding=\"async\" width=\"800\" height=\"800\" src=\"https:\/\/www.yousanusb.com\/wp-content\/uploads\/2025\/10\/PVC-Rabbit-keychain.jpg\" alt=\"\" class=\"wp-image-22441\" srcset=\"https:\/\/www.yousanusb.com\/wp-content\/uploads\/2025\/10\/PVC-Rabbit-keychain.jpg 800w, https:\/\/www.yousanusb.com\/wp-content\/uploads\/2025\/10\/PVC-Rabbit-keychain-300x300.jpg 300w, https:\/\/www.yousanusb.com\/wp-content\/uploads\/2025\/10\/PVC-Rabbit-keychain-150x150.jpg 150w, https:\/\/www.yousanusb.com\/wp-content\/uploads\/2025\/10\/PVC-Rabbit-keychain-768x768.jpg 768w, https:\/\/www.yousanusb.com\/wp-content\/uploads\/2025\/10\/PVC-Rabbit-keychain-12x12.jpg 12w, https:\/\/www.yousanusb.com\/wp-content\/uploads\/2025\/10\/PVC-Rabbit-keychain-600x600.jpg 600w, https:\/\/www.yousanusb.com\/wp-content\/uploads\/2025\/10\/PVC-Rabbit-keychain-100x100.jpg 100w\" sizes=\"(max-width: 800px) 100vw, 800px\" \/><\/figure>\n<\/div>\n\n\n\n<div class=\"wp-block-column is-vertically-aligned-center is-layout-flow wp-block-column-is-layout-flow\">\n<p>3. Se trata de un conejo blanco, redondo y regordete, con unas largas y esponjosas orejas alegremente levantadas. Sus mejillas sonrosadas y su boquita rosa se complementan a la perfecci\u00f3n, mientras acuna una zanahoria naranja, como invit\u00e1ndote a compartir su deliciosa golosina. El blanco puro de la base combinado con el rosa y el naranja crea una est\u00e9tica fresca y relajante.<\/p>\n\n\n\n<p>Fabricados en PVC blando de primera calidad, estos llaveros presentan una textura afelpada suave al tacto y resistente a la deformaci\u00f3n. El resistente llavero met\u00e1lico y la cadena sujetan las llaves con seguridad y sirven a la vez de encantador colgante para el bolso, a\u00f1adiendo detalles divertidos a tu look diario.<\/p>\n<\/div>\n<\/div>","protected":false},"excerpt":{"rendered":"<ul>\n<li>Hay tres formas disponibles.<\/li>\n<li>Llavero de PVC de dibujos animados<\/li>\n<li>PVC blando de alta calidad<\/li>\n<li>Dise\u00f1o gratuito, muestras gratuitas<\/li>\n<li>MOQ:200pcs<\/li>\n<\/ul>","protected":false},"featured_media":22441,"comment_status":"open","ping_status":"closed","template":"","meta":{"_seopress_robots_primary_cat":"","_seopress_titles_title":"","_seopress_titles_desc":"","_seopress_robots_index":""},"class_list":["post-22438","product","type-product","status-publish","has-post-thumbnail","hentry","product_cat-3d-rubber-key-chain"],"_links":{"self":[{"href":"https:\/\/www.yousanusb.com\/es\/wp-json\/wp\/v2\/product\/22438"}],"collection":[{"href":"https:\/\/www.yousanusb.com\/es\/wp-json\/wp\/v2\/product"}],"about":[{"href":"https:\/\/www.yousanusb.com\/es\/wp-json\/wp\/v2\/types\/product"}],"replies":[{"embeddable":true,"href":"https:\/\/www.yousanusb.com\/es\/wp-json\/wp\/v2\/comments?post=22438"}],"wp:featuredmedia":[{"embeddable":true,"href":"https:\/\/www.yousanusb.com\/es\/wp-json\/wp\/v2\/media\/22441"}],"wp:attachment":[{"href":"https:\/\/www.yousanusb.com\/es\/wp-json\/wp\/v2\/media?parent=22438"}],"curies":[{"name":"wp","href":"https:\/\/api.w.org\/{rel}","templated":true}]}}