{"id":22445,"date":"2025-10-24T04:39:17","date_gmt":"2025-10-24T04:39:17","guid":{"rendered":"https:\/\/www.yousanusb.com\/?post_type=product&#038;p=22445"},"modified":"2025-10-24T08:37:12","modified_gmt":"2025-10-24T08:37:12","slug":"cartoon-pvc-rooster-keychain","status":"publish","type":"product","link":"https:\/\/www.yousanusb.com\/es\/producto\/cartoon-pvc-rooster-keychain\/","title":{"rendered":"llavero gallo PVC dibujos animados"},"content":{"rendered":"<div class=\"wp-block-columns is-layout-flex wp-container-core-columns-is-layout-1 wp-block-columns-is-layout-flex\">\n<div class=\"wp-block-column is-layout-flow wp-block-column-is-layout-flow\">\n<figure class=\"wp-block-image size-full\"><img fetchpriority=\"high\" decoding=\"async\" width=\"800\" height=\"800\" src=\"https:\/\/www.yousanusb.com\/wp-content\/uploads\/2025\/10\/Rooster-key-chain.jpg\" alt=\"\" class=\"wp-image-22448\" srcset=\"https:\/\/www.yousanusb.com\/wp-content\/uploads\/2025\/10\/Rooster-key-chain.jpg 800w, https:\/\/www.yousanusb.com\/wp-content\/uploads\/2025\/10\/Rooster-key-chain-300x300.jpg 300w, https:\/\/www.yousanusb.com\/wp-content\/uploads\/2025\/10\/Rooster-key-chain-150x150.jpg 150w, https:\/\/www.yousanusb.com\/wp-content\/uploads\/2025\/10\/Rooster-key-chain-768x768.jpg 768w, https:\/\/www.yousanusb.com\/wp-content\/uploads\/2025\/10\/Rooster-key-chain-12x12.jpg 12w, https:\/\/www.yousanusb.com\/wp-content\/uploads\/2025\/10\/Rooster-key-chain-600x600.jpg 600w, https:\/\/www.yousanusb.com\/wp-content\/uploads\/2025\/10\/Rooster-key-chain-100x100.jpg 100w\" sizes=\"(max-width: 800px) 100vw, 800px\" \/><\/figure>\n<\/div>\n\n\n\n<div class=\"wp-block-column is-vertically-aligned-center is-layout-flow wp-block-column-is-layout-flow\">\n<p>Este llavero presenta un dise\u00f1o de gallo de dibujos animados, que combina h\u00e1bilmente el esp\u00edritu vivaz de las aves de corral con una est\u00e9tica adorable. Su cresta rojo fuego y las atrevidas plumas carmes\u00ed de su cola lo hacen reconocible al instante, mientras que su cuerpo amarillo vibrante irradia energ\u00eda. El rubor rosado de sus mejillas y sus ojos muy abiertos dan al gallo un aspecto encantador y entra\u00f1able que llama la atenci\u00f3n al instante.<\/p>\n\n\n\n<p>Fabricado en PVC blando de primera calidad, ofrece un tacto suave a la vez que es duradero y resistente al desgaste. El robusto llavero y la cadena de metal sujetan las llaves con seguridad y tambi\u00e9n pueden servir como colgante para el bolso, a\u00f1adiendo un vibrante detalle r\u00fastico a tus conjuntos cotidianos.<\/p>\n<\/div>\n<\/div>","protected":false},"excerpt":{"rendered":"<ul>\n<li>Llavero de PVC personalizado<\/li>\n<li>Llavero de goma blanda<\/li>\n<li>Llavero 2D Design<\/li>\n<li>Dise\u00f1o gratuito, muestras gratuitas<\/li>\n<li>MOQ:100pcs<\/li>\n<\/ul>","protected":false},"featured_media":22449,"comment_status":"open","ping_status":"closed","template":"","meta":{"_seopress_robots_primary_cat":"","_seopress_titles_title":"","_seopress_titles_desc":"","_seopress_robots_index":""},"class_list":["post-22445","product","type-product","status-publish","has-post-thumbnail","hentry","product_cat-3d-rubber-key-chain"],"_links":{"self":[{"href":"https:\/\/www.yousanusb.com\/es\/wp-json\/wp\/v2\/product\/22445"}],"collection":[{"href":"https:\/\/www.yousanusb.com\/es\/wp-json\/wp\/v2\/product"}],"about":[{"href":"https:\/\/www.yousanusb.com\/es\/wp-json\/wp\/v2\/types\/product"}],"replies":[{"embeddable":true,"href":"https:\/\/www.yousanusb.com\/es\/wp-json\/wp\/v2\/comments?post=22445"}],"wp:featuredmedia":[{"embeddable":true,"href":"https:\/\/www.yousanusb.com\/es\/wp-json\/wp\/v2\/media\/22449"}],"wp:attachment":[{"href":"https:\/\/www.yousanusb.com\/es\/wp-json\/wp\/v2\/media?parent=22445"}],"curies":[{"name":"wp","href":"https:\/\/api.w.org\/{rel}","templated":true}]}}