{"id":22450,"date":"2025-10-24T06:02:37","date_gmt":"2025-10-24T06:02:37","guid":{"rendered":"https:\/\/www.yousanusb.com\/?post_type=product&#038;p=22450"},"modified":"2025-10-24T08:37:03","modified_gmt":"2025-10-24T08:37:03","slug":"cute-2d-pvc-sheep-keychain","status":"publish","type":"product","link":"https:\/\/www.yousanusb.com\/es\/producto\/cute-2d-pvc-sheep-keychain\/","title":{"rendered":"Llavero Oveja 2D PVC"},"content":{"rendered":"<p>Si te encantan las ovejas, esta serie de llaveros de ovejas de dibujos animados te robar\u00e1 el coraz\u00f3n. Cada uno de los tres dise\u00f1os capta de forma \u00fanica el esp\u00edritu tierno, juguet\u00f3n y alegre de las ovejas, infundiendo a tu vida diaria un mont\u00f3n de adorable diversi\u00f3n.<\/p>\n\n\n\n<p>Fabricados en PVC blando, estos llaveros presentan una textura suave y flexible, duradera y resistente a la deformaci\u00f3n. El robusto llavero de metal y la cadena sujetan las llaves con seguridad y sirven a la vez de elegante colgante para el bolso. Ya sea para organizar tus llaves o como accesorio de tu atuendo, estar\u00e1s rodeado en todo momento del adorable encanto de la oveja \"balando\".<\/p>\n\n\n\n<div class=\"wp-block-columns is-layout-flex wp-container-core-columns-is-layout-1 wp-block-columns-is-layout-flex\">\n<div class=\"wp-block-column is-layout-flow wp-block-column-is-layout-flow\">\n<figure class=\"wp-block-image size-full\"><img fetchpriority=\"high\" decoding=\"async\" width=\"800\" height=\"800\" src=\"https:\/\/www.yousanusb.com\/wp-content\/uploads\/2025\/10\/2D-PVC-Sheep-keychain.jpg\" alt=\"\" class=\"wp-image-22453\" srcset=\"https:\/\/www.yousanusb.com\/wp-content\/uploads\/2025\/10\/2D-PVC-Sheep-keychain.jpg 800w, https:\/\/www.yousanusb.com\/wp-content\/uploads\/2025\/10\/2D-PVC-Sheep-keychain-300x300.jpg 300w, https:\/\/www.yousanusb.com\/wp-content\/uploads\/2025\/10\/2D-PVC-Sheep-keychain-150x150.jpg 150w, https:\/\/www.yousanusb.com\/wp-content\/uploads\/2025\/10\/2D-PVC-Sheep-keychain-768x768.jpg 768w, https:\/\/www.yousanusb.com\/wp-content\/uploads\/2025\/10\/2D-PVC-Sheep-keychain-12x12.jpg 12w, https:\/\/www.yousanusb.com\/wp-content\/uploads\/2025\/10\/2D-PVC-Sheep-keychain-600x600.jpg 600w, https:\/\/www.yousanusb.com\/wp-content\/uploads\/2025\/10\/2D-PVC-Sheep-keychain-100x100.jpg 100w\" sizes=\"(max-width: 800px) 100vw, 800px\" \/><\/figure>\n<\/div>\n\n\n\n<div class=\"wp-block-column is-layout-flow wp-block-column-is-layout-flow\">\n<figure class=\"wp-block-image size-full\"><img decoding=\"async\" width=\"800\" height=\"800\" src=\"https:\/\/www.yousanusb.com\/wp-content\/uploads\/2025\/10\/sheep-keychain.jpg\" alt=\"\" class=\"wp-image-22454\" srcset=\"https:\/\/www.yousanusb.com\/wp-content\/uploads\/2025\/10\/sheep-keychain.jpg 800w, https:\/\/www.yousanusb.com\/wp-content\/uploads\/2025\/10\/sheep-keychain-300x300.jpg 300w, https:\/\/www.yousanusb.com\/wp-content\/uploads\/2025\/10\/sheep-keychain-150x150.jpg 150w, https:\/\/www.yousanusb.com\/wp-content\/uploads\/2025\/10\/sheep-keychain-768x768.jpg 768w, https:\/\/www.yousanusb.com\/wp-content\/uploads\/2025\/10\/sheep-keychain-12x12.jpg 12w, https:\/\/www.yousanusb.com\/wp-content\/uploads\/2025\/10\/sheep-keychain-600x600.jpg 600w, https:\/\/www.yousanusb.com\/wp-content\/uploads\/2025\/10\/sheep-keychain-100x100.jpg 100w\" sizes=\"(max-width: 800px) 100vw, 800px\" \/><\/figure>\n<\/div>\n\n\n\n<div class=\"wp-block-column is-layout-flow wp-block-column-is-layout-flow\">\n<figure class=\"wp-block-image size-full\"><img decoding=\"async\" width=\"800\" height=\"800\" src=\"https:\/\/www.yousanusb.com\/wp-content\/uploads\/2025\/10\/sheep-PVC-keychain.jpg\" alt=\"\" class=\"wp-image-22455\" srcset=\"https:\/\/www.yousanusb.com\/wp-content\/uploads\/2025\/10\/sheep-PVC-keychain.jpg 800w, https:\/\/www.yousanusb.com\/wp-content\/uploads\/2025\/10\/sheep-PVC-keychain-300x300.jpg 300w, https:\/\/www.yousanusb.com\/wp-content\/uploads\/2025\/10\/sheep-PVC-keychain-150x150.jpg 150w, https:\/\/www.yousanusb.com\/wp-content\/uploads\/2025\/10\/sheep-PVC-keychain-768x768.jpg 768w, https:\/\/www.yousanusb.com\/wp-content\/uploads\/2025\/10\/sheep-PVC-keychain-12x12.jpg 12w, https:\/\/www.yousanusb.com\/wp-content\/uploads\/2025\/10\/sheep-PVC-keychain-600x600.jpg 600w, https:\/\/www.yousanusb.com\/wp-content\/uploads\/2025\/10\/sheep-PVC-keychain-100x100.jpg 100w\" sizes=\"(max-width: 800px) 100vw, 800px\" \/><\/figure>\n<\/div>\n<\/div>\n\n\n\n<div class=\"wp-block-columns is-layout-flex wp-container-core-columns-is-layout-2 wp-block-columns-is-layout-flex\">\n<div class=\"wp-block-column is-layout-flow wp-block-column-is-layout-flow\">\n<p>1.Este llavero de Aries tiene un esponjoso pelaje blanco rizado que es absolutamente adorable. Sus mejillas sonrosadas, la punta de la cola y las pezu\u00f1as tocan al instante la fibra sensible de cualquier chica. Su cara redonda y sus ojos negros como jud\u00edas lo hacen dulce y tranquilizador.<\/p>\n<\/div>\n\n\n\n<div class=\"wp-block-column is-layout-flow wp-block-column-is-layout-flow\">\n<p>2.Este llavero de oveja de cara negra tiene la cara y las pezu\u00f1as de color negro azabache, lo que hace que su esponjosa lana blanca parezca a\u00fan m\u00e1s suave. Las puntas de las orejas rosas encierran una sutil sorpresa, mientras que los redondos ojos negros irradian dulzura, capturando con notable realismo la inocencia pura de un cordero en el prado.<\/p>\n<\/div>\n\n\n\n<div class=\"wp-block-column is-layout-flow wp-block-column-is-layout-flow\">\n<p>3.Este llavero de cabra presenta un elegante dise\u00f1o de cuernos rosas y blancos sobre la cabeza, con una fresca y vibrante combinaci\u00f3n de colores crema y amarillo claro. Salta con energ\u00eda vivaz, sus ojos bien abiertos y su boca ligeramente entreabierta rebosan esp\u00edritu, como si pudiera salir a explorar el mundo en cualquier momento.<\/p>\n<\/div>\n<\/div>\n\n\n\n<p><\/p>","protected":false},"excerpt":{"rendered":"<ul>\n<li>materiales blandos de PVC<\/li>\n<li>Llavero de oveja\/cabra<\/li>\n<li>Llavero 2D PVC<\/li>\n<li>Diferentes formularios personalizados<\/li>\n<li>MOQ:200pcs<\/li>\n<\/ul>","protected":false},"featured_media":22453,"comment_status":"open","ping_status":"closed","template":"","meta":{"_seopress_robots_primary_cat":"","_seopress_titles_title":"","_seopress_titles_desc":"","_seopress_robots_index":""},"class_list":["post-22450","product","type-product","status-publish","has-post-thumbnail","hentry","product_cat-3d-rubber-key-chain"],"_links":{"self":[{"href":"https:\/\/www.yousanusb.com\/es\/wp-json\/wp\/v2\/product\/22450"}],"collection":[{"href":"https:\/\/www.yousanusb.com\/es\/wp-json\/wp\/v2\/product"}],"about":[{"href":"https:\/\/www.yousanusb.com\/es\/wp-json\/wp\/v2\/types\/product"}],"replies":[{"embeddable":true,"href":"https:\/\/www.yousanusb.com\/es\/wp-json\/wp\/v2\/comments?post=22450"}],"wp:featuredmedia":[{"embeddable":true,"href":"https:\/\/www.yousanusb.com\/es\/wp-json\/wp\/v2\/media\/22453"}],"wp:attachment":[{"href":"https:\/\/www.yousanusb.com\/es\/wp-json\/wp\/v2\/media?parent=22450"}],"curies":[{"name":"wp","href":"https:\/\/api.w.org\/{rel}","templated":true}]}}