{"id":22456,"date":"2025-10-24T06:26:10","date_gmt":"2025-10-24T06:26:10","guid":{"rendered":"https:\/\/www.yousanusb.com\/?post_type=product&#038;p=22456"},"modified":"2025-10-24T08:36:54","modified_gmt":"2025-10-24T08:36:54","slug":"custom-2d-soft-pvc-snake-keychain","status":"publish","type":"product","link":"https:\/\/www.yousanusb.com\/es\/producto\/custom-2d-soft-pvc-snake-keychain\/","title":{"rendered":"Llavero personalizado 2D de serpiente de PVC blando"},"content":{"rendered":"<p>Si te fascina el elemento serpiente o has nacido en el A\u00f1o de la Serpiente, esta serie de llaveros de serpiente de dibujos animados redefinir\u00e1 por completo tu percepci\u00f3n de estas criaturas. Con tres dise\u00f1os distintos, cada uno capta la gracia y la jovialidad de la serpiente, transform\u00e1ndolas en encantadores amuletos que a\u00f1aden un toque de fantas\u00eda a tu vida diaria.<\/p>\n\n\n\n<div class=\"wp-block-columns is-layout-flex wp-container-core-columns-is-layout-1 wp-block-columns-is-layout-flex\">\n<div class=\"wp-block-column is-layout-flow wp-block-column-is-layout-flow\">\n<figure class=\"wp-block-image size-full\"><img fetchpriority=\"high\" decoding=\"async\" width=\"800\" height=\"800\" src=\"https:\/\/www.yousanusb.com\/wp-content\/uploads\/2025\/10\/snake-PVC-keychain.jpg\" alt=\"\" class=\"wp-image-22461\" srcset=\"https:\/\/www.yousanusb.com\/wp-content\/uploads\/2025\/10\/snake-PVC-keychain.jpg 800w, https:\/\/www.yousanusb.com\/wp-content\/uploads\/2025\/10\/snake-PVC-keychain-300x300.jpg 300w, https:\/\/www.yousanusb.com\/wp-content\/uploads\/2025\/10\/snake-PVC-keychain-150x150.jpg 150w, https:\/\/www.yousanusb.com\/wp-content\/uploads\/2025\/10\/snake-PVC-keychain-768x768.jpg 768w, https:\/\/www.yousanusb.com\/wp-content\/uploads\/2025\/10\/snake-PVC-keychain-12x12.jpg 12w, https:\/\/www.yousanusb.com\/wp-content\/uploads\/2025\/10\/snake-PVC-keychain-600x600.jpg 600w, https:\/\/www.yousanusb.com\/wp-content\/uploads\/2025\/10\/snake-PVC-keychain-100x100.jpg 100w\" sizes=\"(max-width: 800px) 100vw, 800px\" \/><\/figure>\n<\/div>\n\n\n\n<div class=\"wp-block-column is-layout-flow wp-block-column-is-layout-flow\">\n<figure class=\"wp-block-image size-full\"><img decoding=\"async\" width=\"800\" height=\"800\" src=\"https:\/\/www.yousanusb.com\/wp-content\/uploads\/2025\/10\/sanke-keychain.jpg\" alt=\"\" class=\"wp-image-22460\" srcset=\"https:\/\/www.yousanusb.com\/wp-content\/uploads\/2025\/10\/sanke-keychain.jpg 800w, https:\/\/www.yousanusb.com\/wp-content\/uploads\/2025\/10\/sanke-keychain-300x300.jpg 300w, https:\/\/www.yousanusb.com\/wp-content\/uploads\/2025\/10\/sanke-keychain-150x150.jpg 150w, https:\/\/www.yousanusb.com\/wp-content\/uploads\/2025\/10\/sanke-keychain-768x768.jpg 768w, https:\/\/www.yousanusb.com\/wp-content\/uploads\/2025\/10\/sanke-keychain-12x12.jpg 12w, https:\/\/www.yousanusb.com\/wp-content\/uploads\/2025\/10\/sanke-keychain-600x600.jpg 600w, https:\/\/www.yousanusb.com\/wp-content\/uploads\/2025\/10\/sanke-keychain-100x100.jpg 100w\" sizes=\"(max-width: 800px) 100vw, 800px\" \/><\/figure>\n<\/div>\n\n\n\n<div class=\"wp-block-column is-layout-flow wp-block-column-is-layout-flow\">\n<figure class=\"wp-block-image size-full\"><img decoding=\"async\" width=\"800\" height=\"800\" src=\"https:\/\/www.yousanusb.com\/wp-content\/uploads\/2025\/10\/2D-PVC-Snake-keychain.jpg\" alt=\"\" class=\"wp-image-22459\" srcset=\"https:\/\/www.yousanusb.com\/wp-content\/uploads\/2025\/10\/2D-PVC-Snake-keychain.jpg 800w, https:\/\/www.yousanusb.com\/wp-content\/uploads\/2025\/10\/2D-PVC-Snake-keychain-300x300.jpg 300w, https:\/\/www.yousanusb.com\/wp-content\/uploads\/2025\/10\/2D-PVC-Snake-keychain-150x150.jpg 150w, https:\/\/www.yousanusb.com\/wp-content\/uploads\/2025\/10\/2D-PVC-Snake-keychain-768x768.jpg 768w, https:\/\/www.yousanusb.com\/wp-content\/uploads\/2025\/10\/2D-PVC-Snake-keychain-12x12.jpg 12w, https:\/\/www.yousanusb.com\/wp-content\/uploads\/2025\/10\/2D-PVC-Snake-keychain-600x600.jpg 600w, https:\/\/www.yousanusb.com\/wp-content\/uploads\/2025\/10\/2D-PVC-Snake-keychain-100x100.jpg 100w\" sizes=\"(max-width: 800px) 100vw, 800px\" \/><\/figure>\n<\/div>\n<\/div>\n\n\n\n<div class=\"wp-block-columns is-layout-flex wp-container-core-columns-is-layout-2 wp-block-columns-is-layout-flex\">\n<div class=\"wp-block-column is-layout-flow wp-block-column-is-layout-flow\">\n<p>1.Este llavero de serpiente sonriente presenta una vibrante combinaci\u00f3n de colores verde y amarillo brillante acentuada con motivos azules, lo que crea un aspecto fresco y llamativo. Sus grandes ojos redondos y sus labios sonrientes irradian calidez y amabilidad, como si te saludaran con entusiasmo. Rompe al instante el estereotipo de las serpientes, dejando s\u00f3lo un encanto suave y adorable y una presencia tranquilizadora.<\/p>\n<\/div>\n\n\n\n<div class=\"wp-block-column is-layout-flow wp-block-column-is-layout-flow\">\n<p>2.Esta combinaci\u00f3n de colores amarillo y verde capta la esencia natural de la serpiente, con claros dibujos oscuros en el cuerpo y una expresi\u00f3n viva y realista al mover la lengua. El estilo caricaturesco elimina cualquier sensaci\u00f3n de distancia a la vez que a\u00f1ade un toque de encanto, transmitiendo perfectamente el estado de alerta de la serpiente.<\/p>\n<\/div>\n\n\n\n<div class=\"wp-block-column is-layout-flow wp-block-column-is-layout-flow\">\n<p>3.Este llavero serpiente presenta un cuerpo enroscado en tonos verdes con manchas circulares, acentuado por mejillas sonrosadas y cejas ligeramente fruncidas. Se asemeja a un \"beb\u00e9 serpiente\" ligeramente temperamental pero absolutamente adorable, con sus expresivos detalles que le confieren una marcada personalidad.<\/p>\n<\/div>\n<\/div>\n\n\n\n<p><\/p>","protected":false},"excerpt":{"rendered":"<ul>\n<li>Llaveros de pvc personalizados<\/li>\n<li>Llavero de pl\u00e1stico PVC blando<\/li>\n<li>llavero parche de caucho<\/li>\n<li>Llavero 2D de pvc con llavero<\/li>\n<li>MOQ:100pcs<\/li>\n<\/ul>","protected":false},"featured_media":22459,"comment_status":"open","ping_status":"closed","template":"","meta":{"_seopress_robots_primary_cat":"","_seopress_titles_title":"","_seopress_titles_desc":"","_seopress_robots_index":""},"class_list":["post-22456","product","type-product","status-publish","has-post-thumbnail","hentry","product_cat-3d-rubber-key-chain"],"_links":{"self":[{"href":"https:\/\/www.yousanusb.com\/es\/wp-json\/wp\/v2\/product\/22456"}],"collection":[{"href":"https:\/\/www.yousanusb.com\/es\/wp-json\/wp\/v2\/product"}],"about":[{"href":"https:\/\/www.yousanusb.com\/es\/wp-json\/wp\/v2\/types\/product"}],"replies":[{"embeddable":true,"href":"https:\/\/www.yousanusb.com\/es\/wp-json\/wp\/v2\/comments?post=22456"}],"wp:featuredmedia":[{"embeddable":true,"href":"https:\/\/www.yousanusb.com\/es\/wp-json\/wp\/v2\/media\/22459"}],"wp:attachment":[{"href":"https:\/\/www.yousanusb.com\/es\/wp-json\/wp\/v2\/media?parent=22456"}],"curies":[{"name":"wp","href":"https:\/\/api.w.org\/{rel}","templated":true}]}}