{"id":22468,"date":"2025-10-24T07:46:18","date_gmt":"2025-10-24T07:46:18","guid":{"rendered":"https:\/\/www.yousanusb.com\/?post_type=product&#038;p=22468"},"modified":"2025-10-24T08:36:20","modified_gmt":"2025-10-24T08:36:20","slug":"cartoon-zebra-soft-pvc-keychain","status":"publish","type":"product","link":"https:\/\/www.yousanusb.com\/es\/producto\/cartoon-zebra-soft-pvc-keychain\/","title":{"rendered":"Llavero de PVC blando con cebra de dibujos animados"},"content":{"rendered":"<p>Este llavero de cebra de dibujos animados est\u00e1 moldeado con precisi\u00f3n mediante tecnolog\u00eda de moldeo por inyecci\u00f3n, y presenta una textura superficial suave y una gran adherencia del color. Resistente a la decoloraci\u00f3n y al agrietamiento incluso con un uso prolongado, puede ser un peque\u00f1o regalo de cumplea\u00f1os para los ni\u00f1os o para usar en tiendas creativas. Tambi\u00e9n es un peque\u00f1o regalo para hacer en los encuentros cotidianos.<\/p>\n\n\n\n<div class=\"wp-block-columns is-layout-flex wp-container-core-columns-is-layout-1 wp-block-columns-is-layout-flex\">\n<div class=\"wp-block-column is-layout-flow wp-block-column-is-layout-flow\">\n<figure class=\"wp-block-image size-full\"><img fetchpriority=\"high\" decoding=\"async\" width=\"800\" height=\"800\" src=\"https:\/\/www.yousanusb.com\/wp-content\/uploads\/2025\/10\/Zebra-PVC-keychain.jpg\" alt=\"\" class=\"wp-image-22474\" srcset=\"https:\/\/www.yousanusb.com\/wp-content\/uploads\/2025\/10\/Zebra-PVC-keychain.jpg 800w, https:\/\/www.yousanusb.com\/wp-content\/uploads\/2025\/10\/Zebra-PVC-keychain-300x300.jpg 300w, https:\/\/www.yousanusb.com\/wp-content\/uploads\/2025\/10\/Zebra-PVC-keychain-150x150.jpg 150w, https:\/\/www.yousanusb.com\/wp-content\/uploads\/2025\/10\/Zebra-PVC-keychain-768x768.jpg 768w, https:\/\/www.yousanusb.com\/wp-content\/uploads\/2025\/10\/Zebra-PVC-keychain-12x12.jpg 12w, https:\/\/www.yousanusb.com\/wp-content\/uploads\/2025\/10\/Zebra-PVC-keychain-600x600.jpg 600w, https:\/\/www.yousanusb.com\/wp-content\/uploads\/2025\/10\/Zebra-PVC-keychain-100x100.jpg 100w\" sizes=\"(max-width: 800px) 100vw, 800px\" \/><figcaption class=\"wp-element-caption\">1.El primer llavero de cebra presenta atrevidas rayas blancas y negras, acentuadas con las puntas de las orejas rosas. Su nariz negra luce una sonrisa juguetona, mientras que sus ojos est\u00e1n suavemente entrecerrados, lo que le confiere un aspecto simp\u00e1tico y entra\u00f1able. Con su silueta redondeada y su encantador comportamiento, irradia calidez y simpat\u00eda.<\/figcaption><\/figure>\n<\/div>\n\n\n\n<div class=\"wp-block-column is-layout-flow wp-block-column-is-layout-flow\">\n<figure class=\"wp-block-image size-full\"><img decoding=\"async\" width=\"800\" height=\"800\" src=\"https:\/\/www.yousanusb.com\/wp-content\/uploads\/2025\/10\/Zebra-keychain.jpg\" alt=\"\" class=\"wp-image-22473\" srcset=\"https:\/\/www.yousanusb.com\/wp-content\/uploads\/2025\/10\/Zebra-keychain.jpg 800w, https:\/\/www.yousanusb.com\/wp-content\/uploads\/2025\/10\/Zebra-keychain-300x300.jpg 300w, https:\/\/www.yousanusb.com\/wp-content\/uploads\/2025\/10\/Zebra-keychain-150x150.jpg 150w, https:\/\/www.yousanusb.com\/wp-content\/uploads\/2025\/10\/Zebra-keychain-768x768.jpg 768w, https:\/\/www.yousanusb.com\/wp-content\/uploads\/2025\/10\/Zebra-keychain-12x12.jpg 12w, https:\/\/www.yousanusb.com\/wp-content\/uploads\/2025\/10\/Zebra-keychain-600x600.jpg 600w, https:\/\/www.yousanusb.com\/wp-content\/uploads\/2025\/10\/Zebra-keychain-100x100.jpg 100w\" sizes=\"(max-width: 800px) 100vw, 800px\" \/><figcaption class=\"wp-element-caption\">2.Este llavero de cebra presenta las cl\u00e1sicas rayas blancas y negras, con llamativas puntas rosas en las orejas y una nariz marr\u00f3n en forma de sonrisa. De pie y erguida, su dise\u00f1o es sencillo y elegante, con entra\u00f1ables detalles faciales que la hacen reconocible al instante.<\/figcaption><\/figure>\n<\/div>\n<\/div>\n\n\n\n<div class=\"wp-block-columns is-layout-flex wp-container-core-columns-is-layout-2 wp-block-columns-is-layout-flex\">\n<div class=\"wp-block-column is-layout-flow wp-block-column-is-layout-flow\">\n<figure class=\"wp-block-image size-full\"><img decoding=\"async\" width=\"800\" height=\"800\" src=\"https:\/\/www.yousanusb.com\/wp-content\/uploads\/2025\/10\/zebra-cartoon-keychain.jpg\" alt=\"\" class=\"wp-image-22472\" srcset=\"https:\/\/www.yousanusb.com\/wp-content\/uploads\/2025\/10\/zebra-cartoon-keychain.jpg 800w, https:\/\/www.yousanusb.com\/wp-content\/uploads\/2025\/10\/zebra-cartoon-keychain-300x300.jpg 300w, https:\/\/www.yousanusb.com\/wp-content\/uploads\/2025\/10\/zebra-cartoon-keychain-150x150.jpg 150w, https:\/\/www.yousanusb.com\/wp-content\/uploads\/2025\/10\/zebra-cartoon-keychain-768x768.jpg 768w, https:\/\/www.yousanusb.com\/wp-content\/uploads\/2025\/10\/zebra-cartoon-keychain-12x12.jpg 12w, https:\/\/www.yousanusb.com\/wp-content\/uploads\/2025\/10\/zebra-cartoon-keychain-600x600.jpg 600w, https:\/\/www.yousanusb.com\/wp-content\/uploads\/2025\/10\/zebra-cartoon-keychain-100x100.jpg 100w\" sizes=\"(max-width: 800px) 100vw, 800px\" \/><figcaption class=\"wp-element-caption\">3.Este llavero de cebra tiene rayas blancas y negras, con las puntas de las orejas rosas y colorete que le dan un toque adorable. Su nariz gris es redondeada, y los ojos est\u00e1n dise\u00f1ados para parecer especialmente inocentes. El cuerpo tiene l\u00edneas suaves y redondeadas, creando una silueta claramente adorable.<\/figcaption><\/figure>\n<\/div>\n\n\n\n<div class=\"wp-block-column is-layout-flow wp-block-column-is-layout-flow\">\n<figure class=\"wp-block-image size-full\"><img loading=\"lazy\" decoding=\"async\" width=\"800\" height=\"800\" src=\"https:\/\/www.yousanusb.com\/wp-content\/uploads\/2025\/10\/PVC-Zebra-keychain.jpg\" alt=\"\" class=\"wp-image-22471\" srcset=\"https:\/\/www.yousanusb.com\/wp-content\/uploads\/2025\/10\/PVC-Zebra-keychain.jpg 800w, https:\/\/www.yousanusb.com\/wp-content\/uploads\/2025\/10\/PVC-Zebra-keychain-300x300.jpg 300w, https:\/\/www.yousanusb.com\/wp-content\/uploads\/2025\/10\/PVC-Zebra-keychain-150x150.jpg 150w, https:\/\/www.yousanusb.com\/wp-content\/uploads\/2025\/10\/PVC-Zebra-keychain-768x768.jpg 768w, https:\/\/www.yousanusb.com\/wp-content\/uploads\/2025\/10\/PVC-Zebra-keychain-12x12.jpg 12w, https:\/\/www.yousanusb.com\/wp-content\/uploads\/2025\/10\/PVC-Zebra-keychain-600x600.jpg 600w, https:\/\/www.yousanusb.com\/wp-content\/uploads\/2025\/10\/PVC-Zebra-keychain-100x100.jpg 100w\" sizes=\"(max-width: 800px) 100vw, 800px\" \/><figcaption class=\"wp-element-caption\">4.Este llavero de cebra presenta rayas blancas y negras bien definidas, acentuadas con las puntas de las orejas rosas y una nariz marr\u00f3n con una sonrisa juguetona. Su alegre dise\u00f1o capta el esp\u00edritu en\u00e9rgico del animal.<\/figcaption><\/figure>\n<\/div>\n<\/div>\n\n\n\n<p><\/p>","protected":false},"excerpt":{"rendered":"<ul>\n<li>Bonito llavero de cebra<\/li>\n<li>Llavero 2D PVC<\/li>\n<li>personaliza tu forma<\/li>\n<li>Dise\u00f1o gratuito, muestras gratuitas<\/li>\n<li>MOQ:200pcs<\/li>\n<\/ul>","protected":false},"featured_media":22474,"comment_status":"open","ping_status":"closed","template":"","meta":{"_seopress_robots_primary_cat":"","_seopress_titles_title":"","_seopress_titles_desc":"","_seopress_robots_index":""},"class_list":["post-22468","product","type-product","status-publish","has-post-thumbnail","hentry","product_cat-3d-rubber-key-chain"],"_links":{"self":[{"href":"https:\/\/www.yousanusb.com\/es\/wp-json\/wp\/v2\/product\/22468"}],"collection":[{"href":"https:\/\/www.yousanusb.com\/es\/wp-json\/wp\/v2\/product"}],"about":[{"href":"https:\/\/www.yousanusb.com\/es\/wp-json\/wp\/v2\/types\/product"}],"replies":[{"embeddable":true,"href":"https:\/\/www.yousanusb.com\/es\/wp-json\/wp\/v2\/comments?post=22468"}],"wp:featuredmedia":[{"embeddable":true,"href":"https:\/\/www.yousanusb.com\/es\/wp-json\/wp\/v2\/media\/22474"}],"wp:attachment":[{"href":"https:\/\/www.yousanusb.com\/es\/wp-json\/wp\/v2\/media?parent=22468"}],"curies":[{"name":"wp","href":"https:\/\/api.w.org\/{rel}","templated":true}]}}