{"id":22533,"date":"2025-10-26T00:02:24","date_gmt":"2025-10-26T00:02:24","guid":{"rendered":"https:\/\/www.yousanusb.com\/?post_type=product&#038;p=22533"},"modified":"2025-11-10T10:01:17","modified_gmt":"2025-11-10T10:01:17","slug":"cute-turtle-usb-flash-drive","status":"publish","type":"product","link":"https:\/\/www.yousanusb.com\/es\/producto\/cute-turtle-usb-flash-drive\/","title":{"rendered":"Bonita memoria USB Tortuga"},"content":{"rendered":"<p>La memoria USB Cartoon Turtle presenta un entra\u00f1able dise\u00f1o de tortuga regordeta, que combina a la perfecci\u00f3n lo tierno con lo pr\u00e1ctico para captar al instante la atenci\u00f3n de los usuarios.<\/p>\n\n\n\n<div class=\"wp-block-columns is-layout-flex wp-container-core-columns-is-layout-1 wp-block-columns-is-layout-flex\">\n<div class=\"wp-block-column is-layout-flow wp-block-column-is-layout-flow\">\n<figure class=\"wp-block-image size-full\"><img fetchpriority=\"high\" decoding=\"async\" width=\"800\" height=\"800\" src=\"https:\/\/www.yousanusb.com\/wp-content\/uploads\/2025\/10\/Turtle-USB-Drive.jpg\" alt=\"\" class=\"wp-image-22540\" srcset=\"https:\/\/www.yousanusb.com\/wp-content\/uploads\/2025\/10\/Turtle-USB-Drive.jpg 800w, https:\/\/www.yousanusb.com\/wp-content\/uploads\/2025\/10\/Turtle-USB-Drive-300x300.jpg 300w, https:\/\/www.yousanusb.com\/wp-content\/uploads\/2025\/10\/Turtle-USB-Drive-150x150.jpg 150w, https:\/\/www.yousanusb.com\/wp-content\/uploads\/2025\/10\/Turtle-USB-Drive-768x768.jpg 768w, https:\/\/www.yousanusb.com\/wp-content\/uploads\/2025\/10\/Turtle-USB-Drive-12x12.jpg 12w, https:\/\/www.yousanusb.com\/wp-content\/uploads\/2025\/10\/Turtle-USB-Drive-600x600.jpg 600w, https:\/\/www.yousanusb.com\/wp-content\/uploads\/2025\/10\/Turtle-USB-Drive-100x100.jpg 100w\" sizes=\"(max-width: 800px) 100vw, 800px\" \/><\/figure>\n<\/div>\n\n\n\n<div class=\"wp-block-column is-vertically-aligned-center is-layout-flow wp-block-column-is-layout-flow\">\n<p>Disponible en 4 estilos distintos, la paleta de colores principal se centra en tres tonos vibrantes: Verde fresco, Amarillo energ\u00e9tico y Marr\u00f3n vintage. <\/p>\n\n\n\n<p>Cada dise\u00f1o tiene su propio encanto: algunas tortugas inclinan ligeramente la cabeza, otras presentan caparazones minimalistas y otras tienen las extremidades enroscadas, lo que responde a diversas preferencias est\u00e9ticas.<\/p>\n<\/div>\n<\/div>\n\n\n\n<p>El dise\u00f1o de la tortuga de dibujos animados alcanza un realismo extraordinario con su silueta redondeada y regordeta. Junto con unos ojos expresivos, unas extremidades rechonchas y un caparaz\u00f3n de contornos suaves, cada detalle irradia un encanto adorable.<\/p>\n\n\n\n<div class=\"wp-block-columns is-layout-flex wp-container-core-columns-is-layout-2 wp-block-columns-is-layout-flex\">\n<div class=\"wp-block-column is-layout-flow wp-block-column-is-layout-flow\">\n<figure class=\"wp-block-image size-full\"><img decoding=\"async\" width=\"800\" height=\"798\" src=\"https:\/\/www.yousanusb.com\/wp-content\/uploads\/2025\/10\/green-Tortoise-USB-Flash-Drive.jpg\" alt=\"\" class=\"wp-image-22539\" srcset=\"https:\/\/www.yousanusb.com\/wp-content\/uploads\/2025\/10\/green-Tortoise-USB-Flash-Drive.jpg 800w, https:\/\/www.yousanusb.com\/wp-content\/uploads\/2025\/10\/green-Tortoise-USB-Flash-Drive-300x300.jpg 300w, https:\/\/www.yousanusb.com\/wp-content\/uploads\/2025\/10\/green-Tortoise-USB-Flash-Drive-150x150.jpg 150w, https:\/\/www.yousanusb.com\/wp-content\/uploads\/2025\/10\/green-Tortoise-USB-Flash-Drive-768x766.jpg 768w, https:\/\/www.yousanusb.com\/wp-content\/uploads\/2025\/10\/green-Tortoise-USB-Flash-Drive-12x12.jpg 12w, https:\/\/www.yousanusb.com\/wp-content\/uploads\/2025\/10\/green-Tortoise-USB-Flash-Drive-600x599.jpg 600w, https:\/\/www.yousanusb.com\/wp-content\/uploads\/2025\/10\/green-Tortoise-USB-Flash-Drive-100x100.jpg 100w\" sizes=\"(max-width: 800px) 100vw, 800px\" \/><\/figure>\n<\/div>\n\n\n\n<div class=\"wp-block-column is-layout-flow wp-block-column-is-layout-flow\">\n<figure class=\"wp-block-image size-full\"><img decoding=\"async\" width=\"800\" height=\"800\" src=\"https:\/\/www.yousanusb.com\/wp-content\/uploads\/2025\/10\/custom-Turtle-Thumb-Drive.jpg\" alt=\"\" class=\"wp-image-22537\" srcset=\"https:\/\/www.yousanusb.com\/wp-content\/uploads\/2025\/10\/custom-Turtle-Thumb-Drive.jpg 800w, https:\/\/www.yousanusb.com\/wp-content\/uploads\/2025\/10\/custom-Turtle-Thumb-Drive-300x300.jpg 300w, https:\/\/www.yousanusb.com\/wp-content\/uploads\/2025\/10\/custom-Turtle-Thumb-Drive-150x150.jpg 150w, https:\/\/www.yousanusb.com\/wp-content\/uploads\/2025\/10\/custom-Turtle-Thumb-Drive-768x768.jpg 768w, https:\/\/www.yousanusb.com\/wp-content\/uploads\/2025\/10\/custom-Turtle-Thumb-Drive-12x12.jpg 12w, https:\/\/www.yousanusb.com\/wp-content\/uploads\/2025\/10\/custom-Turtle-Thumb-Drive-600x600.jpg 600w, https:\/\/www.yousanusb.com\/wp-content\/uploads\/2025\/10\/custom-Turtle-Thumb-Drive-100x100.jpg 100w\" sizes=\"(max-width: 800px) 100vw, 800px\" \/><\/figure>\n<\/div>\n<\/div>\n\n\n\n<p>Compacto y port\u00e1til, cabe perfectamente en la palma de la mano. Eng\u00e1nchalo a tu llavero o mochila como un amuleto personalizado, a\u00f1adiendo una dosis instant\u00e1nea de ternura all\u00e1 donde vayas.<\/p>\n\n\n\n<div class=\"wp-block-columns is-layout-flex wp-container-core-columns-is-layout-3 wp-block-columns-is-layout-flex\">\n<div class=\"wp-block-column is-layout-flow wp-block-column-is-layout-flow\">\n<figure class=\"wp-block-image size-full\"><img loading=\"lazy\" decoding=\"async\" width=\"800\" height=\"800\" src=\"https:\/\/www.yousanusb.com\/wp-content\/uploads\/2025\/10\/Cute-Turtle-USB-Flash-Drive.jpg\" alt=\"\" class=\"wp-image-22538\" srcset=\"https:\/\/www.yousanusb.com\/wp-content\/uploads\/2025\/10\/Cute-Turtle-USB-Flash-Drive.jpg 800w, https:\/\/www.yousanusb.com\/wp-content\/uploads\/2025\/10\/Cute-Turtle-USB-Flash-Drive-300x300.jpg 300w, https:\/\/www.yousanusb.com\/wp-content\/uploads\/2025\/10\/Cute-Turtle-USB-Flash-Drive-150x150.jpg 150w, https:\/\/www.yousanusb.com\/wp-content\/uploads\/2025\/10\/Cute-Turtle-USB-Flash-Drive-768x768.jpg 768w, https:\/\/www.yousanusb.com\/wp-content\/uploads\/2025\/10\/Cute-Turtle-USB-Flash-Drive-12x12.jpg 12w, https:\/\/www.yousanusb.com\/wp-content\/uploads\/2025\/10\/Cute-Turtle-USB-Flash-Drive-600x600.jpg 600w, https:\/\/www.yousanusb.com\/wp-content\/uploads\/2025\/10\/Cute-Turtle-USB-Flash-Drive-100x100.jpg 100w\" sizes=\"(max-width: 800px) 100vw, 800px\" \/><\/figure>\n<\/div>\n\n\n\n<div class=\"wp-block-column is-layout-flow wp-block-column-is-layout-flow\">\n<figure class=\"wp-block-image size-full\"><img loading=\"lazy\" decoding=\"async\" width=\"800\" height=\"800\" src=\"https:\/\/www.yousanusb.com\/wp-content\/uploads\/2025\/10\/yellow-USB-Flash-Drive-Turtle.jpg\" alt=\"\" class=\"wp-image-22541\" srcset=\"https:\/\/www.yousanusb.com\/wp-content\/uploads\/2025\/10\/yellow-USB-Flash-Drive-Turtle.jpg 800w, https:\/\/www.yousanusb.com\/wp-content\/uploads\/2025\/10\/yellow-USB-Flash-Drive-Turtle-300x300.jpg 300w, https:\/\/www.yousanusb.com\/wp-content\/uploads\/2025\/10\/yellow-USB-Flash-Drive-Turtle-150x150.jpg 150w, https:\/\/www.yousanusb.com\/wp-content\/uploads\/2025\/10\/yellow-USB-Flash-Drive-Turtle-768x768.jpg 768w, https:\/\/www.yousanusb.com\/wp-content\/uploads\/2025\/10\/yellow-USB-Flash-Drive-Turtle-12x12.jpg 12w, https:\/\/www.yousanusb.com\/wp-content\/uploads\/2025\/10\/yellow-USB-Flash-Drive-Turtle-600x600.jpg 600w, https:\/\/www.yousanusb.com\/wp-content\/uploads\/2025\/10\/yellow-USB-Flash-Drive-Turtle-100x100.jpg 100w\" sizes=\"(max-width: 800px) 100vw, 800px\" \/><\/figure>\n<\/div>\n<\/div>\n\n\n\n<p>Fabricada con material de PVC blando de primera calidad, ofrece un tacto suave y agradable a la piel con una excelente resistencia. No s\u00f3lo es c\u00f3modo de sostener, sino que tambi\u00e9n proporciona una protecci\u00f3n eficaz contra ca\u00eddas y ara\u00f1azos, salvaguardando el chip de almacenamiento interno para el uso diario sin preocupaciones.<\/p>\n\n\n\n<p><\/p>","protected":false},"excerpt":{"rendered":"<ul>\n<li>Material de PVC<\/li>\n<li>Bonito dise\u00f1o de tortuga<\/li>\n<li>Estilo de dibujos animados<\/li>\n<li>4 modelos diferentes<\/li>\n<li>Muchos colores<\/li>\n<\/ul>","protected":false},"featured_media":22540,"comment_status":"open","ping_status":"closed","template":"","meta":{"_seopress_robots_primary_cat":"","_seopress_titles_title":"Cute Turtle USB Flash Drive Manufacturer in China","_seopress_titles_desc":"The Cartoon Turtle USB Drive features an endearingly chubby turtle design, seamlessly blending cuteness with practicality to instantly capture users' attention.","_seopress_robots_index":""},"class_list":["post-22533","product","type-product","status-publish","has-post-thumbnail","hentry","product_cat-custom-usb-drive"],"_links":{"self":[{"href":"https:\/\/www.yousanusb.com\/es\/wp-json\/wp\/v2\/product\/22533"}],"collection":[{"href":"https:\/\/www.yousanusb.com\/es\/wp-json\/wp\/v2\/product"}],"about":[{"href":"https:\/\/www.yousanusb.com\/es\/wp-json\/wp\/v2\/types\/product"}],"replies":[{"embeddable":true,"href":"https:\/\/www.yousanusb.com\/es\/wp-json\/wp\/v2\/comments?post=22533"}],"wp:featuredmedia":[{"embeddable":true,"href":"https:\/\/www.yousanusb.com\/es\/wp-json\/wp\/v2\/media\/22540"}],"wp:attachment":[{"href":"https:\/\/www.yousanusb.com\/es\/wp-json\/wp\/v2\/media?parent=22533"}],"curies":[{"name":"wp","href":"https:\/\/api.w.org\/{rel}","templated":true}]}}