{"id":22551,"date":"2025-10-27T03:14:48","date_gmt":"2025-10-27T03:14:48","guid":{"rendered":"https:\/\/www.yousanusb.com\/?post_type=product&#038;p=22551"},"modified":"2025-10-27T06:05:51","modified_gmt":"2025-10-27T06:05:51","slug":"business-side-push-epoxy-usb-flash-drive","status":"publish","type":"product","link":"https:\/\/www.yousanusb.com\/es\/producto\/business-side-push-epoxy-usb-flash-drive\/","title":{"rendered":"Memoria USB Business Side Push Epoxy"},"content":{"rendered":"<div class=\"wp-block-columns is-layout-flex wp-container-core-columns-is-layout-1 wp-block-columns-is-layout-flex\">\n<div class=\"wp-block-column is-vertically-aligned-center is-layout-flow wp-block-column-is-layout-flow\">\n<p>Esta memoria USB Side Push Epoxy presenta un dise\u00f1o rectangular con carcasa met\u00e1lica y cuerpo de epoxi, que desprende una sofisticada est\u00e9tica empresarial. Ambas caras pueden personalizarse con logotipos de marcas, sitios web oficiales o nombres de empresas, lo que garantiza una exposici\u00f3n continua en entornos profesionales para una promoci\u00f3n eficaz de la marca. Junto con un cord\u00f3n met\u00e1lico, se engancha f\u00e1cilmente a llaveros o maletines para ofrecer una portabilidad excepcional y reducir el riesgo de p\u00e9rdida.<\/p>\n<\/div>\n\n\n\n<div class=\"wp-block-column is-layout-flow wp-block-column-is-layout-flow\">\n<figure class=\"wp-block-image size-full\"><img fetchpriority=\"high\" decoding=\"async\" width=\"800\" height=\"800\" src=\"https:\/\/www.yousanusb.com\/wp-content\/uploads\/2025\/10\/Epoxy-USB-Flash-Drive.png\" alt=\"\" class=\"wp-image-22555\" srcset=\"https:\/\/www.yousanusb.com\/wp-content\/uploads\/2025\/10\/Epoxy-USB-Flash-Drive.png 800w, https:\/\/www.yousanusb.com\/wp-content\/uploads\/2025\/10\/Epoxy-USB-Flash-Drive-300x300.png 300w, https:\/\/www.yousanusb.com\/wp-content\/uploads\/2025\/10\/Epoxy-USB-Flash-Drive-150x150.png 150w, https:\/\/www.yousanusb.com\/wp-content\/uploads\/2025\/10\/Epoxy-USB-Flash-Drive-768x768.png 768w, https:\/\/www.yousanusb.com\/wp-content\/uploads\/2025\/10\/Epoxy-USB-Flash-Drive-12x12.png 12w, https:\/\/www.yousanusb.com\/wp-content\/uploads\/2025\/10\/Epoxy-USB-Flash-Drive-600x600.png 600w, https:\/\/www.yousanusb.com\/wp-content\/uploads\/2025\/10\/Epoxy-USB-Flash-Drive-100x100.png 100w\" sizes=\"(max-width: 800px) 100vw, 800px\" \/><\/figure>\n<\/div>\n<\/div>\n\n\n\n<div class=\"wp-block-columns is-layout-flex wp-container-core-columns-is-layout-2 wp-block-columns-is-layout-flex\">\n<div class=\"wp-block-column is-vertically-aligned-center is-layout-flow wp-block-column-is-layout-flow\">\n<figure class=\"wp-block-image size-full\"><img decoding=\"async\" width=\"800\" height=\"800\" src=\"https:\/\/www.yousanusb.com\/wp-content\/uploads\/2025\/10\/epoxy-usb-drive.png\" alt=\"\" class=\"wp-image-22554\" srcset=\"https:\/\/www.yousanusb.com\/wp-content\/uploads\/2025\/10\/epoxy-usb-drive.png 800w, https:\/\/www.yousanusb.com\/wp-content\/uploads\/2025\/10\/epoxy-usb-drive-300x300.png 300w, https:\/\/www.yousanusb.com\/wp-content\/uploads\/2025\/10\/epoxy-usb-drive-150x150.png 150w, https:\/\/www.yousanusb.com\/wp-content\/uploads\/2025\/10\/epoxy-usb-drive-768x768.png 768w, https:\/\/www.yousanusb.com\/wp-content\/uploads\/2025\/10\/epoxy-usb-drive-12x12.png 12w, https:\/\/www.yousanusb.com\/wp-content\/uploads\/2025\/10\/epoxy-usb-drive-600x600.png 600w, https:\/\/www.yousanusb.com\/wp-content\/uploads\/2025\/10\/epoxy-usb-drive-100x100.png 100w\" sizes=\"(max-width: 800px) 100vw, 800px\" \/><\/figure>\n<\/div>\n\n\n\n<div class=\"wp-block-column is-vertically-aligned-center is-layout-flow wp-block-column-is-layout-flow\">\n<p>En cuanto a los materiales, el proceso de revestimiento de resina es lo m\u00e1s destacado. Mediante la mezcla precisa de resina epoxi de gran pureza y agentes de curado, se forma una capa de gel cristalina en la superficie del panel. Esta capa de gel garantiza que los dise\u00f1os de la marca y el texto permanezcan con colores vivos y claramente legibles con el paso del tiempo, al tiempo que ofrece resistencia al desgaste, impermeabilidad y propiedades antiamarilleo. Incluso con un uso prolongado, el aspecto se mantiene como nuevo, garantizando la visibilidad a largo plazo de la informaci\u00f3n de la marca.<\/p>\n\n\n\n<p>El mecanismo de apertura tiene un dise\u00f1o de deslizamiento lateral. Una suave presi\u00f3n sobre el deslizador lateral expulsa suavemente el puerto USB. Despu\u00e9s de usarlo, basta con deslizarlo hacia atr\u00e1s para ocultar el puerto, sin necesidad de una tapa adicional. Este funcionamiento simplificado evita la acumulaci\u00f3n de polvo y los da\u00f1os accidentales, equilibrando la comodidad con la seguridad.<\/p>\n<\/div>\n<\/div>\n\n\n\n<div class=\"wp-block-columns is-layout-flex wp-container-core-columns-is-layout-3 wp-block-columns-is-layout-flex\">\n<div class=\"wp-block-column is-vertically-aligned-center is-layout-flow wp-block-column-is-layout-flow\">\n<p>En t\u00e9rminos de rendimiento de almacenamiento, ofrece una fiabilidad constante. Al utilizar medios de almacenamiento electr\u00f3nico no vol\u00e1tiles, conserva los datos incluso durante los cortes de energ\u00eda y es compatible con los principales sistemas operativos, como Windows y Mac, con funcionalidad plug-and-play. Tanto si se trata de documentos de oficina, planos de dise\u00f1o o materiales de productos, permite velocidades de lectura\/escritura r\u00e1pidas y una transferencia de datos estable para satisfacer las demandas de almacenamiento de oficina de alta eficiencia. Adem\u00e1s, ofrece capacidades personalizables que van de 8 GB a 128 GB para adaptarse a diversos escenarios de uso.<\/p>\n\n\n\n<p>En entornos empresariales y de promoci\u00f3n de marca, esta unidad USB de empuje lateral con revestimiento de resina destaca como una opci\u00f3n excelente, ya que combina la practicidad con la visibilidad de marca gracias a su dise\u00f1o refinado y su rendimiento fiable.<\/p>\n<\/div>\n\n\n\n<div class=\"wp-block-column is-layout-flow wp-block-column-is-layout-flow\">\n<figure class=\"wp-block-image size-full\"><img decoding=\"async\" width=\"800\" height=\"800\" src=\"https:\/\/www.yousanusb.com\/wp-content\/uploads\/2025\/10\/epoxy-usb-stick.png\" alt=\"\" class=\"wp-image-22556\" srcset=\"https:\/\/www.yousanusb.com\/wp-content\/uploads\/2025\/10\/epoxy-usb-stick.png 800w, https:\/\/www.yousanusb.com\/wp-content\/uploads\/2025\/10\/epoxy-usb-stick-300x300.png 300w, https:\/\/www.yousanusb.com\/wp-content\/uploads\/2025\/10\/epoxy-usb-stick-150x150.png 150w, https:\/\/www.yousanusb.com\/wp-content\/uploads\/2025\/10\/epoxy-usb-stick-768x768.png 768w, https:\/\/www.yousanusb.com\/wp-content\/uploads\/2025\/10\/epoxy-usb-stick-12x12.png 12w, https:\/\/www.yousanusb.com\/wp-content\/uploads\/2025\/10\/epoxy-usb-stick-600x600.png 600w, https:\/\/www.yousanusb.com\/wp-content\/uploads\/2025\/10\/epoxy-usb-stick-100x100.png 100w\" sizes=\"(max-width: 800px) 100vw, 800px\" \/><\/figure>\n<\/div>\n<\/div>","protected":false},"excerpt":{"rendered":"<ul>\n<li>Memoria USB Epoxy<\/li>\n<li>Dise\u00f1o original y elegante<\/li>\n<li>Mayores cantidades disponibles previa solicitud<\/li>\n<li>USB 2.0 compatible con versiones anteriores<\/li>\n<li>MOQ:100pcs<\/li>\n<\/ul>","protected":false},"featured_media":22555,"comment_status":"open","ping_status":"closed","template":"","meta":{"_seopress_robots_primary_cat":"","_seopress_titles_title":"","_seopress_titles_desc":"","_seopress_robots_index":""},"class_list":["post-22551","product","type-product","status-publish","has-post-thumbnail","hentry","product_cat-plastic-usb-flash-drive","product_cat-push-pull-usb-flash-drive","product_tag-epoxy-usb-flash-drive"],"_links":{"self":[{"href":"https:\/\/www.yousanusb.com\/es\/wp-json\/wp\/v2\/product\/22551"}],"collection":[{"href":"https:\/\/www.yousanusb.com\/es\/wp-json\/wp\/v2\/product"}],"about":[{"href":"https:\/\/www.yousanusb.com\/es\/wp-json\/wp\/v2\/types\/product"}],"replies":[{"embeddable":true,"href":"https:\/\/www.yousanusb.com\/es\/wp-json\/wp\/v2\/comments?post=22551"}],"wp:featuredmedia":[{"embeddable":true,"href":"https:\/\/www.yousanusb.com\/es\/wp-json\/wp\/v2\/media\/22555"}],"wp:attachment":[{"href":"https:\/\/www.yousanusb.com\/es\/wp-json\/wp\/v2\/media?parent=22551"}],"curies":[{"name":"wp","href":"https:\/\/api.w.org\/{rel}","templated":true}]}}