{"id":22564,"date":"2025-10-27T04:21:41","date_gmt":"2025-10-27T04:21:41","guid":{"rendered":"https:\/\/www.yousanusb.com\/?post_type=product&#038;p=22564"},"modified":"2025-10-27T06:03:59","modified_gmt":"2025-10-27T06:03:59","slug":"water-drop-shaped-epoxy-usb-flash-drive","status":"publish","type":"product","link":"https:\/\/www.yousanusb.com\/es\/producto\/water-drop-shaped-epoxy-usb-flash-drive\/","title":{"rendered":"Memoria USB Epoxy en forma de gota de agua"},"content":{"rendered":"<p>Se trata de una memoria USB fabricada mediante el proceso de epoxi. \u00bfEn qu\u00e9 consiste el proceso de fundici\u00f3n de resina? Mediante el goteo y curado precisos de resina epoxi de gran pureza, se forma una capa de gel cristalino en la superficie. Esto no s\u00f3lo garantiza colores vivos y detalles n\u00edtidos para los logotipos y dise\u00f1os personalizados de la marca, sino que tambi\u00e9n proporciona propiedades de resistencia al desgaste, al agua y a los ara\u00f1azos. El aspecto se mantiene como nuevo incluso despu\u00e9s de un uso prolongado, lo que garantiza la visibilidad duradera de la informaci\u00f3n de la marca.<\/p>\n\n\n\n<div class=\"wp-block-columns is-layout-flex wp-container-core-columns-is-layout-1 wp-block-columns-is-layout-flex\">\n<div class=\"wp-block-column is-vertically-aligned-center is-layout-flow wp-block-column-is-layout-flow\">\n<figure class=\"wp-block-image size-full\"><img fetchpriority=\"high\" decoding=\"async\" width=\"800\" height=\"800\" src=\"https:\/\/www.yousanusb.com\/wp-content\/uploads\/2025\/10\/customized-epoxy-usb-flash-drive-1.jpg\" alt=\"\" class=\"wp-image-22567\" srcset=\"https:\/\/www.yousanusb.com\/wp-content\/uploads\/2025\/10\/customized-epoxy-usb-flash-drive-1.jpg 800w, https:\/\/www.yousanusb.com\/wp-content\/uploads\/2025\/10\/customized-epoxy-usb-flash-drive-1-300x300.jpg 300w, https:\/\/www.yousanusb.com\/wp-content\/uploads\/2025\/10\/customized-epoxy-usb-flash-drive-1-150x150.jpg 150w, https:\/\/www.yousanusb.com\/wp-content\/uploads\/2025\/10\/customized-epoxy-usb-flash-drive-1-768x768.jpg 768w, https:\/\/www.yousanusb.com\/wp-content\/uploads\/2025\/10\/customized-epoxy-usb-flash-drive-1-12x12.jpg 12w, https:\/\/www.yousanusb.com\/wp-content\/uploads\/2025\/10\/customized-epoxy-usb-flash-drive-1-600x600.jpg 600w, https:\/\/www.yousanusb.com\/wp-content\/uploads\/2025\/10\/customized-epoxy-usb-flash-drive-1-100x100.jpg 100w\" sizes=\"(max-width: 800px) 100vw, 800px\" \/><\/figure>\n<\/div>\n\n\n\n<div class=\"wp-block-column is-vertically-aligned-center is-layout-flow wp-block-column-is-layout-flow\">\n<p>En cuanto a sus caracter\u00edsticas, la unidad USB recubierta de resina combina la est\u00e9tica con la practicidad:<\/p>\n\n\n\n<ul class=\"wp-block-list\">\n<li>Aspecto exquisito: Personalizable con varios dise\u00f1os y logotipos, con colores vibrantes y destacados efectos 3D. El mecanismo pulsador trasero ofrece opciones de color, como rojo o azul, para adaptarse a las preferencias personales. El \u00e1rea frontal en blanco admite marcas o logotipos personalizados, lo que la convierte en una \"tarjeta de marca\" m\u00f3vil ideal para la identidad corporativa o la expresi\u00f3n del estilo personal.<\/li>\n\n\n\n<li>Rendimiento fiable: Utiliza medios de almacenamiento electr\u00f3nico no vol\u00e1tiles, lo que garantiza la conservaci\u00f3n de los datos en caso de p\u00e9rdida de alimentaci\u00f3n. Admite el intercambio en caliente y la funcionalidad plug-and-play, compatible con los principales sistemas operativos.<\/li>\n\n\n\n<li>Durabilidad excepcional: La carcasa de resina ofrece resistencia a ara\u00f1azos y golpes, protegiendo eficazmente los chips internos. Dise\u00f1ada para durar m\u00e1s de 100.000 ciclos de escritura.<\/li>\n<\/ul>\n<\/div>\n<\/div>\n\n\n\n<p>Admite varias capacidades, de 8 GB a 128 GB, para adaptarse a las distintas necesidades de almacenamiento. Incorpora chips de almacenamiento de primera calidad para una transferencia de datos estable y eficiente. Compatible con los principales sistemas operativos, incluidos Windows y Mac, ofrece funcionalidad plug-and-play. Transfiere sin esfuerzo documentos, im\u00e1genes, v\u00eddeos y otros tipos de archivos.<\/p>\n\n\n\n<div class=\"wp-block-columns is-layout-flex wp-container-core-columns-is-layout-2 wp-block-columns-is-layout-flex\">\n<div class=\"wp-block-column is-layout-flow wp-block-column-is-layout-flow\">\n<figure class=\"wp-block-image size-full\"><img decoding=\"async\" width=\"800\" height=\"800\" src=\"https:\/\/www.yousanusb.com\/wp-content\/uploads\/2025\/10\/mini-epoxy-usb-flash-drive-suppliers.jpg\" alt=\"\" class=\"wp-image-22569\" srcset=\"https:\/\/www.yousanusb.com\/wp-content\/uploads\/2025\/10\/mini-epoxy-usb-flash-drive-suppliers.jpg 800w, https:\/\/www.yousanusb.com\/wp-content\/uploads\/2025\/10\/mini-epoxy-usb-flash-drive-suppliers-300x300.jpg 300w, https:\/\/www.yousanusb.com\/wp-content\/uploads\/2025\/10\/mini-epoxy-usb-flash-drive-suppliers-150x150.jpg 150w, https:\/\/www.yousanusb.com\/wp-content\/uploads\/2025\/10\/mini-epoxy-usb-flash-drive-suppliers-768x768.jpg 768w, https:\/\/www.yousanusb.com\/wp-content\/uploads\/2025\/10\/mini-epoxy-usb-flash-drive-suppliers-12x12.jpg 12w, https:\/\/www.yousanusb.com\/wp-content\/uploads\/2025\/10\/mini-epoxy-usb-flash-drive-suppliers-600x600.jpg 600w, https:\/\/www.yousanusb.com\/wp-content\/uploads\/2025\/10\/mini-epoxy-usb-flash-drive-suppliers-100x100.jpg 100w\" sizes=\"(max-width: 800px) 100vw, 800px\" \/><\/figure>\n<\/div>\n\n\n\n<div class=\"wp-block-column is-layout-flow wp-block-column-is-layout-flow\">\n<figure class=\"wp-block-image size-full\"><img decoding=\"async\" width=\"800\" height=\"800\" src=\"https:\/\/www.yousanusb.com\/wp-content\/uploads\/2025\/10\/epoxy-usb-flash-drive-1.jpg\" alt=\"\" class=\"wp-image-22568\" srcset=\"https:\/\/www.yousanusb.com\/wp-content\/uploads\/2025\/10\/epoxy-usb-flash-drive-1.jpg 800w, https:\/\/www.yousanusb.com\/wp-content\/uploads\/2025\/10\/epoxy-usb-flash-drive-1-300x300.jpg 300w, https:\/\/www.yousanusb.com\/wp-content\/uploads\/2025\/10\/epoxy-usb-flash-drive-1-150x150.jpg 150w, https:\/\/www.yousanusb.com\/wp-content\/uploads\/2025\/10\/epoxy-usb-flash-drive-1-768x768.jpg 768w, https:\/\/www.yousanusb.com\/wp-content\/uploads\/2025\/10\/epoxy-usb-flash-drive-1-12x12.jpg 12w, https:\/\/www.yousanusb.com\/wp-content\/uploads\/2025\/10\/epoxy-usb-flash-drive-1-600x600.jpg 600w, https:\/\/www.yousanusb.com\/wp-content\/uploads\/2025\/10\/epoxy-usb-flash-drive-1-100x100.jpg 100w\" sizes=\"(max-width: 800px) 100vw, 800px\" \/><\/figure>\n<\/div>\n<\/div>","protected":false},"excerpt":{"rendered":"<ul>\n<li>Mini epoxy usb flash drive proveedores<\/li>\n<li>Memoria USB epoxi personalizada<\/li>\n<li>Soporte multiformato<\/li>\n<li>Plug and work, compatible con Windows 7\/8\/10\/Vista\/XP\/2000\/ME\/NT Linux y Mac OS<\/li>\n<li>MOQ:100pcs<\/li>\n<\/ul>","protected":false},"featured_media":22571,"comment_status":"open","ping_status":"closed","template":"","meta":{"_seopress_robots_primary_cat":"","_seopress_titles_title":"","_seopress_titles_desc":"","_seopress_robots_index":""},"class_list":["post-22564","product","type-product","status-publish","has-post-thumbnail","hentry","product_cat-usb30-flash-drive","product_cat-plastic-usb-flash-drive","product_cat-push-pull-usb-flash-drive","product_tag-epoxy-usb-flash-drive"],"_links":{"self":[{"href":"https:\/\/www.yousanusb.com\/es\/wp-json\/wp\/v2\/product\/22564"}],"collection":[{"href":"https:\/\/www.yousanusb.com\/es\/wp-json\/wp\/v2\/product"}],"about":[{"href":"https:\/\/www.yousanusb.com\/es\/wp-json\/wp\/v2\/types\/product"}],"replies":[{"embeddable":true,"href":"https:\/\/www.yousanusb.com\/es\/wp-json\/wp\/v2\/comments?post=22564"}],"wp:featuredmedia":[{"embeddable":true,"href":"https:\/\/www.yousanusb.com\/es\/wp-json\/wp\/v2\/media\/22571"}],"wp:attachment":[{"href":"https:\/\/www.yousanusb.com\/es\/wp-json\/wp\/v2\/media?parent=22564"}],"curies":[{"name":"wp","href":"https:\/\/api.w.org\/{rel}","templated":true}]}}