{"id":22593,"date":"2025-10-27T10:06:27","date_gmt":"2025-10-27T10:06:27","guid":{"rendered":"https:\/\/www.yousanusb.com\/?post_type=product&#038;p=22593"},"modified":"2025-10-27T10:10:12","modified_gmt":"2025-10-27T10:10:12","slug":"oval-epoxy-usb-flash-drive","status":"publish","type":"product","link":"https:\/\/www.yousanusb.com\/es\/producto\/oval-epoxy-usb-flash-drive\/","title":{"rendered":"Memoria USB Epoxy Oval"},"content":{"rendered":"<p>Esta memoria USB ovalada de epoxi presenta una forma el\u00edptica suave combinada con un dise\u00f1o tipo tapa. Cuando est\u00e1 en uso, al quitar la tapa queda al descubierto el puerto USB; cuando no est\u00e1 en uso, al volver a colocar la tapa se mantiene el puerto libre de polvo y se evitan ara\u00f1azos o golpes.<\/p>\n\n\n\n<div class=\"wp-block-columns is-layout-flex wp-container-core-columns-is-layout-1 wp-block-columns-is-layout-flex\">\n<div class=\"wp-block-column is-layout-flow wp-block-column-is-layout-flow\">\n<figure class=\"wp-block-image size-full\"><img fetchpriority=\"high\" decoding=\"async\" width=\"800\" height=\"800\" src=\"https:\/\/www.yousanusb.com\/wp-content\/uploads\/2025\/10\/epoxy-usb-stick-1.png\" alt=\"\" class=\"wp-image-22597\" srcset=\"https:\/\/www.yousanusb.com\/wp-content\/uploads\/2025\/10\/epoxy-usb-stick-1.png 800w, https:\/\/www.yousanusb.com\/wp-content\/uploads\/2025\/10\/epoxy-usb-stick-1-300x300.png 300w, https:\/\/www.yousanusb.com\/wp-content\/uploads\/2025\/10\/epoxy-usb-stick-1-150x150.png 150w, https:\/\/www.yousanusb.com\/wp-content\/uploads\/2025\/10\/epoxy-usb-stick-1-768x768.png 768w, https:\/\/www.yousanusb.com\/wp-content\/uploads\/2025\/10\/epoxy-usb-stick-1-12x12.png 12w, https:\/\/www.yousanusb.com\/wp-content\/uploads\/2025\/10\/epoxy-usb-stick-1-600x600.png 600w, https:\/\/www.yousanusb.com\/wp-content\/uploads\/2025\/10\/epoxy-usb-stick-1-100x100.png 100w\" sizes=\"(max-width: 800px) 100vw, 800px\" \/><\/figure>\n<\/div>\n\n\n\n<div class=\"wp-block-column is-layout-flow wp-block-column-is-layout-flow\">\n<figure class=\"wp-block-image size-full\"><img fetchpriority=\"high\" decoding=\"async\" width=\"800\" height=\"800\" src=\"https:\/\/www.yousanusb.com\/wp-content\/uploads\/2025\/10\/epoxy-usb-stick-1.png\" alt=\"\" class=\"wp-image-22597\" srcset=\"https:\/\/www.yousanusb.com\/wp-content\/uploads\/2025\/10\/epoxy-usb-stick-1.png 800w, https:\/\/www.yousanusb.com\/wp-content\/uploads\/2025\/10\/epoxy-usb-stick-1-300x300.png 300w, https:\/\/www.yousanusb.com\/wp-content\/uploads\/2025\/10\/epoxy-usb-stick-1-150x150.png 150w, https:\/\/www.yousanusb.com\/wp-content\/uploads\/2025\/10\/epoxy-usb-stick-1-768x768.png 768w, https:\/\/www.yousanusb.com\/wp-content\/uploads\/2025\/10\/epoxy-usb-stick-1-12x12.png 12w, https:\/\/www.yousanusb.com\/wp-content\/uploads\/2025\/10\/epoxy-usb-stick-1-600x600.png 600w, https:\/\/www.yousanusb.com\/wp-content\/uploads\/2025\/10\/epoxy-usb-stick-1-100x100.png 100w\" sizes=\"(max-width: 800px) 100vw, 800px\" \/><\/figure>\n<\/div>\n<\/div>\n\n\n\n<div class=\"wp-block-columns is-layout-flex wp-container-core-columns-is-layout-2 wp-block-columns-is-layout-flex\">\n<div class=\"wp-block-column is-layout-flow wp-block-column-is-layout-flow\">\n<figure class=\"wp-block-image size-full\"><img decoding=\"async\" width=\"800\" height=\"800\" src=\"https:\/\/www.yousanusb.com\/wp-content\/uploads\/2025\/10\/customized-epoxy-usb-flash-drive-1.png\" alt=\"\" class=\"wp-image-22596\" srcset=\"https:\/\/www.yousanusb.com\/wp-content\/uploads\/2025\/10\/customized-epoxy-usb-flash-drive-1.png 800w, https:\/\/www.yousanusb.com\/wp-content\/uploads\/2025\/10\/customized-epoxy-usb-flash-drive-1-300x300.png 300w, https:\/\/www.yousanusb.com\/wp-content\/uploads\/2025\/10\/customized-epoxy-usb-flash-drive-1-150x150.png 150w, https:\/\/www.yousanusb.com\/wp-content\/uploads\/2025\/10\/customized-epoxy-usb-flash-drive-1-768x768.png 768w, https:\/\/www.yousanusb.com\/wp-content\/uploads\/2025\/10\/customized-epoxy-usb-flash-drive-1-12x12.png 12w, https:\/\/www.yousanusb.com\/wp-content\/uploads\/2025\/10\/customized-epoxy-usb-flash-drive-1-600x600.png 600w, https:\/\/www.yousanusb.com\/wp-content\/uploads\/2025\/10\/customized-epoxy-usb-flash-drive-1-100x100.png 100w\" sizes=\"(max-width: 800px) 100vw, 800px\" \/><\/figure>\n<\/div>\n\n\n\n<div class=\"wp-block-column is-layout-flow wp-block-column-is-layout-flow\">\n<p>La artesan\u00eda epoxi es su principal ventaja. Mediante el goteo y curado precisos de resina epoxi de gran pureza, se forma una capa coloidal cristalina en la superficie de la memoria USB. Este proceso no s\u00f3lo hace que los logotipos personalizados de las marcas y los dise\u00f1os de los productos tengan colores vibrantes y detalles n\u00edtidos, sino que tambi\u00e9n los dota de propiedades de resistencia al desgaste, al agua y a los ara\u00f1azos. <\/p>\n\n\n\n<p>El \u00e1rea frontal admite la personalizaci\u00f3n de diversos logotipos y patrones de productos. Puede presentar con precisi\u00f3n el contenido del dise\u00f1o seg\u00fan las im\u00e1genes de la marca corporativa o las preferencias personales, y tambi\u00e9n puede satisfacer diferentes requisitos de combinaci\u00f3n de colores. <\/p>\n\n\n\n<p>Ofrece m\u00faltiples opciones de capacidad, desde 4 GB hasta 128 GB, que permiten almacenar y transferir f\u00e1cilmente varios archivos, como documentos, im\u00e1genes y v\u00eddeos. Es compatible con los principales sistemas operativos, como Windows y Mac, y cuenta con funcionalidad plug-and-play. Los datos no se pierden f\u00e1cilmente en caso de apag\u00f3n y tiene una vida \u00fatil de decenas de miles de ciclos de lectura y escritura.<\/p>\n<\/div>\n<\/div>","protected":false},"excerpt":{"rendered":"<ul>\n<li>Interfaz USB2.0&amp;USB3.0&amp;3.1<\/li>\n<li>Capacidad de almacenamiento personalizada<\/li>\n<li>Certificado CE FCC RoHS<\/li>\n<li>Embalaje de transporte: caja met\u00e1lica, caja de papel blanco, caja transparente, bolsa<\/li>\n<li>MOQ:100pcs<\/li>\n<\/ul>","protected":false},"featured_media":22597,"comment_status":"open","ping_status":"closed","template":"","meta":{"_seopress_robots_primary_cat":"","_seopress_titles_title":"","_seopress_titles_desc":"","_seopress_robots_index":""},"class_list":["post-22593","product","type-product","status-publish","has-post-thumbnail","hentry","product_cat-plastic-usb-flash-drive","product_tag-epoxy-usb-flash-drive"],"_links":{"self":[{"href":"https:\/\/www.yousanusb.com\/es\/wp-json\/wp\/v2\/product\/22593"}],"collection":[{"href":"https:\/\/www.yousanusb.com\/es\/wp-json\/wp\/v2\/product"}],"about":[{"href":"https:\/\/www.yousanusb.com\/es\/wp-json\/wp\/v2\/types\/product"}],"replies":[{"embeddable":true,"href":"https:\/\/www.yousanusb.com\/es\/wp-json\/wp\/v2\/comments?post=22593"}],"wp:featuredmedia":[{"embeddable":true,"href":"https:\/\/www.yousanusb.com\/es\/wp-json\/wp\/v2\/media\/22597"}],"wp:attachment":[{"href":"https:\/\/www.yousanusb.com\/es\/wp-json\/wp\/v2\/media?parent=22593"}],"curies":[{"name":"wp","href":"https:\/\/api.w.org\/{rel}","templated":true}]}}