{"id":22682,"date":"2025-10-28T11:10:09","date_gmt":"2025-10-28T11:10:09","guid":{"rendered":"https:\/\/www.yousanusb.com\/?post_type=product&#038;p=22682"},"modified":"2025-10-30T12:38:58","modified_gmt":"2025-10-30T12:38:58","slug":"light-up-metal-bamboo-usb-flash-drive","status":"publish","type":"product","link":"https:\/\/www.yousanusb.com\/es\/producto\/light-up-metal-bamboo-usb-flash-drive\/","title":{"rendered":"Memoria USB Light-Up de metal y bamb\u00fa"},"content":{"rendered":"<div class=\"wp-block-columns is-layout-flex wp-container-core-columns-is-layout-1 wp-block-columns-is-layout-flex\">\n<div class=\"wp-block-column is-layout-flow wp-block-column-is-layout-flow\">\n<figure class=\"wp-block-image size-full\"><img fetchpriority=\"high\" decoding=\"async\" width=\"800\" height=\"800\" src=\"https:\/\/www.yousanusb.com\/wp-content\/uploads\/2025\/10\/Light-Up-Metal-Bamboo-USB-Flash-Drive.png\" alt=\"\" class=\"wp-image-22686\" srcset=\"https:\/\/www.yousanusb.com\/wp-content\/uploads\/2025\/10\/Light-Up-Metal-Bamboo-USB-Flash-Drive.png 800w, https:\/\/www.yousanusb.com\/wp-content\/uploads\/2025\/10\/Light-Up-Metal-Bamboo-USB-Flash-Drive-300x300.png 300w, https:\/\/www.yousanusb.com\/wp-content\/uploads\/2025\/10\/Light-Up-Metal-Bamboo-USB-Flash-Drive-150x150.png 150w, https:\/\/www.yousanusb.com\/wp-content\/uploads\/2025\/10\/Light-Up-Metal-Bamboo-USB-Flash-Drive-768x768.png 768w, https:\/\/www.yousanusb.com\/wp-content\/uploads\/2025\/10\/Light-Up-Metal-Bamboo-USB-Flash-Drive-12x12.png 12w, https:\/\/www.yousanusb.com\/wp-content\/uploads\/2025\/10\/Light-Up-Metal-Bamboo-USB-Flash-Drive-600x600.png 600w, https:\/\/www.yousanusb.com\/wp-content\/uploads\/2025\/10\/Light-Up-Metal-Bamboo-USB-Flash-Drive-100x100.png 100w\" sizes=\"(max-width: 800px) 100vw, 800px\" \/><\/figure>\n<\/div>\n\n\n\n<div class=\"wp-block-column is-vertically-aligned-center is-layout-flow wp-block-column-is-layout-flow\">\n<p>La funci\u00f3n de iluminaci\u00f3n de esta unidad USB se deriva de un m\u00f3dulo LED incorporado. Cuando la unidad USB se conecta a un dispositivo, se alimenta a trav\u00e9s de la interfaz USB, que activa la fuente de luz LED para iluminar el \u00e1rea del logotipo. A trav\u00e9s del reflejo difuso de la veta de la madera, la luz presenta un efecto de iluminaci\u00f3n uniforme y por capas. Esto no s\u00f3lo hace que el logotipo de la marca sea claro y llamativo, sino que tambi\u00e9n permite identificar r\u00e1pidamente la unidad USB en entornos con poca luz. Su sistema de iluminaci\u00f3n tiene un consumo de energ\u00eda extremadamente bajo, que no afecta al rendimiento normal de almacenamiento de la unidad USB, pero a\u00f1ade al producto una caracter\u00edstica de inspiraci\u00f3n tecnol\u00f3gica visualmente impactante.<\/p>\n<\/div>\n<\/div>\n\n\n\n<div class=\"wp-block-columns is-layout-flex wp-container-core-columns-is-layout-2 wp-block-columns-is-layout-flex\">\n<div class=\"wp-block-column is-vertically-aligned-center is-layout-flow wp-block-column-is-layout-flow\">\n<p>Esta memoria USB iluminada de metal y madera integra ingeniosamente metal y madera veteada. Con un dise\u00f1o general elegante y minimalista, el ojo de cerradura de la parte superior permite combinarla f\u00e1cilmente con llaveros o cordones, lo que la convierte en un accesorio de moda para llevar encima.<\/p>\n\n\n\n<p>La pieza met\u00e1lica est\u00e1 fabricada en aleaci\u00f3n de alta calidad. Su superficie se somete a un proceso de pulido o cepillado, presentando un suave acabado brillante o mate. Presenta excelentes propiedades de resistencia a los golpes y al desgaste, capaz de soportar diversos golpes en el uso diario y mantener su exquisito aspecto durante mucho tiempo.<\/p>\n\n\n\n<p>La parte de madera veteada est\u00e1 hecha de madera maciza seleccionada de primera calidad. La veta de cada pieza de madera es natural, lo que hace que cada unidad USB sea \u00fanica. La superficie de madera veteada se somete a m\u00faltiples procesos de pulido y barnizado, que no solo conservan el veteado natural de la madera, sino que tambi\u00e9n mejoran su resistencia al agua y a las manchas.<\/p>\n<\/div>\n\n\n\n<div class=\"wp-block-column is-vertically-aligned-center is-layout-flow wp-block-column-is-layout-flow\">\n<figure class=\"wp-block-image size-full\"><img decoding=\"async\" width=\"800\" height=\"800\" src=\"https:\/\/www.yousanusb.com\/wp-content\/uploads\/2025\/10\/custom-metal-usb-flash-drive.png\" alt=\"\" class=\"wp-image-22685\" srcset=\"https:\/\/www.yousanusb.com\/wp-content\/uploads\/2025\/10\/custom-metal-usb-flash-drive.png 800w, https:\/\/www.yousanusb.com\/wp-content\/uploads\/2025\/10\/custom-metal-usb-flash-drive-300x300.png 300w, https:\/\/www.yousanusb.com\/wp-content\/uploads\/2025\/10\/custom-metal-usb-flash-drive-150x150.png 150w, https:\/\/www.yousanusb.com\/wp-content\/uploads\/2025\/10\/custom-metal-usb-flash-drive-768x768.png 768w, https:\/\/www.yousanusb.com\/wp-content\/uploads\/2025\/10\/custom-metal-usb-flash-drive-12x12.png 12w, https:\/\/www.yousanusb.com\/wp-content\/uploads\/2025\/10\/custom-metal-usb-flash-drive-600x600.png 600w, https:\/\/www.yousanusb.com\/wp-content\/uploads\/2025\/10\/custom-metal-usb-flash-drive-100x100.png 100w\" sizes=\"(max-width: 800px) 100vw, 800px\" \/><\/figure>\n<\/div>\n<\/div>\n\n\n\n<div class=\"wp-block-columns is-layout-flex wp-container-core-columns-is-layout-3 wp-block-columns-is-layout-flex\">\n<div class=\"wp-block-column is-vertically-aligned-center is-layout-flow wp-block-column-is-layout-flow\">\n<figure class=\"wp-block-image size-full\"><img decoding=\"async\" width=\"800\" height=\"800\" src=\"https:\/\/www.yousanusb.com\/wp-content\/uploads\/2025\/10\/Light-Up-Metal-USB-Flash-Drive.png\" alt=\"\" class=\"wp-image-22687\" srcset=\"https:\/\/www.yousanusb.com\/wp-content\/uploads\/2025\/10\/Light-Up-Metal-USB-Flash-Drive.png 800w, https:\/\/www.yousanusb.com\/wp-content\/uploads\/2025\/10\/Light-Up-Metal-USB-Flash-Drive-300x300.png 300w, https:\/\/www.yousanusb.com\/wp-content\/uploads\/2025\/10\/Light-Up-Metal-USB-Flash-Drive-150x150.png 150w, https:\/\/www.yousanusb.com\/wp-content\/uploads\/2025\/10\/Light-Up-Metal-USB-Flash-Drive-768x768.png 768w, https:\/\/www.yousanusb.com\/wp-content\/uploads\/2025\/10\/Light-Up-Metal-USB-Flash-Drive-12x12.png 12w, https:\/\/www.yousanusb.com\/wp-content\/uploads\/2025\/10\/Light-Up-Metal-USB-Flash-Drive-600x600.png 600w, https:\/\/www.yousanusb.com\/wp-content\/uploads\/2025\/10\/Light-Up-Metal-USB-Flash-Drive-100x100.png 100w\" sizes=\"(max-width: 800px) 100vw, 800px\" \/><\/figure>\n<\/div>\n\n\n\n<div class=\"wp-block-column is-vertically-aligned-center is-layout-flow wp-block-column-is-layout-flow\">\n<p>Las capacidades van de 8 GB a 256 GB, lo que permite una selecci\u00f3n flexible en funci\u00f3n de sus necesidades. Adopta chips de memoria flash de alta velocidad, lo que permite velocidades de lectura y escritura eficientes y estables para satisfacer los requisitos diarios de transferencias de archivos de gran tama\u00f1o y copias de seguridad de datos. Adem\u00e1s, es compatible con m\u00faltiples sistemas operativos, como Windows, Mac y Linux. Soporta la funcionalidad plug-and-play, sin necesidad de controladores adicionales. Con una alta seguridad de almacenamiento de datos, ofrece una garant\u00eda s\u00f3lida para la conservaci\u00f3n de archivos a largo plazo y un acceso c\u00f3modo.<\/p>\n<\/div>\n<\/div>","protected":false},"excerpt":{"rendered":"<ul>\n<li>Logotipo luminoso<\/li>\n<li>Dise\u00f1o sin tap\u00f3n con carcasa met\u00e1lica<\/li>\n<li>Impresi\u00f3n UV | Marcaje l\u00e1ser | Serigraf\u00eda<\/li>\n<li>A prueba de agua, golpes e imanes<\/li>\n<li>MOQ:100pcs<\/li>\n<\/ul>","protected":false},"featured_media":22686,"comment_status":"open","ping_status":"closed","template":"","meta":{"_seopress_robots_primary_cat":"","_seopress_titles_title":"","_seopress_titles_desc":"","_seopress_robots_index":""},"class_list":["post-22682","product","type-product","status-publish","has-post-thumbnail","hentry","product_cat-led-light-usb-flash-drive"],"_links":{"self":[{"href":"https:\/\/www.yousanusb.com\/es\/wp-json\/wp\/v2\/product\/22682"}],"collection":[{"href":"https:\/\/www.yousanusb.com\/es\/wp-json\/wp\/v2\/product"}],"about":[{"href":"https:\/\/www.yousanusb.com\/es\/wp-json\/wp\/v2\/types\/product"}],"replies":[{"embeddable":true,"href":"https:\/\/www.yousanusb.com\/es\/wp-json\/wp\/v2\/comments?post=22682"}],"wp:featuredmedia":[{"embeddable":true,"href":"https:\/\/www.yousanusb.com\/es\/wp-json\/wp\/v2\/media\/22686"}],"wp:attachment":[{"href":"https:\/\/www.yousanusb.com\/es\/wp-json\/wp\/v2\/media?parent=22682"}],"curies":[{"name":"wp","href":"https:\/\/api.w.org\/{rel}","templated":true}]}}