{"id":22689,"date":"2025-10-28T14:57:40","date_gmt":"2025-10-28T14:57:40","guid":{"rendered":"https:\/\/www.yousanusb.com\/?post_type=product&#038;p=22689"},"modified":"2025-10-30T12:39:09","modified_gmt":"2025-10-30T12:39:09","slug":"thin-metal-light-up-usb-flash-drive","status":"publish","type":"product","link":"https:\/\/www.yousanusb.com\/es\/producto\/thin-metal-light-up-usb-flash-drive\/","title":{"rendered":"Memoria USB delgada de metal con luz"},"content":{"rendered":"<div class=\"wp-block-columns is-layout-flex wp-container-core-columns-is-layout-1 wp-block-columns-is-layout-flex\">\n<div class=\"wp-block-column is-vertically-aligned-center is-layout-flow wp-block-column-is-layout-flow\">\n<p>La memoria USB iluminada de metal presenta un dise\u00f1o met\u00e1lico integrado, de aspecto elegante y sofisticado. Equipada con un llavero met\u00e1lico en la parte superior, se puede combinar f\u00e1cilmente con llaveros o cordones, convirtiendo la unidad USB en un pr\u00e1ctico accesorio de mano. Ya sea para viajes de negocios o desplazamientos diarios, puede guardarse sin esfuerzo para evitar p\u00e9rdidas. La zona del logotipo de la marca en el centro es lo m\u00e1s destacado del dise\u00f1o: cuando se activa la funci\u00f3n de iluminaci\u00f3n, el logotipo de la marca destaca de forma clara y prominente, mejorando al instante el reconocimiento de la marca. Es un excelente art\u00edculo promocional para regalos de empresa y promoci\u00f3n de marcas.<\/p>\n<\/div>\n\n\n\n<div class=\"wp-block-column is-layout-flow wp-block-column-is-layout-flow\">\n<figure class=\"wp-block-image size-full\"><img fetchpriority=\"high\" decoding=\"async\" width=\"800\" height=\"800\" src=\"https:\/\/www.yousanusb.com\/wp-content\/uploads\/2025\/10\/custom-metal-light-up-usb-flash-drive.jpeg\" alt=\"\" class=\"wp-image-22692\" srcset=\"https:\/\/www.yousanusb.com\/wp-content\/uploads\/2025\/10\/custom-metal-light-up-usb-flash-drive.jpeg 800w, https:\/\/www.yousanusb.com\/wp-content\/uploads\/2025\/10\/custom-metal-light-up-usb-flash-drive-300x300.jpeg 300w, https:\/\/www.yousanusb.com\/wp-content\/uploads\/2025\/10\/custom-metal-light-up-usb-flash-drive-150x150.jpeg 150w, https:\/\/www.yousanusb.com\/wp-content\/uploads\/2025\/10\/custom-metal-light-up-usb-flash-drive-768x768.jpeg 768w, https:\/\/www.yousanusb.com\/wp-content\/uploads\/2025\/10\/custom-metal-light-up-usb-flash-drive-12x12.jpeg 12w, https:\/\/www.yousanusb.com\/wp-content\/uploads\/2025\/10\/custom-metal-light-up-usb-flash-drive-600x600.jpeg 600w, https:\/\/www.yousanusb.com\/wp-content\/uploads\/2025\/10\/custom-metal-light-up-usb-flash-drive-100x100.jpeg 100w\" sizes=\"(max-width: 800px) 100vw, 800px\" \/><\/figure>\n<\/div>\n<\/div>\n\n\n\n<div class=\"wp-block-columns is-layout-flex wp-container-core-columns-is-layout-2 wp-block-columns-is-layout-flex\">\n<div class=\"wp-block-column is-layout-flow wp-block-column-is-layout-flow\">\n<figure class=\"wp-block-image size-full\"><img decoding=\"async\" width=\"800\" height=\"800\" src=\"https:\/\/www.yousanusb.com\/wp-content\/uploads\/2025\/10\/Thin-Metal-Light-Up-USB-Flash-Drive.jpeg\" alt=\"\" class=\"wp-image-22695\" srcset=\"https:\/\/www.yousanusb.com\/wp-content\/uploads\/2025\/10\/Thin-Metal-Light-Up-USB-Flash-Drive.jpeg 800w, https:\/\/www.yousanusb.com\/wp-content\/uploads\/2025\/10\/Thin-Metal-Light-Up-USB-Flash-Drive-300x300.jpeg 300w, https:\/\/www.yousanusb.com\/wp-content\/uploads\/2025\/10\/Thin-Metal-Light-Up-USB-Flash-Drive-150x150.jpeg 150w, https:\/\/www.yousanusb.com\/wp-content\/uploads\/2025\/10\/Thin-Metal-Light-Up-USB-Flash-Drive-768x768.jpeg 768w, https:\/\/www.yousanusb.com\/wp-content\/uploads\/2025\/10\/Thin-Metal-Light-Up-USB-Flash-Drive-12x12.jpeg 12w, https:\/\/www.yousanusb.com\/wp-content\/uploads\/2025\/10\/Thin-Metal-Light-Up-USB-Flash-Drive-600x600.jpeg 600w, https:\/\/www.yousanusb.com\/wp-content\/uploads\/2025\/10\/Thin-Metal-Light-Up-USB-Flash-Drive-100x100.jpeg 100w\" sizes=\"(max-width: 800px) 100vw, 800px\" \/><\/figure>\n<\/div>\n\n\n\n<div class=\"wp-block-column is-vertically-aligned-center is-layout-flow wp-block-column-is-layout-flow\">\n<p>La funci\u00f3n de iluminaci\u00f3n es una ventaja \u00fanica de esta memoria USB. Incorpora un m\u00f3dulo LED alimentado a trav\u00e9s de la interfaz USB, por lo que la zona del logotipo se ilumina autom\u00e1ticamente cuando la unidad se conecta a un dispositivo. El logotipo de la marca permanece claramente visible incluso en entornos con poca luz, lo que permite identificar r\u00e1pidamente la unidad USB. Su sistema de iluminaci\u00f3n tiene un consumo de energ\u00eda extremadamente bajo, que no afecta en absoluto al rendimiento de almacenamiento normal de la unidad. La zona de iluminaci\u00f3n LED de la parte frontal se puede personalizar con un logotipo, y la de la parte trasera, con un patr\u00f3n. Esto permite que su unidad USB muestre un estilo distintivo y consiga el efecto de una exposici\u00f3n promocional sostenida.<\/p>\n<\/div>\n<\/div>\n\n\n\n<div class=\"wp-block-columns is-layout-flex wp-container-core-columns-is-layout-3 wp-block-columns-is-layout-flex\">\n<div class=\"wp-block-column is-vertically-aligned-center is-layout-flow wp-block-column-is-layout-flow\">\n<p>El color de la luz LED tambi\u00e9n se puede personalizar. Los colores m\u00e1s populares son rojo, azul, verde, blanco, etc.<\/p>\n\n\n\n<p>Esta unidad flash USB est\u00e1 fabricada con una aleaci\u00f3n met\u00e1lica de alta calidad, que le confiere excelentes propiedades de resistencia a los golpes y al desgaste. Puede soportar varios golpes y abrasiones en el uso diario, manteniendo su exquisita apariencia durante mucho tiempo.<\/p>\n\n\n\n<p>Las capacidades van de 8 GB a 256 GB, lo que permite una selecci\u00f3n flexible en funci\u00f3n de las distintas necesidades. Adopta chips de memoria flash de alta velocidad, lo que permite velocidades de lectura y escritura eficientes y estables, que pueden satisfacer f\u00e1cilmente las necesidades diarias, como transferencias de archivos de gran tama\u00f1o y copias de seguridad de datos. Adem\u00e1s, es compatible con m\u00faltiples sistemas operativos, como Windows, Mac y Linux. Soporta la funcionalidad plug-and-play, sin necesidad de controladores adicionales.<\/p>\n<\/div>\n\n\n\n<div class=\"wp-block-column is-layout-flow wp-block-column-is-layout-flow\">\n<figure class=\"wp-block-image size-full\"><img decoding=\"async\" width=\"800\" height=\"800\" src=\"https:\/\/www.yousanusb.com\/wp-content\/uploads\/2025\/10\/Metal-Light-Up-USB-Flash-Drive.jpeg\" alt=\"\" class=\"wp-image-22693\" srcset=\"https:\/\/www.yousanusb.com\/wp-content\/uploads\/2025\/10\/Metal-Light-Up-USB-Flash-Drive.jpeg 800w, https:\/\/www.yousanusb.com\/wp-content\/uploads\/2025\/10\/Metal-Light-Up-USB-Flash-Drive-300x300.jpeg 300w, https:\/\/www.yousanusb.com\/wp-content\/uploads\/2025\/10\/Metal-Light-Up-USB-Flash-Drive-150x150.jpeg 150w, https:\/\/www.yousanusb.com\/wp-content\/uploads\/2025\/10\/Metal-Light-Up-USB-Flash-Drive-768x768.jpeg 768w, https:\/\/www.yousanusb.com\/wp-content\/uploads\/2025\/10\/Metal-Light-Up-USB-Flash-Drive-12x12.jpeg 12w, https:\/\/www.yousanusb.com\/wp-content\/uploads\/2025\/10\/Metal-Light-Up-USB-Flash-Drive-600x600.jpeg 600w, https:\/\/www.yousanusb.com\/wp-content\/uploads\/2025\/10\/Metal-Light-Up-USB-Flash-Drive-100x100.jpeg 100w\" sizes=\"(max-width: 800px) 100vw, 800px\" \/><\/figure>\n<\/div>\n<\/div>","protected":false},"excerpt":{"rendered":"<ul>\n<li>Dise\u00f1o sin tap\u00f3n con carcasa met\u00e1lica<\/li>\n<li>Logotipo luminoso<\/li>\n<li>Impresi\u00f3n UV | Marcaje l\u00e1ser | Serigraf\u00eda<\/li>\n<li>A prueba de agua, golpes e imanes<\/li>\n<li>MOQ:100pcs<\/li>\n<\/ul>","protected":false},"featured_media":22694,"comment_status":"open","ping_status":"closed","template":"","meta":{"_seopress_robots_primary_cat":"","_seopress_titles_title":"","_seopress_titles_desc":"","_seopress_robots_index":""},"class_list":["post-22689","product","type-product","status-publish","has-post-thumbnail","hentry","product_cat-led-light-usb-flash-drive"],"_links":{"self":[{"href":"https:\/\/www.yousanusb.com\/es\/wp-json\/wp\/v2\/product\/22689"}],"collection":[{"href":"https:\/\/www.yousanusb.com\/es\/wp-json\/wp\/v2\/product"}],"about":[{"href":"https:\/\/www.yousanusb.com\/es\/wp-json\/wp\/v2\/types\/product"}],"replies":[{"embeddable":true,"href":"https:\/\/www.yousanusb.com\/es\/wp-json\/wp\/v2\/comments?post=22689"}],"wp:featuredmedia":[{"embeddable":true,"href":"https:\/\/www.yousanusb.com\/es\/wp-json\/wp\/v2\/media\/22694"}],"wp:attachment":[{"href":"https:\/\/www.yousanusb.com\/es\/wp-json\/wp\/v2\/media?parent=22689"}],"curies":[{"name":"wp","href":"https:\/\/api.w.org\/{rel}","templated":true}]}}