{"id":22727,"date":"2025-10-29T07:57:14","date_gmt":"2025-10-29T07:57:14","guid":{"rendered":"https:\/\/www.yousanusb.com\/?post_type=product&#038;p=22727"},"modified":"2025-10-30T12:39:56","modified_gmt":"2025-10-30T12:39:56","slug":"light-up-usb-flash-drive-with-leather-strap","status":"publish","type":"product","link":"https:\/\/www.yousanusb.com\/es\/producto\/light-up-usb-flash-drive-with-leather-strap\/","title":{"rendered":"Memoria USB luminosa con correa de piel"},"content":{"rendered":"<div class=\"wp-block-columns is-layout-flex wp-container-core-columns-is-layout-1 wp-block-columns-is-layout-flex\">\n<div class=\"wp-block-column is-layout-flow wp-block-column-is-layout-flow\">\n<figure class=\"wp-block-image size-full\"><img fetchpriority=\"high\" decoding=\"async\" width=\"800\" height=\"800\" src=\"https:\/\/www.yousanusb.com\/wp-content\/uploads\/2025\/10\/lather-light-up-usb-flash-drive.jpeg\" alt=\"\" class=\"wp-image-22732\" srcset=\"https:\/\/www.yousanusb.com\/wp-content\/uploads\/2025\/10\/lather-light-up-usb-flash-drive.jpeg 800w, https:\/\/www.yousanusb.com\/wp-content\/uploads\/2025\/10\/lather-light-up-usb-flash-drive-300x300.jpeg 300w, https:\/\/www.yousanusb.com\/wp-content\/uploads\/2025\/10\/lather-light-up-usb-flash-drive-150x150.jpeg 150w, https:\/\/www.yousanusb.com\/wp-content\/uploads\/2025\/10\/lather-light-up-usb-flash-drive-768x768.jpeg 768w, https:\/\/www.yousanusb.com\/wp-content\/uploads\/2025\/10\/lather-light-up-usb-flash-drive-12x12.jpeg 12w, https:\/\/www.yousanusb.com\/wp-content\/uploads\/2025\/10\/lather-light-up-usb-flash-drive-600x600.jpeg 600w, https:\/\/www.yousanusb.com\/wp-content\/uploads\/2025\/10\/lather-light-up-usb-flash-drive-100x100.jpeg 100w\" sizes=\"(max-width: 800px) 100vw, 800px\" \/><\/figure>\n<\/div>\n\n\n\n<div class=\"wp-block-column is-vertically-aligned-center is-layout-flow wp-block-column-is-layout-flow\">\n<p>Esta memoria USB luminosa con correa de cuero viene con una correa de cuero marr\u00f3n, que puede engancharse f\u00e1cilmente a llaveros, mochilas y otros objetos, lo que facilita su transporte y reduce en gran medida el riesgo de p\u00e9rdida. El cuerpo principal de la unidad USB es rectangular, de pl\u00e1stico resistente, que puede proteger eficazmente los componentes de almacenamiento interno.<\/p>\n\n\n\n<p>La funci\u00f3n de iluminaci\u00f3n es especialmente llamativa. Cuando la unidad USB est\u00e1 conectada a un ordenador, la zona del LOGO en la parte frontal se ilumina autom\u00e1ticamente, y el color de la iluminaci\u00f3n se puede personalizar. Por ejemplo, los logotipos de Microsoft y Miele pueden mostrar efectos de iluminaci\u00f3n exclusivos, que son visualmente llamativos y pueden reflejar intuitivamente el estado de funcionamiento del dispositivo.<\/p>\n<\/div>\n<\/div>\n\n\n\n<div class=\"wp-block-columns is-layout-flex wp-container-core-columns-is-layout-2 wp-block-columns-is-layout-flex\">\n<div class=\"wp-block-column is-vertically-aligned-center is-layout-flow wp-block-column-is-layout-flow\">\n<p>El servicio de personalizaci\u00f3n es muy flexible. El color de la carrocer\u00eda puede personalizarse, con opciones como verde, azul, blanco, negro, rojo y m\u00e1s, adecuadas para diferentes preferencias de estilo. El color de iluminaci\u00f3n del LOGO puede personalizarse, y tambi\u00e9n pueden personalizarse logotipos de marcas o dise\u00f1os exclusivos en la parte trasera. Marcas como Starbucks, Unilever, Samsung y Coca-Cola pueden presentarse de este modo, lo que no s\u00f3lo satisface las necesidades empresariales de promoci\u00f3n de marcas corporativas, sino que tambi\u00e9n satisface la b\u00fasqueda personal de individualidad de los usuarios individuales.<\/p>\n<\/div>\n\n\n\n<div class=\"wp-block-column is-layout-flow wp-block-column-is-layout-flow\">\n<figure class=\"wp-block-image size-full\"><img decoding=\"async\" width=\"800\" height=\"800\" src=\"https:\/\/www.yousanusb.com\/wp-content\/uploads\/2025\/10\/Plastic-light-up-usb-flash-drive.jpeg\" alt=\"\" class=\"wp-image-22735\" srcset=\"https:\/\/www.yousanusb.com\/wp-content\/uploads\/2025\/10\/Plastic-light-up-usb-flash-drive.jpeg 800w, https:\/\/www.yousanusb.com\/wp-content\/uploads\/2025\/10\/Plastic-light-up-usb-flash-drive-300x300.jpeg 300w, https:\/\/www.yousanusb.com\/wp-content\/uploads\/2025\/10\/Plastic-light-up-usb-flash-drive-150x150.jpeg 150w, https:\/\/www.yousanusb.com\/wp-content\/uploads\/2025\/10\/Plastic-light-up-usb-flash-drive-768x768.jpeg 768w, https:\/\/www.yousanusb.com\/wp-content\/uploads\/2025\/10\/Plastic-light-up-usb-flash-drive-12x12.jpeg 12w, https:\/\/www.yousanusb.com\/wp-content\/uploads\/2025\/10\/Plastic-light-up-usb-flash-drive-600x600.jpeg 600w, https:\/\/www.yousanusb.com\/wp-content\/uploads\/2025\/10\/Plastic-light-up-usb-flash-drive-100x100.jpeg 100w\" sizes=\"(max-width: 800px) 100vw, 800px\" \/><\/figure>\n<\/div>\n<\/div>\n\n\n\n<div class=\"wp-block-columns is-layout-flex wp-container-core-columns-is-layout-3 wp-block-columns-is-layout-flex\">\n<div class=\"wp-block-column is-layout-flow wp-block-column-is-layout-flow\">\n<figure class=\"wp-block-image size-full\"><img decoding=\"async\" width=\"800\" height=\"800\" src=\"https:\/\/www.yousanusb.com\/wp-content\/uploads\/2025\/10\/light-up-USB-drive.jpeg\" alt=\"\" class=\"wp-image-22733\" srcset=\"https:\/\/www.yousanusb.com\/wp-content\/uploads\/2025\/10\/light-up-USB-drive.jpeg 800w, https:\/\/www.yousanusb.com\/wp-content\/uploads\/2025\/10\/light-up-USB-drive-300x300.jpeg 300w, https:\/\/www.yousanusb.com\/wp-content\/uploads\/2025\/10\/light-up-USB-drive-150x150.jpeg 150w, https:\/\/www.yousanusb.com\/wp-content\/uploads\/2025\/10\/light-up-USB-drive-768x768.jpeg 768w, https:\/\/www.yousanusb.com\/wp-content\/uploads\/2025\/10\/light-up-USB-drive-12x12.jpeg 12w, https:\/\/www.yousanusb.com\/wp-content\/uploads\/2025\/10\/light-up-USB-drive-600x600.jpeg 600w, https:\/\/www.yousanusb.com\/wp-content\/uploads\/2025\/10\/light-up-USB-drive-100x100.jpeg 100w\" sizes=\"(max-width: 800px) 100vw, 800px\" \/><\/figure>\n<\/div>\n\n\n\n<div class=\"wp-block-column is-vertically-aligned-center is-layout-flow wp-block-column-is-layout-flow\">\n<p>Cuenta con las capacidades b\u00e1sicas de almacenamiento y transferencia de una unidad flash USB, es compatible con los est\u00e1ndares USB y admite la funcionalidad plug-and-play sin necesidad de instalar controladores adicionales. Tanto si se trata de documentos y hojas de c\u00e1lculo en situaciones de oficina como de fotos personales y archivos de v\u00eddeo, puede almacenarlos de forma eficiente, satisfaciendo las necesidades b\u00e1sicas de la gesti\u00f3n diaria de datos. En t\u00e9rminos de rendimiento de almacenamiento profesional, se adhiere estrictamente a los est\u00e1ndares de la industria, garantizando una lectura y escritura de datos estable y fiable, al tiempo que salvaguarda eficazmente la seguridad de los datos. Es adecuado para diversos escenarios, como la transmisi\u00f3n de documentos empresariales y el almacenamiento a largo plazo de datos personales.<\/p>\n<\/div>\n<\/div>\n\n\n\n<p>El color del cuerpo principal de la memoria USB es personalizable y abarca opciones de colores populares como verde, azul, blanco, negro y rojo. Las empresas pueden elegir un color que combine con sus propios logotipos e identidades de marca.<\/p>\n\n\n\n<div class=\"wp-block-columns is-layout-flex wp-container-core-columns-is-layout-4 wp-block-columns-is-layout-flex\">\n<div class=\"wp-block-column is-layout-flow wp-block-column-is-layout-flow\">\n<figure class=\"wp-block-image size-large\"><img loading=\"lazy\" decoding=\"async\" width=\"687\" height=\"1024\" src=\"https:\/\/www.yousanusb.com\/wp-content\/uploads\/2025\/10\/Customizable-Personalized-LightUp-USB-Drive-687x1024.jpeg\" alt=\"\" class=\"wp-image-22731\" srcset=\"https:\/\/www.yousanusb.com\/wp-content\/uploads\/2025\/10\/Customizable-Personalized-LightUp-USB-Drive-687x1024.jpeg 687w, https:\/\/www.yousanusb.com\/wp-content\/uploads\/2025\/10\/Customizable-Personalized-LightUp-USB-Drive-201x300.jpeg 201w, https:\/\/www.yousanusb.com\/wp-content\/uploads\/2025\/10\/Customizable-Personalized-LightUp-USB-Drive-8x12.jpeg 8w, https:\/\/www.yousanusb.com\/wp-content\/uploads\/2025\/10\/Customizable-Personalized-LightUp-USB-Drive-600x895.jpeg 600w, https:\/\/www.yousanusb.com\/wp-content\/uploads\/2025\/10\/Customizable-Personalized-LightUp-USB-Drive.jpeg 751w\" sizes=\"(max-width: 687px) 100vw, 687px\" \/><\/figure>\n<\/div>\n\n\n\n<div class=\"wp-block-column is-layout-flow wp-block-column-is-layout-flow\">\n<figure class=\"wp-block-image size-large\"><img loading=\"lazy\" decoding=\"async\" width=\"686\" height=\"1024\" src=\"https:\/\/www.yousanusb.com\/wp-content\/uploads\/2025\/10\/custom-plastic-light-up-usb-flash-drive-686x1024.jpeg\" alt=\"\" class=\"wp-image-22730\" srcset=\"https:\/\/www.yousanusb.com\/wp-content\/uploads\/2025\/10\/custom-plastic-light-up-usb-flash-drive-686x1024.jpeg 686w, https:\/\/www.yousanusb.com\/wp-content\/uploads\/2025\/10\/custom-plastic-light-up-usb-flash-drive-201x300.jpeg 201w, https:\/\/www.yousanusb.com\/wp-content\/uploads\/2025\/10\/custom-plastic-light-up-usb-flash-drive-8x12.jpeg 8w, https:\/\/www.yousanusb.com\/wp-content\/uploads\/2025\/10\/custom-plastic-light-up-usb-flash-drive-600x896.jpeg 600w, https:\/\/www.yousanusb.com\/wp-content\/uploads\/2025\/10\/custom-plastic-light-up-usb-flash-drive.jpeg 750w\" sizes=\"(max-width: 686px) 100vw, 686px\" \/><\/figure>\n<\/div>\n<\/div>","protected":false},"excerpt":{"rendered":"<ul>\n<li>Material pl\u00e1stico<\/li>\n<li>Pen drive luminoso<\/li>\n<li>Impresi\u00f3n UV | Marcaje l\u00e1ser | Serigraf\u00eda<\/li>\n<li>Unidad USB con llamativo efecto de logotipo iluminado<\/li>\n<li>MOQ:100pcs<\/li>\n<\/ul>","protected":false},"featured_media":22732,"comment_status":"open","ping_status":"closed","template":"","meta":{"_seopress_robots_primary_cat":"","_seopress_titles_title":"","_seopress_titles_desc":"","_seopress_robots_index":""},"class_list":["post-22727","product","type-product","status-publish","has-post-thumbnail","hentry","product_cat-led-light-usb-flash-drive"],"_links":{"self":[{"href":"https:\/\/www.yousanusb.com\/es\/wp-json\/wp\/v2\/product\/22727"}],"collection":[{"href":"https:\/\/www.yousanusb.com\/es\/wp-json\/wp\/v2\/product"}],"about":[{"href":"https:\/\/www.yousanusb.com\/es\/wp-json\/wp\/v2\/types\/product"}],"replies":[{"embeddable":true,"href":"https:\/\/www.yousanusb.com\/es\/wp-json\/wp\/v2\/comments?post=22727"}],"wp:featuredmedia":[{"embeddable":true,"href":"https:\/\/www.yousanusb.com\/es\/wp-json\/wp\/v2\/media\/22732"}],"wp:attachment":[{"href":"https:\/\/www.yousanusb.com\/es\/wp-json\/wp\/v2\/media?parent=22727"}],"curies":[{"name":"wp","href":"https:\/\/api.w.org\/{rel}","templated":true}]}}