{"id":23071,"date":"2025-10-30T12:24:46","date_gmt":"2025-10-30T12:24:46","guid":{"rendered":"https:\/\/www.yousanusb.com\/?post_type=product&#038;p=23071"},"modified":"2025-11-03T02:45:42","modified_gmt":"2025-11-03T02:45:42","slug":"long-strip-metal-plug-usb-flash-drive","status":"publish","type":"product","link":"https:\/\/www.yousanusb.com\/es\/producto\/long-strip-metal-plug-usb-flash-drive\/","title":{"rendered":"Memoria USB con conector met\u00e1lico"},"content":{"rendered":"<div class=\"wp-block-columns is-layout-flex wp-container-core-columns-is-layout-1 wp-block-columns-is-layout-flex\">\n<div class=\"wp-block-column is-layout-flow wp-block-column-is-layout-flow\">\n<figure class=\"wp-block-image size-full\"><img fetchpriority=\"high\" decoding=\"async\" width=\"800\" height=\"800\" src=\"https:\/\/www.yousanusb.com\/wp-content\/uploads\/2025\/10\/Plug-in-Long-Strip-light-up-USB-Flash-Drive.jpeg\" alt=\"\" class=\"wp-image-23078\" srcset=\"https:\/\/www.yousanusb.com\/wp-content\/uploads\/2025\/10\/Plug-in-Long-Strip-light-up-USB-Flash-Drive.jpeg 800w, https:\/\/www.yousanusb.com\/wp-content\/uploads\/2025\/10\/Plug-in-Long-Strip-light-up-USB-Flash-Drive-300x300.jpeg 300w, https:\/\/www.yousanusb.com\/wp-content\/uploads\/2025\/10\/Plug-in-Long-Strip-light-up-USB-Flash-Drive-150x150.jpeg 150w, https:\/\/www.yousanusb.com\/wp-content\/uploads\/2025\/10\/Plug-in-Long-Strip-light-up-USB-Flash-Drive-768x768.jpeg 768w, https:\/\/www.yousanusb.com\/wp-content\/uploads\/2025\/10\/Plug-in-Long-Strip-light-up-USB-Flash-Drive-12x12.jpeg 12w, https:\/\/www.yousanusb.com\/wp-content\/uploads\/2025\/10\/Plug-in-Long-Strip-light-up-USB-Flash-Drive-600x600.jpeg 600w, https:\/\/www.yousanusb.com\/wp-content\/uploads\/2025\/10\/Plug-in-Long-Strip-light-up-USB-Flash-Drive-100x100.jpeg 100w\" sizes=\"(max-width: 800px) 100vw, 800px\" \/><\/figure>\n<\/div>\n\n\n\n<div class=\"wp-block-column is-vertically-aligned-center is-layout-flow wp-block-column-is-layout-flow\">\n<p>La memoria USB con conector met\u00e1lico de tira larga presenta una estructura compacta de tira larga con un orificio para colgar en la parte superior. Es compatible con accesorios como llaveros y cordones, lo que facilita su transporte y almacenamiento. Al adoptar un dise\u00f1o de conexi\u00f3n directa, puede conectarse directamente al puerto USB de los dispositivos para la transferencia de datos, ofreciendo un funcionamiento c\u00f3modo y sin componentes fr\u00e1giles para reducir el riesgo de da\u00f1os f\u00edsicos. <\/p>\n\n\n\n<p>Disponible en capacidades de almacenamiento de 8 GB, 16 GB, 32 GB y 64 GB, con interfaces USB 2.0 o USB 3.0 opcionales, satisface diversas necesidades de almacenamiento y transferencia de datos. Garantiza la lectura y escritura eficiente de archivos como documentos, fotos y v\u00eddeos, mejorando la eficiencia del procesamiento de datos.<\/p>\n<\/div>\n<\/div>\n\n\n\n<p>Su cuerpo est\u00e1 hecho de metal de alta resistencia, con una excelente resistencia al desgaste y a los impactos. Puede resistir eficazmente los golpes y ara\u00f1azos diarios, garantizando la estabilidad a largo plazo de la estructura f\u00edsica y proporcionando un soporte de hardware fiable para el almacenamiento de datos. Est\u00e1 disponible en dos colores, negro y plateado, para satisfacer las necesidades est\u00e9ticas de los distintos usuarios y los requisitos de tono visual de las marcas corporativas.<\/p>\n\n\n\n<div class=\"wp-block-columns is-layout-flex wp-container-core-columns-is-layout-2 wp-block-columns-is-layout-flex\">\n<div class=\"wp-block-column is-layout-flow wp-block-column-is-layout-flow\">\n<figure class=\"wp-block-image size-full\"><img decoding=\"async\" width=\"800\" height=\"800\" src=\"https:\/\/www.yousanusb.com\/wp-content\/uploads\/2025\/10\/black-metal-LED-logo-Flash-Disk.jpeg\" alt=\"\" class=\"wp-image-23074\" srcset=\"https:\/\/www.yousanusb.com\/wp-content\/uploads\/2025\/10\/black-metal-LED-logo-Flash-Disk.jpeg 800w, https:\/\/www.yousanusb.com\/wp-content\/uploads\/2025\/10\/black-metal-LED-logo-Flash-Disk-300x300.jpeg 300w, https:\/\/www.yousanusb.com\/wp-content\/uploads\/2025\/10\/black-metal-LED-logo-Flash-Disk-150x150.jpeg 150w, https:\/\/www.yousanusb.com\/wp-content\/uploads\/2025\/10\/black-metal-LED-logo-Flash-Disk-768x768.jpeg 768w, https:\/\/www.yousanusb.com\/wp-content\/uploads\/2025\/10\/black-metal-LED-logo-Flash-Disk-12x12.jpeg 12w, https:\/\/www.yousanusb.com\/wp-content\/uploads\/2025\/10\/black-metal-LED-logo-Flash-Disk-600x600.jpeg 600w, https:\/\/www.yousanusb.com\/wp-content\/uploads\/2025\/10\/black-metal-LED-logo-Flash-Disk-100x100.jpeg 100w\" sizes=\"(max-width: 800px) 100vw, 800px\" \/><\/figure>\n<\/div>\n\n\n\n<div class=\"wp-block-column is-layout-flow wp-block-column-is-layout-flow\">\n<figure class=\"wp-block-image size-full\"><img decoding=\"async\" width=\"800\" height=\"800\" src=\"https:\/\/www.yousanusb.com\/wp-content\/uploads\/2025\/10\/metal-LED-logo-Flash-Disk.jpeg\" alt=\"\" class=\"wp-image-23076\" srcset=\"https:\/\/www.yousanusb.com\/wp-content\/uploads\/2025\/10\/metal-LED-logo-Flash-Disk.jpeg 800w, https:\/\/www.yousanusb.com\/wp-content\/uploads\/2025\/10\/metal-LED-logo-Flash-Disk-300x300.jpeg 300w, https:\/\/www.yousanusb.com\/wp-content\/uploads\/2025\/10\/metal-LED-logo-Flash-Disk-150x150.jpeg 150w, https:\/\/www.yousanusb.com\/wp-content\/uploads\/2025\/10\/metal-LED-logo-Flash-Disk-768x768.jpeg 768w, https:\/\/www.yousanusb.com\/wp-content\/uploads\/2025\/10\/metal-LED-logo-Flash-Disk-12x12.jpeg 12w, https:\/\/www.yousanusb.com\/wp-content\/uploads\/2025\/10\/metal-LED-logo-Flash-Disk-600x600.jpeg 600w, https:\/\/www.yousanusb.com\/wp-content\/uploads\/2025\/10\/metal-LED-logo-Flash-Disk-100x100.jpeg 100w\" sizes=\"(max-width: 800px) 100vw, 800px\" \/><\/figure>\n<\/div>\n<\/div>\n\n\n\n<div class=\"wp-block-columns is-layout-flex wp-container-core-columns-is-layout-3 wp-block-columns-is-layout-flex\">\n<div class=\"wp-block-column is-vertically-aligned-center is-layout-flow wp-block-column-is-layout-flow\">\n<p>El logotipo luminoso utiliza tecnolog\u00eda LED. Cuando se enciende la memoria USB, se ilumina la zona del logotipo en la parte frontal. Se puede personalizar en varios colores, como rojo, azul, verde y morado, y el contenido del logotipo se puede personalizar con logotipos de marca, texto, etc., seg\u00fan sea necesario. El efecto de brillo mejora significativamente el reconocimiento de la marca y refuerza su visibilidad en escenarios empresariales.<\/p>\n\n\n\n<p>La parte trasera presenta una amplia zona personalizable. Los logotipos, esl\u00f3ganes, motivos y otros elementos de la marca pueden presentarse mediante procesos como la serigraf\u00eda y el grabado por l\u00e1ser. Proporciona a las empresas suficiente espacio para exponer su marca, es adecuado para regalos de empresa y promoci\u00f3n de marcas, y permite la difusi\u00f3n a largo plazo de informaci\u00f3n sobre la marca.<\/p>\n<\/div>\n\n\n\n<div class=\"wp-block-column is-layout-flow wp-block-column-is-layout-flow\">\n<figure class=\"wp-block-image size-full\"><img loading=\"lazy\" decoding=\"async\" width=\"800\" height=\"800\" src=\"https:\/\/www.yousanusb.com\/wp-content\/uploads\/2025\/10\/metal-light-up-usb-flash-drive-4.jpeg\" alt=\"\" class=\"wp-image-23077\" srcset=\"https:\/\/www.yousanusb.com\/wp-content\/uploads\/2025\/10\/metal-light-up-usb-flash-drive-4.jpeg 800w, https:\/\/www.yousanusb.com\/wp-content\/uploads\/2025\/10\/metal-light-up-usb-flash-drive-4-300x300.jpeg 300w, https:\/\/www.yousanusb.com\/wp-content\/uploads\/2025\/10\/metal-light-up-usb-flash-drive-4-150x150.jpeg 150w, https:\/\/www.yousanusb.com\/wp-content\/uploads\/2025\/10\/metal-light-up-usb-flash-drive-4-768x768.jpeg 768w, https:\/\/www.yousanusb.com\/wp-content\/uploads\/2025\/10\/metal-light-up-usb-flash-drive-4-12x12.jpeg 12w, https:\/\/www.yousanusb.com\/wp-content\/uploads\/2025\/10\/metal-light-up-usb-flash-drive-4-600x600.jpeg 600w, https:\/\/www.yousanusb.com\/wp-content\/uploads\/2025\/10\/metal-light-up-usb-flash-drive-4-100x100.jpeg 100w\" sizes=\"(max-width: 800px) 100vw, 800px\" \/><\/figure>\n<\/div>\n<\/div>","protected":false},"excerpt":{"rendered":"<ul>\n<li>Memoria USB luminosa<\/li>\n<li>Logotipo personalizado Memoria USB para regalo de promoci\u00f3n<\/li>\n<li>Serigraf\u00eda, Grabado l\u00e1ser, Logotipo luminoso<\/li>\n<li>CE,RoHS,FCC<\/li>\n<li>MOQ:100pcs<\/li>\n<\/ul>","protected":false},"featured_media":23078,"comment_status":"open","ping_status":"closed","template":"","meta":{"_seopress_robots_primary_cat":"","_seopress_titles_title":"","_seopress_titles_desc":"","_seopress_robots_index":""},"class_list":["post-23071","product","type-product","status-publish","has-post-thumbnail","hentry","product_cat-led-light-usb-flash-drive"],"_links":{"self":[{"href":"https:\/\/www.yousanusb.com\/es\/wp-json\/wp\/v2\/product\/23071"}],"collection":[{"href":"https:\/\/www.yousanusb.com\/es\/wp-json\/wp\/v2\/product"}],"about":[{"href":"https:\/\/www.yousanusb.com\/es\/wp-json\/wp\/v2\/types\/product"}],"replies":[{"embeddable":true,"href":"https:\/\/www.yousanusb.com\/es\/wp-json\/wp\/v2\/comments?post=23071"}],"wp:featuredmedia":[{"embeddable":true,"href":"https:\/\/www.yousanusb.com\/es\/wp-json\/wp\/v2\/media\/23078"}],"wp:attachment":[{"href":"https:\/\/www.yousanusb.com\/es\/wp-json\/wp\/v2\/media?parent=23071"}],"curies":[{"name":"wp","href":"https:\/\/api.w.org\/{rel}","templated":true}]}}