{"id":23192,"date":"2025-10-31T02:48:44","date_gmt":"2025-10-31T02:48:44","guid":{"rendered":"https:\/\/www.yousanusb.com\/?post_type=product&#038;p=23192"},"modified":"2025-10-31T02:50:45","modified_gmt":"2025-10-31T02:50:45","slug":"usb3-0-type-c-usb-flash-chip","status":"publish","type":"product","link":"https:\/\/www.yousanusb.com\/es\/producto\/usb3-0-type-c-usb-flash-chip\/","title":{"rendered":"USB3.0 Tipo-c USB Flash Chip"},"content":{"rendered":"<p>Esta serie presenta dos modelos, ambos equipados con interfaces USB 3.0 de alta velocidad. Un modelo combina USB con Type-C, mientras que el otro empareja USB con funcionalidad OTG. Son compatibles con unidades flash 2 en 1 OTG o unidades flash para tel\u00e9fonos m\u00f3viles.<\/p>\n\n\n\n<div class=\"wp-block-columns is-layout-flex wp-container-core-columns-is-layout-1 wp-block-columns-is-layout-flex\">\n<div class=\"wp-block-column is-layout-flow wp-block-column-is-layout-flow\">\n<figure class=\"wp-block-image size-full\"><img fetchpriority=\"high\" decoding=\"async\" width=\"800\" height=\"800\" src=\"https:\/\/www.yousanusb.com\/wp-content\/uploads\/2025\/10\/USB3.1Type-c-flash-otg.webp\" alt=\"\" class=\"wp-image-23196\" srcset=\"https:\/\/www.yousanusb.com\/wp-content\/uploads\/2025\/10\/USB3.1Type-c-flash-otg.webp 800w, https:\/\/www.yousanusb.com\/wp-content\/uploads\/2025\/10\/USB3.1Type-c-flash-otg-300x300.webp 300w, https:\/\/www.yousanusb.com\/wp-content\/uploads\/2025\/10\/USB3.1Type-c-flash-otg-150x150.webp 150w, https:\/\/www.yousanusb.com\/wp-content\/uploads\/2025\/10\/USB3.1Type-c-flash-otg-768x768.webp 768w, https:\/\/www.yousanusb.com\/wp-content\/uploads\/2025\/10\/USB3.1Type-c-flash-otg-12x12.webp 12w, https:\/\/www.yousanusb.com\/wp-content\/uploads\/2025\/10\/USB3.1Type-c-flash-otg-600x600.webp 600w, https:\/\/www.yousanusb.com\/wp-content\/uploads\/2025\/10\/USB3.1Type-c-flash-otg-100x100.webp 100w\" sizes=\"(max-width: 800px) 100vw, 800px\" \/><\/figure>\n<\/div>\n\n\n\n<div class=\"wp-block-column is-layout-flow wp-block-column-is-layout-flow\">\n<p>Lugar de origen: Shenzhen China<\/p>\n\n\n\n<p>Certificaci\u00f3n: CE\/FCC\/ROHS<\/p>\n\n\n\n<p>Cantidad m\u00ednima de pedido: 100 unidades<\/p>\n\n\n\n<p>Capacidad de suministro: 100000PCS al mes<\/p>\n\n\n\n<p>Controladores: SMI, Alcor, CBM, Phison, etc.<\/p>\n\n\n\n<p>Funciones: Almacenamiento de datos, soporte de almacenamiento<\/p>\n\n\n\n<p>Garant\u00eda: 1 a\u00f1o<\/p>\n\n\n\n<p>Chip: Chip Flash de clase A<\/p>\n\n\n\n<p>Flash Grado: Grado A<\/p>\n<\/div>\n<\/div>\n\n\n\n<p>En PCBA, comprendemos la importancia de contar con un chip flash USB fiable y funcional para sus necesidades empresariales. Por eso ofrecemos una amplia gama de servicios de personalizaci\u00f3n para satisfacer sus necesidades espec\u00edficas,Nuestros chips flash USB est\u00e1n fabricados con chips flash de clase A, lo que garantiza un alto rendimiento y durabilidad. Tambi\u00e9n ofrecemos 1 a\u00f1o de garant\u00eda para su tranquilidad.<\/p>\n\n\n\n<div class=\"wp-block-columns is-layout-flex wp-container-core-columns-is-layout-2 wp-block-columns-is-layout-flex\">\n<div class=\"wp-block-column is-layout-flow wp-block-column-is-layout-flow\">\n<figure class=\"wp-block-image size-full\"><img decoding=\"async\" width=\"800\" height=\"800\" src=\"https:\/\/www.yousanusb.com\/wp-content\/uploads\/2025\/10\/USB3.1Type-c-flash-wholesale.webp\" alt=\"\" class=\"wp-image-23197\" srcset=\"https:\/\/www.yousanusb.com\/wp-content\/uploads\/2025\/10\/USB3.1Type-c-flash-wholesale.webp 800w, https:\/\/www.yousanusb.com\/wp-content\/uploads\/2025\/10\/USB3.1Type-c-flash-wholesale-300x300.webp 300w, https:\/\/www.yousanusb.com\/wp-content\/uploads\/2025\/10\/USB3.1Type-c-flash-wholesale-150x150.webp 150w, https:\/\/www.yousanusb.com\/wp-content\/uploads\/2025\/10\/USB3.1Type-c-flash-wholesale-768x768.webp 768w, https:\/\/www.yousanusb.com\/wp-content\/uploads\/2025\/10\/USB3.1Type-c-flash-wholesale-12x12.webp 12w, https:\/\/www.yousanusb.com\/wp-content\/uploads\/2025\/10\/USB3.1Type-c-flash-wholesale-600x600.webp 600w, https:\/\/www.yousanusb.com\/wp-content\/uploads\/2025\/10\/USB3.1Type-c-flash-wholesale-100x100.webp 100w\" sizes=\"(max-width: 800px) 100vw, 800px\" \/><\/figure>\n<\/div>\n\n\n\n<div class=\"wp-block-column is-layout-flow wp-block-column-is-layout-flow\">\n<figure class=\"wp-block-image size-full\"><img decoding=\"async\" width=\"800\" height=\"800\" src=\"https:\/\/www.yousanusb.com\/wp-content\/uploads\/2025\/10\/USB3.1Type-c-flash-drive.webp\" alt=\"\" class=\"wp-image-23195\" srcset=\"https:\/\/www.yousanusb.com\/wp-content\/uploads\/2025\/10\/USB3.1Type-c-flash-drive.webp 800w, https:\/\/www.yousanusb.com\/wp-content\/uploads\/2025\/10\/USB3.1Type-c-flash-drive-300x300.webp 300w, https:\/\/www.yousanusb.com\/wp-content\/uploads\/2025\/10\/USB3.1Type-c-flash-drive-150x150.webp 150w, https:\/\/www.yousanusb.com\/wp-content\/uploads\/2025\/10\/USB3.1Type-c-flash-drive-768x768.webp 768w, https:\/\/www.yousanusb.com\/wp-content\/uploads\/2025\/10\/USB3.1Type-c-flash-drive-12x12.webp 12w, https:\/\/www.yousanusb.com\/wp-content\/uploads\/2025\/10\/USB3.1Type-c-flash-drive-600x600.webp 600w, https:\/\/www.yousanusb.com\/wp-content\/uploads\/2025\/10\/USB3.1Type-c-flash-drive-100x100.webp 100w\" sizes=\"(max-width: 800px) 100vw, 800px\" \/><\/figure>\n<\/div>\n<\/div>","protected":false},"excerpt":{"rendered":"<ul>\n<li>USB3.0<\/li>\n<li>Chip USB Flash<\/li>\n<li>Tipo-c + USB<\/li>\n<li>OTG +USB<\/li>\n<li>MOQ:100pcs<\/li>\n<\/ul>","protected":false},"featured_media":23196,"comment_status":"open","ping_status":"closed","template":"","meta":{"_seopress_robots_primary_cat":"","_seopress_titles_title":"USB3.0 Type-c USB Flash Chip Supplier in Bulk Price","_seopress_titles_desc":"This series features two models, both equipped with USB 3.0 high-speed interfaces. One model combines USB with Type-C, while the other pairs USB with OTG functionality.","_seopress_robots_index":""},"class_list":["post-23192","product","type-product","status-publish","has-post-thumbnail","hentry","product_cat-usb-flash-drive-chips"],"_links":{"self":[{"href":"https:\/\/www.yousanusb.com\/es\/wp-json\/wp\/v2\/product\/23192"}],"collection":[{"href":"https:\/\/www.yousanusb.com\/es\/wp-json\/wp\/v2\/product"}],"about":[{"href":"https:\/\/www.yousanusb.com\/es\/wp-json\/wp\/v2\/types\/product"}],"replies":[{"embeddable":true,"href":"https:\/\/www.yousanusb.com\/es\/wp-json\/wp\/v2\/comments?post=23192"}],"wp:featuredmedia":[{"embeddable":true,"href":"https:\/\/www.yousanusb.com\/es\/wp-json\/wp\/v2\/media\/23196"}],"wp:attachment":[{"href":"https:\/\/www.yousanusb.com\/es\/wp-json\/wp\/v2\/media?parent=23192"}],"curies":[{"name":"wp","href":"https:\/\/api.w.org\/{rel}","templated":true}]}}