{"id":23296,"date":"2025-11-03T03:52:01","date_gmt":"2025-11-03T03:52:01","guid":{"rendered":"https:\/\/www.yousanusb.com\/?post_type=product&#038;p=23296"},"modified":"2025-11-04T03:23:10","modified_gmt":"2025-11-04T03:23:10","slug":"cartoon-wall-e-keychain","status":"publish","type":"product","link":"https:\/\/www.yousanusb.com\/es\/producto\/cartoon-wall-e-keychain\/","title":{"rendered":"Llavero WALL-E de dibujos animados"},"content":{"rendered":"<div class=\"wp-block-columns is-layout-flex wp-container-core-columns-is-layout-1 wp-block-columns-is-layout-flex\">\n<div class=\"wp-block-column is-layout-flow wp-block-column-is-layout-flow\">\n<figure class=\"wp-block-image size-full\"><img fetchpriority=\"high\" decoding=\"async\" width=\"800\" height=\"800\" src=\"https:\/\/www.yousanusb.com\/wp-content\/uploads\/2025\/11\/wall-e-POP-keychain.webp\" alt=\"\" class=\"wp-image-23302\" srcset=\"https:\/\/www.yousanusb.com\/wp-content\/uploads\/2025\/11\/wall-e-POP-keychain.webp 800w, https:\/\/www.yousanusb.com\/wp-content\/uploads\/2025\/11\/wall-e-POP-keychain-300x300.webp 300w, https:\/\/www.yousanusb.com\/wp-content\/uploads\/2025\/11\/wall-e-POP-keychain-150x150.webp 150w, https:\/\/www.yousanusb.com\/wp-content\/uploads\/2025\/11\/wall-e-POP-keychain-768x768.webp 768w, https:\/\/www.yousanusb.com\/wp-content\/uploads\/2025\/11\/wall-e-POP-keychain-12x12.webp 12w, https:\/\/www.yousanusb.com\/wp-content\/uploads\/2025\/11\/wall-e-POP-keychain-600x600.webp 600w, https:\/\/www.yousanusb.com\/wp-content\/uploads\/2025\/11\/wall-e-POP-keychain-100x100.webp 100w\" sizes=\"(max-width: 800px) 100vw, 800px\" \/><\/figure>\n<\/div>\n\n\n\n<div class=\"wp-block-column is-vertically-aligned-center is-layout-flow wp-block-column-is-layout-flow\">\n<p>OUSAN, fabricante de llaveros, ha lanzado una bonita serie de llaveros de dibujos animados de WALL-E. Hay 2 estilos distintos disponibles:Llavero WALL\u30fbE,Llavero EVE.<\/p>\n\n\n\n<p>Este llavero presenta a los adorables personajes WALL-E y EVE de la pel\u00edcula, capturando a la perfecci\u00f3n su aspecto encantador y juguet\u00f3n. Es un coleccionable ideal para los fans de Pixar y para cualquiera a quien le gusten las cosas monas.<\/p>\n\n\n\n<p>El llavero incluye un llavero met\u00e1lico, un cierre de langosta, una figurita de WALL-E o EVE y una mu\u00f1equera. Tanto la mu\u00f1equera como la figurita admiten dise\u00f1os personalizados.<\/p>\n\n\n\n<p>La zona en blanco de la parte posterior puede personalizarse con logotipos u otros motivos.<\/p>\n<\/div>\n<\/div>\n\n\n\n<p>El mu\u00f1eco WALL-E del llavero mide 5,9 cm de largo y tiene un di\u00e1metro de 4,3 cm.El mu\u00f1eco EVE del llavero mide 5,5 cm de largo y tiene un di\u00e1metro de 4 cm.La mu\u00f1equera de PVC mide 10,5 cm de largo.Fabricado en PVC blando, presenta colores brillantes y detalles fieles a los dibujos animados, lo que lo convierte en uno de los favoritos de los fans de la animaci\u00f3n y los coleccionistas de accesorios simp\u00e1ticos.<\/p>\n\n\n\n<div class=\"wp-block-columns is-layout-flex wp-container-core-columns-is-layout-2 wp-block-columns-is-layout-flex\">\n<div class=\"wp-block-column is-layout-flow wp-block-column-is-layout-flow\"><div class=\"wp-block-image\">\n<figure class=\"aligncenter size-full\"><img decoding=\"async\" width=\"800\" height=\"800\" src=\"https:\/\/www.yousanusb.com\/wp-content\/uploads\/2025\/11\/Wall-E-Keychain.webp\" alt=\"\" class=\"wp-image-23301\" srcset=\"https:\/\/www.yousanusb.com\/wp-content\/uploads\/2025\/11\/Wall-E-Keychain.webp 800w, https:\/\/www.yousanusb.com\/wp-content\/uploads\/2025\/11\/Wall-E-Keychain-300x300.webp 300w, https:\/\/www.yousanusb.com\/wp-content\/uploads\/2025\/11\/Wall-E-Keychain-150x150.webp 150w, https:\/\/www.yousanusb.com\/wp-content\/uploads\/2025\/11\/Wall-E-Keychain-768x768.webp 768w, https:\/\/www.yousanusb.com\/wp-content\/uploads\/2025\/11\/Wall-E-Keychain-12x12.webp 12w, https:\/\/www.yousanusb.com\/wp-content\/uploads\/2025\/11\/Wall-E-Keychain-600x600.webp 600w, https:\/\/www.yousanusb.com\/wp-content\/uploads\/2025\/11\/Wall-E-Keychain-100x100.webp 100w\" sizes=\"(max-width: 800px) 100vw, 800px\" \/><figcaption class=\"wp-element-caption\">Llavero WALL\u30fbE<\/figcaption><\/figure><\/div><\/div>\n\n\n\n<div class=\"wp-block-column is-layout-flow wp-block-column-is-layout-flow\"><div class=\"wp-block-image\">\n<figure class=\"aligncenter size-full\"><img decoding=\"async\" width=\"800\" height=\"800\" src=\"https:\/\/www.yousanusb.com\/wp-content\/uploads\/2025\/11\/Wall-E-3D-Keychain.webp\" alt=\"\" class=\"wp-image-23303\" srcset=\"https:\/\/www.yousanusb.com\/wp-content\/uploads\/2025\/11\/Wall-E-3D-Keychain.webp 800w, https:\/\/www.yousanusb.com\/wp-content\/uploads\/2025\/11\/Wall-E-3D-Keychain-300x300.webp 300w, https:\/\/www.yousanusb.com\/wp-content\/uploads\/2025\/11\/Wall-E-3D-Keychain-150x150.webp 150w, https:\/\/www.yousanusb.com\/wp-content\/uploads\/2025\/11\/Wall-E-3D-Keychain-768x768.webp 768w, https:\/\/www.yousanusb.com\/wp-content\/uploads\/2025\/11\/Wall-E-3D-Keychain-12x12.webp 12w, https:\/\/www.yousanusb.com\/wp-content\/uploads\/2025\/11\/Wall-E-3D-Keychain-600x600.webp 600w, https:\/\/www.yousanusb.com\/wp-content\/uploads\/2025\/11\/Wall-E-3D-Keychain-100x100.webp 100w\" sizes=\"(max-width: 800px) 100vw, 800px\" \/><figcaption class=\"wp-element-caption\">WALL-E Tama\u00f1o llavero<\/figcaption><\/figure><\/div><\/div>\n<\/div>\n\n\n\n<div class=\"wp-block-columns is-layout-flex wp-container-core-columns-is-layout-3 wp-block-columns-is-layout-flex\">\n<div class=\"wp-block-column is-layout-flow wp-block-column-is-layout-flow\"><div class=\"wp-block-image\">\n<figure class=\"aligncenter size-full\"><img loading=\"lazy\" decoding=\"async\" width=\"800\" height=\"800\" src=\"https:\/\/www.yousanusb.com\/wp-content\/uploads\/2025\/11\/robot-keychain.webp\" alt=\"\" class=\"wp-image-23299\" srcset=\"https:\/\/www.yousanusb.com\/wp-content\/uploads\/2025\/11\/robot-keychain.webp 800w, https:\/\/www.yousanusb.com\/wp-content\/uploads\/2025\/11\/robot-keychain-300x300.webp 300w, https:\/\/www.yousanusb.com\/wp-content\/uploads\/2025\/11\/robot-keychain-150x150.webp 150w, https:\/\/www.yousanusb.com\/wp-content\/uploads\/2025\/11\/robot-keychain-768x768.webp 768w, https:\/\/www.yousanusb.com\/wp-content\/uploads\/2025\/11\/robot-keychain-12x12.webp 12w, https:\/\/www.yousanusb.com\/wp-content\/uploads\/2025\/11\/robot-keychain-600x600.webp 600w, https:\/\/www.yousanusb.com\/wp-content\/uploads\/2025\/11\/robot-keychain-100x100.webp 100w\" sizes=\"(max-width: 800px) 100vw, 800px\" \/><figcaption class=\"wp-element-caption\">Llavero EVE<\/figcaption><\/figure><\/div><\/div>\n\n\n\n<div class=\"wp-block-column is-layout-flow wp-block-column-is-layout-flow\"><div class=\"wp-block-image\">\n<figure class=\"aligncenter size-full\"><img loading=\"lazy\" decoding=\"async\" width=\"800\" height=\"800\" src=\"https:\/\/www.yousanusb.com\/wp-content\/uploads\/2025\/11\/Wall-E-Eve-3D-KeyChain.webp\" alt=\"\" class=\"wp-image-23304\" srcset=\"https:\/\/www.yousanusb.com\/wp-content\/uploads\/2025\/11\/Wall-E-Eve-3D-KeyChain.webp 800w, https:\/\/www.yousanusb.com\/wp-content\/uploads\/2025\/11\/Wall-E-Eve-3D-KeyChain-300x300.webp 300w, https:\/\/www.yousanusb.com\/wp-content\/uploads\/2025\/11\/Wall-E-Eve-3D-KeyChain-150x150.webp 150w, https:\/\/www.yousanusb.com\/wp-content\/uploads\/2025\/11\/Wall-E-Eve-3D-KeyChain-768x768.webp 768w, https:\/\/www.yousanusb.com\/wp-content\/uploads\/2025\/11\/Wall-E-Eve-3D-KeyChain-12x12.webp 12w, https:\/\/www.yousanusb.com\/wp-content\/uploads\/2025\/11\/Wall-E-Eve-3D-KeyChain-600x600.webp 600w, https:\/\/www.yousanusb.com\/wp-content\/uploads\/2025\/11\/Wall-E-Eve-3D-KeyChain-100x100.webp 100w\" sizes=\"(max-width: 800px) 100vw, 800px\" \/><figcaption class=\"wp-element-caption\">eve tama\u00f1o llavero<\/figcaption><\/figure><\/div><\/div>\n<\/div>\n\n\n\n<p>Este adorable llavero de WALL-E y EVE combina a la perfecci\u00f3n un encanto adorable con una calidad excepcional, recreando fielmente sus ic\u00f3nicas apariciones en la pel\u00edcula. No solo sirve como llavero o portacredenciales, sino tambi\u00e9n como adorable colgante para el bolso. <\/p>\n\n\n\n<p>Con m\u00e1s de 14 a\u00f1os de experiencia profesional en la fabricaci\u00f3n de llaveros, YouShan Company mantiene un estricto control de calidad, ofreciendo productos de primera calidad a precios altamente competitivos. Para pedidos personalizados, p\u00f3ngase en contacto con nuestro equipo de atenci\u00f3n al cliente en cualquier momento.<\/p>","protected":false},"excerpt":{"rendered":"<ul>\n<li>Llavero de dibujos animados WALL-E &amp; EVE<\/li>\n<li>Adorable y de gran calidad<\/li>\n<li>Llavero o colgante para bolso perfecto<\/li>\n<li>PVC blando<\/li>\n<li>MOQ:200pcs<\/li>\n<\/ul>","protected":false},"featured_media":23301,"comment_status":"open","ping_status":"closed","template":"","meta":{"_seopress_robots_primary_cat":"","_seopress_titles_title":"","_seopress_titles_desc":"","_seopress_robots_index":""},"class_list":["post-23296","product","type-product","status-publish","has-post-thumbnail","hentry","product_cat-3d-rubber-key-chain"],"_links":{"self":[{"href":"https:\/\/www.yousanusb.com\/es\/wp-json\/wp\/v2\/product\/23296"}],"collection":[{"href":"https:\/\/www.yousanusb.com\/es\/wp-json\/wp\/v2\/product"}],"about":[{"href":"https:\/\/www.yousanusb.com\/es\/wp-json\/wp\/v2\/types\/product"}],"replies":[{"embeddable":true,"href":"https:\/\/www.yousanusb.com\/es\/wp-json\/wp\/v2\/comments?post=23296"}],"wp:featuredmedia":[{"embeddable":true,"href":"https:\/\/www.yousanusb.com\/es\/wp-json\/wp\/v2\/media\/23301"}],"wp:attachment":[{"href":"https:\/\/www.yousanusb.com\/es\/wp-json\/wp\/v2\/media?parent=23296"}],"curies":[{"name":"wp","href":"https:\/\/api.w.org\/{rel}","templated":true}]}}