{"id":23306,"date":"2025-11-03T06:51:59","date_gmt":"2025-11-03T06:51:59","guid":{"rendered":"https:\/\/www.yousanusb.com\/?post_type=product&#038;p=23306"},"modified":"2025-11-04T03:22:41","modified_gmt":"2025-11-04T03:22:41","slug":"cute-cartoon-super-mario-mushroom-keychain","status":"publish","type":"product","link":"https:\/\/www.yousanusb.com\/es\/producto\/cute-cartoon-super-mario-mushroom-keychain\/","title":{"rendered":"Lindo llavero de Super Mario seta de dibujos animados"},"content":{"rendered":"<div class=\"wp-block-columns is-layout-flex wp-container-core-columns-is-layout-1 wp-block-columns-is-layout-flex\">\n<div class=\"wp-block-column is-layout-flow wp-block-column-is-layout-flow\">\n<figure class=\"wp-block-image size-full\"><img fetchpriority=\"high\" decoding=\"async\" width=\"800\" height=\"800\" src=\"https:\/\/www.yousanusb.com\/wp-content\/uploads\/2025\/11\/super-mario-keychain.webp\" alt=\"\" class=\"wp-image-23314\" srcset=\"https:\/\/www.yousanusb.com\/wp-content\/uploads\/2025\/11\/super-mario-keychain.webp 800w, https:\/\/www.yousanusb.com\/wp-content\/uploads\/2025\/11\/super-mario-keychain-300x300.webp 300w, https:\/\/www.yousanusb.com\/wp-content\/uploads\/2025\/11\/super-mario-keychain-150x150.webp 150w, https:\/\/www.yousanusb.com\/wp-content\/uploads\/2025\/11\/super-mario-keychain-768x768.webp 768w, https:\/\/www.yousanusb.com\/wp-content\/uploads\/2025\/11\/super-mario-keychain-12x12.webp 12w, https:\/\/www.yousanusb.com\/wp-content\/uploads\/2025\/11\/super-mario-keychain-600x600.webp 600w, https:\/\/www.yousanusb.com\/wp-content\/uploads\/2025\/11\/super-mario-keychain-100x100.webp 100w\" sizes=\"(max-width: 800px) 100vw, 800px\" \/><\/figure>\n<\/div>\n\n\n\n<div class=\"wp-block-column is-vertically-aligned-center is-layout-flow wp-block-column-is-layout-flow\">\n<p>YOUSAN, un fabricante de llavero, ha puesto en marcha una nueva serie Cartooon Super Mario llavero del colgante de la mu\u00f1eca. El dise\u00f1o principal: Super Mario llavero con diferentes ropas y setas de diferentes colores, hay 3 estilos distintos disponibles: Super Mario llavero seta roja, Super Mario llavero seta verde, Super Mario llavero seta rosa.<\/p>\n\n\n\n<p>Este llavero de Super Mario tiene el dise\u00f1o de uno de los personajes m\u00e1s emblem\u00e1ticos de Nintendo. Inspirado en elementos cl\u00e1sicos del juego, este llavero de Mario Champi\u00f1\u00f3n se ha convertido en un accesorio imprescindible, apreciado por su aspecto mono y chic y sus exquisitos detalles.<\/p>\n\n\n\n<p>Este llavero consta de un llavero met\u00e1lico, un cierre de langosta, un accesorio en forma de seta, un mu\u00f1eco con forma de Super Mario y una mu\u00f1equera. Tanto la mu\u00f1equera como el mu\u00f1eco admiten dise\u00f1os personalizados.<\/p>\n<\/div>\n<\/div>\n\n\n\n<hr class=\"wp-block-separator alignwide has-alpha-channel-opacity\"\/>\n\n\n\n<p>A\u00f1ade un toque de diversi\u00f3n a tus llaves con este simp\u00e1tico llavero de Super Mario, fabricado en resistente PVC ecol\u00f3gico.El n\u00facleo de este dise\u00f1o es Mario: su gorro redondo en forma de seta est\u00e1 adornado con lunares de distintos colores, y lleva un peque\u00f1o chaleco de la misma familia crom\u00e1tica que estos lunares.El mu\u00f1eco de Super Mario del llavero mide 6,5 cm de largo y tiene un di\u00e1metro de 3,5 cm.La correa de PVC para la mu\u00f1eca mide 10,5 cm de largo.<\/p>\n\n\n\n<div class=\"wp-block-columns is-layout-flex wp-container-core-columns-is-layout-2 wp-block-columns-is-layout-flex\">\n<div class=\"wp-block-column is-layout-flow wp-block-column-is-layout-flow\"><div class=\"wp-block-image\">\n<figure class=\"aligncenter size-full\"><img decoding=\"async\" width=\"800\" height=\"800\" src=\"https:\/\/www.yousanusb.com\/wp-content\/uploads\/2025\/11\/green-super-mario-keychains.webp\" alt=\"\" class=\"wp-image-23310\" srcset=\"https:\/\/www.yousanusb.com\/wp-content\/uploads\/2025\/11\/green-super-mario-keychains.webp 800w, https:\/\/www.yousanusb.com\/wp-content\/uploads\/2025\/11\/green-super-mario-keychains-300x300.webp 300w, https:\/\/www.yousanusb.com\/wp-content\/uploads\/2025\/11\/green-super-mario-keychains-150x150.webp 150w, https:\/\/www.yousanusb.com\/wp-content\/uploads\/2025\/11\/green-super-mario-keychains-768x768.webp 768w, https:\/\/www.yousanusb.com\/wp-content\/uploads\/2025\/11\/green-super-mario-keychains-12x12.webp 12w, https:\/\/www.yousanusb.com\/wp-content\/uploads\/2025\/11\/green-super-mario-keychains-600x600.webp 600w, https:\/\/www.yousanusb.com\/wp-content\/uploads\/2025\/11\/green-super-mario-keychains-100x100.webp 100w\" sizes=\"(max-width: 800px) 100vw, 800px\" \/><figcaption class=\"wp-element-caption\">Llavero Mario Champi\u00f1\u00f3n Verde<\/figcaption><\/figure><\/div><\/div>\n\n\n\n<div class=\"wp-block-column is-layout-flow wp-block-column-is-layout-flow\"><div class=\"wp-block-image\">\n<figure class=\"aligncenter size-full\"><img decoding=\"async\" width=\"800\" height=\"800\" src=\"https:\/\/www.yousanusb.com\/wp-content\/uploads\/2025\/11\/mushroom-keychain.webp\" alt=\"\" class=\"wp-image-23311\" srcset=\"https:\/\/www.yousanusb.com\/wp-content\/uploads\/2025\/11\/mushroom-keychain.webp 800w, https:\/\/www.yousanusb.com\/wp-content\/uploads\/2025\/11\/mushroom-keychain-300x300.webp 300w, https:\/\/www.yousanusb.com\/wp-content\/uploads\/2025\/11\/mushroom-keychain-150x150.webp 150w, https:\/\/www.yousanusb.com\/wp-content\/uploads\/2025\/11\/mushroom-keychain-768x768.webp 768w, https:\/\/www.yousanusb.com\/wp-content\/uploads\/2025\/11\/mushroom-keychain-12x12.webp 12w, https:\/\/www.yousanusb.com\/wp-content\/uploads\/2025\/11\/mushroom-keychain-600x600.webp 600w, https:\/\/www.yousanusb.com\/wp-content\/uploads\/2025\/11\/mushroom-keychain-100x100.webp 100w\" sizes=\"(max-width: 800px) 100vw, 800px\" \/><figcaption class=\"wp-element-caption\">Llavero Mario Champi\u00f1\u00f3n Rosa<\/figcaption><\/figure><\/div><\/div>\n\n\n\n<div class=\"wp-block-column is-layout-flow wp-block-column-is-layout-flow\"><div class=\"wp-block-image\">\n<figure class=\"aligncenter size-full\"><img loading=\"lazy\" decoding=\"async\" width=\"800\" height=\"800\" src=\"https:\/\/www.yousanusb.com\/wp-content\/uploads\/2025\/11\/red-Super-Mario-keychain.webp\" alt=\"\" class=\"wp-image-23312\" srcset=\"https:\/\/www.yousanusb.com\/wp-content\/uploads\/2025\/11\/red-Super-Mario-keychain.webp 800w, https:\/\/www.yousanusb.com\/wp-content\/uploads\/2025\/11\/red-Super-Mario-keychain-300x300.webp 300w, https:\/\/www.yousanusb.com\/wp-content\/uploads\/2025\/11\/red-Super-Mario-keychain-150x150.webp 150w, https:\/\/www.yousanusb.com\/wp-content\/uploads\/2025\/11\/red-Super-Mario-keychain-768x768.webp 768w, https:\/\/www.yousanusb.com\/wp-content\/uploads\/2025\/11\/red-Super-Mario-keychain-12x12.webp 12w, https:\/\/www.yousanusb.com\/wp-content\/uploads\/2025\/11\/red-Super-Mario-keychain-600x600.webp 600w, https:\/\/www.yousanusb.com\/wp-content\/uploads\/2025\/11\/red-Super-Mario-keychain-100x100.webp 100w\" sizes=\"(max-width: 800px) 100vw, 800px\" \/><figcaption class=\"wp-element-caption\">Llavero Mario Champi\u00f1\u00f3n Rojo<\/figcaption><\/figure><\/div><\/div>\n<\/div>\n\n\n\n<div class=\"wp-block-columns is-layout-flex wp-container-core-columns-is-layout-3 wp-block-columns-is-layout-flex\">\n<div class=\"wp-block-column is-layout-flow wp-block-column-is-layout-flow\">\n<figure class=\"wp-block-image size-full\"><img loading=\"lazy\" decoding=\"async\" width=\"800\" height=\"800\" src=\"https:\/\/www.yousanusb.com\/wp-content\/uploads\/2025\/11\/super-mario-keychain-size.webp\" alt=\"\" class=\"wp-image-23313\" srcset=\"https:\/\/www.yousanusb.com\/wp-content\/uploads\/2025\/11\/super-mario-keychain-size.webp 800w, https:\/\/www.yousanusb.com\/wp-content\/uploads\/2025\/11\/super-mario-keychain-size-300x300.webp 300w, https:\/\/www.yousanusb.com\/wp-content\/uploads\/2025\/11\/super-mario-keychain-size-150x150.webp 150w, https:\/\/www.yousanusb.com\/wp-content\/uploads\/2025\/11\/super-mario-keychain-size-768x768.webp 768w, https:\/\/www.yousanusb.com\/wp-content\/uploads\/2025\/11\/super-mario-keychain-size-12x12.webp 12w, https:\/\/www.yousanusb.com\/wp-content\/uploads\/2025\/11\/super-mario-keychain-size-600x600.webp 600w, https:\/\/www.yousanusb.com\/wp-content\/uploads\/2025\/11\/super-mario-keychain-size-100x100.webp 100w\" sizes=\"(max-width: 800px) 100vw, 800px\" \/><\/figure>\n<\/div>\n\n\n\n<div class=\"wp-block-column is-vertically-aligned-center is-layout-flow wp-block-column-is-layout-flow\">\n<p>Peso del producto: unos 52g;Tama\u00f1o del producto: 6,5cm * 3,5cm<\/p>\n\n\n\n<p>El valor, el optimismo y el esp\u00edritu inquebrantable de Mario lo convierten en un s\u00edmbolo ic\u00f3nico que trasciende generaciones. Ya sea como objeto de colecci\u00f3n para los fans o para llevar a diario como compa\u00f1ero, este llavero te transporta instant\u00e1neamente a las alegres aventuras del Reino Champi\u00f1\u00f3n.<br>Como proveedor directo de f\u00e1brica,&nbsp;<strong>Youshan<\/strong>&nbsp;ofrece la compra al por mayor con precios favorables, lo que nos convierte en un socio ideal para vendedores de comercio electr\u00f3nico, tiendas f\u00edsicas y empresas de regalos.Tambi\u00e9n ofrece servicios flexibles de personalizaci\u00f3n-incluyendo LOGO, embalaje e.g..<\/p>\n<\/div>\n<\/div>","protected":false},"excerpt":{"rendered":"<ul>\n<li>PVC blando<\/li>\n<li>Rojo,Verde,Rosa<\/li>\n<li>Pulsera con logotipo personalizado<\/li>\n<li>Muchos colores a elegir<\/li>\n<li>MOQ:100pcs<\/li>\n<\/ul>","protected":false},"featured_media":23314,"comment_status":"open","ping_status":"closed","template":"","meta":{"_seopress_robots_primary_cat":"","_seopress_titles_title":"","_seopress_titles_desc":"","_seopress_robots_index":""},"class_list":["post-23306","product","type-product","status-publish","has-post-thumbnail","hentry","product_cat-3d-rubber-key-chain"],"_links":{"self":[{"href":"https:\/\/www.yousanusb.com\/es\/wp-json\/wp\/v2\/product\/23306"}],"collection":[{"href":"https:\/\/www.yousanusb.com\/es\/wp-json\/wp\/v2\/product"}],"about":[{"href":"https:\/\/www.yousanusb.com\/es\/wp-json\/wp\/v2\/types\/product"}],"replies":[{"embeddable":true,"href":"https:\/\/www.yousanusb.com\/es\/wp-json\/wp\/v2\/comments?post=23306"}],"wp:featuredmedia":[{"embeddable":true,"href":"https:\/\/www.yousanusb.com\/es\/wp-json\/wp\/v2\/media\/23314"}],"wp:attachment":[{"href":"https:\/\/www.yousanusb.com\/es\/wp-json\/wp\/v2\/media?parent=23306"}],"curies":[{"name":"wp","href":"https:\/\/api.w.org\/{rel}","templated":true}]}}