{"id":23315,"date":"2025-11-03T07:26:38","date_gmt":"2025-11-03T07:26:38","guid":{"rendered":"https:\/\/www.yousanusb.com\/?post_type=product&#038;p=23315"},"modified":"2025-11-04T03:22:33","modified_gmt":"2025-11-04T03:22:33","slug":"customized-3d-super-mario-keychain","status":"publish","type":"product","link":"https:\/\/www.yousanusb.com\/es\/producto\/customized-3d-super-mario-keychain\/","title":{"rendered":"Llavero personalizado 3D Super Mario"},"content":{"rendered":"<p>YOUSAN, fabricante de llaveros, ha lanzado un nuevo\u00a0<strong>Llavero Super Mario<\/strong>\u00a0serie. El dise\u00f1o principal: Super Mario llavero con ropa diferente, hay 4 estilos distintos disponibles: amarillo Super Mario llavero, verde Super Mario llavero, azul Super Mario llavero, rojo amarillo Super Mario llavero.<\/p>\n\n\n\n<div class=\"wp-block-columns is-layout-flex wp-container-core-columns-is-layout-1 wp-block-columns-is-layout-flex\">\n<div class=\"wp-block-column is-layout-flow wp-block-column-is-layout-flow\">\n<figure class=\"wp-block-image size-full\"><img fetchpriority=\"high\" decoding=\"async\" width=\"800\" height=\"800\" src=\"https:\/\/www.yousanusb.com\/wp-content\/uploads\/2025\/11\/custom-Super-Mario-keychain.webp\" alt=\"\" class=\"wp-image-23319\" srcset=\"https:\/\/www.yousanusb.com\/wp-content\/uploads\/2025\/11\/custom-Super-Mario-keychain.webp 800w, https:\/\/www.yousanusb.com\/wp-content\/uploads\/2025\/11\/custom-Super-Mario-keychain-300x300.webp 300w, https:\/\/www.yousanusb.com\/wp-content\/uploads\/2025\/11\/custom-Super-Mario-keychain-150x150.webp 150w, https:\/\/www.yousanusb.com\/wp-content\/uploads\/2025\/11\/custom-Super-Mario-keychain-768x768.webp 768w, https:\/\/www.yousanusb.com\/wp-content\/uploads\/2025\/11\/custom-Super-Mario-keychain-12x12.webp 12w, https:\/\/www.yousanusb.com\/wp-content\/uploads\/2025\/11\/custom-Super-Mario-keychain-600x600.webp 600w, https:\/\/www.yousanusb.com\/wp-content\/uploads\/2025\/11\/custom-Super-Mario-keychain-100x100.webp 100w\" sizes=\"(max-width: 800px) 100vw, 800px\" \/><\/figure>\n<\/div>\n\n\n\n<div class=\"wp-block-column is-vertically-aligned-center is-layout-flow wp-block-column-is-layout-flow\">\n<h3 class=\"wp-block-heading\">Llavero Super Mario de dibujos animados<\/h3>\n\n\n\n<p>El dise\u00f1o del&nbsp;<strong>Llavero Super Mario<\/strong>&nbsp;se inspira en uno de los personajes m\u00e1s emblem\u00e1ticos de los videojuegos de Nintendo. Mario, el fontanero italoamericano reconocible por su gorra roja y su mono azul, se ha convertido en un icono cultural mundial desde su creaci\u00f3n, y su influencia abarca m\u00faltiples \u00e1mbitos, como los videojuegos, el cine y la televisi\u00f3n, y los parques tem\u00e1ticos.<\/p>\n\n\n\n<p>Este llavero consta de un llavero met\u00e1lico, un cierre de langosta, un accesorio con forma de mario, un mu\u00f1eco con forma de Super Mario y una mu\u00f1equera. Tanto la mu\u00f1equera como el mu\u00f1eco admiten dise\u00f1os personalizados.<\/p>\n<\/div>\n<\/div>\n\n\n\n<hr class=\"wp-block-separator alignwide has-alpha-channel-opacity\"\/>\n\n\n\n<p><\/p>\n\n\n\n<p>A\u00f1ade un toque de diversi\u00f3n a tus llaves con este simp\u00e1tico llavero de Super Mario, fabricado en resistente PVC respetuoso con el medio ambiente.El dise\u00f1o muestra a Super Mario en su cl\u00e1sico papel de fontanero, luciendo su ic\u00f3nico aspecto: gorro rojo, mono azul, gran bigote y nariz redonda.El mu\u00f1eco de Super Mario del llavero mide 7 cm de largo y tiene un di\u00e1metro de 4,3 cm.La correa de PVC para la mu\u00f1eca mide 10 cm de largo.<\/p>\n\n\n\n<div class=\"wp-block-columns is-layout-flex wp-container-core-columns-is-layout-2 wp-block-columns-is-layout-flex\">\n<div class=\"wp-block-column is-layout-flow wp-block-column-is-layout-flow\"><div class=\"wp-block-image\">\n<figure class=\"aligncenter size-full\"><img decoding=\"async\" width=\"800\" height=\"800\" src=\"https:\/\/www.yousanusb.com\/wp-content\/uploads\/2025\/11\/yellow-super-mario-keychain.webp\" alt=\"\" class=\"wp-image-23324\" srcset=\"https:\/\/www.yousanusb.com\/wp-content\/uploads\/2025\/11\/yellow-super-mario-keychain.webp 800w, https:\/\/www.yousanusb.com\/wp-content\/uploads\/2025\/11\/yellow-super-mario-keychain-300x300.webp 300w, https:\/\/www.yousanusb.com\/wp-content\/uploads\/2025\/11\/yellow-super-mario-keychain-150x150.webp 150w, https:\/\/www.yousanusb.com\/wp-content\/uploads\/2025\/11\/yellow-super-mario-keychain-768x768.webp 768w, https:\/\/www.yousanusb.com\/wp-content\/uploads\/2025\/11\/yellow-super-mario-keychain-12x12.webp 12w, https:\/\/www.yousanusb.com\/wp-content\/uploads\/2025\/11\/yellow-super-mario-keychain-600x600.webp 600w, https:\/\/www.yousanusb.com\/wp-content\/uploads\/2025\/11\/yellow-super-mario-keychain-100x100.webp 100w\" sizes=\"(max-width: 800px) 100vw, 800px\" \/><figcaption class=\"wp-element-caption\">Super Mario amarillo<\/figcaption><\/figure><\/div>\n\n\n<p>Este creativo llavero de Mario lleva un sombrero amarillo y se pone un top amarillo combinado con su cl\u00e1sico mono rojo, captando v\u00edvidamente su estilo juguet\u00f3n. La correa amarilla luce un llamativo estampado de \"Mario\" y viene con un charm adicional de \"mini Mario sombrero amarillo\". Los detalles del charm recuerdan sutilmente al cuerpo principal del llavero, lo que resulta en un conjunto m\u00e1s armonioso.<\/p>\n<\/div>\n\n\n\n<div class=\"wp-block-column is-layout-flow wp-block-column-is-layout-flow\"><div class=\"wp-block-image\">\n<figure class=\"aligncenter size-full\"><img decoding=\"async\" width=\"800\" height=\"800\" src=\"https:\/\/www.yousanusb.com\/wp-content\/uploads\/2025\/11\/super-star-mario-keychain.webp\" alt=\"\" class=\"wp-image-23322\" srcset=\"https:\/\/www.yousanusb.com\/wp-content\/uploads\/2025\/11\/super-star-mario-keychain.webp 800w, https:\/\/www.yousanusb.com\/wp-content\/uploads\/2025\/11\/super-star-mario-keychain-300x300.webp 300w, https:\/\/www.yousanusb.com\/wp-content\/uploads\/2025\/11\/super-star-mario-keychain-150x150.webp 150w, https:\/\/www.yousanusb.com\/wp-content\/uploads\/2025\/11\/super-star-mario-keychain-768x768.webp 768w, https:\/\/www.yousanusb.com\/wp-content\/uploads\/2025\/11\/super-star-mario-keychain-12x12.webp 12w, https:\/\/www.yousanusb.com\/wp-content\/uploads\/2025\/11\/super-star-mario-keychain-600x600.webp 600w, https:\/\/www.yousanusb.com\/wp-content\/uploads\/2025\/11\/super-star-mario-keychain-100x100.webp 100w\" sizes=\"(max-width: 800px) 100vw, 800px\" \/><figcaption class=\"wp-element-caption\">Super Mario verde<\/figcaption><\/figure><\/div>\n\n\n<p>Este llavero verde de Mario presenta una gorra verde y un top a juego, combinados con un mono morado intenso para conseguir una combinaci\u00f3n de colores alegre y armoniosa. La correa verde viene con un divertido colgante \"Red Cap Mario Head\", que a\u00f1ade un toque creativo al dise\u00f1o.<\/p>\n<\/div>\n<\/div>\n\n\n\n<div class=\"wp-block-columns is-layout-flex wp-container-core-columns-is-layout-3 wp-block-columns-is-layout-flex\">\n<div class=\"wp-block-column is-layout-flow wp-block-column-is-layout-flow\"><div class=\"wp-block-image\">\n<figure class=\"aligncenter size-full\"><img loading=\"lazy\" decoding=\"async\" width=\"800\" height=\"800\" src=\"https:\/\/www.yousanusb.com\/wp-content\/uploads\/2025\/11\/blue-super-mario-keychain.webp\" alt=\"\" class=\"wp-image-23318\" srcset=\"https:\/\/www.yousanusb.com\/wp-content\/uploads\/2025\/11\/blue-super-mario-keychain.webp 800w, https:\/\/www.yousanusb.com\/wp-content\/uploads\/2025\/11\/blue-super-mario-keychain-300x300.webp 300w, https:\/\/www.yousanusb.com\/wp-content\/uploads\/2025\/11\/blue-super-mario-keychain-150x150.webp 150w, https:\/\/www.yousanusb.com\/wp-content\/uploads\/2025\/11\/blue-super-mario-keychain-768x768.webp 768w, https:\/\/www.yousanusb.com\/wp-content\/uploads\/2025\/11\/blue-super-mario-keychain-12x12.webp 12w, https:\/\/www.yousanusb.com\/wp-content\/uploads\/2025\/11\/blue-super-mario-keychain-600x600.webp 600w, https:\/\/www.yousanusb.com\/wp-content\/uploads\/2025\/11\/blue-super-mario-keychain-100x100.webp 100w\" sizes=\"(max-width: 800px) 100vw, 800px\" \/><figcaption class=\"wp-element-caption\">Super Mario azul<\/figcaption><\/figure><\/div>\n\n\n<p>Este llavero azul de Mario presenta un aspecto fresco: con una gorra azul combinada con una camisa azul a juego para conseguir una combinaci\u00f3n de colores armoniosa, mientras que el cl\u00e1sico mono rojo a\u00f1ade un toque vibrante. La correa azul a juego y el colgante \"Blue Cap Mario Head\" complementan a la perfecci\u00f3n el dise\u00f1o.<\/p>\n<\/div>\n\n\n\n<div class=\"wp-block-column is-layout-flow wp-block-column-is-layout-flow\"><div class=\"wp-block-image\">\n<figure class=\"aligncenter size-full\"><img loading=\"lazy\" decoding=\"async\" width=\"800\" height=\"800\" src=\"https:\/\/www.yousanusb.com\/wp-content\/uploads\/2025\/11\/super-mario-keychain-1.webp\" alt=\"\" class=\"wp-image-23320\" srcset=\"https:\/\/www.yousanusb.com\/wp-content\/uploads\/2025\/11\/super-mario-keychain-1.webp 800w, https:\/\/www.yousanusb.com\/wp-content\/uploads\/2025\/11\/super-mario-keychain-1-300x300.webp 300w, https:\/\/www.yousanusb.com\/wp-content\/uploads\/2025\/11\/super-mario-keychain-1-150x150.webp 150w, https:\/\/www.yousanusb.com\/wp-content\/uploads\/2025\/11\/super-mario-keychain-1-768x768.webp 768w, https:\/\/www.yousanusb.com\/wp-content\/uploads\/2025\/11\/super-mario-keychain-1-12x12.webp 12w, https:\/\/www.yousanusb.com\/wp-content\/uploads\/2025\/11\/super-mario-keychain-1-600x600.webp 600w, https:\/\/www.yousanusb.com\/wp-content\/uploads\/2025\/11\/super-mario-keychain-1-100x100.webp 100w\" sizes=\"(max-width: 800px) 100vw, 800px\" \/><figcaption class=\"wp-element-caption\">Super Mario rojo<\/figcaption><\/figure><\/div>\n\n\n<p>Este llavero cl\u00e1sico rojo y azul de Super Mario captura a la perfecci\u00f3n su aspecto ic\u00f3nico: la camiseta roja combinada con un mono azul, rematada por la caracter\u00edstica gorra roja con una llamativa \"M\" blanca. El dise\u00f1o recrea fielmente su inconfundible aspecto de juego. Una correa roja con la inscripci\u00f3n \"Mario\" completa el conjunto, junto con un peque\u00f1o colgante con la cl\u00e1sica cabeza de Mario. Juntos, ponen al aut\u00e9ntico Mario ante tus ojos.<\/p>\n<\/div>\n<\/div>","protected":false},"excerpt":{"rendered":"<ul>\n<li>PVC blando<\/li>\n<li>Llavero Mario<\/li>\n<li>Rojo\u3001Amarillo\u3001Azul\u3001Verde<\/li>\n<li>Pulsera con logotipo personalizado<\/li>\n<li>Muchos colores a elegir<\/li>\n<li>MOQ:100pcs<\/li>\n<li><\/li>\n<\/ul>","protected":false},"featured_media":23319,"comment_status":"open","ping_status":"closed","template":"","meta":{"_seopress_robots_primary_cat":"","_seopress_titles_title":"","_seopress_titles_desc":"","_seopress_robots_index":""},"class_list":["post-23315","product","type-product","status-publish","has-post-thumbnail","hentry","product_cat-3d-rubber-key-chain"],"_links":{"self":[{"href":"https:\/\/www.yousanusb.com\/es\/wp-json\/wp\/v2\/product\/23315"}],"collection":[{"href":"https:\/\/www.yousanusb.com\/es\/wp-json\/wp\/v2\/product"}],"about":[{"href":"https:\/\/www.yousanusb.com\/es\/wp-json\/wp\/v2\/types\/product"}],"replies":[{"embeddable":true,"href":"https:\/\/www.yousanusb.com\/es\/wp-json\/wp\/v2\/comments?post=23315"}],"wp:featuredmedia":[{"embeddable":true,"href":"https:\/\/www.yousanusb.com\/es\/wp-json\/wp\/v2\/media\/23319"}],"wp:attachment":[{"href":"https:\/\/www.yousanusb.com\/es\/wp-json\/wp\/v2\/media?parent=23315"}],"curies":[{"name":"wp","href":"https:\/\/api.w.org\/{rel}","templated":true}]}}