{"id":23325,"date":"2025-11-03T07:45:38","date_gmt":"2025-11-03T07:45:38","guid":{"rendered":"https:\/\/www.yousanusb.com\/?post_type=product&#038;p=23325"},"modified":"2025-11-04T03:22:24","modified_gmt":"2025-11-04T03:22:24","slug":"custom-cartoon-brown-bear-keychain","status":"publish","type":"product","link":"https:\/\/www.yousanusb.com\/es\/producto\/custom-cartoon-brown-bear-keychain\/","title":{"rendered":"Llavero personalizado oso pardo de dibujos animados"},"content":{"rendered":"<div class=\"wp-block-columns is-layout-flex wp-container-core-columns-is-layout-1 wp-block-columns-is-layout-flex\">\n<div class=\"wp-block-column is-layout-flow wp-block-column-is-layout-flow\">\n<figure class=\"wp-block-image size-full\"><img fetchpriority=\"high\" decoding=\"async\" width=\"800\" height=\"800\" src=\"https:\/\/www.yousanusb.com\/wp-content\/uploads\/2025\/11\/Brown-Bear-Keychain.webp\" alt=\"\" class=\"wp-image-23328\" srcset=\"https:\/\/www.yousanusb.com\/wp-content\/uploads\/2025\/11\/Brown-Bear-Keychain.webp 800w, https:\/\/www.yousanusb.com\/wp-content\/uploads\/2025\/11\/Brown-Bear-Keychain-300x300.webp 300w, https:\/\/www.yousanusb.com\/wp-content\/uploads\/2025\/11\/Brown-Bear-Keychain-150x150.webp 150w, https:\/\/www.yousanusb.com\/wp-content\/uploads\/2025\/11\/Brown-Bear-Keychain-768x768.webp 768w, https:\/\/www.yousanusb.com\/wp-content\/uploads\/2025\/11\/Brown-Bear-Keychain-12x12.webp 12w, https:\/\/www.yousanusb.com\/wp-content\/uploads\/2025\/11\/Brown-Bear-Keychain-600x600.webp 600w, https:\/\/www.yousanusb.com\/wp-content\/uploads\/2025\/11\/Brown-Bear-Keychain-100x100.webp 100w\" sizes=\"(max-width: 800px) 100vw, 800px\" \/><\/figure>\n<\/div>\n\n\n\n<div class=\"wp-block-column is-vertically-aligned-center is-layout-flow wp-block-column-is-layout-flow\">\n<p>Se trata de una nueva serie de llaveros de oso pardo de dibujos animados. El dise\u00f1o principal: un oso pardo con ropa diferente, hay 5 estilos distintos disponibles: el oso en ropa azul, el oso en ropa roja, el oso en ropa negra, el oso en ropa azul oscuro, el oso en ropa p\u00farpura.<\/p>\n\n\n\n<p>El llavero Oso Pardo se centra en un oso de dibujos animados como imagen principal, un simp\u00e1tico oso pardo con gafas adornado con divertidos elementos decorativos. Lleva una camiseta de colores brillantes con el mensaje \"\u00bfPuedes abrazarme?\". En una vibrante correa sujeta al oso se puede leer \"HOLA\" o \"\u00bfAdivina qui\u00e9n soy?\". Esta correa ofrece una pr\u00e1ctica funci\u00f3n de llavero a la vez que aumenta su atractivo decorativo.<\/p>\n\n\n\n<p>Hechas de goma blanda y duradera, son c\u00f3modas y no se estropean f\u00e1cilmente.<\/p>\n<\/div>\n<\/div>\n\n\n\n<p>Este llavero consta de un llavero met\u00e1lico, un cierre de langosta, un mu\u00f1eco con forma de oso y una correa para la mu\u00f1eca. Tanto la mu\u00f1equera como el mu\u00f1eco admiten dise\u00f1os personalizados.El \u00e1rea en blanco de la parte posterior puede personalizarse con motivos de LOGO, etc.<\/p>\n\n\n\n<div class=\"wp-block-columns is-layout-flex wp-container-core-columns-is-layout-2 wp-block-columns-is-layout-flex\">\n<div class=\"wp-block-column is-layout-flow wp-block-column-is-layout-flow\"><div class=\"wp-block-image\">\n<figure class=\"aligncenter size-full\"><img decoding=\"async\" width=\"800\" height=\"800\" src=\"https:\/\/www.yousanusb.com\/wp-content\/uploads\/2025\/11\/personalized-keychains_.webp\" alt=\"\" class=\"wp-image-23335\" srcset=\"https:\/\/www.yousanusb.com\/wp-content\/uploads\/2025\/11\/personalized-keychains_.webp 800w, https:\/\/www.yousanusb.com\/wp-content\/uploads\/2025\/11\/personalized-keychains_-300x300.webp 300w, https:\/\/www.yousanusb.com\/wp-content\/uploads\/2025\/11\/personalized-keychains_-150x150.webp 150w, https:\/\/www.yousanusb.com\/wp-content\/uploads\/2025\/11\/personalized-keychains_-768x768.webp 768w, https:\/\/www.yousanusb.com\/wp-content\/uploads\/2025\/11\/personalized-keychains_-12x12.webp 12w, https:\/\/www.yousanusb.com\/wp-content\/uploads\/2025\/11\/personalized-keychains_-600x600.webp 600w, https:\/\/www.yousanusb.com\/wp-content\/uploads\/2025\/11\/personalized-keychains_-100x100.webp 100w\" sizes=\"(max-width: 800px) 100vw, 800px\" \/><figcaption class=\"wp-element-caption\">Oso vestido de azul oscuro<\/figcaption><\/figure><\/div><\/div>\n\n\n\n<div class=\"wp-block-column is-layout-flow wp-block-column-is-layout-flow\"><div class=\"wp-block-image\">\n<figure class=\"aligncenter size-full\"><img decoding=\"async\" width=\"800\" height=\"800\" src=\"https:\/\/www.yousanusb.com\/wp-content\/uploads\/2025\/11\/little-brown-bear-keychain.webp\" alt=\"\" class=\"wp-image-23334\" srcset=\"https:\/\/www.yousanusb.com\/wp-content\/uploads\/2025\/11\/little-brown-bear-keychain.webp 800w, https:\/\/www.yousanusb.com\/wp-content\/uploads\/2025\/11\/little-brown-bear-keychain-300x300.webp 300w, https:\/\/www.yousanusb.com\/wp-content\/uploads\/2025\/11\/little-brown-bear-keychain-150x150.webp 150w, https:\/\/www.yousanusb.com\/wp-content\/uploads\/2025\/11\/little-brown-bear-keychain-768x768.webp 768w, https:\/\/www.yousanusb.com\/wp-content\/uploads\/2025\/11\/little-brown-bear-keychain-12x12.webp 12w, https:\/\/www.yousanusb.com\/wp-content\/uploads\/2025\/11\/little-brown-bear-keychain-600x600.webp 600w, https:\/\/www.yousanusb.com\/wp-content\/uploads\/2025\/11\/little-brown-bear-keychain-100x100.webp 100w\" sizes=\"(max-width: 800px) 100vw, 800px\" \/><figcaption class=\"wp-element-caption\">Oso vestido de rojo<\/figcaption><\/figure><\/div><\/div>\n\n\n\n<div class=\"wp-block-column is-layout-flow wp-block-column-is-layout-flow\"><div class=\"wp-block-image\">\n<figure class=\"aligncenter size-full\"><img loading=\"lazy\" decoding=\"async\" width=\"800\" height=\"800\" src=\"https:\/\/www.yousanusb.com\/wp-content\/uploads\/2025\/11\/keychain-with-brown-bear.webp\" alt=\"\" class=\"wp-image-23333\" srcset=\"https:\/\/www.yousanusb.com\/wp-content\/uploads\/2025\/11\/keychain-with-brown-bear.webp 800w, https:\/\/www.yousanusb.com\/wp-content\/uploads\/2025\/11\/keychain-with-brown-bear-300x300.webp 300w, https:\/\/www.yousanusb.com\/wp-content\/uploads\/2025\/11\/keychain-with-brown-bear-150x150.webp 150w, https:\/\/www.yousanusb.com\/wp-content\/uploads\/2025\/11\/keychain-with-brown-bear-768x768.webp 768w, https:\/\/www.yousanusb.com\/wp-content\/uploads\/2025\/11\/keychain-with-brown-bear-12x12.webp 12w, https:\/\/www.yousanusb.com\/wp-content\/uploads\/2025\/11\/keychain-with-brown-bear-600x600.webp 600w, https:\/\/www.yousanusb.com\/wp-content\/uploads\/2025\/11\/keychain-with-brown-bear-100x100.webp 100w\" sizes=\"(max-width: 800px) 100vw, 800px\" \/><figcaption class=\"wp-element-caption\">Oso con ropa morada<\/figcaption><\/figure><\/div><\/div>\n<\/div>\n\n\n\n<div class=\"wp-block-columns is-layout-flex wp-container-core-columns-is-layout-3 wp-block-columns-is-layout-flex\">\n<div class=\"wp-block-column is-layout-flow wp-block-column-is-layout-flow\"><div class=\"wp-block-image\">\n<figure class=\"aligncenter size-full\"><img loading=\"lazy\" decoding=\"async\" width=\"800\" height=\"800\" src=\"https:\/\/www.yousanusb.com\/wp-content\/uploads\/2025\/11\/Cartoon-Lovers-Bear-Keychain.webp\" alt=\"\" class=\"wp-image-23330\" srcset=\"https:\/\/www.yousanusb.com\/wp-content\/uploads\/2025\/11\/Cartoon-Lovers-Bear-Keychain.webp 800w, https:\/\/www.yousanusb.com\/wp-content\/uploads\/2025\/11\/Cartoon-Lovers-Bear-Keychain-300x300.webp 300w, https:\/\/www.yousanusb.com\/wp-content\/uploads\/2025\/11\/Cartoon-Lovers-Bear-Keychain-150x150.webp 150w, https:\/\/www.yousanusb.com\/wp-content\/uploads\/2025\/11\/Cartoon-Lovers-Bear-Keychain-768x768.webp 768w, https:\/\/www.yousanusb.com\/wp-content\/uploads\/2025\/11\/Cartoon-Lovers-Bear-Keychain-12x12.webp 12w, https:\/\/www.yousanusb.com\/wp-content\/uploads\/2025\/11\/Cartoon-Lovers-Bear-Keychain-600x600.webp 600w, https:\/\/www.yousanusb.com\/wp-content\/uploads\/2025\/11\/Cartoon-Lovers-Bear-Keychain-100x100.webp 100w\" sizes=\"(max-width: 800px) 100vw, 800px\" \/><figcaption class=\"wp-element-caption\">Oso con ropa negra<\/figcaption><\/figure><\/div><\/div>\n\n\n\n<div class=\"wp-block-column is-layout-flow wp-block-column-is-layout-flow\"><div class=\"wp-block-image\">\n<figure class=\"aligncenter size-full\"><img loading=\"lazy\" decoding=\"async\" width=\"800\" height=\"800\" src=\"https:\/\/www.yousanusb.com\/wp-content\/uploads\/2025\/11\/Cartoon-Brown-Bear-Keychain.webp\" alt=\"\" class=\"wp-image-23329\" srcset=\"https:\/\/www.yousanusb.com\/wp-content\/uploads\/2025\/11\/Cartoon-Brown-Bear-Keychain.webp 800w, https:\/\/www.yousanusb.com\/wp-content\/uploads\/2025\/11\/Cartoon-Brown-Bear-Keychain-300x300.webp 300w, https:\/\/www.yousanusb.com\/wp-content\/uploads\/2025\/11\/Cartoon-Brown-Bear-Keychain-150x150.webp 150w, https:\/\/www.yousanusb.com\/wp-content\/uploads\/2025\/11\/Cartoon-Brown-Bear-Keychain-768x768.webp 768w, https:\/\/www.yousanusb.com\/wp-content\/uploads\/2025\/11\/Cartoon-Brown-Bear-Keychain-12x12.webp 12w, https:\/\/www.yousanusb.com\/wp-content\/uploads\/2025\/11\/Cartoon-Brown-Bear-Keychain-600x600.webp 600w, https:\/\/www.yousanusb.com\/wp-content\/uploads\/2025\/11\/Cartoon-Brown-Bear-Keychain-100x100.webp 100w\" sizes=\"(max-width: 800px) 100vw, 800px\" \/><figcaption class=\"wp-element-caption\">Oso con ropa azul<\/figcaption><\/figure><\/div><\/div>\n\n\n\n<div class=\"wp-block-column is-layout-flow wp-block-column-is-layout-flow\"><div class=\"wp-block-image\">\n<figure class=\"aligncenter size-full\"><img loading=\"lazy\" decoding=\"async\" width=\"800\" height=\"800\" src=\"https:\/\/www.yousanusb.com\/wp-content\/uploads\/2025\/11\/customized-Brown-Bear-keychains.webp\" alt=\"\" class=\"wp-image-23331\" srcset=\"https:\/\/www.yousanusb.com\/wp-content\/uploads\/2025\/11\/customized-Brown-Bear-keychains.webp 800w, https:\/\/www.yousanusb.com\/wp-content\/uploads\/2025\/11\/customized-Brown-Bear-keychains-300x300.webp 300w, https:\/\/www.yousanusb.com\/wp-content\/uploads\/2025\/11\/customized-Brown-Bear-keychains-150x150.webp 150w, https:\/\/www.yousanusb.com\/wp-content\/uploads\/2025\/11\/customized-Brown-Bear-keychains-768x768.webp 768w, https:\/\/www.yousanusb.com\/wp-content\/uploads\/2025\/11\/customized-Brown-Bear-keychains-12x12.webp 12w, https:\/\/www.yousanusb.com\/wp-content\/uploads\/2025\/11\/customized-Brown-Bear-keychains-600x600.webp 600w, https:\/\/www.yousanusb.com\/wp-content\/uploads\/2025\/11\/customized-Brown-Bear-keychains-100x100.webp 100w\" sizes=\"(max-width: 800px) 100vw, 800px\" \/><figcaption class=\"wp-element-caption\">Llavero tama\u00f1o oso<\/figcaption><\/figure><\/div><\/div>\n<\/div>\n\n\n\n<p>Este llavero de oso pardo es un regalo atento y encantador para familiares y amigos, ideal para San Valent\u00edn, cumplea\u00f1os, aniversarios y ocasiones festivas.<strong>Youshan<\/strong>\u00a0La empresa cuenta con m\u00e1s de 14 a\u00f1os de experiencia en la fabricaci\u00f3n especializada de llaveros, lo que garantiza un estricto control de calidad y ofrece productos de alta calidad a precios competitivos.<\/p>","protected":false},"excerpt":{"rendered":"<ul>\n<li>Azul, rojo, negro, azul oscuro, morado<\/li>\n<li>PVC blando<\/li>\n<li>Pulsera con logotipo personalizado<\/li>\n<li>Muchos colores a elegir<\/li>\n<li>MOQ:200pcs<\/li>\n<\/ul>","protected":false},"featured_media":23328,"comment_status":"open","ping_status":"closed","template":"","meta":{"_seopress_robots_primary_cat":"","_seopress_titles_title":"","_seopress_titles_desc":"","_seopress_robots_index":""},"class_list":["post-23325","product","type-product","status-publish","has-post-thumbnail","hentry","product_cat-3d-rubber-key-chain"],"_links":{"self":[{"href":"https:\/\/www.yousanusb.com\/es\/wp-json\/wp\/v2\/product\/23325"}],"collection":[{"href":"https:\/\/www.yousanusb.com\/es\/wp-json\/wp\/v2\/product"}],"about":[{"href":"https:\/\/www.yousanusb.com\/es\/wp-json\/wp\/v2\/types\/product"}],"replies":[{"embeddable":true,"href":"https:\/\/www.yousanusb.com\/es\/wp-json\/wp\/v2\/comments?post=23325"}],"wp:featuredmedia":[{"embeddable":true,"href":"https:\/\/www.yousanusb.com\/es\/wp-json\/wp\/v2\/media\/23328"}],"wp:attachment":[{"href":"https:\/\/www.yousanusb.com\/es\/wp-json\/wp\/v2\/media?parent=23325"}],"curies":[{"name":"wp","href":"https:\/\/api.w.org\/{rel}","templated":true}]}}