{"id":23336,"date":"2025-11-03T08:36:42","date_gmt":"2025-11-03T08:36:42","guid":{"rendered":"https:\/\/www.yousanusb.com\/?post_type=product&#038;p=23336"},"modified":"2025-11-04T03:22:11","modified_gmt":"2025-11-04T03:22:11","slug":"new-customized-cartoon-mickey-and-minnie-keychain","status":"publish","type":"product","link":"https:\/\/www.yousanusb.com\/es\/producto\/new-customized-cartoon-mickey-and-minnie-keychain\/","title":{"rendered":"Nuevo llavero personalizado de dibujos animados de Mickey y Minnie"},"content":{"rendered":"<div class=\"wp-block-columns is-layout-flex wp-container-core-columns-is-layout-1 wp-block-columns-is-layout-flex\">\n<div class=\"wp-block-column is-layout-flow wp-block-column-is-layout-flow\">\n<figure class=\"wp-block-image size-full\"><img fetchpriority=\"high\" decoding=\"async\" width=\"800\" height=\"800\" src=\"https:\/\/www.yousanusb.com\/wp-content\/uploads\/2025\/11\/mickey-mouse-keychains.webp\" alt=\"\" class=\"wp-image-23352\" srcset=\"https:\/\/www.yousanusb.com\/wp-content\/uploads\/2025\/11\/mickey-mouse-keychains.webp 800w, https:\/\/www.yousanusb.com\/wp-content\/uploads\/2025\/11\/mickey-mouse-keychains-300x300.webp 300w, https:\/\/www.yousanusb.com\/wp-content\/uploads\/2025\/11\/mickey-mouse-keychains-150x150.webp 150w, https:\/\/www.yousanusb.com\/wp-content\/uploads\/2025\/11\/mickey-mouse-keychains-768x768.webp 768w, https:\/\/www.yousanusb.com\/wp-content\/uploads\/2025\/11\/mickey-mouse-keychains-12x12.webp 12w, https:\/\/www.yousanusb.com\/wp-content\/uploads\/2025\/11\/mickey-mouse-keychains-600x600.webp 600w, https:\/\/www.yousanusb.com\/wp-content\/uploads\/2025\/11\/mickey-mouse-keychains-100x100.webp 100w\" sizes=\"(max-width: 800px) 100vw, 800px\" \/><\/figure>\n<\/div>\n\n\n\n<div class=\"wp-block-column is-vertically-aligned-center is-layout-flow wp-block-column-is-layout-flow\">\n<p>Se trata de un nuevo\u00a0<strong>Llavero de Mickey y Minnie<\/strong>\u00a0serie. Cada llavero presenta a los dibujos animados Minnie o Mickey sosteniendo diferentes objetos, y hay 6 estilos distintos disponibles: Minnie con un globo azul, Minnie con una cesta de flores morada, Minnie con una flor rosa, Mickey con un coraz\u00f3n rojo, Mickey con una flor rosa y Mickey con una rosa roja.<\/p>\n\n\n\n<p>ste conjunto incluye seis vibrantes&nbsp;<strong>Llaveros de Mickey y Minnie Mouse<\/strong>Los colores de Mickey, negro, rojo y amarillo, y los de Minnie, negro, rojo y rosa, son reconocibles al instante.<\/p>\n\n\n\n<p>Cada llavero incluye:un llavero de metal\uff0cun cierre de langosta\uff0cun mu\u00f1eco con forma de Mickey o Minnie\uff0cuna correa de llavero negra impresa con \"MINNIE\" o \"MICKEY\".<\/p>\n\n\n\n<p><br>Perfecto para llaves o bolsos, a\u00f1ade un toque de diversi\u00f3n Disney a tus objetos esenciales. Tanto la correa como el colgante se pueden personalizar, con un \u00e1rea en blanco en la parte posterior disponible para logotipos o dise\u00f1os.<\/p>\n<\/div>\n<\/div>\n\n\n\n<div class=\"wp-block-columns is-layout-flex wp-container-core-columns-is-layout-2 wp-block-columns-is-layout-flex\">\n<div class=\"wp-block-column is-layout-flow wp-block-column-is-layout-flow\"><div class=\"wp-block-image\">\n<figure class=\"aligncenter size-full\"><img decoding=\"async\" width=\"800\" height=\"800\" src=\"https:\/\/www.yousanusb.com\/wp-content\/uploads\/2025\/11\/minnie-mouse-keychain.webp\" alt=\"\" class=\"wp-image-23353\" srcset=\"https:\/\/www.yousanusb.com\/wp-content\/uploads\/2025\/11\/minnie-mouse-keychain.webp 800w, https:\/\/www.yousanusb.com\/wp-content\/uploads\/2025\/11\/minnie-mouse-keychain-300x300.webp 300w, https:\/\/www.yousanusb.com\/wp-content\/uploads\/2025\/11\/minnie-mouse-keychain-150x150.webp 150w, https:\/\/www.yousanusb.com\/wp-content\/uploads\/2025\/11\/minnie-mouse-keychain-768x768.webp 768w, https:\/\/www.yousanusb.com\/wp-content\/uploads\/2025\/11\/minnie-mouse-keychain-12x12.webp 12w, https:\/\/www.yousanusb.com\/wp-content\/uploads\/2025\/11\/minnie-mouse-keychain-600x600.webp 600w, https:\/\/www.yousanusb.com\/wp-content\/uploads\/2025\/11\/minnie-mouse-keychain-100x100.webp 100w\" sizes=\"(max-width: 800px) 100vw, 800px\" \/><figcaption class=\"wp-element-caption\">Minnie con cesta de flores morada<\/figcaption><\/figure><\/div>\n\n\n<p>Este llavero de Minnie Mouse est\u00e1 lleno de monadas.Minnie lleva su gran lazo rojo, un vestido rosa adornado con lunares blancos y sostiene una cesta morada llena de frutas de colores.<\/p>\n<\/div>\n\n\n\n<div class=\"wp-block-column is-layout-flow wp-block-column-is-layout-flow\"><div class=\"wp-block-image\">\n<figure class=\"aligncenter size-full\"><img decoding=\"async\" width=\"800\" height=\"800\" src=\"https:\/\/www.yousanusb.com\/wp-content\/uploads\/2025\/11\/mickey-and-minnie-mouse-kissing-keychain.webp\" alt=\"\" class=\"wp-image-23351\" srcset=\"https:\/\/www.yousanusb.com\/wp-content\/uploads\/2025\/11\/mickey-and-minnie-mouse-kissing-keychain.webp 800w, https:\/\/www.yousanusb.com\/wp-content\/uploads\/2025\/11\/mickey-and-minnie-mouse-kissing-keychain-300x300.webp 300w, https:\/\/www.yousanusb.com\/wp-content\/uploads\/2025\/11\/mickey-and-minnie-mouse-kissing-keychain-150x150.webp 150w, https:\/\/www.yousanusb.com\/wp-content\/uploads\/2025\/11\/mickey-and-minnie-mouse-kissing-keychain-768x768.webp 768w, https:\/\/www.yousanusb.com\/wp-content\/uploads\/2025\/11\/mickey-and-minnie-mouse-kissing-keychain-12x12.webp 12w, https:\/\/www.yousanusb.com\/wp-content\/uploads\/2025\/11\/mickey-and-minnie-mouse-kissing-keychain-600x600.webp 600w, https:\/\/www.yousanusb.com\/wp-content\/uploads\/2025\/11\/mickey-and-minnie-mouse-kissing-keychain-100x100.webp 100w\" sizes=\"(max-width: 800px) 100vw, 800px\" \/><figcaption class=\"wp-element-caption\">Minnie con una flor rosa<\/figcaption><\/figure><\/div>\n\n\n<p>Este llavero de Minnie Mouse presenta a Minnie con un lazo de lunares rojos y una flor rosa en la mano, junto con una correa de llavero negra con la inscripci\u00f3n \"MINNIE\".<\/p>\n<\/div>\n<\/div>\n\n\n\n<div class=\"wp-block-columns is-layout-flex wp-container-core-columns-is-layout-3 wp-block-columns-is-layout-flex\">\n<div class=\"wp-block-column is-layout-flow wp-block-column-is-layout-flow\"><div class=\"wp-block-image\">\n<figure class=\"aligncenter size-full\"><img loading=\"lazy\" decoding=\"async\" width=\"800\" height=\"800\" src=\"https:\/\/www.yousanusb.com\/wp-content\/uploads\/2025\/11\/mickey-minnie-mouse-keychain.webp\" alt=\"\" class=\"wp-image-23350\" srcset=\"https:\/\/www.yousanusb.com\/wp-content\/uploads\/2025\/11\/mickey-minnie-mouse-keychain.webp 800w, https:\/\/www.yousanusb.com\/wp-content\/uploads\/2025\/11\/mickey-minnie-mouse-keychain-300x300.webp 300w, https:\/\/www.yousanusb.com\/wp-content\/uploads\/2025\/11\/mickey-minnie-mouse-keychain-150x150.webp 150w, https:\/\/www.yousanusb.com\/wp-content\/uploads\/2025\/11\/mickey-minnie-mouse-keychain-768x768.webp 768w, https:\/\/www.yousanusb.com\/wp-content\/uploads\/2025\/11\/mickey-minnie-mouse-keychain-12x12.webp 12w, https:\/\/www.yousanusb.com\/wp-content\/uploads\/2025\/11\/mickey-minnie-mouse-keychain-600x600.webp 600w, https:\/\/www.yousanusb.com\/wp-content\/uploads\/2025\/11\/mickey-minnie-mouse-keychain-100x100.webp 100w\" sizes=\"(max-width: 800px) 100vw, 800px\" \/><figcaption class=\"wp-element-caption\">Minnie con un globo azul<\/figcaption><\/figure><\/div>\n\n\n<p>Este adorable llavero de Minnie Mouse muestra su ic\u00f3nico vestido rojo de lunares, sosteniendo un globo azul y una caja de regalo, junto con una elegante correa negra con la inscripci\u00f3n \"MINNIE\".<\/p>\n<\/div>\n\n\n\n<div class=\"wp-block-column is-layout-flow wp-block-column-is-layout-flow\"><div class=\"wp-block-image\">\n<figure class=\"aligncenter size-full\"><img loading=\"lazy\" decoding=\"async\" width=\"800\" height=\"800\" src=\"https:\/\/www.yousanusb.com\/wp-content\/uploads\/2025\/11\/mickey-keychain.webp\" alt=\"\" class=\"wp-image-23349\" srcset=\"https:\/\/www.yousanusb.com\/wp-content\/uploads\/2025\/11\/mickey-keychain.webp 800w, https:\/\/www.yousanusb.com\/wp-content\/uploads\/2025\/11\/mickey-keychain-300x300.webp 300w, https:\/\/www.yousanusb.com\/wp-content\/uploads\/2025\/11\/mickey-keychain-150x150.webp 150w, https:\/\/www.yousanusb.com\/wp-content\/uploads\/2025\/11\/mickey-keychain-768x768.webp 768w, https:\/\/www.yousanusb.com\/wp-content\/uploads\/2025\/11\/mickey-keychain-12x12.webp 12w, https:\/\/www.yousanusb.com\/wp-content\/uploads\/2025\/11\/mickey-keychain-600x600.webp 600w, https:\/\/www.yousanusb.com\/wp-content\/uploads\/2025\/11\/mickey-keychain-100x100.webp 100w\" sizes=\"(max-width: 800px) 100vw, 800px\" \/><figcaption class=\"wp-element-caption\">Mickey con una rosa roja<\/figcaption><\/figure><\/div>\n\n\n<p>Este llavero de Mickey Mouse recrea a la perfecci\u00f3n al ic\u00f3nico personaje de Disney. Vestido con un top negro y pantalones cortos rojos, con zapatos de color amarillo brillante, sostiene un vibrante ramo de flores rojas en su mano izquierda, irradiando energ\u00eda juguetona.<\/p>\n<\/div>\n<\/div>\n\n\n\n<div class=\"wp-block-columns is-layout-flex wp-container-core-columns-is-layout-4 wp-block-columns-is-layout-flex\">\n<div class=\"wp-block-column is-layout-flow wp-block-column-is-layout-flow\"><div class=\"wp-block-image\">\n<figure class=\"aligncenter size-full\"><img loading=\"lazy\" decoding=\"async\" width=\"800\" height=\"800\" src=\"https:\/\/www.yousanusb.com\/wp-content\/uploads\/2025\/11\/disney-mickey-keychain.webp\" alt=\"\" class=\"wp-image-23348\" srcset=\"https:\/\/www.yousanusb.com\/wp-content\/uploads\/2025\/11\/disney-mickey-keychain.webp 800w, https:\/\/www.yousanusb.com\/wp-content\/uploads\/2025\/11\/disney-mickey-keychain-300x300.webp 300w, https:\/\/www.yousanusb.com\/wp-content\/uploads\/2025\/11\/disney-mickey-keychain-150x150.webp 150w, https:\/\/www.yousanusb.com\/wp-content\/uploads\/2025\/11\/disney-mickey-keychain-768x768.webp 768w, https:\/\/www.yousanusb.com\/wp-content\/uploads\/2025\/11\/disney-mickey-keychain-12x12.webp 12w, https:\/\/www.yousanusb.com\/wp-content\/uploads\/2025\/11\/disney-mickey-keychain-600x600.webp 600w, https:\/\/www.yousanusb.com\/wp-content\/uploads\/2025\/11\/disney-mickey-keychain-100x100.webp 100w\" sizes=\"(max-width: 800px) 100vw, 800px\" \/><figcaption class=\"wp-element-caption\">Mickey con un coraz\u00f3n rojo<\/figcaption><\/figure><\/div>\n\n\n<p>Este llavero cl\u00e1sico de Mickey Mouse presenta el ic\u00f3nico traje azul, sosteniendo dulcemente un coraz\u00f3n rojo, todo ello unido a una elegante correa negra con la audaz inscripci\u00f3n \"MICKEY\".<\/p>\n<\/div>\n\n\n\n<div class=\"wp-block-column is-layout-flow wp-block-column-is-layout-flow\"><div class=\"wp-block-image\">\n<figure class=\"aligncenter size-full\"><img loading=\"lazy\" decoding=\"async\" width=\"800\" height=\"800\" src=\"https:\/\/www.yousanusb.com\/wp-content\/uploads\/2025\/11\/disney-keychain.webp\" alt=\"\" class=\"wp-image-23347\" srcset=\"https:\/\/www.yousanusb.com\/wp-content\/uploads\/2025\/11\/disney-keychain.webp 800w, https:\/\/www.yousanusb.com\/wp-content\/uploads\/2025\/11\/disney-keychain-300x300.webp 300w, https:\/\/www.yousanusb.com\/wp-content\/uploads\/2025\/11\/disney-keychain-150x150.webp 150w, https:\/\/www.yousanusb.com\/wp-content\/uploads\/2025\/11\/disney-keychain-768x768.webp 768w, https:\/\/www.yousanusb.com\/wp-content\/uploads\/2025\/11\/disney-keychain-12x12.webp 12w, https:\/\/www.yousanusb.com\/wp-content\/uploads\/2025\/11\/disney-keychain-600x600.webp 600w, https:\/\/www.yousanusb.com\/wp-content\/uploads\/2025\/11\/disney-keychain-100x100.webp 100w\" sizes=\"(max-width: 800px) 100vw, 800px\" \/><figcaption class=\"wp-element-caption\">Mickey con una flor rosa<\/figcaption><\/figure><\/div>\n\n\n<p>Mickey lleva sus caracter\u00edsticos pantalones cortos rojos, combinados con unos zapatos de un amarillo vibrante, y sostiene un ramo de flores de color rosa suave. Su aspecto general desprende un aire fresco y vibrante.<\/p>\n<\/div>\n<\/div>\n\n\n\n<p>\u00a1El favorito de los fans de Disney! El especialista en llaveros de 14 a\u00f1os de YOUSUN crea vibrantes colgantes 3D de Mickey y Minnie (material de PVC blando).Se aceptan pedidos al por mayor - \u00a1Descuentos por volumen en la personalizaci\u00f3n a granel!\"<\/p>","protected":false},"excerpt":{"rendered":"<ul>\n<li>PVC blando<\/li>\n<li>Llavero de Mickey y Minnie<\/li>\n<li>globo azul,cesta de flores morada,flor rosa,coraz\u00f3n rojo,rosa roja<\/li>\n<li>Pulsera con logotipo personalizado<\/li>\n<li>Muchos colores a elegir<\/li>\n<li>MOQ:200pcs<\/li>\n<\/ul>","protected":false},"featured_media":23352,"comment_status":"open","ping_status":"closed","template":"","meta":{"_seopress_robots_primary_cat":"","_seopress_titles_title":"","_seopress_titles_desc":"","_seopress_robots_index":""},"class_list":["post-23336","product","type-product","status-publish","has-post-thumbnail","hentry","product_cat-3d-rubber-key-chain"],"_links":{"self":[{"href":"https:\/\/www.yousanusb.com\/es\/wp-json\/wp\/v2\/product\/23336"}],"collection":[{"href":"https:\/\/www.yousanusb.com\/es\/wp-json\/wp\/v2\/product"}],"about":[{"href":"https:\/\/www.yousanusb.com\/es\/wp-json\/wp\/v2\/types\/product"}],"replies":[{"embeddable":true,"href":"https:\/\/www.yousanusb.com\/es\/wp-json\/wp\/v2\/comments?post=23336"}],"wp:featuredmedia":[{"embeddable":true,"href":"https:\/\/www.yousanusb.com\/es\/wp-json\/wp\/v2\/media\/23352"}],"wp:attachment":[{"href":"https:\/\/www.yousanusb.com\/es\/wp-json\/wp\/v2\/media?parent=23336"}],"curies":[{"name":"wp","href":"https:\/\/api.w.org\/{rel}","templated":true}]}}