{"id":23366,"date":"2025-11-03T13:05:02","date_gmt":"2025-11-03T13:05:02","guid":{"rendered":"https:\/\/www.yousanusb.com\/?post_type=product&#038;p=23366"},"modified":"2025-11-04T03:21:41","modified_gmt":"2025-11-04T03:21:41","slug":"cartoon-customized-doraemon-keychain-with-fruit-items","status":"publish","type":"product","link":"https:\/\/www.yousanusb.com\/es\/producto\/cartoon-customized-doraemon-keychain-with-fruit-items\/","title":{"rendered":"Llavero personalizado Doraemon de dibujos animados con frutas"},"content":{"rendered":"<div class=\"wp-block-columns is-layout-flex wp-container-core-columns-is-layout-1 wp-block-columns-is-layout-flex\">\n<div class=\"wp-block-column is-layout-flow wp-block-column-is-layout-flow\">\n<figure class=\"wp-block-image size-full\"><img fetchpriority=\"high\" decoding=\"async\" width=\"800\" height=\"800\" src=\"https:\/\/www.yousanusb.com\/wp-content\/uploads\/2025\/11\/bulk-customized-keychains.webp\" alt=\"\" class=\"wp-image-23369\" srcset=\"https:\/\/www.yousanusb.com\/wp-content\/uploads\/2025\/11\/bulk-customized-keychains.webp 800w, https:\/\/www.yousanusb.com\/wp-content\/uploads\/2025\/11\/bulk-customized-keychains-300x300.webp 300w, https:\/\/www.yousanusb.com\/wp-content\/uploads\/2025\/11\/bulk-customized-keychains-150x150.webp 150w, https:\/\/www.yousanusb.com\/wp-content\/uploads\/2025\/11\/bulk-customized-keychains-768x768.webp 768w, https:\/\/www.yousanusb.com\/wp-content\/uploads\/2025\/11\/bulk-customized-keychains-12x12.webp 12w, https:\/\/www.yousanusb.com\/wp-content\/uploads\/2025\/11\/bulk-customized-keychains-600x600.webp 600w, https:\/\/www.yousanusb.com\/wp-content\/uploads\/2025\/11\/bulk-customized-keychains-100x100.webp 100w\" sizes=\"(max-width: 800px) 100vw, 800px\" \/><\/figure>\n<\/div>\n\n\n\n<div class=\"wp-block-column is-vertically-aligned-center is-layout-flow wp-block-column-is-layout-flow\">\n<p>YOUSAN, un fabricante de llavero, ha puesto en marcha una nueva serie llavero doraemon. El dise\u00f1o principal\uff1adoraemon llavero + elemento de fruta\uff0chay 5 estilos distintos disponibles:Llavero Doraemon amarillo con lim\u00f3n\u3001Llavero Doraemon marr\u00f3n con mangost\u00e1n\u3001Llavero Doraemon verde con sand\u00eda\u3001Llavero Doraemon rojo con manzana\u3001Llavero Doraemon claro con pera.<\/p>\n\n\n\n<h2 class=\"wp-block-heading\">Llavero Colgante Doraemon Dibujos Animados<\/h2>\n\n\n\n<p>El dise\u00f1o del llavero Doraemon incorpora la imagen de la mundialmente famosa IP \"Doraemon\". El llavero Doraemon cl\u00e1sico presenta al personaje portando su ic\u00f3nica mochila, mientras que la nueva versi\u00f3n sustituye esta mochila por varios dise\u00f1os con forma de fruta.<\/p>\n\n\n\n<p>Este llavero consta de un llavero met\u00e1lico, un cierre de langosta, un accesorio con forma de lim\u00f3n, un mu\u00f1eco con forma de fruta de Doraemon y una mu\u00f1equera. Tanto la mu\u00f1equera como el mu\u00f1eco admiten dise\u00f1os personalizados.<\/p>\n<\/div>\n<\/div>\n\n\n\n<hr class=\"wp-block-separator alignwide has-alpha-channel-opacity\"\/>\n\n\n\n<p><\/p>\n\n\n\n<div class=\"wp-block-columns is-layout-flex wp-container-core-columns-is-layout-2 wp-block-columns-is-layout-flex\">\n<div class=\"wp-block-column is-layout-flow wp-block-column-is-layout-flow\"><div class=\"wp-block-image\">\n<figure class=\"aligncenter size-full\"><img decoding=\"async\" width=\"800\" height=\"800\" src=\"https:\/\/www.yousanusb.com\/wp-content\/uploads\/2025\/11\/lemon-doraemon-keychain.webp\" alt=\"\" class=\"wp-image-23374\" srcset=\"https:\/\/www.yousanusb.com\/wp-content\/uploads\/2025\/11\/lemon-doraemon-keychain.webp 800w, https:\/\/www.yousanusb.com\/wp-content\/uploads\/2025\/11\/lemon-doraemon-keychain-300x300.webp 300w, https:\/\/www.yousanusb.com\/wp-content\/uploads\/2025\/11\/lemon-doraemon-keychain-150x150.webp 150w, https:\/\/www.yousanusb.com\/wp-content\/uploads\/2025\/11\/lemon-doraemon-keychain-768x768.webp 768w, https:\/\/www.yousanusb.com\/wp-content\/uploads\/2025\/11\/lemon-doraemon-keychain-12x12.webp 12w, https:\/\/www.yousanusb.com\/wp-content\/uploads\/2025\/11\/lemon-doraemon-keychain-600x600.webp 600w, https:\/\/www.yousanusb.com\/wp-content\/uploads\/2025\/11\/lemon-doraemon-keychain-100x100.webp 100w\" sizes=\"(max-width: 800px) 100vw, 800px\" \/><figcaption class=\"wp-element-caption\">Llavero Doraemon Lim\u00f3n<\/figcaption><\/figure><\/div>\n\n\n<p>Este llavero de Doraemon Lim\u00f3n tiene un cuerpo amarillo.Doraemon est\u00e1 abrazando a un Lim\u00f3n mientras lleva un sombrero amarillo, creando un aspecto irresistiblemente mono.La mu\u00f1equera de PVC viene en azul cl\u00e1sico y admite la impresi\u00f3n de logotipos personalizados. Adem\u00e1s, puede elegir su color favorito para la personalizaci\u00f3n.<\/p>\n<\/div>\n\n\n\n<div class=\"wp-block-column is-layout-flow wp-block-column-is-layout-flow\"><div class=\"wp-block-image\">\n<figure class=\"aligncenter size-full\"><img decoding=\"async\" width=\"800\" height=\"800\" src=\"https:\/\/www.yousanusb.com\/wp-content\/uploads\/2025\/11\/keychains-for-women.webp\" alt=\"\" class=\"wp-image-23373\" srcset=\"https:\/\/www.yousanusb.com\/wp-content\/uploads\/2025\/11\/keychains-for-women.webp 800w, https:\/\/www.yousanusb.com\/wp-content\/uploads\/2025\/11\/keychains-for-women-300x300.webp 300w, https:\/\/www.yousanusb.com\/wp-content\/uploads\/2025\/11\/keychains-for-women-150x150.webp 150w, https:\/\/www.yousanusb.com\/wp-content\/uploads\/2025\/11\/keychains-for-women-768x768.webp 768w, https:\/\/www.yousanusb.com\/wp-content\/uploads\/2025\/11\/keychains-for-women-12x12.webp 12w, https:\/\/www.yousanusb.com\/wp-content\/uploads\/2025\/11\/keychains-for-women-600x600.webp 600w, https:\/\/www.yousanusb.com\/wp-content\/uploads\/2025\/11\/keychains-for-women-100x100.webp 100w\" sizes=\"(max-width: 800px) 100vw, 800px\" \/><figcaption class=\"wp-element-caption\">Llavero Doraemon Sand\u00eda<\/figcaption><\/figure><\/div>\n\n\n<p>Este llavero Doraemon sand\u00eda tiene un cuerpo principal verde.Doraemon est\u00e1 sosteniendo una sand\u00eda, creando una apariencia muy mona.La mu\u00f1equera de PVC viene en azul cl\u00e1sico y admite la impresi\u00f3n de logotipos personalizados. Adem\u00e1s, puede elegir su color favorito para la personalizaci\u00f3n.<\/p>\n<\/div>\n<\/div>\n\n\n\n<div class=\"wp-block-columns is-layout-flex wp-container-core-columns-is-layout-3 wp-block-columns-is-layout-flex\">\n<div class=\"wp-block-column is-layout-flow wp-block-column-is-layout-flow\"><div class=\"wp-block-image\">\n<figure class=\"aligncenter size-full\"><img loading=\"lazy\" decoding=\"async\" width=\"800\" height=\"800\" src=\"https:\/\/www.yousanusb.com\/wp-content\/uploads\/2025\/11\/doraemon-string-keychain.webp\" alt=\"\" class=\"wp-image-23371\" srcset=\"https:\/\/www.yousanusb.com\/wp-content\/uploads\/2025\/11\/doraemon-string-keychain.webp 800w, https:\/\/www.yousanusb.com\/wp-content\/uploads\/2025\/11\/doraemon-string-keychain-300x300.webp 300w, https:\/\/www.yousanusb.com\/wp-content\/uploads\/2025\/11\/doraemon-string-keychain-150x150.webp 150w, https:\/\/www.yousanusb.com\/wp-content\/uploads\/2025\/11\/doraemon-string-keychain-768x768.webp 768w, https:\/\/www.yousanusb.com\/wp-content\/uploads\/2025\/11\/doraemon-string-keychain-12x12.webp 12w, https:\/\/www.yousanusb.com\/wp-content\/uploads\/2025\/11\/doraemon-string-keychain-600x600.webp 600w, https:\/\/www.yousanusb.com\/wp-content\/uploads\/2025\/11\/doraemon-string-keychain-100x100.webp 100w\" sizes=\"(max-width: 800px) 100vw, 800px\" \/><figcaption class=\"wp-element-caption\">Llavero Apple Doraemon<\/figcaption><\/figure><\/div>\n\n\n<p>Este llavero de Apple Doraemon tiene un cuerpo principal rojo.Doraemon est\u00e1 abrazando una manzana mientras lleva un gorro rojo, creando un aspecto irresistiblemente mono.La mu\u00f1equera de PVC viene en azul cl\u00e1sico y admite la impresi\u00f3n de logotipos personalizados. Adem\u00e1s, puede elegir su color favorito para la personalizaci\u00f3n.<\/p>\n<\/div>\n\n\n\n<div class=\"wp-block-column is-layout-flow wp-block-column-is-layout-flow\"><div class=\"wp-block-image\">\n<figure class=\"aligncenter size-full\"><img loading=\"lazy\" decoding=\"async\" width=\"800\" height=\"800\" src=\"https:\/\/www.yousanusb.com\/wp-content\/uploads\/2025\/11\/keychains-for-men.webp\" alt=\"\" class=\"wp-image-23372\" srcset=\"https:\/\/www.yousanusb.com\/wp-content\/uploads\/2025\/11\/keychains-for-men.webp 800w, https:\/\/www.yousanusb.com\/wp-content\/uploads\/2025\/11\/keychains-for-men-300x300.webp 300w, https:\/\/www.yousanusb.com\/wp-content\/uploads\/2025\/11\/keychains-for-men-150x150.webp 150w, https:\/\/www.yousanusb.com\/wp-content\/uploads\/2025\/11\/keychains-for-men-768x768.webp 768w, https:\/\/www.yousanusb.com\/wp-content\/uploads\/2025\/11\/keychains-for-men-12x12.webp 12w, https:\/\/www.yousanusb.com\/wp-content\/uploads\/2025\/11\/keychains-for-men-600x600.webp 600w, https:\/\/www.yousanusb.com\/wp-content\/uploads\/2025\/11\/keychains-for-men-100x100.webp 100w\" sizes=\"(max-width: 800px) 100vw, 800px\" \/><figcaption class=\"wp-element-caption\">Llavero Pera Doraemon<\/figcaption><\/figure><\/div>\n\n\n<p>El llavero Doraemon Pera es de color verde claro. El dise\u00f1o de Doraemon sujetando una Pera es incre\u00edblemente mono. La mu\u00f1equera de PVC es de color azul cl\u00e1sico y admite la impresi\u00f3n de logotipos personalizados. Adem\u00e1s, puede elegir su color favorito para la personalizaci\u00f3n.<\/p>\n<\/div>\n<\/div>","protected":false},"excerpt":{"rendered":"<ul>\n<li>PVC blando<\/li>\n<li>Llavero Doraemon<\/li>\n<li>Manzana\u3001Lim\u00f3n\u3001Sand\u00eda\u3001Mangost\u00e1n\u3001Aguacate<\/li>\n<li>Pulsera con logotipo personalizado<\/li>\n<li>Muchos colores a elegir<\/li>\n<li>MOQ:100pcs<\/li>\n<\/ul>","protected":false},"featured_media":23369,"comment_status":"open","ping_status":"closed","template":"","meta":{"_seopress_robots_primary_cat":"","_seopress_titles_title":"","_seopress_titles_desc":"","_seopress_robots_index":""},"class_list":["post-23366","product","type-product","status-publish","has-post-thumbnail","hentry","product_cat-3d-rubber-key-chain"],"_links":{"self":[{"href":"https:\/\/www.yousanusb.com\/es\/wp-json\/wp\/v2\/product\/23366"}],"collection":[{"href":"https:\/\/www.yousanusb.com\/es\/wp-json\/wp\/v2\/product"}],"about":[{"href":"https:\/\/www.yousanusb.com\/es\/wp-json\/wp\/v2\/types\/product"}],"replies":[{"embeddable":true,"href":"https:\/\/www.yousanusb.com\/es\/wp-json\/wp\/v2\/comments?post=23366"}],"wp:featuredmedia":[{"embeddable":true,"href":"https:\/\/www.yousanusb.com\/es\/wp-json\/wp\/v2\/media\/23369"}],"wp:attachment":[{"href":"https:\/\/www.yousanusb.com\/es\/wp-json\/wp\/v2\/media?parent=23366"}],"curies":[{"name":"wp","href":"https:\/\/api.w.org\/{rel}","templated":true}]}}