{"id":23375,"date":"2025-11-03T13:25:07","date_gmt":"2025-11-03T13:25:07","guid":{"rendered":"https:\/\/www.yousanusb.com\/?post_type=product&#038;p=23375"},"modified":"2025-11-04T03:21:20","modified_gmt":"2025-11-04T03:21:20","slug":"aluminum-alloy-bottle-cap-usb-drive","status":"publish","type":"product","link":"https:\/\/www.yousanusb.com\/es\/producto\/aluminum-alloy-bottle-cap-usb-drive\/","title":{"rendered":"Mini memoria USB con tap\u00f3n de botella de aleaci\u00f3n de aluminio"},"content":{"rendered":"<div class=\"wp-block-columns is-layout-flex wp-container-core-columns-is-layout-1 wp-block-columns-is-layout-flex\">\n<div class=\"wp-block-column is-layout-flow wp-block-column-is-layout-flow\">\n<figure class=\"wp-block-image size-full\"><img fetchpriority=\"high\" decoding=\"async\" width=\"800\" height=\"800\" src=\"https:\/\/www.yousanusb.com\/wp-content\/uploads\/2025\/11\/Beer-Cap-Shaped-USB.webp\" alt=\"\" class=\"wp-image-23378\" srcset=\"https:\/\/www.yousanusb.com\/wp-content\/uploads\/2025\/11\/Beer-Cap-Shaped-USB.webp 800w, https:\/\/www.yousanusb.com\/wp-content\/uploads\/2025\/11\/Beer-Cap-Shaped-USB-300x300.webp 300w, https:\/\/www.yousanusb.com\/wp-content\/uploads\/2025\/11\/Beer-Cap-Shaped-USB-150x150.webp 150w, https:\/\/www.yousanusb.com\/wp-content\/uploads\/2025\/11\/Beer-Cap-Shaped-USB-768x768.webp 768w, https:\/\/www.yousanusb.com\/wp-content\/uploads\/2025\/11\/Beer-Cap-Shaped-USB-12x12.webp 12w, https:\/\/www.yousanusb.com\/wp-content\/uploads\/2025\/11\/Beer-Cap-Shaped-USB-600x600.webp 600w, https:\/\/www.yousanusb.com\/wp-content\/uploads\/2025\/11\/Beer-Cap-Shaped-USB-100x100.webp 100w\" sizes=\"(max-width: 800px) 100vw, 800px\" \/><\/figure>\n<\/div>\n\n\n\n<div class=\"wp-block-column is-vertically-aligned-center is-layout-flow wp-block-column-is-layout-flow\">\n<p>La memoria USB Aluminum Alloy Bottle Cap integra con ingenio elementos cotidianos de los tapones de botella en productos digitales. Fabricada en aleaci\u00f3n de aluminio, reproduce a escala 1:1 la forma y la textura dentada antideslizante de los tapones de botella habituales. Disponible en varios colores anodizados -gris plateado, oro rosa, blanco nieve, negro mate y oro champ\u00e1n (amarillo claro)-, la unidad USB presenta tonos vivos y vibrantes y una textura de primera calidad, que se adaptan a diversas preferencias de estilo.<\/p>\n<\/div>\n<\/div>\n\n\n\n<div class=\"wp-block-columns is-layout-flex wp-container-core-columns-is-layout-2 wp-block-columns-is-layout-flex\">\n<div class=\"wp-block-column is-vertically-aligned-center is-layout-flow wp-block-column-is-layout-flow\">\n<p>Las memorias USB personalizadas son el principal servicio de nuestra empresa. Ya sea para marcas de cerveza de renombre como Budweiser, Heineken, Carlsberg u otras marcas, ofrecemos el grabado por l\u00e1ser de logotipos de marca y elementos de identidad visual en superficies met\u00e1licas.<\/p>\n\n\n\n<p><br>Como nuestro producto estrella entre los fabricantes profesionales de USB personalizados, este modelo admite una profunda personalizaci\u00f3n de la marca:<\/p>\n\n\n\n<ul class=\"wp-block-list\">\n<li>Personalizaci\u00f3n del logotipo\/identidad visual: La parte frontal del tap\u00f3n de la botella puede grabarse con l\u00e1ser con logotipos, texto o motivos corporativos.<\/li>\n\n\n\n<li>Escenarios de aplicaci\u00f3n: Promociones de la marca de cerveza (por ejemplo, unidades USB personalizadas para eventos de Budweiser), regalos de empresa (obsequios para conferencias del distribuidor de cerveza Qingdao), art\u00edculos promocionales (canje de puntos de fidelidad de cadenas de restaurantes).<\/li>\n\n\n\n<li>Compatibilidad con el sector: Las marcas de bebidas alcoh\u00f3licas, los grupos de restauraci\u00f3n y los organizadores de eventos pueden colaborar para desarrollar versiones exclusivas.<\/li>\n<\/ul>\n<\/div>\n\n\n\n<div class=\"wp-block-column is-layout-flow wp-block-column-is-layout-flow\">\n<figure class=\"wp-block-image size-full\"><img decoding=\"async\" width=\"800\" height=\"800\" src=\"https:\/\/www.yousanusb.com\/wp-content\/uploads\/2025\/11\/custom-Metal-Cap-USB-flash-drive.webp\" alt=\"\" class=\"wp-image-23381\" srcset=\"https:\/\/www.yousanusb.com\/wp-content\/uploads\/2025\/11\/custom-Metal-Cap-USB-flash-drive.webp 800w, https:\/\/www.yousanusb.com\/wp-content\/uploads\/2025\/11\/custom-Metal-Cap-USB-flash-drive-300x300.webp 300w, https:\/\/www.yousanusb.com\/wp-content\/uploads\/2025\/11\/custom-Metal-Cap-USB-flash-drive-150x150.webp 150w, https:\/\/www.yousanusb.com\/wp-content\/uploads\/2025\/11\/custom-Metal-Cap-USB-flash-drive-768x768.webp 768w, https:\/\/www.yousanusb.com\/wp-content\/uploads\/2025\/11\/custom-Metal-Cap-USB-flash-drive-12x12.webp 12w, https:\/\/www.yousanusb.com\/wp-content\/uploads\/2025\/11\/custom-Metal-Cap-USB-flash-drive-600x600.webp 600w, https:\/\/www.yousanusb.com\/wp-content\/uploads\/2025\/11\/custom-Metal-Cap-USB-flash-drive-100x100.webp 100w\" sizes=\"(max-width: 800px) 100vw, 800px\" \/><\/figure>\n<\/div>\n<\/div>\n\n\n\n<div class=\"wp-block-columns is-layout-flex wp-container-core-columns-is-layout-3 wp-block-columns-is-layout-flex\">\n<div class=\"wp-block-column is-layout-flow wp-block-column-is-layout-flow\">\n<figure class=\"wp-block-image size-full\"><img decoding=\"async\" width=\"800\" height=\"800\" src=\"https:\/\/www.yousanusb.com\/wp-content\/uploads\/2025\/11\/Bottle-Cap-USB-flash-Drive.webp\" alt=\"\" class=\"wp-image-23379\" srcset=\"https:\/\/www.yousanusb.com\/wp-content\/uploads\/2025\/11\/Bottle-Cap-USB-flash-Drive.webp 800w, https:\/\/www.yousanusb.com\/wp-content\/uploads\/2025\/11\/Bottle-Cap-USB-flash-Drive-300x300.webp 300w, https:\/\/www.yousanusb.com\/wp-content\/uploads\/2025\/11\/Bottle-Cap-USB-flash-Drive-150x150.webp 150w, https:\/\/www.yousanusb.com\/wp-content\/uploads\/2025\/11\/Bottle-Cap-USB-flash-Drive-768x768.webp 768w, https:\/\/www.yousanusb.com\/wp-content\/uploads\/2025\/11\/Bottle-Cap-USB-flash-Drive-12x12.webp 12w, https:\/\/www.yousanusb.com\/wp-content\/uploads\/2025\/11\/Bottle-Cap-USB-flash-Drive-600x600.webp 600w, https:\/\/www.yousanusb.com\/wp-content\/uploads\/2025\/11\/Bottle-Cap-USB-flash-Drive-100x100.webp 100w\" sizes=\"(max-width: 800px) 100vw, 800px\" \/><\/figure>\n<\/div>\n\n\n\n<div class=\"wp-block-column is-vertically-aligned-center is-layout-flow wp-block-column-is-layout-flow\">\n<p><\/p>\n\n\n\n<ul class=\"wp-block-list\">\n<li>Dise\u00f1o de bocallave integrado: Presenta un duradero ojo de cerradura met\u00e1lico de color a juego en el borde superior del tap\u00f3n.<\/li>\n\n\n\n<li>Herrajes met\u00e1licos de primera calidad: Incluye un cord\u00f3n met\u00e1lico y un llavero resistente para abrir y cerrar sin problemas.<\/li>\n\n\n\n<li>Ultraport\u00e1til:<br> Llavero de transporte: Se convierte en un imprescindible diario, minimizando p\u00e9rdidas u olvidos.<br> Accesorio con cremallera para mochila\/bolsa de ordenador port\u00e1til: Permite un acceso ultraconveniente a los datos.<br> Cord\u00f3n para cartera \/ enganche para cintur\u00f3n: Combina estilo y funcionalidad.<\/li>\n\n\n\n<li>Dise\u00f1o desmontable: Los componentes del llavero se separan f\u00e1cilmente, permitiendo que la unidad USB vuelva a su forma pura.<\/li>\n<\/ul>\n<\/div>\n<\/div>","protected":false},"excerpt":{"rendered":"<ul>\n<li>Aleaci\u00f3n de aluminio<\/li>\n<li>Tap\u00f3n met\u00e1lico<\/li>\n<li>mini pen drive port\u00e1til Cap<\/li>\n<li>Unidad flash USB Mini Cap<\/li>\n<li>MOQ:100PCS<\/li>\n<\/ul>","protected":false},"featured_media":23379,"comment_status":"open","ping_status":"closed","template":"","meta":{"_seopress_robots_primary_cat":"","_seopress_titles_title":"","_seopress_titles_desc":"","_seopress_robots_index":""},"class_list":["post-23375","product","type-product","status-publish","has-post-thumbnail","hentry","product_cat-push-pull-usb-flash-drive"],"_links":{"self":[{"href":"https:\/\/www.yousanusb.com\/es\/wp-json\/wp\/v2\/product\/23375"}],"collection":[{"href":"https:\/\/www.yousanusb.com\/es\/wp-json\/wp\/v2\/product"}],"about":[{"href":"https:\/\/www.yousanusb.com\/es\/wp-json\/wp\/v2\/types\/product"}],"replies":[{"embeddable":true,"href":"https:\/\/www.yousanusb.com\/es\/wp-json\/wp\/v2\/comments?post=23375"}],"wp:featuredmedia":[{"embeddable":true,"href":"https:\/\/www.yousanusb.com\/es\/wp-json\/wp\/v2\/media\/23379"}],"wp:attachment":[{"href":"https:\/\/www.yousanusb.com\/es\/wp-json\/wp\/v2\/media?parent=23375"}],"curies":[{"name":"wp","href":"https:\/\/api.w.org\/{rel}","templated":true}]}}