{"id":23402,"date":"2025-11-04T06:44:25","date_gmt":"2025-11-04T06:44:25","guid":{"rendered":"https:\/\/www.yousanusb.com\/?post_type=product&#038;p=23402"},"modified":"2025-12-27T03:59:11","modified_gmt":"2025-12-27T03:59:11","slug":"custom-type-c-rotating-usb-flash-drive","status":"publish","type":"product","link":"https:\/\/www.yousanusb.com\/es\/producto\/custom-type-c-rotating-usb-flash-drive\/","title":{"rendered":"Memoria USB giratoria Type-C personalizada"},"content":{"rendered":"<div class=\"wp-block-columns is-layout-flex wp-container-core-columns-is-layout-1 wp-block-columns-is-layout-flex\">\n<div class=\"wp-block-column is-layout-flow wp-block-column-is-layout-flow\">\n<figure class=\"wp-block-image size-full\"><img fetchpriority=\"high\" decoding=\"async\" width=\"800\" height=\"800\" src=\"https:\/\/www.yousanusb.com\/wp-content\/uploads\/2025\/11\/swivel-usb-flash-drive.webp\" alt=\"\" class=\"wp-image-23409\" srcset=\"https:\/\/www.yousanusb.com\/wp-content\/uploads\/2025\/11\/swivel-usb-flash-drive.webp 800w, https:\/\/www.yousanusb.com\/wp-content\/uploads\/2025\/11\/swivel-usb-flash-drive-300x300.webp 300w, https:\/\/www.yousanusb.com\/wp-content\/uploads\/2025\/11\/swivel-usb-flash-drive-150x150.webp 150w, https:\/\/www.yousanusb.com\/wp-content\/uploads\/2025\/11\/swivel-usb-flash-drive-768x768.webp 768w, https:\/\/www.yousanusb.com\/wp-content\/uploads\/2025\/11\/swivel-usb-flash-drive-12x12.webp 12w, https:\/\/www.yousanusb.com\/wp-content\/uploads\/2025\/11\/swivel-usb-flash-drive-600x600.webp 600w, https:\/\/www.yousanusb.com\/wp-content\/uploads\/2025\/11\/swivel-usb-flash-drive-100x100.webp 100w\" sizes=\"(max-width: 800px) 100vw, 800px\" \/><\/figure>\n<\/div>\n\n\n\n<div class=\"wp-block-column is-vertically-aligned-center is-layout-flow wp-block-column-is-layout-flow\">\n<p>La unidad USB giratoria de 360\u00b0 tiene un dise\u00f1o compuesto de metal y pl\u00e1stico; el cuerpo es de aleaci\u00f3n de aluminio anodizado para un acabado mate muy atractivo con mayor resistencia al desgaste y un \u00edndice de disipaci\u00f3n del calor mejorado.<\/p>\n\n\n\n<p>Las piezas giratorias est\u00e1n fabricadas en pl\u00e1stico ABS de calidad de ingenier\u00eda, lo que las hace perfectas para girar hasta 10.000 veces sin fatigarse, al tiempo que son lo suficientemente ligeras para viajar y lo suficientemente resistentes para soportar condiciones adversas.<\/p>\n<\/div>\n<\/div>\n\n\n\n<p>El dise\u00f1o permite cambiar f\u00e1cilmente entre interfaces o puertos; por ejemplo, podr\u00e1s cambiar sin problemas entre USB-A (puerto de ordenador antiguo) y Tipo-C (puerto de tableta m\u00f3vil y port\u00e1til), lo que lo hace compatible con m\u00e1s de 95% de todos los dispositivos populares.<\/p>\n\n\n\n<p>Cuando la unidad gira, el puerto se retrae autom\u00e1ticamente hacia el interior; esto significa que ya no tendr\u00e1 que preocuparse de perder la tapa como ocurre con una unidad USB tradicional.<\/p>\n\n\n\n<hr class=\"wp-block-separator alignwide has-alpha-channel-opacity\"\/>\n\n\n\n<h2 class=\"wp-block-heading\">Memoria USB de doble interfaz (USB-A + Tipo-C) con dos opciones de color<\/h2>\n\n\n\n<div class=\"wp-block-columns is-layout-flex wp-container-core-columns-is-layout-2 wp-block-columns-is-layout-flex\">\n<div class=\"wp-block-column is-layout-flow wp-block-column-is-layout-flow\"><div class=\"wp-block-image\">\n<figure class=\"aligncenter size-full\"><img decoding=\"async\" width=\"800\" height=\"800\" src=\"https:\/\/www.yousanusb.com\/wp-content\/uploads\/2025\/11\/Type-c-rotating-usb-dirve.webp\" alt=\"\" class=\"wp-image-23410\" srcset=\"https:\/\/www.yousanusb.com\/wp-content\/uploads\/2025\/11\/Type-c-rotating-usb-dirve.webp 800w, https:\/\/www.yousanusb.com\/wp-content\/uploads\/2025\/11\/Type-c-rotating-usb-dirve-300x300.webp 300w, https:\/\/www.yousanusb.com\/wp-content\/uploads\/2025\/11\/Type-c-rotating-usb-dirve-150x150.webp 150w, https:\/\/www.yousanusb.com\/wp-content\/uploads\/2025\/11\/Type-c-rotating-usb-dirve-768x768.webp 768w, https:\/\/www.yousanusb.com\/wp-content\/uploads\/2025\/11\/Type-c-rotating-usb-dirve-12x12.webp 12w, https:\/\/www.yousanusb.com\/wp-content\/uploads\/2025\/11\/Type-c-rotating-usb-dirve-600x600.webp 600w, https:\/\/www.yousanusb.com\/wp-content\/uploads\/2025\/11\/Type-c-rotating-usb-dirve-100x100.webp 100w\" sizes=\"(max-width: 800px) 100vw, 800px\" \/><figcaption class=\"wp-element-caption\">Color bicolor<\/figcaption><\/figure><\/div>\n\n\n<p>Por ejemplo, azul + plata, rojo + plata. El lustre del metal y el brillo del pl\u00e1stico forman un contraste visual, mejorando el reconocimiento del producto, lo que resulta adecuado para escenarios de regalos de gama alta.<\/p>\n<\/div>\n\n\n\n<div class=\"wp-block-column is-layout-flow wp-block-column-is-layout-flow\"><div class=\"wp-block-image\">\n<figure class=\"aligncenter size-full is-resized\"><img decoding=\"async\" width=\"800\" height=\"800\" src=\"https:\/\/www.yousanusb.com\/wp-content\/uploads\/2025\/11\/metal-rotating-usb-flash-drive.webp\" alt=\"\" class=\"wp-image-23407\" style=\"width:604px;height:auto\" srcset=\"https:\/\/www.yousanusb.com\/wp-content\/uploads\/2025\/11\/metal-rotating-usb-flash-drive.webp 800w, https:\/\/www.yousanusb.com\/wp-content\/uploads\/2025\/11\/metal-rotating-usb-flash-drive-300x300.webp 300w, https:\/\/www.yousanusb.com\/wp-content\/uploads\/2025\/11\/metal-rotating-usb-flash-drive-150x150.webp 150w, https:\/\/www.yousanusb.com\/wp-content\/uploads\/2025\/11\/metal-rotating-usb-flash-drive-768x768.webp 768w, https:\/\/www.yousanusb.com\/wp-content\/uploads\/2025\/11\/metal-rotating-usb-flash-drive-12x12.webp 12w, https:\/\/www.yousanusb.com\/wp-content\/uploads\/2025\/11\/metal-rotating-usb-flash-drive-600x600.webp 600w, https:\/\/www.yousanusb.com\/wp-content\/uploads\/2025\/11\/metal-rotating-usb-flash-drive-100x100.webp 100w\" sizes=\"(max-width: 800px) 100vw, 800px\" \/><figcaption class=\"wp-element-caption\">Serie de color s\u00f3lido<\/figcaption><\/figure><\/div>\n\n\n<p>Se dispone de 11 colores b\u00e1sicos (amarillo, rojo, rosa, negro, morado, verde, azul, azul cielo, naranja, blanco, rosa), que cumplen con precisi\u00f3n los colores de la marca VI.<\/p>\n<\/div>\n<\/div>\n\n\n\n<h2 class=\"wp-block-heading\">Logotipo personalizado<\/h2>\n\n\n\n<p><br>Esta unidad flash USB de alta velocidad ofrece capacidades de almacenamiento vers\u00e1tiles que van de 8 GB a 128 GB, con un dise\u00f1o met\u00e1lico duradero y una interfaz USB 2.0 para una transferencia de datos fiable.<br>Admite impresi\u00f3n UV personalizada para la marca y cuenta con una garant\u00eda de 1 a\u00f1o que asegura la calidad y un servicio posventa que incluye opciones de devoluci\u00f3n, sustituci\u00f3n y reparaci\u00f3n.<\/p>\n\n\n\n<div class=\"wp-block-columns is-layout-flex wp-container-core-columns-is-layout-3 wp-block-columns-is-layout-flex\">\n<div class=\"wp-block-column is-layout-flow wp-block-column-is-layout-flow\">\n<figure class=\"wp-block-image size-full\"><img loading=\"lazy\" decoding=\"async\" width=\"800\" height=\"800\" src=\"https:\/\/www.yousanusb.com\/wp-content\/uploads\/2025\/11\/Customed-Plasic-USB-Flash-Drive.webp\" alt=\"\" class=\"wp-image-23405\" srcset=\"https:\/\/www.yousanusb.com\/wp-content\/uploads\/2025\/11\/Customed-Plasic-USB-Flash-Drive.webp 800w, https:\/\/www.yousanusb.com\/wp-content\/uploads\/2025\/11\/Customed-Plasic-USB-Flash-Drive-300x300.webp 300w, https:\/\/www.yousanusb.com\/wp-content\/uploads\/2025\/11\/Customed-Plasic-USB-Flash-Drive-150x150.webp 150w, https:\/\/www.yousanusb.com\/wp-content\/uploads\/2025\/11\/Customed-Plasic-USB-Flash-Drive-768x768.webp 768w, https:\/\/www.yousanusb.com\/wp-content\/uploads\/2025\/11\/Customed-Plasic-USB-Flash-Drive-12x12.webp 12w, https:\/\/www.yousanusb.com\/wp-content\/uploads\/2025\/11\/Customed-Plasic-USB-Flash-Drive-600x600.webp 600w, https:\/\/www.yousanusb.com\/wp-content\/uploads\/2025\/11\/Customed-Plasic-USB-Flash-Drive-100x100.webp 100w\" sizes=\"(max-width: 800px) 100vw, 800px\" \/><\/figure>\n<\/div>\n\n\n\n<div class=\"wp-block-column is-layout-flow wp-block-column-is-layout-flow\">\n<figure class=\"wp-block-image size-full\"><img loading=\"lazy\" decoding=\"async\" width=\"800\" height=\"800\" src=\"https:\/\/www.yousanusb.com\/wp-content\/uploads\/2025\/11\/custom-swivel-usb-flash-drive-1.webp\" alt=\"\" class=\"wp-image-23406\" srcset=\"https:\/\/www.yousanusb.com\/wp-content\/uploads\/2025\/11\/custom-swivel-usb-flash-drive-1.webp 800w, https:\/\/www.yousanusb.com\/wp-content\/uploads\/2025\/11\/custom-swivel-usb-flash-drive-1-300x300.webp 300w, https:\/\/www.yousanusb.com\/wp-content\/uploads\/2025\/11\/custom-swivel-usb-flash-drive-1-150x150.webp 150w, https:\/\/www.yousanusb.com\/wp-content\/uploads\/2025\/11\/custom-swivel-usb-flash-drive-1-768x768.webp 768w, https:\/\/www.yousanusb.com\/wp-content\/uploads\/2025\/11\/custom-swivel-usb-flash-drive-1-12x12.webp 12w, https:\/\/www.yousanusb.com\/wp-content\/uploads\/2025\/11\/custom-swivel-usb-flash-drive-1-600x600.webp 600w, https:\/\/www.yousanusb.com\/wp-content\/uploads\/2025\/11\/custom-swivel-usb-flash-drive-1-100x100.webp 100w\" sizes=\"(max-width: 800px) 100vw, 800px\" \/><\/figure>\n<\/div>\n<\/div>","protected":false},"excerpt":{"rendered":"<ul>\n<li>Color giratorio personalizado<\/li>\n<li>Pl\u00e1stico \/ Metal Giratorio<\/li>\n<li>Impresi\u00f3n UV<\/li>\n<li>Color(es):Amarillo, Rojo, Rosa Negro, Morado, Verde, Azul, Celeste, Naranja, Rosa, Blanco<\/li>\n<li>MOQ:100pcs<\/li>\n<\/ul>","protected":false},"featured_media":23409,"comment_status":"open","ping_status":"closed","template":"","meta":{"_seopress_robots_primary_cat":"none","_seopress_titles_title":"","_seopress_titles_desc":"","_seopress_robots_index":""},"class_list":["post-23402","product","type-product","status-publish","has-post-thumbnail","hentry","product_cat-rotating-usb-flash-drive","product_tag-otg-usb-flash-drive"],"_links":{"self":[{"href":"https:\/\/www.yousanusb.com\/es\/wp-json\/wp\/v2\/product\/23402"}],"collection":[{"href":"https:\/\/www.yousanusb.com\/es\/wp-json\/wp\/v2\/product"}],"about":[{"href":"https:\/\/www.yousanusb.com\/es\/wp-json\/wp\/v2\/types\/product"}],"replies":[{"embeddable":true,"href":"https:\/\/www.yousanusb.com\/es\/wp-json\/wp\/v2\/comments?post=23402"}],"wp:featuredmedia":[{"embeddable":true,"href":"https:\/\/www.yousanusb.com\/es\/wp-json\/wp\/v2\/media\/23409"}],"wp:attachment":[{"href":"https:\/\/www.yousanusb.com\/es\/wp-json\/wp\/v2\/media?parent=23402"}],"curies":[{"name":"wp","href":"https:\/\/api.w.org\/{rel}","templated":true}]}}