{"id":23428,"date":"2025-11-04T08:13:18","date_gmt":"2025-11-04T08:13:18","guid":{"rendered":"https:\/\/www.yousanusb.com\/?post_type=product&#038;p=23428"},"modified":"2025-12-27T03:11:40","modified_gmt":"2025-12-27T03:11:40","slug":"long-strip-rotating-wooden-usb-flash-drive-with-keychain","status":"publish","type":"product","link":"https:\/\/www.yousanusb.com\/es\/producto\/long-strip-rotating-wooden-usb-flash-drive-with-keychain\/","title":{"rendered":"Memoria USB de madera giratoria de tira larga con llavero"},"content":{"rendered":"<div class=\"wp-block-columns is-layout-flex wp-container-core-columns-is-layout-1 wp-block-columns-is-layout-flex\">\n<div class=\"wp-block-column is-layout-flow wp-block-column-is-layout-flow\">\n<figure class=\"wp-block-image size-full\"><img fetchpriority=\"high\" decoding=\"async\" width=\"720\" height=\"720\" src=\"https:\/\/www.yousanusb.com\/wp-content\/uploads\/2025\/11\/180\u00b0-Rotating-Wooden-USB-Flash-Drive.webp\" alt=\"\" class=\"wp-image-23431\" srcset=\"https:\/\/www.yousanusb.com\/wp-content\/uploads\/2025\/11\/180\u00b0-Rotating-Wooden-USB-Flash-Drive.webp 720w, https:\/\/www.yousanusb.com\/wp-content\/uploads\/2025\/11\/180\u00b0-Rotating-Wooden-USB-Flash-Drive-300x300.webp 300w, https:\/\/www.yousanusb.com\/wp-content\/uploads\/2025\/11\/180\u00b0-Rotating-Wooden-USB-Flash-Drive-150x150.webp 150w, https:\/\/www.yousanusb.com\/wp-content\/uploads\/2025\/11\/180\u00b0-Rotating-Wooden-USB-Flash-Drive-12x12.webp 12w, https:\/\/www.yousanusb.com\/wp-content\/uploads\/2025\/11\/180\u00b0-Rotating-Wooden-USB-Flash-Drive-600x600.webp 600w, https:\/\/www.yousanusb.com\/wp-content\/uploads\/2025\/11\/180\u00b0-Rotating-Wooden-USB-Flash-Drive-100x100.webp 100w\" sizes=\"(max-width: 720px) 100vw, 720px\" \/><\/figure>\n<\/div>\n\n\n\n<div class=\"wp-block-column is-vertically-aligned-center is-layout-flow wp-block-column-is-layout-flow\">\n<p>Esta unidad USB rectangular de madera giratoria en \u00e1ngulo recto tiene un aspecto muy exclusivo, especialmente si se compara con las unidades USB est\u00e1ndar. Las fuertes l\u00edneas angulares producen un dise\u00f1o est\u00e9ticamente atractivo, limpio y sofisticado.<\/p>\n\n\n\n<p>La unidad USB cuenta con un USB giratorio 180 grados para que pueda insertarlo o extraerlo f\u00e1cilmente de la carcasa cuando est\u00e9 en uso, y encaja perfectamente de nuevo en la carcasa cuando no est\u00e9 en uso. El USB est\u00e1 protegido de forma segura en la carcasa de madera cuando no se utiliza, pero cuando se necesita, el USB se puede extraer r\u00e1pidamente de la carcasa pulsando el bot\u00f3n del lateral.<\/p>\n\n\n\n<p>Un enganche met\u00e1lico para llavero facilita el transporte de esta unidad USB. Tambi\u00e9n puede personalizar su logotipo o dise\u00f1o en la superficie de madera con grabado l\u00e1ser, a\u00f1adiendo un toque personal. Una unidad USB personalizada es una forma creativa y \u00fanica de almacenar sus datos y promocionar su empresa.<\/p>\n<\/div>\n<\/div>\n\n\n\n<div class=\"wp-block-columns is-layout-flex wp-container-core-columns-is-layout-2 wp-block-columns-is-layout-flex\">\n<div class=\"wp-block-column is-vertically-aligned-center is-layout-flow wp-block-column-is-layout-flow\">\n<p>Selecci\u00f3n de materiales<\/p>\n\n\n\n<p>Las memorias USB se fabricaron con dos tipos de madera natural: madera en bruto, madera de bamb\u00fa y madera de arce. Cada unidad tiene su propio patr\u00f3n de veteado, que le da la calidez y el aspecto natural de la madera.<\/p>\n\n\n\n<p>Detalles visuales<\/p>\n\n\n\n<p>Forma: El rect\u00e1ngulo, con esquinas ligeramente redondeadas en \u00e1ngulos de 10\u00b0, es c\u00f3modo de sostener, pero tambi\u00e9n tiene un aspecto agradable con los bordes lisos del dise\u00f1o;<br>Giratorio: El conector USB gira 180\u00b0 horizontalmente y es suave, sin enganches, lo que permite pasar f\u00e1cilmente de estar guardado a estar en uso;<br>F\u00e1cil de transportar: El llavero met\u00e1lico unido al extremo de la unidad se puede utilizar para colgarla de un bolso o llavero para facilitar los viajes y evitar la p\u00e9rdida permanente de la unidad.<\/p>\n<\/div>\n\n\n\n<div class=\"wp-block-column is-layout-flow wp-block-column-is-layout-flow\">\n<figure class=\"wp-block-image size-full\"><img decoding=\"async\" width=\"720\" height=\"720\" src=\"https:\/\/www.yousanusb.com\/wp-content\/uploads\/2025\/11\/Mini-Wooden-Rectangular-USB-Drive.webp\" alt=\"\" class=\"wp-image-23433\" srcset=\"https:\/\/www.yousanusb.com\/wp-content\/uploads\/2025\/11\/Mini-Wooden-Rectangular-USB-Drive.webp 720w, https:\/\/www.yousanusb.com\/wp-content\/uploads\/2025\/11\/Mini-Wooden-Rectangular-USB-Drive-300x300.webp 300w, https:\/\/www.yousanusb.com\/wp-content\/uploads\/2025\/11\/Mini-Wooden-Rectangular-USB-Drive-150x150.webp 150w, https:\/\/www.yousanusb.com\/wp-content\/uploads\/2025\/11\/Mini-Wooden-Rectangular-USB-Drive-12x12.webp 12w, https:\/\/www.yousanusb.com\/wp-content\/uploads\/2025\/11\/Mini-Wooden-Rectangular-USB-Drive-600x600.webp 600w, https:\/\/www.yousanusb.com\/wp-content\/uploads\/2025\/11\/Mini-Wooden-Rectangular-USB-Drive-100x100.webp 100w\" sizes=\"(max-width: 720px) 100vw, 720px\" \/><\/figure>\n<\/div>\n<\/div>\n\n\n\n<div class=\"wp-block-columns is-layout-flex wp-container-core-columns-is-layout-3 wp-block-columns-is-layout-flex\">\n<div class=\"wp-block-column is-layout-flow wp-block-column-is-layout-flow\">\n<figure class=\"wp-block-image size-full\"><img decoding=\"async\" width=\"720\" height=\"720\" src=\"https:\/\/www.yousanusb.com\/wp-content\/uploads\/2025\/11\/Wooden-Long-Strip-Right-Angle-USB-Drive.webp\" alt=\"\" class=\"wp-image-23434\" srcset=\"https:\/\/www.yousanusb.com\/wp-content\/uploads\/2025\/11\/Wooden-Long-Strip-Right-Angle-USB-Drive.webp 720w, https:\/\/www.yousanusb.com\/wp-content\/uploads\/2025\/11\/Wooden-Long-Strip-Right-Angle-USB-Drive-300x300.webp 300w, https:\/\/www.yousanusb.com\/wp-content\/uploads\/2025\/11\/Wooden-Long-Strip-Right-Angle-USB-Drive-150x150.webp 150w, https:\/\/www.yousanusb.com\/wp-content\/uploads\/2025\/11\/Wooden-Long-Strip-Right-Angle-USB-Drive-12x12.webp 12w, https:\/\/www.yousanusb.com\/wp-content\/uploads\/2025\/11\/Wooden-Long-Strip-Right-Angle-USB-Drive-600x600.webp 600w, https:\/\/www.yousanusb.com\/wp-content\/uploads\/2025\/11\/Wooden-Long-Strip-Right-Angle-USB-Drive-100x100.webp 100w\" sizes=\"(max-width: 720px) 100vw, 720px\" \/><\/figure>\n<\/div>\n\n\n\n<div class=\"wp-block-column is-vertically-aligned-center is-layout-flow wp-block-column-is-layout-flow\">\n<p>La madera es el \"soporte de oro\" para el grabado por l\u00e1ser: su veteado natural realza el efecto tridimensional del grabado del logotipo, mientras que sus degradados de color acent\u00faan la profundidad, dando como resultado un acabado de primera calidad.<\/p>\n\n\n\n<p> Est\u00e1 especialmente indicado para las siguientes aplicaciones: <\/p>\n\n\n\n<ul class=\"wp-block-list\">\n<li>Industria nupcial: Conservar los recuerdos de la boda grabando los nombres de la pareja y la fecha, creando un regalo \"c\u00e1psula del tiempo\" que encarna el romanticismo atemporal; <\/li>\n\n\n\n<li>Industria fotogr\u00e1fica: Conservar las impresiones de muestras\/clientes con el grabado del logotipo del estudio a\u00f1ade un significado ceremonial a la entrega, reforzando el reconocimiento de la marca; <\/li>\n\n\n\n<li> Industria musical: Almacenar singles\/\u00e1lbumes originales con el nombre del artista y el t\u00edtulo del \u00e1lbum grabados crea una mercanc\u00eda exclusiva que transmite el calor de la creaci\u00f3n; <\/li>\n\n\n\n<li> Personalizaci\u00f3n corporativa: El grabado de los logotipos y esl\u00f3ganes de la empresa transforma los regalos de empresa en art\u00edculos pr\u00e1cticos y elegantes, mientras que el material natural se alinea con los valores de conciencia ecol\u00f3gica.<\/li>\n<\/ul>\n<\/div>\n<\/div>","protected":false},"excerpt":{"rendered":"<ul>\n<li>Giro de 180<\/li>\n<li>List\u00f3n largo de madera<\/li>\n<li>LOGO Csutom<\/li>\n<li>Paquete personalizado<\/li>\n<li>MOQ:100pcs<\/li>\n<\/ul>","protected":false},"featured_media":23432,"comment_status":"open","ping_status":"closed","template":"","meta":{"_seopress_robots_primary_cat":"none","_seopress_titles_title":"","_seopress_titles_desc":"","_seopress_robots_index":""},"class_list":["post-23428","product","type-product","status-publish","has-post-thumbnail","hentry","product_cat-rotating-usb-flash-drive","product_cat-wooden-usb-flash-drive"],"_links":{"self":[{"href":"https:\/\/www.yousanusb.com\/es\/wp-json\/wp\/v2\/product\/23428"}],"collection":[{"href":"https:\/\/www.yousanusb.com\/es\/wp-json\/wp\/v2\/product"}],"about":[{"href":"https:\/\/www.yousanusb.com\/es\/wp-json\/wp\/v2\/types\/product"}],"replies":[{"embeddable":true,"href":"https:\/\/www.yousanusb.com\/es\/wp-json\/wp\/v2\/comments?post=23428"}],"wp:featuredmedia":[{"embeddable":true,"href":"https:\/\/www.yousanusb.com\/es\/wp-json\/wp\/v2\/media\/23432"}],"wp:attachment":[{"href":"https:\/\/www.yousanusb.com\/es\/wp-json\/wp\/v2\/media?parent=23428"}],"curies":[{"name":"wp","href":"https:\/\/api.w.org\/{rel}","templated":true}]}}