{"id":23461,"date":"2025-11-05T04:12:14","date_gmt":"2025-11-05T04:12:14","guid":{"rendered":"https:\/\/www.yousanusb.com\/?post_type=product&#038;p=23461"},"modified":"2025-11-05T12:51:57","modified_gmt":"2025-11-05T12:51:57","slug":"2025-usb-3-0-3-1-tosata-2-5-inch-portable-hard-drive","status":"publish","type":"product","link":"https:\/\/www.yousanusb.com\/es\/producto\/2025-usb-3-0-3-1-tosata-2-5-inch-portable-hard-drive\/","title":{"rendered":"2025 Disco duro port\u00e1til USB 3.0\/3.1 TOSATA de 2,5 pulgadas"},"content":{"rendered":"<p>2025 Disco duro port\u00e1til USB 3.0\/3.1 TOSATA de 2,5 pulgadas, extra\u00edble Nuevo dise\u00f1o port\u00e1til. Dimensiones del producto: 123 x 80 x 15mm. Velocidad de Transferencia: 5Gbps. Color: Negro. Este es el disco duro port\u00e1til m\u00e1s vendido.<\/p>\n\n\n\n<div class=\"wp-block-columns is-layout-flex wp-container-core-columns-is-layout-1 wp-block-columns-is-layout-flex\">\n<div class=\"wp-block-column is-layout-flow wp-block-column-is-layout-flow\">\n<figure class=\"wp-block-image size-full\"><img fetchpriority=\"high\" decoding=\"async\" width=\"387\" height=\"387\" src=\"https:\/\/www.yousanusb.com\/wp-content\/uploads\/2025\/11\/2025-USB-3.03.1-TOSATA-2.5-inch-Hard-Drive.jpg\" alt=\"\" class=\"wp-image-23464\" srcset=\"https:\/\/www.yousanusb.com\/wp-content\/uploads\/2025\/11\/2025-USB-3.03.1-TOSATA-2.5-inch-Hard-Drive.jpg 387w, https:\/\/www.yousanusb.com\/wp-content\/uploads\/2025\/11\/2025-USB-3.03.1-TOSATA-2.5-inch-Hard-Drive-300x300.jpg 300w, https:\/\/www.yousanusb.com\/wp-content\/uploads\/2025\/11\/2025-USB-3.03.1-TOSATA-2.5-inch-Hard-Drive-150x150.jpg 150w, https:\/\/www.yousanusb.com\/wp-content\/uploads\/2025\/11\/2025-USB-3.03.1-TOSATA-2.5-inch-Hard-Drive-12x12.jpg 12w, https:\/\/www.yousanusb.com\/wp-content\/uploads\/2025\/11\/2025-USB-3.03.1-TOSATA-2.5-inch-Hard-Drive-100x100.jpg 100w\" sizes=\"(max-width: 387px) 100vw, 387px\" \/><\/figure>\n<\/div>\n\n\n\n<div class=\"wp-block-column is-layout-flow wp-block-column-is-layout-flow\">\n<figure class=\"wp-block-image size-full\"><img decoding=\"async\" width=\"450\" height=\"450\" src=\"https:\/\/www.yousanusb.com\/wp-content\/uploads\/2025\/11\/2025-USB-3.03.1-TOSATA-2.5-inch-Portable-Hard-Drive-black.jpg\" alt=\"\" class=\"wp-image-23466\" srcset=\"https:\/\/www.yousanusb.com\/wp-content\/uploads\/2025\/11\/2025-USB-3.03.1-TOSATA-2.5-inch-Portable-Hard-Drive-black.jpg 450w, https:\/\/www.yousanusb.com\/wp-content\/uploads\/2025\/11\/2025-USB-3.03.1-TOSATA-2.5-inch-Portable-Hard-Drive-black-300x300.jpg 300w, https:\/\/www.yousanusb.com\/wp-content\/uploads\/2025\/11\/2025-USB-3.03.1-TOSATA-2.5-inch-Portable-Hard-Drive-black-150x150.jpg 150w, https:\/\/www.yousanusb.com\/wp-content\/uploads\/2025\/11\/2025-USB-3.03.1-TOSATA-2.5-inch-Portable-Hard-Drive-black-12x12.jpg 12w, https:\/\/www.yousanusb.com\/wp-content\/uploads\/2025\/11\/2025-USB-3.03.1-TOSATA-2.5-inch-Portable-Hard-Drive-black-100x100.jpg 100w\" sizes=\"(max-width: 450px) 100vw, 450px\" \/><\/figure>\n<\/div>\n<\/div>\n\n\n\n<p>Equipado con puertos USB 3.0\/3.1, ofrece velocidades de transferencia te\u00f3ricas superiores a 5 Gbps y alcanza velocidades de lectura reales de hasta 130 MB\/s. Ya se trate de archivos de dise\u00f1o de 10 GB, pel\u00edculas 4K HD o enormes colecciones de fotos RAW, permite realizar copias a la velocidad del rayo: una pel\u00edcula HD de 20 GB se transfiere en menos de 3 minutos, lo que elimina las largas esperas asociadas a los dispositivos de almacenamiento tradicionales.<\/p>\n\n\n\n<div class=\"wp-block-columns is-layout-flex wp-container-core-columns-is-layout-2 wp-block-columns-is-layout-flex\">\n<div class=\"wp-block-column is-layout-flow wp-block-column-is-layout-flow\">\n<figure class=\"wp-block-image size-full\"><img decoding=\"async\" width=\"903\" height=\"903\" src=\"https:\/\/www.yousanusb.com\/wp-content\/uploads\/2025\/11\/2025-USB-3.03.1-TOSATA-2.5-inch-Portable-Hard-Drive.jpg\" alt=\"\" class=\"wp-image-23467\" srcset=\"https:\/\/www.yousanusb.com\/wp-content\/uploads\/2025\/11\/2025-USB-3.03.1-TOSATA-2.5-inch-Portable-Hard-Drive.jpg 903w, https:\/\/www.yousanusb.com\/wp-content\/uploads\/2025\/11\/2025-USB-3.03.1-TOSATA-2.5-inch-Portable-Hard-Drive-300x300.jpg 300w, https:\/\/www.yousanusb.com\/wp-content\/uploads\/2025\/11\/2025-USB-3.03.1-TOSATA-2.5-inch-Portable-Hard-Drive-150x150.jpg 150w, https:\/\/www.yousanusb.com\/wp-content\/uploads\/2025\/11\/2025-USB-3.03.1-TOSATA-2.5-inch-Portable-Hard-Drive-768x768.jpg 768w, https:\/\/www.yousanusb.com\/wp-content\/uploads\/2025\/11\/2025-USB-3.03.1-TOSATA-2.5-inch-Portable-Hard-Drive-12x12.jpg 12w, https:\/\/www.yousanusb.com\/wp-content\/uploads\/2025\/11\/2025-USB-3.03.1-TOSATA-2.5-inch-Portable-Hard-Drive-600x600.jpg 600w, https:\/\/www.yousanusb.com\/wp-content\/uploads\/2025\/11\/2025-USB-3.03.1-TOSATA-2.5-inch-Portable-Hard-Drive-100x100.jpg 100w\" sizes=\"(max-width: 903px) 100vw, 903px\" \/><\/figure>\n<\/div>\n\n\n\n<div class=\"wp-block-column is-layout-flow wp-block-column-is-layout-flow\">\n<figure class=\"wp-block-image size-large\"><img loading=\"lazy\" decoding=\"async\" width=\"1024\" height=\"1024\" src=\"https:\/\/www.yousanusb.com\/wp-content\/uploads\/2025\/11\/2025-USB-3.03.1-TOSATA-2.5-inch-Portable-Hard-Drive-abs-1024x1024.jpg\" alt=\"\" class=\"wp-image-23465\" srcset=\"https:\/\/www.yousanusb.com\/wp-content\/uploads\/2025\/11\/2025-USB-3.03.1-TOSATA-2.5-inch-Portable-Hard-Drive-abs-1024x1024.jpg 1024w, https:\/\/www.yousanusb.com\/wp-content\/uploads\/2025\/11\/2025-USB-3.03.1-TOSATA-2.5-inch-Portable-Hard-Drive-abs-300x300.jpg 300w, https:\/\/www.yousanusb.com\/wp-content\/uploads\/2025\/11\/2025-USB-3.03.1-TOSATA-2.5-inch-Portable-Hard-Drive-abs-150x150.jpg 150w, https:\/\/www.yousanusb.com\/wp-content\/uploads\/2025\/11\/2025-USB-3.03.1-TOSATA-2.5-inch-Portable-Hard-Drive-abs-768x768.jpg 768w, https:\/\/www.yousanusb.com\/wp-content\/uploads\/2025\/11\/2025-USB-3.03.1-TOSATA-2.5-inch-Portable-Hard-Drive-abs-12x12.jpg 12w, https:\/\/www.yousanusb.com\/wp-content\/uploads\/2025\/11\/2025-USB-3.03.1-TOSATA-2.5-inch-Portable-Hard-Drive-abs-600x600.jpg 600w, https:\/\/www.yousanusb.com\/wp-content\/uploads\/2025\/11\/2025-USB-3.03.1-TOSATA-2.5-inch-Portable-Hard-Drive-abs-100x100.jpg 100w, https:\/\/www.yousanusb.com\/wp-content\/uploads\/2025\/11\/2025-USB-3.03.1-TOSATA-2.5-inch-Portable-Hard-Drive-abs.jpg 1046w\" sizes=\"(max-width: 1024px) 100vw, 1024px\" \/><\/figure>\n<\/div>\n<\/div>","protected":false},"excerpt":{"rendered":"<ul>\n<li>Modelo 2025<\/li>\n<li>USB 3.0\/3.1<\/li>\n<li>TOSATA de 2,5 pulgadas<\/li>\n<li>Disco duro port\u00e1til<\/li>\n<li>MOQ:10PCS<\/li>\n<\/ul>","protected":false},"featured_media":23464,"comment_status":"open","ping_status":"closed","template":"","meta":{"_seopress_robots_primary_cat":"","_seopress_titles_title":"2025 USB 3.0\/3.1 TOSATA 2.5-inch Portable Hard Drive","_seopress_titles_desc":"","_seopress_robots_index":""},"class_list":["post-23461","product","type-product","status-publish","has-post-thumbnail","hentry","product_cat-portable-hard-drive"],"_links":{"self":[{"href":"https:\/\/www.yousanusb.com\/es\/wp-json\/wp\/v2\/product\/23461"}],"collection":[{"href":"https:\/\/www.yousanusb.com\/es\/wp-json\/wp\/v2\/product"}],"about":[{"href":"https:\/\/www.yousanusb.com\/es\/wp-json\/wp\/v2\/types\/product"}],"replies":[{"embeddable":true,"href":"https:\/\/www.yousanusb.com\/es\/wp-json\/wp\/v2\/comments?post=23461"}],"wp:featuredmedia":[{"embeddable":true,"href":"https:\/\/www.yousanusb.com\/es\/wp-json\/wp\/v2\/media\/23464"}],"wp:attachment":[{"href":"https:\/\/www.yousanusb.com\/es\/wp-json\/wp\/v2\/media?parent=23461"}],"curies":[{"name":"wp","href":"https:\/\/api.w.org\/{rel}","templated":true}]}}