{"id":23513,"date":"2025-11-05T13:55:25","date_gmt":"2025-11-05T13:55:25","guid":{"rendered":"https:\/\/www.yousanusb.com\/?post_type=product&#038;p=23513"},"modified":"2025-11-06T06:36:09","modified_gmt":"2025-11-06T06:36:09","slug":"best-selling-usb-3-1-high-speed-portable-hard-drive","status":"publish","type":"product","link":"https:\/\/www.yousanusb.com\/es\/producto\/best-selling-usb-3-1-high-speed-portable-hard-drive\/","title":{"rendered":"El disco duro port\u00e1til USB 3.1 de alta velocidad m\u00e1s vendido"},"content":{"rendered":"<p>El disco duro port\u00e1til de alta velocidad USB 3.1 m\u00e1s vendido de AliExpress y Amazon\uff0cDisco duro de tipo C a SATA de 2,5 pulgadas<\/p>\n\n\n\n<p>Carcasa de disco duro externo de 2,5 pulgadas USB 3.1 Tipo-C a SATA Admite unidades de 2 TB con protocolo UASP de 5 Gbps Dise\u00f1o de aleaci\u00f3n de aluminio, potente disipaci\u00f3n de calor, vida sencilla.<\/p>\n\n\n\n<div class=\"wp-block-columns is-layout-flex wp-container-core-columns-is-layout-1 wp-block-columns-is-layout-flex\">\n<div class=\"wp-block-column is-layout-flow wp-block-column-is-layout-flow\">\n<figure class=\"wp-block-image size-full\"><img fetchpriority=\"high\" decoding=\"async\" width=\"800\" height=\"800\" src=\"https:\/\/www.yousanusb.com\/wp-content\/uploads\/2025\/11\/Best-Selling-USB-3.1-High-Speed-Portable-Hard-Drive.jpg\" alt=\"\" class=\"wp-image-23518\" srcset=\"https:\/\/www.yousanusb.com\/wp-content\/uploads\/2025\/11\/Best-Selling-USB-3.1-High-Speed-Portable-Hard-Drive.jpg 800w, https:\/\/www.yousanusb.com\/wp-content\/uploads\/2025\/11\/Best-Selling-USB-3.1-High-Speed-Portable-Hard-Drive-300x300.jpg 300w, https:\/\/www.yousanusb.com\/wp-content\/uploads\/2025\/11\/Best-Selling-USB-3.1-High-Speed-Portable-Hard-Drive-150x150.jpg 150w, https:\/\/www.yousanusb.com\/wp-content\/uploads\/2025\/11\/Best-Selling-USB-3.1-High-Speed-Portable-Hard-Drive-768x768.jpg 768w, https:\/\/www.yousanusb.com\/wp-content\/uploads\/2025\/11\/Best-Selling-USB-3.1-High-Speed-Portable-Hard-Drive-12x12.jpg 12w, https:\/\/www.yousanusb.com\/wp-content\/uploads\/2025\/11\/Best-Selling-USB-3.1-High-Speed-Portable-Hard-Drive-600x600.jpg 600w, https:\/\/www.yousanusb.com\/wp-content\/uploads\/2025\/11\/Best-Selling-USB-3.1-High-Speed-Portable-Hard-Drive-100x100.jpg 100w\" sizes=\"(max-width: 800px) 100vw, 800px\" \/><\/figure>\n<\/div>\n\n\n\n<div class=\"wp-block-column is-layout-flow wp-block-column-is-layout-flow\">\n<figure class=\"wp-block-image size-full\"><img decoding=\"async\" width=\"800\" height=\"800\" src=\"https:\/\/www.yousanusb.com\/wp-content\/uploads\/2025\/11\/Amazon-Best-Selling-USB-3.1-High-Speed-Portable-Hard-Drive.jpg\" alt=\"\" class=\"wp-image-23517\" srcset=\"https:\/\/www.yousanusb.com\/wp-content\/uploads\/2025\/11\/Amazon-Best-Selling-USB-3.1-High-Speed-Portable-Hard-Drive.jpg 800w, https:\/\/www.yousanusb.com\/wp-content\/uploads\/2025\/11\/Amazon-Best-Selling-USB-3.1-High-Speed-Portable-Hard-Drive-300x300.jpg 300w, https:\/\/www.yousanusb.com\/wp-content\/uploads\/2025\/11\/Amazon-Best-Selling-USB-3.1-High-Speed-Portable-Hard-Drive-150x150.jpg 150w, https:\/\/www.yousanusb.com\/wp-content\/uploads\/2025\/11\/Amazon-Best-Selling-USB-3.1-High-Speed-Portable-Hard-Drive-768x768.jpg 768w, https:\/\/www.yousanusb.com\/wp-content\/uploads\/2025\/11\/Amazon-Best-Selling-USB-3.1-High-Speed-Portable-Hard-Drive-12x12.jpg 12w, https:\/\/www.yousanusb.com\/wp-content\/uploads\/2025\/11\/Amazon-Best-Selling-USB-3.1-High-Speed-Portable-Hard-Drive-600x600.jpg 600w, https:\/\/www.yousanusb.com\/wp-content\/uploads\/2025\/11\/Amazon-Best-Selling-USB-3.1-High-Speed-Portable-Hard-Drive-100x100.jpg 100w\" sizes=\"(max-width: 800px) 100vw, 800px\" \/><\/figure>\n<\/div>\n<\/div>\n\n\n\n<p>La vibrante carcasa transparente de material ABS ign\u00edfugo y a prueba de golpes ayuda a distinguir qu\u00e9 disco duro hay dentro.<\/p>\n\n\n\n<p>Admite todos los discos duros SATA I\/II\/III est\u00e1ndar de 7 mm\/9,5 mm y 2,5 pulgadas de hasta 2 TB (m\u00e1ximo).<\/p>\n\n\n\n<p>No se recomienda utilizar este producto con discos duros de 12,5 mm.<\/p>\n\n\n\n<p>Sistemas operativos compatibles: Windows 2000 \/ Windows 98 \/ XP \/ Vista \/ 7\/8\/10, Linux, Mac OS 9.1 \/ 10.8.4 y superiores.<\/p>\n\n\n\n<p>Instalaci\u00f3n sin herramientas; plug-and-play intercambiable en caliente; indicador LED que no requiere reinicio ni controladores adicionales.<\/p>\n\n\n\n<p>2,5 pulgadas\uff08130<em>75<\/em>14mm\uff09 63g<\/p>\n\n\n\n<div class=\"wp-block-columns is-layout-flex wp-container-core-columns-is-layout-2 wp-block-columns-is-layout-flex\">\n<div class=\"wp-block-column is-layout-flow wp-block-column-is-layout-flow\">\n<figure class=\"wp-block-image size-full\"><img decoding=\"async\" width=\"800\" height=\"800\" src=\"https:\/\/www.yousanusb.com\/wp-content\/uploads\/2025\/11\/Type-C-to-SATA-2.5-inch-Hard-Drive.jpg\" alt=\"\" class=\"wp-image-23519\" srcset=\"https:\/\/www.yousanusb.com\/wp-content\/uploads\/2025\/11\/Type-C-to-SATA-2.5-inch-Hard-Drive.jpg 800w, https:\/\/www.yousanusb.com\/wp-content\/uploads\/2025\/11\/Type-C-to-SATA-2.5-inch-Hard-Drive-300x300.jpg 300w, https:\/\/www.yousanusb.com\/wp-content\/uploads\/2025\/11\/Type-C-to-SATA-2.5-inch-Hard-Drive-150x150.jpg 150w, https:\/\/www.yousanusb.com\/wp-content\/uploads\/2025\/11\/Type-C-to-SATA-2.5-inch-Hard-Drive-768x768.jpg 768w, https:\/\/www.yousanusb.com\/wp-content\/uploads\/2025\/11\/Type-C-to-SATA-2.5-inch-Hard-Drive-12x12.jpg 12w, https:\/\/www.yousanusb.com\/wp-content\/uploads\/2025\/11\/Type-C-to-SATA-2.5-inch-Hard-Drive-600x600.jpg 600w, https:\/\/www.yousanusb.com\/wp-content\/uploads\/2025\/11\/Type-C-to-SATA-2.5-inch-Hard-Drive-100x100.jpg 100w\" sizes=\"(max-width: 800px) 100vw, 800px\" \/><\/figure>\n<\/div>\n\n\n\n<div class=\"wp-block-column is-layout-flow wp-block-column-is-layout-flow\">\n<figure class=\"wp-block-image size-full\"><img loading=\"lazy\" decoding=\"async\" width=\"800\" height=\"800\" src=\"https:\/\/www.yousanusb.com\/wp-content\/uploads\/2025\/11\/AliExpress-Amazon-Best-Selling-USB-3.1-High-Speed-Portable-Hard-Drive.jpg\" alt=\"\" class=\"wp-image-23516\" srcset=\"https:\/\/www.yousanusb.com\/wp-content\/uploads\/2025\/11\/AliExpress-Amazon-Best-Selling-USB-3.1-High-Speed-Portable-Hard-Drive.jpg 800w, https:\/\/www.yousanusb.com\/wp-content\/uploads\/2025\/11\/AliExpress-Amazon-Best-Selling-USB-3.1-High-Speed-Portable-Hard-Drive-300x300.jpg 300w, https:\/\/www.yousanusb.com\/wp-content\/uploads\/2025\/11\/AliExpress-Amazon-Best-Selling-USB-3.1-High-Speed-Portable-Hard-Drive-150x150.jpg 150w, https:\/\/www.yousanusb.com\/wp-content\/uploads\/2025\/11\/AliExpress-Amazon-Best-Selling-USB-3.1-High-Speed-Portable-Hard-Drive-768x768.jpg 768w, https:\/\/www.yousanusb.com\/wp-content\/uploads\/2025\/11\/AliExpress-Amazon-Best-Selling-USB-3.1-High-Speed-Portable-Hard-Drive-12x12.jpg 12w, https:\/\/www.yousanusb.com\/wp-content\/uploads\/2025\/11\/AliExpress-Amazon-Best-Selling-USB-3.1-High-Speed-Portable-Hard-Drive-600x600.jpg 600w, https:\/\/www.yousanusb.com\/wp-content\/uploads\/2025\/11\/AliExpress-Amazon-Best-Selling-USB-3.1-High-Speed-Portable-Hard-Drive-100x100.jpg 100w\" sizes=\"(max-width: 800px) 100vw, 800px\" \/><\/figure>\n<\/div>\n<\/div>\n\n\n\n<p><\/p>","protected":false},"excerpt":{"rendered":"<ul>\n<li>Los m\u00e1s vendidos de AliExpress y Amazon<\/li>\n<li>USB 3.1 de alta velocidad<\/li>\n<li>Disco duro port\u00e1til<\/li>\n<li>Tipo-C a SATA de 2,5 pulgadas<\/li>\n<li>Admite todos los discos duros SATA I\/II\/III est\u00e1ndar de 7 mm\/9,5 mm y 2,5 pulgadas de hasta 2 TB (m\u00e1ximo).<\/li>\n<\/ul>","protected":false},"featured_media":23519,"comment_status":"open","ping_status":"closed","template":"","meta":{"_seopress_robots_primary_cat":"","_seopress_titles_title":"Best-Selling USB 3.1 High-Speed Portable Hard Drive","_seopress_titles_desc":"2.5-inch USB 3.1 Type-C to SATA External Hard Drive Enclosure Supports 2TB Drives with 5 Gbps UASP Protocol Aluminum alloy design, powerful heat dissipation, simple living.","_seopress_robots_index":""},"class_list":["post-23513","product","type-product","status-publish","has-post-thumbnail","hentry","product_cat-portable-hard-drive"],"_links":{"self":[{"href":"https:\/\/www.yousanusb.com\/es\/wp-json\/wp\/v2\/product\/23513"}],"collection":[{"href":"https:\/\/www.yousanusb.com\/es\/wp-json\/wp\/v2\/product"}],"about":[{"href":"https:\/\/www.yousanusb.com\/es\/wp-json\/wp\/v2\/types\/product"}],"replies":[{"embeddable":true,"href":"https:\/\/www.yousanusb.com\/es\/wp-json\/wp\/v2\/comments?post=23513"}],"wp:featuredmedia":[{"embeddable":true,"href":"https:\/\/www.yousanusb.com\/es\/wp-json\/wp\/v2\/media\/23519"}],"wp:attachment":[{"href":"https:\/\/www.yousanusb.com\/es\/wp-json\/wp\/v2\/media?parent=23513"}],"curies":[{"name":"wp","href":"https:\/\/api.w.org\/{rel}","templated":true}]}}