{"id":23520,"date":"2025-11-06T02:28:57","date_gmt":"2025-11-06T02:28:57","guid":{"rendered":"https:\/\/www.yousanusb.com\/?post_type=product&#038;p=23520"},"modified":"2025-11-06T06:36:16","modified_gmt":"2025-11-06T06:36:16","slug":"2-5-inch-sata-aluminum-alloy-rounded-corner-hard-drive","status":"publish","type":"product","link":"https:\/\/www.yousanusb.com\/es\/producto\/2-5-inch-sata-aluminum-alloy-rounded-corner-hard-drive\/","title":{"rendered":"Disco duro SATA de 2,5 pulgadas con esquinas redondeadas y aleaci\u00f3n de aluminio"},"content":{"rendered":"<p>Este disco duro SATA de aleaci\u00f3n de aluminio de 2,5 pulgadas presenta un cuerpo de aleaci\u00f3n de aluminio con un marco intermedio de ABS. Utiliza una interfaz USB 3.0 a SATA, compatible con discos duros SATA de 4 TB y SSD. El puerto USB 3.0 externo es compatible con USB 2.0\/1.1. La alimentaci\u00f3n se realiza directamente a trav\u00e9s del cable USB, y la unidad completa pesa 0,2 kg.<\/p>\n\n\n\n<div class=\"wp-block-columns is-layout-flex wp-container-core-columns-is-layout-1 wp-block-columns-is-layout-flex\">\n<div class=\"wp-block-column is-layout-flow wp-block-column-is-layout-flow\">\n<figure class=\"wp-block-image size-full\"><img fetchpriority=\"high\" decoding=\"async\" width=\"800\" height=\"800\" src=\"https:\/\/www.yousanusb.com\/wp-content\/uploads\/2025\/11\/black-2.5-inch-SATA-Aluminum-Alloy-Rounded-Corner-Solid-State-Drive.jpg\" alt=\"\" class=\"wp-image-23525\" srcset=\"https:\/\/www.yousanusb.com\/wp-content\/uploads\/2025\/11\/black-2.5-inch-SATA-Aluminum-Alloy-Rounded-Corner-Solid-State-Drive.jpg 800w, https:\/\/www.yousanusb.com\/wp-content\/uploads\/2025\/11\/black-2.5-inch-SATA-Aluminum-Alloy-Rounded-Corner-Solid-State-Drive-300x300.jpg 300w, https:\/\/www.yousanusb.com\/wp-content\/uploads\/2025\/11\/black-2.5-inch-SATA-Aluminum-Alloy-Rounded-Corner-Solid-State-Drive-150x150.jpg 150w, https:\/\/www.yousanusb.com\/wp-content\/uploads\/2025\/11\/black-2.5-inch-SATA-Aluminum-Alloy-Rounded-Corner-Solid-State-Drive-768x768.jpg 768w, https:\/\/www.yousanusb.com\/wp-content\/uploads\/2025\/11\/black-2.5-inch-SATA-Aluminum-Alloy-Rounded-Corner-Solid-State-Drive-12x12.jpg 12w, https:\/\/www.yousanusb.com\/wp-content\/uploads\/2025\/11\/black-2.5-inch-SATA-Aluminum-Alloy-Rounded-Corner-Solid-State-Drive-600x600.jpg 600w, https:\/\/www.yousanusb.com\/wp-content\/uploads\/2025\/11\/black-2.5-inch-SATA-Aluminum-Alloy-Rounded-Corner-Solid-State-Drive-100x100.jpg 100w\" sizes=\"(max-width: 800px) 100vw, 800px\" \/><\/figure>\n<\/div>\n\n\n\n<div class=\"wp-block-column is-layout-flow wp-block-column-is-layout-flow\">\n<figure class=\"wp-block-image size-full\"><img decoding=\"async\" width=\"800\" height=\"800\" src=\"https:\/\/www.yousanusb.com\/wp-content\/uploads\/2025\/11\/2.5-inch-SATA-Aluminum-Alloy-Rounded-Corner-Solid-State-Drive.jpg\" alt=\"\" class=\"wp-image-23524\" srcset=\"https:\/\/www.yousanusb.com\/wp-content\/uploads\/2025\/11\/2.5-inch-SATA-Aluminum-Alloy-Rounded-Corner-Solid-State-Drive.jpg 800w, https:\/\/www.yousanusb.com\/wp-content\/uploads\/2025\/11\/2.5-inch-SATA-Aluminum-Alloy-Rounded-Corner-Solid-State-Drive-300x300.jpg 300w, https:\/\/www.yousanusb.com\/wp-content\/uploads\/2025\/11\/2.5-inch-SATA-Aluminum-Alloy-Rounded-Corner-Solid-State-Drive-150x150.jpg 150w, https:\/\/www.yousanusb.com\/wp-content\/uploads\/2025\/11\/2.5-inch-SATA-Aluminum-Alloy-Rounded-Corner-Solid-State-Drive-768x768.jpg 768w, https:\/\/www.yousanusb.com\/wp-content\/uploads\/2025\/11\/2.5-inch-SATA-Aluminum-Alloy-Rounded-Corner-Solid-State-Drive-12x12.jpg 12w, https:\/\/www.yousanusb.com\/wp-content\/uploads\/2025\/11\/2.5-inch-SATA-Aluminum-Alloy-Rounded-Corner-Solid-State-Drive-600x600.jpg 600w, https:\/\/www.yousanusb.com\/wp-content\/uploads\/2025\/11\/2.5-inch-SATA-Aluminum-Alloy-Rounded-Corner-Solid-State-Drive-100x100.jpg 100w\" sizes=\"(max-width: 800px) 100vw, 800px\" \/><\/figure>\n<\/div>\n<\/div>\n\n\n\n<p>El dise\u00f1o general presenta esquinas redondeadas con curvas suaves. El panel frontal puede grabarse con l\u00e1ser con un logotipo, mientras que el panel trasero aloja especificaciones e informaci\u00f3n de la marca.<\/p>\n\n\n\n<p>Material: Aleaci\u00f3n de aluminio + estructura central de ABS <\/p>\n\n\n\n<p>Dimensiones: 12*8*1,5cm<\/p>\n\n\n\n<p>Embalaje: Cable USB 3.0 est\u00e1ndar + funda de cuero<\/p>\n\n\n\n<p>Colores: Blanco, Rojo, Azul, Negro<\/p>\n\n\n\n<p>Capacidad admitida: 4 TB (m\u00e1ximo)<\/p>\n\n\n\n<p>Velocidad de transferencia: 6 Gb\/s<\/p>\n\n\n\n<div class=\"wp-block-columns is-layout-flex wp-container-core-columns-is-layout-2 wp-block-columns-is-layout-flex\">\n<div class=\"wp-block-column is-layout-flow wp-block-column-is-layout-flow\">\n<figure class=\"wp-block-image size-full\"><img decoding=\"async\" width=\"800\" height=\"800\" src=\"https:\/\/www.yousanusb.com\/wp-content\/uploads\/2025\/11\/blue-2.5-inch-SATA-Aluminum-Alloy-Rounded-Corner-Solid-State-Drive.jpg\" alt=\"\" class=\"wp-image-23526\" srcset=\"https:\/\/www.yousanusb.com\/wp-content\/uploads\/2025\/11\/blue-2.5-inch-SATA-Aluminum-Alloy-Rounded-Corner-Solid-State-Drive.jpg 800w, https:\/\/www.yousanusb.com\/wp-content\/uploads\/2025\/11\/blue-2.5-inch-SATA-Aluminum-Alloy-Rounded-Corner-Solid-State-Drive-300x300.jpg 300w, https:\/\/www.yousanusb.com\/wp-content\/uploads\/2025\/11\/blue-2.5-inch-SATA-Aluminum-Alloy-Rounded-Corner-Solid-State-Drive-150x150.jpg 150w, https:\/\/www.yousanusb.com\/wp-content\/uploads\/2025\/11\/blue-2.5-inch-SATA-Aluminum-Alloy-Rounded-Corner-Solid-State-Drive-768x768.jpg 768w, https:\/\/www.yousanusb.com\/wp-content\/uploads\/2025\/11\/blue-2.5-inch-SATA-Aluminum-Alloy-Rounded-Corner-Solid-State-Drive-12x12.jpg 12w, https:\/\/www.yousanusb.com\/wp-content\/uploads\/2025\/11\/blue-2.5-inch-SATA-Aluminum-Alloy-Rounded-Corner-Solid-State-Drive-600x600.jpg 600w, https:\/\/www.yousanusb.com\/wp-content\/uploads\/2025\/11\/blue-2.5-inch-SATA-Aluminum-Alloy-Rounded-Corner-Solid-State-Drive-100x100.jpg 100w\" sizes=\"(max-width: 800px) 100vw, 800px\" \/><\/figure>\n<\/div>\n\n\n\n<div class=\"wp-block-column is-layout-flow wp-block-column-is-layout-flow\">\n<figure class=\"wp-block-image size-full\"><img loading=\"lazy\" decoding=\"async\" width=\"800\" height=\"800\" src=\"https:\/\/www.yousanusb.com\/wp-content\/uploads\/2025\/11\/red-2.5-inch-SATA-Aluminum-Alloy-Rounded-Corner-Solid-State-Drive.jpg\" alt=\"\" class=\"wp-image-23527\" srcset=\"https:\/\/www.yousanusb.com\/wp-content\/uploads\/2025\/11\/red-2.5-inch-SATA-Aluminum-Alloy-Rounded-Corner-Solid-State-Drive.jpg 800w, https:\/\/www.yousanusb.com\/wp-content\/uploads\/2025\/11\/red-2.5-inch-SATA-Aluminum-Alloy-Rounded-Corner-Solid-State-Drive-300x300.jpg 300w, https:\/\/www.yousanusb.com\/wp-content\/uploads\/2025\/11\/red-2.5-inch-SATA-Aluminum-Alloy-Rounded-Corner-Solid-State-Drive-150x150.jpg 150w, https:\/\/www.yousanusb.com\/wp-content\/uploads\/2025\/11\/red-2.5-inch-SATA-Aluminum-Alloy-Rounded-Corner-Solid-State-Drive-768x768.jpg 768w, https:\/\/www.yousanusb.com\/wp-content\/uploads\/2025\/11\/red-2.5-inch-SATA-Aluminum-Alloy-Rounded-Corner-Solid-State-Drive-12x12.jpg 12w, https:\/\/www.yousanusb.com\/wp-content\/uploads\/2025\/11\/red-2.5-inch-SATA-Aluminum-Alloy-Rounded-Corner-Solid-State-Drive-600x600.jpg 600w, https:\/\/www.yousanusb.com\/wp-content\/uploads\/2025\/11\/red-2.5-inch-SATA-Aluminum-Alloy-Rounded-Corner-Solid-State-Drive-100x100.jpg 100w\" sizes=\"(max-width: 800px) 100vw, 800px\" \/><\/figure>\n<\/div>\n\n\n\n<div class=\"wp-block-column is-layout-flow wp-block-column-is-layout-flow\">\n<figure class=\"wp-block-image size-full\"><img loading=\"lazy\" decoding=\"async\" width=\"800\" height=\"800\" src=\"https:\/\/www.yousanusb.com\/wp-content\/uploads\/2025\/11\/2.5-inch-SATA-Aluminum-Alloy-Rounded-Corner-Solid-State-Drive-wholesale.jpg\" alt=\"\" class=\"wp-image-23523\" srcset=\"https:\/\/www.yousanusb.com\/wp-content\/uploads\/2025\/11\/2.5-inch-SATA-Aluminum-Alloy-Rounded-Corner-Solid-State-Drive-wholesale.jpg 800w, https:\/\/www.yousanusb.com\/wp-content\/uploads\/2025\/11\/2.5-inch-SATA-Aluminum-Alloy-Rounded-Corner-Solid-State-Drive-wholesale-300x300.jpg 300w, https:\/\/www.yousanusb.com\/wp-content\/uploads\/2025\/11\/2.5-inch-SATA-Aluminum-Alloy-Rounded-Corner-Solid-State-Drive-wholesale-150x150.jpg 150w, https:\/\/www.yousanusb.com\/wp-content\/uploads\/2025\/11\/2.5-inch-SATA-Aluminum-Alloy-Rounded-Corner-Solid-State-Drive-wholesale-768x768.jpg 768w, https:\/\/www.yousanusb.com\/wp-content\/uploads\/2025\/11\/2.5-inch-SATA-Aluminum-Alloy-Rounded-Corner-Solid-State-Drive-wholesale-12x12.jpg 12w, https:\/\/www.yousanusb.com\/wp-content\/uploads\/2025\/11\/2.5-inch-SATA-Aluminum-Alloy-Rounded-Corner-Solid-State-Drive-wholesale-600x600.jpg 600w, https:\/\/www.yousanusb.com\/wp-content\/uploads\/2025\/11\/2.5-inch-SATA-Aluminum-Alloy-Rounded-Corner-Solid-State-Drive-wholesale-100x100.jpg 100w\" sizes=\"(max-width: 800px) 100vw, 800px\" \/><\/figure>\n<\/div>\n\n\n\n<div class=\"wp-block-column is-layout-flow wp-block-column-is-layout-flow\">\n<figure class=\"wp-block-image size-full\"><img loading=\"lazy\" decoding=\"async\" width=\"800\" height=\"800\" src=\"https:\/\/www.yousanusb.com\/wp-content\/uploads\/2025\/11\/siliver-2.5-inch-SATA-Aluminum-Alloy-Rounded-Corner-Solid-State-Drive.jpg\" alt=\"\" class=\"wp-image-23528\" srcset=\"https:\/\/www.yousanusb.com\/wp-content\/uploads\/2025\/11\/siliver-2.5-inch-SATA-Aluminum-Alloy-Rounded-Corner-Solid-State-Drive.jpg 800w, https:\/\/www.yousanusb.com\/wp-content\/uploads\/2025\/11\/siliver-2.5-inch-SATA-Aluminum-Alloy-Rounded-Corner-Solid-State-Drive-300x300.jpg 300w, https:\/\/www.yousanusb.com\/wp-content\/uploads\/2025\/11\/siliver-2.5-inch-SATA-Aluminum-Alloy-Rounded-Corner-Solid-State-Drive-150x150.jpg 150w, https:\/\/www.yousanusb.com\/wp-content\/uploads\/2025\/11\/siliver-2.5-inch-SATA-Aluminum-Alloy-Rounded-Corner-Solid-State-Drive-768x768.jpg 768w, https:\/\/www.yousanusb.com\/wp-content\/uploads\/2025\/11\/siliver-2.5-inch-SATA-Aluminum-Alloy-Rounded-Corner-Solid-State-Drive-12x12.jpg 12w, https:\/\/www.yousanusb.com\/wp-content\/uploads\/2025\/11\/siliver-2.5-inch-SATA-Aluminum-Alloy-Rounded-Corner-Solid-State-Drive-600x600.jpg 600w, https:\/\/www.yousanusb.com\/wp-content\/uploads\/2025\/11\/siliver-2.5-inch-SATA-Aluminum-Alloy-Rounded-Corner-Solid-State-Drive-100x100.jpg 100w\" sizes=\"(max-width: 800px) 100vw, 800px\" \/><\/figure>\n<\/div>\n<\/div>\n\n\n\n<p><\/p>","protected":false},"excerpt":{"rendered":"<ul>\n<li>2,5 pulgadas<\/li>\n<li>Interfaz SATA USB 3.0 a SATA<\/li>\n<li>Aleaci\u00f3n de aluminio + bastidor central de ABS<\/li>\n<li>Blanco, Rojo, Azul, Negro<\/li>\n<li>Capacidad admitida: 4 TB (m\u00e1ximo)<\/li>\n<\/ul>","protected":false},"featured_media":23524,"comment_status":"open","ping_status":"closed","template":"","meta":{"_seopress_robots_primary_cat":"","_seopress_titles_title":"2.5-inch SATA Aluminum Alloy Rounded-Corner Hard Drive","_seopress_titles_desc":"This 2.5-inch SATA aluminum alloy Hard Drive features an aluminum alloy body with an ABS mid-frame. It utilizes a USB 3.0 to SATA interface, supporting 4TB SATA hard drives and SSDs. The external USB 3.0 port is backward compatible with USB 2.0\/1.1. Power is supplied directly via the USB cable, with the entire unit weighing 0.2kg.","_seopress_robots_index":""},"class_list":["post-23520","product","type-product","status-publish","has-post-thumbnail","hentry","product_cat-portable-hard-drive"],"_links":{"self":[{"href":"https:\/\/www.yousanusb.com\/es\/wp-json\/wp\/v2\/product\/23520"}],"collection":[{"href":"https:\/\/www.yousanusb.com\/es\/wp-json\/wp\/v2\/product"}],"about":[{"href":"https:\/\/www.yousanusb.com\/es\/wp-json\/wp\/v2\/types\/product"}],"replies":[{"embeddable":true,"href":"https:\/\/www.yousanusb.com\/es\/wp-json\/wp\/v2\/comments?post=23520"}],"wp:featuredmedia":[{"embeddable":true,"href":"https:\/\/www.yousanusb.com\/es\/wp-json\/wp\/v2\/media\/23524"}],"wp:attachment":[{"href":"https:\/\/www.yousanusb.com\/es\/wp-json\/wp\/v2\/media?parent=23520"}],"curies":[{"name":"wp","href":"https:\/\/api.w.org\/{rel}","templated":true}]}}