{"id":23529,"date":"2025-11-06T07:39:10","date_gmt":"2025-11-06T07:39:10","guid":{"rendered":"https:\/\/www.yousanusb.com\/?post_type=product&#038;p=23529"},"modified":"2025-11-06T08:56:00","modified_gmt":"2025-11-06T08:56:00","slug":"fan-cooled-nvme-m-2-ssd-portable-hard-drive","status":"publish","type":"product","link":"https:\/\/www.yousanusb.com\/es\/producto\/fan-cooled-nvme-m-2-ssd-portable-hard-drive\/","title":{"rendered":"Disco duro port\u00e1til SSD M.2 NVMe refrigerado por ventilador"},"content":{"rendered":"<p>Transferencia de alta velocidad a 10\/20 Gbps con carcasa de aleaci\u00f3n de aluminio Consiga transferencias ultrarr\u00e1pidas para archivos de 1 GB. Equipado con el chip controlador RTL9210B, ofrece velocidades te\u00f3ricas de 10 Gbps con velocidades de lectura\/escritura reales que alcanzan aproximadamente los 1000 MB\/s. La refrigeraci\u00f3n de doble capa combina una carcasa de aleaci\u00f3n de aluminio con un ventilador interno, lo que garantiza la transferencia de datos a alta velocidad y la seguridad del almacenamiento, al tiempo que prolonga la vida \u00fatil de la SSD.<\/p>\n\n\n\n<div class=\"wp-block-columns is-layout-flex wp-container-core-columns-is-layout-1 wp-block-columns-is-layout-flex\">\n<div class=\"wp-block-column is-layout-flow wp-block-column-is-layout-flow\">\n<figure class=\"wp-block-image size-full\"><img fetchpriority=\"high\" decoding=\"async\" width=\"800\" height=\"800\" src=\"https:\/\/www.yousanusb.com\/wp-content\/uploads\/2025\/11\/Fan-Cooled-NVMe-M.2-SSD-Portable-Hard-Drive-sku-1.jpg\" alt=\"\" class=\"wp-image-23537\" srcset=\"https:\/\/www.yousanusb.com\/wp-content\/uploads\/2025\/11\/Fan-Cooled-NVMe-M.2-SSD-Portable-Hard-Drive-sku-1.jpg 800w, https:\/\/www.yousanusb.com\/wp-content\/uploads\/2025\/11\/Fan-Cooled-NVMe-M.2-SSD-Portable-Hard-Drive-sku-1-300x300.jpg 300w, https:\/\/www.yousanusb.com\/wp-content\/uploads\/2025\/11\/Fan-Cooled-NVMe-M.2-SSD-Portable-Hard-Drive-sku-1-150x150.jpg 150w, https:\/\/www.yousanusb.com\/wp-content\/uploads\/2025\/11\/Fan-Cooled-NVMe-M.2-SSD-Portable-Hard-Drive-sku-1-768x768.jpg 768w, https:\/\/www.yousanusb.com\/wp-content\/uploads\/2025\/11\/Fan-Cooled-NVMe-M.2-SSD-Portable-Hard-Drive-sku-1-12x12.jpg 12w, https:\/\/www.yousanusb.com\/wp-content\/uploads\/2025\/11\/Fan-Cooled-NVMe-M.2-SSD-Portable-Hard-Drive-sku-1-600x600.jpg 600w, https:\/\/www.yousanusb.com\/wp-content\/uploads\/2025\/11\/Fan-Cooled-NVMe-M.2-SSD-Portable-Hard-Drive-sku-1-100x100.jpg 100w\" sizes=\"(max-width: 800px) 100vw, 800px\" \/><\/figure>\n<\/div>\n\n\n\n<div class=\"wp-block-column is-layout-flow wp-block-column-is-layout-flow\">\n<figure class=\"wp-block-image size-full\"><img decoding=\"async\" width=\"800\" height=\"800\" src=\"https:\/\/www.yousanusb.com\/wp-content\/uploads\/2025\/11\/Fan-Cooled-NVMe-M.2-SSD-Portable-Hard-Drive-sku-4.jpg\" alt=\"\" class=\"wp-image-23540\" srcset=\"https:\/\/www.yousanusb.com\/wp-content\/uploads\/2025\/11\/Fan-Cooled-NVMe-M.2-SSD-Portable-Hard-Drive-sku-4.jpg 800w, https:\/\/www.yousanusb.com\/wp-content\/uploads\/2025\/11\/Fan-Cooled-NVMe-M.2-SSD-Portable-Hard-Drive-sku-4-300x300.jpg 300w, https:\/\/www.yousanusb.com\/wp-content\/uploads\/2025\/11\/Fan-Cooled-NVMe-M.2-SSD-Portable-Hard-Drive-sku-4-150x150.jpg 150w, https:\/\/www.yousanusb.com\/wp-content\/uploads\/2025\/11\/Fan-Cooled-NVMe-M.2-SSD-Portable-Hard-Drive-sku-4-768x768.jpg 768w, https:\/\/www.yousanusb.com\/wp-content\/uploads\/2025\/11\/Fan-Cooled-NVMe-M.2-SSD-Portable-Hard-Drive-sku-4-12x12.jpg 12w, https:\/\/www.yousanusb.com\/wp-content\/uploads\/2025\/11\/Fan-Cooled-NVMe-M.2-SSD-Portable-Hard-Drive-sku-4-600x600.jpg 600w, https:\/\/www.yousanusb.com\/wp-content\/uploads\/2025\/11\/Fan-Cooled-NVMe-M.2-SSD-Portable-Hard-Drive-sku-4-100x100.jpg 100w\" sizes=\"(max-width: 800px) 100vw, 800px\" \/><\/figure>\n<\/div>\n<\/div>\n\n\n\n<div class=\"wp-block-columns is-layout-flex wp-container-core-columns-is-layout-2 wp-block-columns-is-layout-flex\">\n<div class=\"wp-block-column is-layout-flow wp-block-column-is-layout-flow\">\n<figure class=\"wp-block-image size-full\"><img decoding=\"async\" width=\"800\" height=\"800\" src=\"https:\/\/www.yousanusb.com\/wp-content\/uploads\/2025\/11\/Fan-Cooled-NVMe-M.2-SSD-Portable-Hard-Drive-sku-3.jpg\" alt=\"\" class=\"wp-image-23539\" srcset=\"https:\/\/www.yousanusb.com\/wp-content\/uploads\/2025\/11\/Fan-Cooled-NVMe-M.2-SSD-Portable-Hard-Drive-sku-3.jpg 800w, https:\/\/www.yousanusb.com\/wp-content\/uploads\/2025\/11\/Fan-Cooled-NVMe-M.2-SSD-Portable-Hard-Drive-sku-3-300x300.jpg 300w, https:\/\/www.yousanusb.com\/wp-content\/uploads\/2025\/11\/Fan-Cooled-NVMe-M.2-SSD-Portable-Hard-Drive-sku-3-150x150.jpg 150w, https:\/\/www.yousanusb.com\/wp-content\/uploads\/2025\/11\/Fan-Cooled-NVMe-M.2-SSD-Portable-Hard-Drive-sku-3-768x768.jpg 768w, https:\/\/www.yousanusb.com\/wp-content\/uploads\/2025\/11\/Fan-Cooled-NVMe-M.2-SSD-Portable-Hard-Drive-sku-3-12x12.jpg 12w, https:\/\/www.yousanusb.com\/wp-content\/uploads\/2025\/11\/Fan-Cooled-NVMe-M.2-SSD-Portable-Hard-Drive-sku-3-600x600.jpg 600w, https:\/\/www.yousanusb.com\/wp-content\/uploads\/2025\/11\/Fan-Cooled-NVMe-M.2-SSD-Portable-Hard-Drive-sku-3-100x100.jpg 100w\" sizes=\"(max-width: 800px) 100vw, 800px\" \/><\/figure>\n<\/div>\n\n\n\n<div class=\"wp-block-column is-layout-flow wp-block-column-is-layout-flow\">\n<figure class=\"wp-block-image size-full\"><img loading=\"lazy\" decoding=\"async\" width=\"800\" height=\"800\" src=\"https:\/\/www.yousanusb.com\/wp-content\/uploads\/2025\/11\/Fan-Cooled-NVMe-M.2-SSD-Portable-Hard-Drive-sku-2.jpg\" alt=\"\" class=\"wp-image-23538\" srcset=\"https:\/\/www.yousanusb.com\/wp-content\/uploads\/2025\/11\/Fan-Cooled-NVMe-M.2-SSD-Portable-Hard-Drive-sku-2.jpg 800w, https:\/\/www.yousanusb.com\/wp-content\/uploads\/2025\/11\/Fan-Cooled-NVMe-M.2-SSD-Portable-Hard-Drive-sku-2-300x300.jpg 300w, https:\/\/www.yousanusb.com\/wp-content\/uploads\/2025\/11\/Fan-Cooled-NVMe-M.2-SSD-Portable-Hard-Drive-sku-2-150x150.jpg 150w, https:\/\/www.yousanusb.com\/wp-content\/uploads\/2025\/11\/Fan-Cooled-NVMe-M.2-SSD-Portable-Hard-Drive-sku-2-768x768.jpg 768w, https:\/\/www.yousanusb.com\/wp-content\/uploads\/2025\/11\/Fan-Cooled-NVMe-M.2-SSD-Portable-Hard-Drive-sku-2-12x12.jpg 12w, https:\/\/www.yousanusb.com\/wp-content\/uploads\/2025\/11\/Fan-Cooled-NVMe-M.2-SSD-Portable-Hard-Drive-sku-2-600x600.jpg 600w, https:\/\/www.yousanusb.com\/wp-content\/uploads\/2025\/11\/Fan-Cooled-NVMe-M.2-SSD-Portable-Hard-Drive-sku-2-100x100.jpg 100w\" sizes=\"(max-width: 800px) 100vw, 800px\" \/><\/figure>\n<\/div>\n<\/div>\n\n\n\n<p>Protecci\u00f3n resistente a ca\u00eddas<\/p>\n\n\n\n<p>Carcasa de aleaci\u00f3n de aluminio + estructura interior de ABS con dise\u00f1o antichoque que evita el deslizamiento durante las ca\u00eddas, salvaguardando la conducci\u00f3n.<\/p>\n\n\n\n<p>Interfaz interna: M.2 (llave M)<\/p>\n\n\n\n<p>Color del producto: Negro\/Gris<\/p>\n\n\n\n<p>Material del producto: Carcasa de aleaci\u00f3n de aluminio, marco intermedio de ABS Velocidad de transferencia: 10Gbps\/20Gbps versiones duales Unidades soportadas: M.2 SSD 2242\/2260\/2280<\/p>\n\n\n\n<p>Interfaz USB: Tipo-C<\/p>\n\n\n\n<p>Sistemas compatibles: Mac\/Linux\/Windows<\/p>\n\n\n\n<p>Capacidad admitida: 10 TB<\/p>\n\n\n\n<p>Velocidad de transferencia: 20 Gbps<\/p>\n\n\n\n<p>Material: Aleaci\u00f3n de aluminio + ABS<\/p>\n\n\n\n<div class=\"wp-block-columns is-layout-flex wp-container-core-columns-is-layout-3 wp-block-columns-is-layout-flex\">\n<div class=\"wp-block-column is-layout-flow wp-block-column-is-layout-flow\">\n<figure class=\"wp-block-image size-full\"><img loading=\"lazy\" decoding=\"async\" width=\"790\" height=\"900\" src=\"https:\/\/www.yousanusb.com\/wp-content\/uploads\/2025\/11\/Fan-Cooled-NVMe-M.2-SSD-Portable-Hard-Drive-use.jpg\" alt=\"\" class=\"wp-image-23534\" srcset=\"https:\/\/www.yousanusb.com\/wp-content\/uploads\/2025\/11\/Fan-Cooled-NVMe-M.2-SSD-Portable-Hard-Drive-use.jpg 790w, https:\/\/www.yousanusb.com\/wp-content\/uploads\/2025\/11\/Fan-Cooled-NVMe-M.2-SSD-Portable-Hard-Drive-use-263x300.jpg 263w, https:\/\/www.yousanusb.com\/wp-content\/uploads\/2025\/11\/Fan-Cooled-NVMe-M.2-SSD-Portable-Hard-Drive-use-768x875.jpg 768w, https:\/\/www.yousanusb.com\/wp-content\/uploads\/2025\/11\/Fan-Cooled-NVMe-M.2-SSD-Portable-Hard-Drive-use-11x12.jpg 11w, https:\/\/www.yousanusb.com\/wp-content\/uploads\/2025\/11\/Fan-Cooled-NVMe-M.2-SSD-Portable-Hard-Drive-use-600x684.jpg 600w\" sizes=\"(max-width: 790px) 100vw, 790px\" \/><\/figure>\n<\/div>\n\n\n\n<div class=\"wp-block-column is-layout-flow wp-block-column-is-layout-flow\">\n<figure class=\"wp-block-image size-full\"><img loading=\"lazy\" decoding=\"async\" width=\"790\" height=\"900\" src=\"https:\/\/www.yousanusb.com\/wp-content\/uploads\/2025\/11\/Fan-Cooled-NVMe-M.2-SSD-Portable-Hard-Drive-speed.jpg\" alt=\"\" class=\"wp-image-23533\" srcset=\"https:\/\/www.yousanusb.com\/wp-content\/uploads\/2025\/11\/Fan-Cooled-NVMe-M.2-SSD-Portable-Hard-Drive-speed.jpg 790w, https:\/\/www.yousanusb.com\/wp-content\/uploads\/2025\/11\/Fan-Cooled-NVMe-M.2-SSD-Portable-Hard-Drive-speed-263x300.jpg 263w, https:\/\/www.yousanusb.com\/wp-content\/uploads\/2025\/11\/Fan-Cooled-NVMe-M.2-SSD-Portable-Hard-Drive-speed-768x875.jpg 768w, https:\/\/www.yousanusb.com\/wp-content\/uploads\/2025\/11\/Fan-Cooled-NVMe-M.2-SSD-Portable-Hard-Drive-speed-11x12.jpg 11w, https:\/\/www.yousanusb.com\/wp-content\/uploads\/2025\/11\/Fan-Cooled-NVMe-M.2-SSD-Portable-Hard-Drive-speed-600x684.jpg 600w\" sizes=\"(max-width: 790px) 100vw, 790px\" \/><\/figure>\n<\/div>\n<\/div>\n\n\n\n<div class=\"wp-block-columns is-layout-flex wp-container-core-columns-is-layout-4 wp-block-columns-is-layout-flex\">\n<div class=\"wp-block-column is-layout-flow wp-block-column-is-layout-flow\">\n<figure class=\"wp-block-image size-full\"><img loading=\"lazy\" decoding=\"async\" width=\"790\" height=\"900\" src=\"https:\/\/www.yousanusb.com\/wp-content\/uploads\/2025\/11\/Fan-Cooled-NVMe-M.2-SSD-Portable-Hard-Drive-in-computer.jpg\" alt=\"\" class=\"wp-image-23532\" srcset=\"https:\/\/www.yousanusb.com\/wp-content\/uploads\/2025\/11\/Fan-Cooled-NVMe-M.2-SSD-Portable-Hard-Drive-in-computer.jpg 790w, https:\/\/www.yousanusb.com\/wp-content\/uploads\/2025\/11\/Fan-Cooled-NVMe-M.2-SSD-Portable-Hard-Drive-in-computer-263x300.jpg 263w, https:\/\/www.yousanusb.com\/wp-content\/uploads\/2025\/11\/Fan-Cooled-NVMe-M.2-SSD-Portable-Hard-Drive-in-computer-768x875.jpg 768w, https:\/\/www.yousanusb.com\/wp-content\/uploads\/2025\/11\/Fan-Cooled-NVMe-M.2-SSD-Portable-Hard-Drive-in-computer-11x12.jpg 11w, https:\/\/www.yousanusb.com\/wp-content\/uploads\/2025\/11\/Fan-Cooled-NVMe-M.2-SSD-Portable-Hard-Drive-in-computer-600x684.jpg 600w\" sizes=\"(max-width: 790px) 100vw, 790px\" \/><\/figure>\n<\/div>\n\n\n\n<div class=\"wp-block-column is-layout-flow wp-block-column-is-layout-flow\">\n<figure class=\"wp-block-image size-full\"><img loading=\"lazy\" decoding=\"async\" width=\"758\" height=\"844\" src=\"https:\/\/www.yousanusb.com\/wp-content\/uploads\/2025\/11\/Fan-Cooled-NVMe-M.2-SSD-Portable-Hard-Drive.jpg\" alt=\"\" class=\"wp-image-23535\" srcset=\"https:\/\/www.yousanusb.com\/wp-content\/uploads\/2025\/11\/Fan-Cooled-NVMe-M.2-SSD-Portable-Hard-Drive.jpg 758w, https:\/\/www.yousanusb.com\/wp-content\/uploads\/2025\/11\/Fan-Cooled-NVMe-M.2-SSD-Portable-Hard-Drive-269x300.jpg 269w, https:\/\/www.yousanusb.com\/wp-content\/uploads\/2025\/11\/Fan-Cooled-NVMe-M.2-SSD-Portable-Hard-Drive-11x12.jpg 11w, https:\/\/www.yousanusb.com\/wp-content\/uploads\/2025\/11\/Fan-Cooled-NVMe-M.2-SSD-Portable-Hard-Drive-600x668.jpg 600w\" sizes=\"(max-width: 758px) 100vw, 758px\" \/><\/figure>\n<\/div>\n<\/div>\n\n\n\n<p><\/p>","protected":false},"excerpt":{"rendered":"<p>Material: Aleaci\u00f3n de aluminio + ABS<br \/>\nInterfaz interna: M.2 (llave M)<br \/>\nColor del producto: Negro\/Gris<br \/>\nInterfaz USB: Tipo-C<br \/>\nSistemas compatibles: Mac\/Linux\/Windows<br \/>\nCapacidad admitida: 10 TB<br \/>\nVelocidad de transferencia: 20 Gbps<\/p>","protected":false},"featured_media":23536,"comment_status":"open","ping_status":"closed","template":"","meta":{"_seopress_robots_primary_cat":"","_seopress_titles_title":"Fan-Cooled NVMe M.2 SSD Portable Hard Drive","_seopress_titles_desc":"10\/20Gbps High-Speed Transfer with Aluminum Alloy Housing Achieve lightning-fast transfers for 1GB files. Powered by the RTL9210B controller chip, it delivers theoretical 10Gbps speeds with real-world read\/write speeds reaching approximately 1000MB\/s.","_seopress_robots_index":""},"class_list":["post-23529","product","type-product","status-publish","has-post-thumbnail","hentry","product_cat-portable-hard-drive"],"_links":{"self":[{"href":"https:\/\/www.yousanusb.com\/es\/wp-json\/wp\/v2\/product\/23529"}],"collection":[{"href":"https:\/\/www.yousanusb.com\/es\/wp-json\/wp\/v2\/product"}],"about":[{"href":"https:\/\/www.yousanusb.com\/es\/wp-json\/wp\/v2\/types\/product"}],"replies":[{"embeddable":true,"href":"https:\/\/www.yousanusb.com\/es\/wp-json\/wp\/v2\/comments?post=23529"}],"wp:featuredmedia":[{"embeddable":true,"href":"https:\/\/www.yousanusb.com\/es\/wp-json\/wp\/v2\/media\/23536"}],"wp:attachment":[{"href":"https:\/\/www.yousanusb.com\/es\/wp-json\/wp\/v2\/media?parent=23529"}],"curies":[{"name":"wp","href":"https:\/\/api.w.org\/{rel}","templated":true}]}}