{"id":23542,"date":"2025-11-06T09:18:58","date_gmt":"2025-11-06T09:18:58","guid":{"rendered":"https:\/\/www.yousanusb.com\/?post_type=product&#038;p=23542"},"modified":"2025-11-06T09:35:06","modified_gmt":"2025-11-06T09:35:06","slug":"usb-3-0-external-hard-drive-for-desktop-computers-3-5-inch-usb-to-sata-adapter","status":"publish","type":"product","link":"https:\/\/www.yousanusb.com\/es\/producto\/usb-3-0-external-hard-drive-for-desktop-computers-3-5-inch-usb-to-sata-adapter\/","title":{"rendered":"Disco duro externo USB 3.0 para ordenadores de sobremesa Adaptador USB a SATA de 3,5 pulgadas"},"content":{"rendered":"<p>Este banco de alimentaci\u00f3n port\u00e1til est\u00e1ndar presenta una carcasa de pl\u00e1stico con un puerto USB 3.0. Al utilizar el protocolo de alta velocidad USB a SATA, ofrece velocidades de lectura y escritura muy superiores a las de las interfaces tradicionales. Los archivos de gran tama\u00f1o y los v\u00eddeos de alta definici\u00f3n se transfieren en segundos. Disponible en varias capacidades de hasta 10 TB, funciona no s\u00f3lo como disco duro port\u00e1til, sino tambi\u00e9n para ordenadores de sobremesa.<\/p>\n\n\n\n<div class=\"wp-block-columns is-layout-flex wp-container-core-columns-is-layout-1 wp-block-columns-is-layout-flex\">\n<div class=\"wp-block-column is-layout-flow wp-block-column-is-layout-flow\">\n<figure class=\"wp-block-image size-full\"><img fetchpriority=\"high\" decoding=\"async\" width=\"800\" height=\"800\" src=\"https:\/\/www.yousanusb.com\/wp-content\/uploads\/2025\/11\/black-USB-3.0-External-Hard-Drive-for-Desktop-Computers-3.5-inch-USB-to-SATA-Adapter.jpg\" alt=\"\" class=\"wp-image-23545\" srcset=\"https:\/\/www.yousanusb.com\/wp-content\/uploads\/2025\/11\/black-USB-3.0-External-Hard-Drive-for-Desktop-Computers-3.5-inch-USB-to-SATA-Adapter.jpg 800w, https:\/\/www.yousanusb.com\/wp-content\/uploads\/2025\/11\/black-USB-3.0-External-Hard-Drive-for-Desktop-Computers-3.5-inch-USB-to-SATA-Adapter-300x300.jpg 300w, https:\/\/www.yousanusb.com\/wp-content\/uploads\/2025\/11\/black-USB-3.0-External-Hard-Drive-for-Desktop-Computers-3.5-inch-USB-to-SATA-Adapter-150x150.jpg 150w, https:\/\/www.yousanusb.com\/wp-content\/uploads\/2025\/11\/black-USB-3.0-External-Hard-Drive-for-Desktop-Computers-3.5-inch-USB-to-SATA-Adapter-768x768.jpg 768w, https:\/\/www.yousanusb.com\/wp-content\/uploads\/2025\/11\/black-USB-3.0-External-Hard-Drive-for-Desktop-Computers-3.5-inch-USB-to-SATA-Adapter-12x12.jpg 12w, https:\/\/www.yousanusb.com\/wp-content\/uploads\/2025\/11\/black-USB-3.0-External-Hard-Drive-for-Desktop-Computers-3.5-inch-USB-to-SATA-Adapter-600x600.jpg 600w, https:\/\/www.yousanusb.com\/wp-content\/uploads\/2025\/11\/black-USB-3.0-External-Hard-Drive-for-Desktop-Computers-3.5-inch-USB-to-SATA-Adapter-100x100.jpg 100w\" sizes=\"(max-width: 800px) 100vw, 800px\" \/><\/figure>\n<\/div>\n\n\n\n<div class=\"wp-block-column is-layout-flow wp-block-column-is-layout-flow\">\n<figure class=\"wp-block-image size-full\"><img decoding=\"async\" width=\"800\" height=\"800\" src=\"https:\/\/www.yousanusb.com\/wp-content\/uploads\/2025\/11\/bulk-USB-3.0-External-Hard-Drive-for-Desktop-Computers-3.5-inch-USB-to-SATA-Adapter.jpg\" alt=\"\" class=\"wp-image-23546\" srcset=\"https:\/\/www.yousanusb.com\/wp-content\/uploads\/2025\/11\/bulk-USB-3.0-External-Hard-Drive-for-Desktop-Computers-3.5-inch-USB-to-SATA-Adapter.jpg 800w, https:\/\/www.yousanusb.com\/wp-content\/uploads\/2025\/11\/bulk-USB-3.0-External-Hard-Drive-for-Desktop-Computers-3.5-inch-USB-to-SATA-Adapter-300x300.jpg 300w, https:\/\/www.yousanusb.com\/wp-content\/uploads\/2025\/11\/bulk-USB-3.0-External-Hard-Drive-for-Desktop-Computers-3.5-inch-USB-to-SATA-Adapter-150x150.jpg 150w, https:\/\/www.yousanusb.com\/wp-content\/uploads\/2025\/11\/bulk-USB-3.0-External-Hard-Drive-for-Desktop-Computers-3.5-inch-USB-to-SATA-Adapter-768x768.jpg 768w, https:\/\/www.yousanusb.com\/wp-content\/uploads\/2025\/11\/bulk-USB-3.0-External-Hard-Drive-for-Desktop-Computers-3.5-inch-USB-to-SATA-Adapter-12x12.jpg 12w, https:\/\/www.yousanusb.com\/wp-content\/uploads\/2025\/11\/bulk-USB-3.0-External-Hard-Drive-for-Desktop-Computers-3.5-inch-USB-to-SATA-Adapter-600x600.jpg 600w, https:\/\/www.yousanusb.com\/wp-content\/uploads\/2025\/11\/bulk-USB-3.0-External-Hard-Drive-for-Desktop-Computers-3.5-inch-USB-to-SATA-Adapter-100x100.jpg 100w\" sizes=\"(max-width: 800px) 100vw, 800px\" \/><\/figure>\n<\/div>\n<\/div>\n\n\n\n<p>Capacidad admitida: discos duros mec\u00e1nicos de sobremesa con interfaz SATA de 10 TB<\/p>\n\n\n\n<p>Interfaz externa: USB 3.0 (compatible con USB 2.0\/1.1)<\/p>\n\n\n\n<p>Velocidad de transferencia: 6 Gbps<\/p>\n\n\n\n<p>Fuente de alimentaci\u00f3n: Entrada 110-220V 50-60Hz, Salida 12V 2A<\/p>\n\n\n\n<p>Material principal: Estructura del cuerpo de aleaci\u00f3n de aluminio para una mejor disipaci\u00f3n del calor y una s\u00f3lida protecci\u00f3n de los datos del disco duro<\/p>\n\n\n\n<p>Color del producto: Negro \/ Personalizable<\/p>\n\n\n\n<p>Unidades compatibles: Discos duros SATA de sobremesa de 3,5 pulgadas.<\/p>\n\n\n\n<p>Dimensiones: 195 x 112 x 34 mm<\/p>\n\n\n\n<p>Peso total: 193 g<\/p>\n\n\n\n<div class=\"wp-block-columns is-layout-flex wp-container-core-columns-is-layout-2 wp-block-columns-is-layout-flex\">\n<div class=\"wp-block-column is-layout-flow wp-block-column-is-layout-flow\">\n<figure class=\"wp-block-image size-full\"><img decoding=\"async\" width=\"800\" height=\"800\" src=\"https:\/\/www.yousanusb.com\/wp-content\/uploads\/2025\/11\/USB-3.0-External-Hard-Drive-for-Desktop-Computers-3.5-inch-USB-to-SATA-Adapter.jpg\" alt=\"\" class=\"wp-image-23548\" srcset=\"https:\/\/www.yousanusb.com\/wp-content\/uploads\/2025\/11\/USB-3.0-External-Hard-Drive-for-Desktop-Computers-3.5-inch-USB-to-SATA-Adapter.jpg 800w, https:\/\/www.yousanusb.com\/wp-content\/uploads\/2025\/11\/USB-3.0-External-Hard-Drive-for-Desktop-Computers-3.5-inch-USB-to-SATA-Adapter-300x300.jpg 300w, https:\/\/www.yousanusb.com\/wp-content\/uploads\/2025\/11\/USB-3.0-External-Hard-Drive-for-Desktop-Computers-3.5-inch-USB-to-SATA-Adapter-150x150.jpg 150w, https:\/\/www.yousanusb.com\/wp-content\/uploads\/2025\/11\/USB-3.0-External-Hard-Drive-for-Desktop-Computers-3.5-inch-USB-to-SATA-Adapter-768x768.jpg 768w, https:\/\/www.yousanusb.com\/wp-content\/uploads\/2025\/11\/USB-3.0-External-Hard-Drive-for-Desktop-Computers-3.5-inch-USB-to-SATA-Adapter-12x12.jpg 12w, https:\/\/www.yousanusb.com\/wp-content\/uploads\/2025\/11\/USB-3.0-External-Hard-Drive-for-Desktop-Computers-3.5-inch-USB-to-SATA-Adapter-600x600.jpg 600w, https:\/\/www.yousanusb.com\/wp-content\/uploads\/2025\/11\/USB-3.0-External-Hard-Drive-for-Desktop-Computers-3.5-inch-USB-to-SATA-Adapter-100x100.jpg 100w\" sizes=\"(max-width: 800px) 100vw, 800px\" \/><\/figure>\n<\/div>\n\n\n\n<div class=\"wp-block-column is-layout-flow wp-block-column-is-layout-flow\">\n<figure class=\"wp-block-image size-full\"><img loading=\"lazy\" decoding=\"async\" width=\"800\" height=\"800\" src=\"https:\/\/www.yousanusb.com\/wp-content\/uploads\/2025\/11\/USB-3.0-External-Hard-Drive-for-Desktop-Computers-3.5-inch-USB-to-SATA-Adapter-wholesale.jpg\" alt=\"\" class=\"wp-image-23547\" srcset=\"https:\/\/www.yousanusb.com\/wp-content\/uploads\/2025\/11\/USB-3.0-External-Hard-Drive-for-Desktop-Computers-3.5-inch-USB-to-SATA-Adapter-wholesale.jpg 800w, https:\/\/www.yousanusb.com\/wp-content\/uploads\/2025\/11\/USB-3.0-External-Hard-Drive-for-Desktop-Computers-3.5-inch-USB-to-SATA-Adapter-wholesale-300x300.jpg 300w, https:\/\/www.yousanusb.com\/wp-content\/uploads\/2025\/11\/USB-3.0-External-Hard-Drive-for-Desktop-Computers-3.5-inch-USB-to-SATA-Adapter-wholesale-150x150.jpg 150w, https:\/\/www.yousanusb.com\/wp-content\/uploads\/2025\/11\/USB-3.0-External-Hard-Drive-for-Desktop-Computers-3.5-inch-USB-to-SATA-Adapter-wholesale-768x768.jpg 768w, https:\/\/www.yousanusb.com\/wp-content\/uploads\/2025\/11\/USB-3.0-External-Hard-Drive-for-Desktop-Computers-3.5-inch-USB-to-SATA-Adapter-wholesale-12x12.jpg 12w, https:\/\/www.yousanusb.com\/wp-content\/uploads\/2025\/11\/USB-3.0-External-Hard-Drive-for-Desktop-Computers-3.5-inch-USB-to-SATA-Adapter-wholesale-600x600.jpg 600w, https:\/\/www.yousanusb.com\/wp-content\/uploads\/2025\/11\/USB-3.0-External-Hard-Drive-for-Desktop-Computers-3.5-inch-USB-to-SATA-Adapter-wholesale-100x100.jpg 100w\" sizes=\"(max-width: 800px) 100vw, 800px\" \/><\/figure>\n<\/div>\n<\/div>","protected":false},"excerpt":{"rendered":"<p>Interfaz externa: USB 3.0 (compatible con USB 2.0\/1.1)<br \/>\nVelocidad de transferencia: 6 Gbps<br \/>\nFuente de alimentaci\u00f3n: Entrada 110-220V 50-60Hz, Salida 12V 2A<br \/>\nMaterial principal: Estructura del cuerpo de aleaci\u00f3n de aluminio para una mejor disipaci\u00f3n del calor y una s\u00f3lida protecci\u00f3n de los datos del disco duro<br \/>\nColor del producto: Negro \/ Personalizable<br \/>\nUnidades compatibles: Discos duros SATA de sobremesa de 3,5 pulgadas.<\/p>","protected":false},"featured_media":23545,"comment_status":"open","ping_status":"closed","template":"","meta":{"_seopress_robots_primary_cat":"","_seopress_titles_title":"USB 3.0 External Hard Drive for Desktop Computers 3.5-inch USB to SATA Adapter","_seopress_titles_desc":"This standard portable power bank features a plastic casing with a USB 3.0 port. Utilizing the USB-to-SATA high-speed protocol, it delivers read\/write speeds far exceeding traditional interfaces.","_seopress_robots_index":""},"class_list":["post-23542","product","type-product","status-publish","has-post-thumbnail","hentry","product_cat-portable-hard-drive"],"_links":{"self":[{"href":"https:\/\/www.yousanusb.com\/es\/wp-json\/wp\/v2\/product\/23542"}],"collection":[{"href":"https:\/\/www.yousanusb.com\/es\/wp-json\/wp\/v2\/product"}],"about":[{"href":"https:\/\/www.yousanusb.com\/es\/wp-json\/wp\/v2\/types\/product"}],"replies":[{"embeddable":true,"href":"https:\/\/www.yousanusb.com\/es\/wp-json\/wp\/v2\/comments?post=23542"}],"wp:featuredmedia":[{"embeddable":true,"href":"https:\/\/www.yousanusb.com\/es\/wp-json\/wp\/v2\/media\/23545"}],"wp:attachment":[{"href":"https:\/\/www.yousanusb.com\/es\/wp-json\/wp\/v2\/media?parent=23542"}],"curies":[{"name":"wp","href":"https:\/\/api.w.org\/{rel}","templated":true}]}}