{"id":23570,"date":"2025-11-07T08:01:17","date_gmt":"2025-11-07T08:01:17","guid":{"rendered":"https:\/\/www.yousanusb.com\/?post_type=product&#038;p=23570"},"modified":"2025-11-07T08:02:29","modified_gmt":"2025-11-07T08:02:29","slug":"long-oval-wooden-type-c-usb-flash-drive","status":"publish","type":"product","link":"https:\/\/www.yousanusb.com\/es\/producto\/long-oval-wooden-type-c-usb-flash-drive\/","title":{"rendered":"Memoria USB Tipo-c larga y ovalada de madera"},"content":{"rendered":"<p>La memoria USB ovalada larga de madera para tel\u00e9fono es el estilo m\u00e1s sencillo de nuestra serie de memorias USB de madera. Su carcasa est\u00e1 hecha de madera, con m\u00faltiples materiales disponibles: madera maciza, arce, palisandro, nogal, haya, caoba y bamb\u00fa. Cada tipo de madera tiene un veteado \u00fanico, y todas est\u00e1n hechas de madera maciza duradera y resistente a los ara\u00f1azos. <\/p>\n\n\n\n<div class=\"wp-block-columns is-layout-flex wp-container-core-columns-is-layout-1 wp-block-columns-is-layout-flex\">\n<div class=\"wp-block-column is-layout-flow wp-block-column-is-layout-flow\">\n<figure class=\"wp-block-image size-full\"><img fetchpriority=\"high\" decoding=\"async\" width=\"1000\" height=\"1000\" src=\"https:\/\/www.yousanusb.com\/wp-content\/uploads\/2025\/11\/Long-oval-wooden-Type-C-USB-drive.jpg\" alt=\"\" class=\"wp-image-23581\" srcset=\"https:\/\/www.yousanusb.com\/wp-content\/uploads\/2025\/11\/Long-oval-wooden-Type-C-USB-drive.jpg 1000w, https:\/\/www.yousanusb.com\/wp-content\/uploads\/2025\/11\/Long-oval-wooden-Type-C-USB-drive-300x300.jpg 300w, https:\/\/www.yousanusb.com\/wp-content\/uploads\/2025\/11\/Long-oval-wooden-Type-C-USB-drive-150x150.jpg 150w, https:\/\/www.yousanusb.com\/wp-content\/uploads\/2025\/11\/Long-oval-wooden-Type-C-USB-drive-768x768.jpg 768w, https:\/\/www.yousanusb.com\/wp-content\/uploads\/2025\/11\/Long-oval-wooden-Type-C-USB-drive-12x12.jpg 12w, https:\/\/www.yousanusb.com\/wp-content\/uploads\/2025\/11\/Long-oval-wooden-Type-C-USB-drive-600x600.jpg 600w, https:\/\/www.yousanusb.com\/wp-content\/uploads\/2025\/11\/Long-oval-wooden-Type-C-USB-drive-100x100.jpg 100w\" sizes=\"(max-width: 1000px) 100vw, 1000px\" \/><\/figure>\n<\/div>\n\n\n\n<div class=\"wp-block-column is-layout-flow wp-block-column-is-layout-flow\">\n<figure class=\"wp-block-image size-full\"><img decoding=\"async\" width=\"1000\" height=\"1000\" src=\"https:\/\/www.yousanusb.com\/wp-content\/uploads\/2025\/11\/Long-oval-wooden-Type-C-USB-drive-wholesale.jpg\" alt=\"\" class=\"wp-image-23577\" srcset=\"https:\/\/www.yousanusb.com\/wp-content\/uploads\/2025\/11\/Long-oval-wooden-Type-C-USB-drive-wholesale.jpg 1000w, https:\/\/www.yousanusb.com\/wp-content\/uploads\/2025\/11\/Long-oval-wooden-Type-C-USB-drive-wholesale-300x300.jpg 300w, https:\/\/www.yousanusb.com\/wp-content\/uploads\/2025\/11\/Long-oval-wooden-Type-C-USB-drive-wholesale-150x150.jpg 150w, https:\/\/www.yousanusb.com\/wp-content\/uploads\/2025\/11\/Long-oval-wooden-Type-C-USB-drive-wholesale-768x768.jpg 768w, https:\/\/www.yousanusb.com\/wp-content\/uploads\/2025\/11\/Long-oval-wooden-Type-C-USB-drive-wholesale-12x12.jpg 12w, https:\/\/www.yousanusb.com\/wp-content\/uploads\/2025\/11\/Long-oval-wooden-Type-C-USB-drive-wholesale-600x600.jpg 600w, https:\/\/www.yousanusb.com\/wp-content\/uploads\/2025\/11\/Long-oval-wooden-Type-C-USB-drive-wholesale-100x100.jpg 100w\" sizes=\"(max-width: 1000px) 100vw, 1000px\" \/><\/figure>\n<\/div>\n\n\n\n<div class=\"wp-block-column is-layout-flow wp-block-column-is-layout-flow\">\n<figure class=\"wp-block-image size-full\"><img decoding=\"async\" width=\"1000\" height=\"1000\" src=\"https:\/\/www.yousanusb.com\/wp-content\/uploads\/2025\/11\/Long-oval-wooden-Type-C-USB-drive-bulk.jpg\" alt=\"\" class=\"wp-image-23575\" srcset=\"https:\/\/www.yousanusb.com\/wp-content\/uploads\/2025\/11\/Long-oval-wooden-Type-C-USB-drive-bulk.jpg 1000w, https:\/\/www.yousanusb.com\/wp-content\/uploads\/2025\/11\/Long-oval-wooden-Type-C-USB-drive-bulk-300x300.jpg 300w, https:\/\/www.yousanusb.com\/wp-content\/uploads\/2025\/11\/Long-oval-wooden-Type-C-USB-drive-bulk-150x150.jpg 150w, https:\/\/www.yousanusb.com\/wp-content\/uploads\/2025\/11\/Long-oval-wooden-Type-C-USB-drive-bulk-768x768.jpg 768w, https:\/\/www.yousanusb.com\/wp-content\/uploads\/2025\/11\/Long-oval-wooden-Type-C-USB-drive-bulk-12x12.jpg 12w, https:\/\/www.yousanusb.com\/wp-content\/uploads\/2025\/11\/Long-oval-wooden-Type-C-USB-drive-bulk-600x600.jpg 600w, https:\/\/www.yousanusb.com\/wp-content\/uploads\/2025\/11\/Long-oval-wooden-Type-C-USB-drive-bulk-100x100.jpg 100w\" sizes=\"(max-width: 1000px) 100vw, 1000px\" \/><\/figure>\n<\/div>\n\n\n\n<div class=\"wp-block-column is-layout-flow wp-block-column-is-layout-flow\">\n<figure class=\"wp-block-image size-full\"><img loading=\"lazy\" decoding=\"async\" width=\"1000\" height=\"1000\" src=\"https:\/\/www.yousanusb.com\/wp-content\/uploads\/2025\/11\/Long-oval-wooden-Type-C-USB-disk.jpg\" alt=\"\" class=\"wp-image-23574\" srcset=\"https:\/\/www.yousanusb.com\/wp-content\/uploads\/2025\/11\/Long-oval-wooden-Type-C-USB-disk.jpg 1000w, https:\/\/www.yousanusb.com\/wp-content\/uploads\/2025\/11\/Long-oval-wooden-Type-C-USB-disk-300x300.jpg 300w, https:\/\/www.yousanusb.com\/wp-content\/uploads\/2025\/11\/Long-oval-wooden-Type-C-USB-disk-150x150.jpg 150w, https:\/\/www.yousanusb.com\/wp-content\/uploads\/2025\/11\/Long-oval-wooden-Type-C-USB-disk-768x768.jpg 768w, https:\/\/www.yousanusb.com\/wp-content\/uploads\/2025\/11\/Long-oval-wooden-Type-C-USB-disk-12x12.jpg 12w, https:\/\/www.yousanusb.com\/wp-content\/uploads\/2025\/11\/Long-oval-wooden-Type-C-USB-disk-600x600.jpg 600w, https:\/\/www.yousanusb.com\/wp-content\/uploads\/2025\/11\/Long-oval-wooden-Type-C-USB-disk-100x100.jpg 100w\" sizes=\"(max-width: 1000px) 100vw, 1000px\" \/><\/figure>\n<\/div>\n<\/div>\n\n\n\n<p>El veteado de madera natural destila elegancia atemporal, mientras que la suave forma ovalada evoca una silueta retro. Libre de adornos innecesarios, irradia una sofisticaci\u00f3n discreta con cada interacci\u00f3n plug-and-play.<\/p>\n\n\n\n<p>Con interfaces USB y Type-C, es compatible con la mayor\u00eda de modelos de smartphone. Con\u00e9ctalo y transfiere fotos o archivos al instante. Combinando est\u00e9tica y funcionalidad, es perfecto para el uso diario en la oficina o para la documentaci\u00f3n de viaje. Con\u00e9ctalo a tu tel\u00e9fono para transferir datos r\u00e1pidamente: es a la vez una herramienta y un accesorio sutil, que encaja a la perfecci\u00f3n en cualquier escenario cotidiano.<\/p>\n\n\n\n<div class=\"wp-block-columns is-layout-flex wp-container-core-columns-is-layout-2 wp-block-columns-is-layout-flex\">\n<div class=\"wp-block-column is-layout-flow wp-block-column-is-layout-flow\">\n<figure class=\"wp-block-image size-full\"><img loading=\"lazy\" decoding=\"async\" width=\"1000\" height=\"1000\" src=\"https:\/\/www.yousanusb.com\/wp-content\/uploads\/2025\/11\/Long-oval-wooden-Type-C-USB-drive-with-wooden-box.jpg\" alt=\"\" class=\"wp-image-23580\" srcset=\"https:\/\/www.yousanusb.com\/wp-content\/uploads\/2025\/11\/Long-oval-wooden-Type-C-USB-drive-with-wooden-box.jpg 1000w, https:\/\/www.yousanusb.com\/wp-content\/uploads\/2025\/11\/Long-oval-wooden-Type-C-USB-drive-with-wooden-box-300x300.jpg 300w, https:\/\/www.yousanusb.com\/wp-content\/uploads\/2025\/11\/Long-oval-wooden-Type-C-USB-drive-with-wooden-box-150x150.jpg 150w, https:\/\/www.yousanusb.com\/wp-content\/uploads\/2025\/11\/Long-oval-wooden-Type-C-USB-drive-with-wooden-box-768x768.jpg 768w, https:\/\/www.yousanusb.com\/wp-content\/uploads\/2025\/11\/Long-oval-wooden-Type-C-USB-drive-with-wooden-box-12x12.jpg 12w, https:\/\/www.yousanusb.com\/wp-content\/uploads\/2025\/11\/Long-oval-wooden-Type-C-USB-drive-with-wooden-box-600x600.jpg 600w, https:\/\/www.yousanusb.com\/wp-content\/uploads\/2025\/11\/Long-oval-wooden-Type-C-USB-drive-with-wooden-box-100x100.jpg 100w\" sizes=\"(max-width: 1000px) 100vw, 1000px\" \/><\/figure>\n<\/div>\n\n\n\n<div class=\"wp-block-column is-layout-flow wp-block-column-is-layout-flow\">\n<figure class=\"wp-block-image size-full\"><img loading=\"lazy\" decoding=\"async\" width=\"1000\" height=\"1000\" src=\"https:\/\/www.yousanusb.com\/wp-content\/uploads\/2025\/11\/Long-oval-wooden-Type-C-USB-drive-with-wood-box.jpg\" alt=\"\" class=\"wp-image-23579\" srcset=\"https:\/\/www.yousanusb.com\/wp-content\/uploads\/2025\/11\/Long-oval-wooden-Type-C-USB-drive-with-wood-box.jpg 1000w, https:\/\/www.yousanusb.com\/wp-content\/uploads\/2025\/11\/Long-oval-wooden-Type-C-USB-drive-with-wood-box-300x300.jpg 300w, https:\/\/www.yousanusb.com\/wp-content\/uploads\/2025\/11\/Long-oval-wooden-Type-C-USB-drive-with-wood-box-150x150.jpg 150w, https:\/\/www.yousanusb.com\/wp-content\/uploads\/2025\/11\/Long-oval-wooden-Type-C-USB-drive-with-wood-box-768x768.jpg 768w, https:\/\/www.yousanusb.com\/wp-content\/uploads\/2025\/11\/Long-oval-wooden-Type-C-USB-drive-with-wood-box-12x12.jpg 12w, https:\/\/www.yousanusb.com\/wp-content\/uploads\/2025\/11\/Long-oval-wooden-Type-C-USB-drive-with-wood-box-600x600.jpg 600w, https:\/\/www.yousanusb.com\/wp-content\/uploads\/2025\/11\/Long-oval-wooden-Type-C-USB-drive-with-wood-box-100x100.jpg 100w\" sizes=\"(max-width: 1000px) 100vw, 1000px\" \/><\/figure>\n<\/div>\n\n\n\n<div class=\"wp-block-column is-layout-flow wp-block-column-is-layout-flow\">\n<figure class=\"wp-block-image size-full\"><img loading=\"lazy\" decoding=\"async\" width=\"1000\" height=\"1000\" src=\"https:\/\/www.yousanusb.com\/wp-content\/uploads\/2025\/11\/Long-oval-wooden-Type-C-USB-drive-with-box.jpg\" alt=\"\" class=\"wp-image-23578\" srcset=\"https:\/\/www.yousanusb.com\/wp-content\/uploads\/2025\/11\/Long-oval-wooden-Type-C-USB-drive-with-box.jpg 1000w, https:\/\/www.yousanusb.com\/wp-content\/uploads\/2025\/11\/Long-oval-wooden-Type-C-USB-drive-with-box-300x300.jpg 300w, https:\/\/www.yousanusb.com\/wp-content\/uploads\/2025\/11\/Long-oval-wooden-Type-C-USB-drive-with-box-150x150.jpg 150w, https:\/\/www.yousanusb.com\/wp-content\/uploads\/2025\/11\/Long-oval-wooden-Type-C-USB-drive-with-box-768x768.jpg 768w, https:\/\/www.yousanusb.com\/wp-content\/uploads\/2025\/11\/Long-oval-wooden-Type-C-USB-drive-with-box-12x12.jpg 12w, https:\/\/www.yousanusb.com\/wp-content\/uploads\/2025\/11\/Long-oval-wooden-Type-C-USB-drive-with-box-600x600.jpg 600w, https:\/\/www.yousanusb.com\/wp-content\/uploads\/2025\/11\/Long-oval-wooden-Type-C-USB-drive-with-box-100x100.jpg 100w\" sizes=\"(max-width: 1000px) 100vw, 1000px\" \/><\/figure>\n<\/div>\n<\/div>\n\n\n\n<p>Tipos de madera: Madera maciza, arce, palisandro, nogal, haya, caoba, bamb\u00fa, etc.<\/p>\n\n\n\n<p>Grano: Madera natural<\/p>\n\n\n\n<p>Forma: Oval<\/p>\n\n\n\n<p>Interfaces: USB y Type-C<\/p>\n\n\n\n<p>Dispositivos compatibles: Smartphones, ordenadores, tabletas<\/p>\n\n\n\n<p>USB: USB 3.0 o USB 2.0 (seleccionable)<\/p>\n\n\n\n<p>Logotipo personalizado: Logotipo grabado con l\u00e1ser, logotipo serigrafiado<\/p>","protected":false},"excerpt":{"rendered":"<p>Tipos de madera: Madera maciza, arce, palisandro, nogal, haya, caoba, bamb\u00fa, etc.<br \/>\nGrano: Madera natural<br \/>\nForma: Oval<br \/>\nInterfaces: USB y Type-C<br \/>\nDispositivos compatibles: Smartphones, ordenadores, tabletas<br \/>\nUSB: USB 3.0 o USB 2.0 (seleccionable)<br \/>\nLogotipo personalizado: Logotipo grabado con l\u00e1ser, logotipo serigrafiado<\/p>","protected":false},"featured_media":23581,"comment_status":"open","ping_status":"closed","template":"","meta":{"_seopress_robots_primary_cat":"","_seopress_titles_title":"Long Oval Wooden Type-c USB Flash Drive","_seopress_titles_desc":"The Long Oval Wooden Phone USB Drive is the simplest style in our wooden USB drive series.","_seopress_robots_index":""},"class_list":["post-23570","product","type-product","status-publish","has-post-thumbnail","hentry","product_cat-usb30-flash-drive","product_cat-otg-usb-flash-drive","product_cat-wooden-usb-flash-drive"],"_links":{"self":[{"href":"https:\/\/www.yousanusb.com\/es\/wp-json\/wp\/v2\/product\/23570"}],"collection":[{"href":"https:\/\/www.yousanusb.com\/es\/wp-json\/wp\/v2\/product"}],"about":[{"href":"https:\/\/www.yousanusb.com\/es\/wp-json\/wp\/v2\/types\/product"}],"replies":[{"embeddable":true,"href":"https:\/\/www.yousanusb.com\/es\/wp-json\/wp\/v2\/comments?post=23570"}],"wp:featuredmedia":[{"embeddable":true,"href":"https:\/\/www.yousanusb.com\/es\/wp-json\/wp\/v2\/media\/23581"}],"wp:attachment":[{"href":"https:\/\/www.yousanusb.com\/es\/wp-json\/wp\/v2\/media?parent=23570"}],"curies":[{"name":"wp","href":"https:\/\/api.w.org\/{rel}","templated":true}]}}