{"id":23582,"date":"2025-11-07T08:35:33","date_gmt":"2025-11-07T08:35:33","guid":{"rendered":"https:\/\/www.yousanusb.com\/?post_type=product&#038;p=23582"},"modified":"2025-11-07T08:36:23","modified_gmt":"2025-11-07T08:36:23","slug":"rectangular-wooden-otg-type-c-usb-drive","status":"publish","type":"product","link":"https:\/\/www.yousanusb.com\/es\/producto\/rectangular-wooden-otg-type-c-usb-drive\/","title":{"rendered":"Unidad USB OTG Tipo-c de madera rectangular"},"content":{"rendered":"<p>Combinando la madera maciza natural con la electr\u00f3nica, esta unidad USB rectangular de madera para tel\u00e9fono presenta l\u00edneas limpias que resaltan su textura minimalista. Conserva el tacto c\u00e1lido y suave de la madera natural a la vez que ofrece una potente practicidad con compatibilidad dual para tel\u00e9fonos y ordenadores. Con m\u00faltiples opciones de capacidad y servicios de personalizaci\u00f3n, se convierte en un excelente compa\u00f1ero de almacenamiento de datos para el trabajo, el estudio y la vida diaria.<\/p>\n\n\n\n<div class=\"wp-block-columns is-layout-flex wp-container-core-columns-is-layout-1 wp-block-columns-is-layout-flex\">\n<div class=\"wp-block-column is-layout-flow wp-block-column-is-layout-flow\">\n<figure class=\"wp-block-image size-full\"><img fetchpriority=\"high\" decoding=\"async\" width=\"800\" height=\"800\" src=\"https:\/\/www.yousanusb.com\/wp-content\/uploads\/2025\/11\/Rectangular-Solid-Wood-Dual-Interface-Mobile-Phone-USB-Drive-USB2.0.jpg\" alt=\"\" class=\"wp-image-23588\" srcset=\"https:\/\/www.yousanusb.com\/wp-content\/uploads\/2025\/11\/Rectangular-Solid-Wood-Dual-Interface-Mobile-Phone-USB-Drive-USB2.0.jpg 800w, https:\/\/www.yousanusb.com\/wp-content\/uploads\/2025\/11\/Rectangular-Solid-Wood-Dual-Interface-Mobile-Phone-USB-Drive-USB2.0-300x300.jpg 300w, https:\/\/www.yousanusb.com\/wp-content\/uploads\/2025\/11\/Rectangular-Solid-Wood-Dual-Interface-Mobile-Phone-USB-Drive-USB2.0-150x150.jpg 150w, https:\/\/www.yousanusb.com\/wp-content\/uploads\/2025\/11\/Rectangular-Solid-Wood-Dual-Interface-Mobile-Phone-USB-Drive-USB2.0-768x768.jpg 768w, https:\/\/www.yousanusb.com\/wp-content\/uploads\/2025\/11\/Rectangular-Solid-Wood-Dual-Interface-Mobile-Phone-USB-Drive-USB2.0-12x12.jpg 12w, https:\/\/www.yousanusb.com\/wp-content\/uploads\/2025\/11\/Rectangular-Solid-Wood-Dual-Interface-Mobile-Phone-USB-Drive-USB2.0-600x600.jpg 600w, https:\/\/www.yousanusb.com\/wp-content\/uploads\/2025\/11\/Rectangular-Solid-Wood-Dual-Interface-Mobile-Phone-USB-Drive-USB2.0-100x100.jpg 100w\" sizes=\"(max-width: 800px) 100vw, 800px\" \/><\/figure>\n<\/div>\n\n\n\n<div class=\"wp-block-column is-layout-flow wp-block-column-is-layout-flow\">\n<figure class=\"wp-block-image size-full\"><img decoding=\"async\" width=\"800\" height=\"800\" src=\"https:\/\/www.yousanusb.com\/wp-content\/uploads\/2025\/11\/Rectangular-Solid-Wood-Dual-Interface-Mobile-Phone-USB-Drive-wholesale.jpg\" alt=\"\" class=\"wp-image-23589\" srcset=\"https:\/\/www.yousanusb.com\/wp-content\/uploads\/2025\/11\/Rectangular-Solid-Wood-Dual-Interface-Mobile-Phone-USB-Drive-wholesale.jpg 800w, https:\/\/www.yousanusb.com\/wp-content\/uploads\/2025\/11\/Rectangular-Solid-Wood-Dual-Interface-Mobile-Phone-USB-Drive-wholesale-300x300.jpg 300w, https:\/\/www.yousanusb.com\/wp-content\/uploads\/2025\/11\/Rectangular-Solid-Wood-Dual-Interface-Mobile-Phone-USB-Drive-wholesale-150x150.jpg 150w, https:\/\/www.yousanusb.com\/wp-content\/uploads\/2025\/11\/Rectangular-Solid-Wood-Dual-Interface-Mobile-Phone-USB-Drive-wholesale-768x768.jpg 768w, https:\/\/www.yousanusb.com\/wp-content\/uploads\/2025\/11\/Rectangular-Solid-Wood-Dual-Interface-Mobile-Phone-USB-Drive-wholesale-12x12.jpg 12w, https:\/\/www.yousanusb.com\/wp-content\/uploads\/2025\/11\/Rectangular-Solid-Wood-Dual-Interface-Mobile-Phone-USB-Drive-wholesale-600x600.jpg 600w, https:\/\/www.yousanusb.com\/wp-content\/uploads\/2025\/11\/Rectangular-Solid-Wood-Dual-Interface-Mobile-Phone-USB-Drive-wholesale-100x100.jpg 100w\" sizes=\"(max-width: 800px) 100vw, 800px\" \/><\/figure>\n<\/div>\n<\/div>\n\n\n\n<p>Material: Madera maciza natural<\/p>\n\n\n\n<p>Fabricado con madera maciza de primera calidad, como haya, arce, nogal o bamb\u00fa, con una densidad \u22650,75 g\/cm\u00b3. Su textura dura y resistente al desgaste presenta veteados naturales \u00fanicos y un tacto c\u00e1lido y suave. No contiene revestimientos qu\u00edmicos para ser m\u00e1s respetuoso con el medio ambiente. La superficie se somete a 6 capas de pulido fino + revestimiento resistente al agua y al sudor para ofrecer un tacto suave y no abrasivo. Resistente a la deformaci\u00f3n y el agrietamiento, mantiene su brillo natural con el paso del tiempo.<\/p>\n\n\n\n<div class=\"wp-block-columns is-layout-flex wp-container-core-columns-is-layout-2 wp-block-columns-is-layout-flex\">\n<div class=\"wp-block-column is-layout-flow wp-block-column-is-layout-flow\">\n<figure class=\"wp-block-image size-full\"><img decoding=\"async\" width=\"800\" height=\"800\" src=\"https:\/\/www.yousanusb.com\/wp-content\/uploads\/2025\/11\/Rectangular-Wooden-Phone-USB-Drive.jpg\" alt=\"\" class=\"wp-image-23592\" srcset=\"https:\/\/www.yousanusb.com\/wp-content\/uploads\/2025\/11\/Rectangular-Wooden-Phone-USB-Drive.jpg 800w, https:\/\/www.yousanusb.com\/wp-content\/uploads\/2025\/11\/Rectangular-Wooden-Phone-USB-Drive-300x300.jpg 300w, https:\/\/www.yousanusb.com\/wp-content\/uploads\/2025\/11\/Rectangular-Wooden-Phone-USB-Drive-150x150.jpg 150w, https:\/\/www.yousanusb.com\/wp-content\/uploads\/2025\/11\/Rectangular-Wooden-Phone-USB-Drive-768x768.jpg 768w, https:\/\/www.yousanusb.com\/wp-content\/uploads\/2025\/11\/Rectangular-Wooden-Phone-USB-Drive-12x12.jpg 12w, https:\/\/www.yousanusb.com\/wp-content\/uploads\/2025\/11\/Rectangular-Wooden-Phone-USB-Drive-600x600.jpg 600w, https:\/\/www.yousanusb.com\/wp-content\/uploads\/2025\/11\/Rectangular-Wooden-Phone-USB-Drive-100x100.jpg 100w\" sizes=\"(max-width: 800px) 100vw, 800px\" \/><\/figure>\n<\/div>\n\n\n\n<div class=\"wp-block-column is-layout-flow wp-block-column-is-layout-flow\">\n<figure class=\"wp-block-image size-full\"><img loading=\"lazy\" decoding=\"async\" width=\"800\" height=\"800\" src=\"https:\/\/www.yousanusb.com\/wp-content\/uploads\/2025\/11\/Rectangular-Wooden-Phone-USB-Drive-bulk.jpg\" alt=\"\" class=\"wp-image-23591\" srcset=\"https:\/\/www.yousanusb.com\/wp-content\/uploads\/2025\/11\/Rectangular-Wooden-Phone-USB-Drive-bulk.jpg 800w, https:\/\/www.yousanusb.com\/wp-content\/uploads\/2025\/11\/Rectangular-Wooden-Phone-USB-Drive-bulk-300x300.jpg 300w, https:\/\/www.yousanusb.com\/wp-content\/uploads\/2025\/11\/Rectangular-Wooden-Phone-USB-Drive-bulk-150x150.jpg 150w, https:\/\/www.yousanusb.com\/wp-content\/uploads\/2025\/11\/Rectangular-Wooden-Phone-USB-Drive-bulk-768x768.jpg 768w, https:\/\/www.yousanusb.com\/wp-content\/uploads\/2025\/11\/Rectangular-Wooden-Phone-USB-Drive-bulk-12x12.jpg 12w, https:\/\/www.yousanusb.com\/wp-content\/uploads\/2025\/11\/Rectangular-Wooden-Phone-USB-Drive-bulk-600x600.jpg 600w, https:\/\/www.yousanusb.com\/wp-content\/uploads\/2025\/11\/Rectangular-Wooden-Phone-USB-Drive-bulk-100x100.jpg 100w\" sizes=\"(max-width: 800px) 100vw, 800px\" \/><\/figure>\n<\/div>\n\n\n\n<div class=\"wp-block-column is-layout-flow wp-block-column-is-layout-flow\">\n<figure class=\"wp-block-image size-large\"><img loading=\"lazy\" decoding=\"async\" width=\"1024\" height=\"1024\" src=\"https:\/\/www.yousanusb.com\/wp-content\/uploads\/2025\/11\/bamboo-Rectangular-Solid-Wood-Dual-Interface-Mobile-Phone-USB-Drive-1024x1024.png\" alt=\"\" class=\"wp-image-23585\" srcset=\"https:\/\/www.yousanusb.com\/wp-content\/uploads\/2025\/11\/bamboo-Rectangular-Solid-Wood-Dual-Interface-Mobile-Phone-USB-Drive-1024x1024.png 1024w, https:\/\/www.yousanusb.com\/wp-content\/uploads\/2025\/11\/bamboo-Rectangular-Solid-Wood-Dual-Interface-Mobile-Phone-USB-Drive-300x300.png 300w, https:\/\/www.yousanusb.com\/wp-content\/uploads\/2025\/11\/bamboo-Rectangular-Solid-Wood-Dual-Interface-Mobile-Phone-USB-Drive-150x150.png 150w, https:\/\/www.yousanusb.com\/wp-content\/uploads\/2025\/11\/bamboo-Rectangular-Solid-Wood-Dual-Interface-Mobile-Phone-USB-Drive-768x768.png 768w, https:\/\/www.yousanusb.com\/wp-content\/uploads\/2025\/11\/bamboo-Rectangular-Solid-Wood-Dual-Interface-Mobile-Phone-USB-Drive-12x12.png 12w, https:\/\/www.yousanusb.com\/wp-content\/uploads\/2025\/11\/bamboo-Rectangular-Solid-Wood-Dual-Interface-Mobile-Phone-USB-Drive-600x600.png 600w, https:\/\/www.yousanusb.com\/wp-content\/uploads\/2025\/11\/bamboo-Rectangular-Solid-Wood-Dual-Interface-Mobile-Phone-USB-Drive-100x100.png 100w, https:\/\/www.yousanusb.com\/wp-content\/uploads\/2025\/11\/bamboo-Rectangular-Solid-Wood-Dual-Interface-Mobile-Phone-USB-Drive.png 1486w\" sizes=\"(max-width: 1024px) 100vw, 1024px\" \/><\/figure>\n<\/div>\n<\/div>\n\n\n\n<p>Compatibilidad dual: Funciona perfectamente con tel\u00e9fonos y ordenadores.<\/p>\n\n\n\n<p>Configuraci\u00f3n de interfaz: Puertos duales Tipo-C + USB-A (adaptador Lightning opcional para dispositivos Apple). Plug and play sin adaptadores.<\/p>\n\n\n\n<p>Sistemas compatibles: Compatible con iOS 13.0+, Android 8.0+, Windows 7\/8\/10\/11, Mac OS 10.12+, cubriendo los principales tel\u00e9fonos, port\u00e1tiles y ordenadores de sobremesa.<\/p>\n\n\n\n<p>Rendimiento de transferencia: El protocolo de alta velocidad USB 3.0 ofrece velocidades de lectura de hasta 80 MB\/s y velocidades de escritura de hasta 30 MB\/s. Transfiere un v\u00eddeo de 1 GB en menos de 15 segundos; las fotos y los documentos se transfieren al instante sin esperas.<\/p>\n\n\n\n<p>M\u00faltiples opciones de capacidad: Satisface diversas necesidades de almacenamiento<\/p>\n\n\n\n<p>Opciones de capacidad: Gama completa de configuraciones de 16 GB\/32 GB\/64 GB\/128 GB\/256 GB: seleccione la opci\u00f3n m\u00e1s rentable para sus necesidades.<\/p>\n\n\n\n<p>Escenarios ideales:<\/p>\n\n\n\n<p>16GB-32GB: Perfecto para fotos y documentos diarios.<\/p>\n\n\n\n<p>64 GB-128 GB: Adecuado para archivos de oficina y activos de v\u00eddeo.<\/p>\n\n\n\n<p>256 GB: satisface las necesidades de copia de seguridad de datos de gran capacidad y de almacenamiento de pel\u00edculas en alta definici\u00f3n.<\/p>\n\n\n\n<p>Garant\u00eda de almacenamiento:<\/p>\n\n\n\n<p>Incorpora chips de memoria flash MLC con \u2265100.000 ciclos de borrado y retenci\u00f3n de datos de hasta 10 a\u00f1os, estables y sin p\u00e9rdidas.<\/p>\n\n\n\n<div class=\"wp-block-columns is-layout-flex wp-container-core-columns-is-layout-3 wp-block-columns-is-layout-flex\">\n<div class=\"wp-block-column is-layout-flow wp-block-column-is-layout-flow\">\n<figure class=\"wp-block-image size-full\"><img loading=\"lazy\" decoding=\"async\" width=\"1000\" height=\"1000\" src=\"https:\/\/www.yousanusb.com\/wp-content\/uploads\/2025\/11\/Rectangular-Solid-Wood-Dual-Interface-Mobile-Phone-USB-Drive-how-to-use.jpg\" alt=\"\" class=\"wp-image-23587\" srcset=\"https:\/\/www.yousanusb.com\/wp-content\/uploads\/2025\/11\/Rectangular-Solid-Wood-Dual-Interface-Mobile-Phone-USB-Drive-how-to-use.jpg 1000w, https:\/\/www.yousanusb.com\/wp-content\/uploads\/2025\/11\/Rectangular-Solid-Wood-Dual-Interface-Mobile-Phone-USB-Drive-how-to-use-300x300.jpg 300w, https:\/\/www.yousanusb.com\/wp-content\/uploads\/2025\/11\/Rectangular-Solid-Wood-Dual-Interface-Mobile-Phone-USB-Drive-how-to-use-150x150.jpg 150w, https:\/\/www.yousanusb.com\/wp-content\/uploads\/2025\/11\/Rectangular-Solid-Wood-Dual-Interface-Mobile-Phone-USB-Drive-how-to-use-768x768.jpg 768w, https:\/\/www.yousanusb.com\/wp-content\/uploads\/2025\/11\/Rectangular-Solid-Wood-Dual-Interface-Mobile-Phone-USB-Drive-how-to-use-12x12.jpg 12w, https:\/\/www.yousanusb.com\/wp-content\/uploads\/2025\/11\/Rectangular-Solid-Wood-Dual-Interface-Mobile-Phone-USB-Drive-how-to-use-600x600.jpg 600w, https:\/\/www.yousanusb.com\/wp-content\/uploads\/2025\/11\/Rectangular-Solid-Wood-Dual-Interface-Mobile-Phone-USB-Drive-how-to-use-100x100.jpg 100w\" sizes=\"(max-width: 1000px) 100vw, 1000px\" \/><\/figure>\n<\/div>\n\n\n\n<div class=\"wp-block-column is-layout-flow wp-block-column-is-layout-flow\">\n<figure class=\"wp-block-image size-full\"><img loading=\"lazy\" decoding=\"async\" width=\"800\" height=\"800\" src=\"https:\/\/www.yousanusb.com\/wp-content\/uploads\/2025\/11\/Rectangular-Solid-Wood-Dual-Interface-Mobile-Phone-USB-Drive.jpg\" alt=\"\" class=\"wp-image-23590\" srcset=\"https:\/\/www.yousanusb.com\/wp-content\/uploads\/2025\/11\/Rectangular-Solid-Wood-Dual-Interface-Mobile-Phone-USB-Drive.jpg 800w, https:\/\/www.yousanusb.com\/wp-content\/uploads\/2025\/11\/Rectangular-Solid-Wood-Dual-Interface-Mobile-Phone-USB-Drive-300x300.jpg 300w, https:\/\/www.yousanusb.com\/wp-content\/uploads\/2025\/11\/Rectangular-Solid-Wood-Dual-Interface-Mobile-Phone-USB-Drive-150x150.jpg 150w, https:\/\/www.yousanusb.com\/wp-content\/uploads\/2025\/11\/Rectangular-Solid-Wood-Dual-Interface-Mobile-Phone-USB-Drive-768x768.jpg 768w, https:\/\/www.yousanusb.com\/wp-content\/uploads\/2025\/11\/Rectangular-Solid-Wood-Dual-Interface-Mobile-Phone-USB-Drive-12x12.jpg 12w, https:\/\/www.yousanusb.com\/wp-content\/uploads\/2025\/11\/Rectangular-Solid-Wood-Dual-Interface-Mobile-Phone-USB-Drive-600x600.jpg 600w, https:\/\/www.yousanusb.com\/wp-content\/uploads\/2025\/11\/Rectangular-Solid-Wood-Dual-Interface-Mobile-Phone-USB-Drive-100x100.jpg 100w\" sizes=\"(max-width: 800px) 100vw, 800px\" \/><\/figure>\n<\/div>\n<\/div>\n\n\n\n<p>Grabado por l\u00e1ser disponible para texto personalizado (nombres, n\u00fameros de tel\u00e9fono, lemas), logotipos (emblemas corporativos, avatares personales) o patrones (l\u00edneas minimalistas, s\u00edmbolos conmemorativos). \u00c1mbito de personalizaci\u00f3n: Posibilidad de grabado en las superficies frontal y lateral con una precisi\u00f3n \u22640,1 mm. El grabado transparente y resistente a la decoloraci\u00f3n conserva la textura natural de la veta de la madera.<\/p>\n\n\n\n<p>Plazo de personalizaci\u00f3n: Los pedidos de un solo art\u00edculo se env\u00edan en 48 horas. Los pedidos al por mayor (\u226550 unidades) se env\u00edan en 72 horas. Personalizaci\u00f3n de regalos de empresa con embalaje exclusivo.<\/p>\n\n\n\n<p><\/p>","protected":false},"excerpt":{"rendered":"<p>M\u00faltiples opciones de capacidad: Satisface diversas necesidades de almacenamiento<br \/>\nOpciones de capacidad: Gama completa de configuraciones de 16 GB\/32 GB\/64 GB\/128 GB\/256 GB: seleccione la opci\u00f3n m\u00e1s rentable para sus necesidades.<br \/>\nEscenarios ideales:<br \/>\n16GB-32GB: Perfecto para fotos y documentos diarios.<br \/>\n64 GB-128 GB: Adecuado para archivos de oficina y activos de v\u00eddeo.<br \/>\n256 GB: satisface las necesidades de copia de seguridad de datos de gran capacidad y de almacenamiento de pel\u00edculas en alta definici\u00f3n.<\/p>","protected":false},"featured_media":23592,"comment_status":"open","ping_status":"closed","template":"","meta":{"_seopress_robots_primary_cat":"","_seopress_titles_title":"Rectangular Wooden OTG Type-c USB Drive","_seopress_titles_desc":"Combining natural solid wood with electronics, this rectangular wooden phone USB drive features clean lines that highlight its minimalist texture.","_seopress_robots_index":""},"class_list":["post-23582","product","type-product","status-publish","has-post-thumbnail","hentry","product_cat-otg-usb-flash-drive","product_cat-wooden-usb-flash-drive"],"_links":{"self":[{"href":"https:\/\/www.yousanusb.com\/es\/wp-json\/wp\/v2\/product\/23582"}],"collection":[{"href":"https:\/\/www.yousanusb.com\/es\/wp-json\/wp\/v2\/product"}],"about":[{"href":"https:\/\/www.yousanusb.com\/es\/wp-json\/wp\/v2\/types\/product"}],"replies":[{"embeddable":true,"href":"https:\/\/www.yousanusb.com\/es\/wp-json\/wp\/v2\/comments?post=23582"}],"wp:featuredmedia":[{"embeddable":true,"href":"https:\/\/www.yousanusb.com\/es\/wp-json\/wp\/v2\/media\/23592"}],"wp:attachment":[{"href":"https:\/\/www.yousanusb.com\/es\/wp-json\/wp\/v2\/media?parent=23582"}],"curies":[{"name":"wp","href":"https:\/\/api.w.org\/{rel}","templated":true}]}}