{"id":23593,"date":"2025-11-07T09:59:50","date_gmt":"2025-11-07T09:59:50","guid":{"rendered":"https:\/\/www.yousanusb.com\/?post_type=product&#038;p=23593"},"modified":"2025-11-07T14:40:51","modified_gmt":"2025-11-07T14:40:51","slug":"2tb-usb-3-1-aluminum-alloy-external-hard-drive-to-sata","status":"publish","type":"product","link":"https:\/\/www.yousanusb.com\/es\/producto\/2tb-usb-3-1-aluminum-alloy-external-hard-drive-to-sata\/","title":{"rendered":"Disco duro externo de aleaci\u00f3n de aluminio USB 3.1 de 2 TB a SATA"},"content":{"rendered":"<div class=\"wp-block-columns is-layout-flex wp-container-core-columns-is-layout-1 wp-block-columns-is-layout-flex\">\n<div class=\"wp-block-column is-layout-flow wp-block-column-is-layout-flow\">\n<figure class=\"wp-block-image size-full\"><img fetchpriority=\"high\" decoding=\"async\" width=\"800\" height=\"800\" src=\"https:\/\/www.yousanusb.com\/wp-content\/uploads\/2025\/11\/USB3.1-metal-external-hard-drive.jpg\" alt=\"\" class=\"wp-image-23600\" srcset=\"https:\/\/www.yousanusb.com\/wp-content\/uploads\/2025\/11\/USB3.1-metal-external-hard-drive.jpg 800w, https:\/\/www.yousanusb.com\/wp-content\/uploads\/2025\/11\/USB3.1-metal-external-hard-drive-300x300.jpg 300w, https:\/\/www.yousanusb.com\/wp-content\/uploads\/2025\/11\/USB3.1-metal-external-hard-drive-150x150.jpg 150w, https:\/\/www.yousanusb.com\/wp-content\/uploads\/2025\/11\/USB3.1-metal-external-hard-drive-768x768.jpg 768w, https:\/\/www.yousanusb.com\/wp-content\/uploads\/2025\/11\/USB3.1-metal-external-hard-drive-12x12.jpg 12w, https:\/\/www.yousanusb.com\/wp-content\/uploads\/2025\/11\/USB3.1-metal-external-hard-drive-600x600.jpg 600w, https:\/\/www.yousanusb.com\/wp-content\/uploads\/2025\/11\/USB3.1-metal-external-hard-drive-100x100.jpg 100w\" sizes=\"(max-width: 800px) 100vw, 800px\" \/><\/figure>\n<\/div>\n\n\n\n<div class=\"wp-block-column is-vertically-aligned-center is-layout-flow wp-block-column-is-layout-flow\">\n<ul class=\"wp-block-list\">\n<li>Viene con un cable USB 3.1 10Gbps est\u00e1ndar de 30cm de USB a Type-C, adecuado para varios dispositivos como ordenadores, tel\u00e9fonos, tabletas, etc.<br><\/li>\n\n\n\n<li>Chip de control principal de alto rendimiento, bajo consumo y transmisi\u00f3n de alta velocidad<br><\/li>\n\n\n\n<li>Compatible con 4 especificaciones y protocolo NVMe\/SATA para lectura de discos duros<br><\/li>\n\n\n\n<li>Compatible con m\u00faltiples sistemas y dispositivos<br><\/li>\n\n\n\n<li>Sin funcionamiento despu\u00e9s de 15 minutos, entrar\u00e1 autom\u00e1ticamente en reposo<\/li>\n<\/ul>\n<\/div>\n<\/div>\n\n\n\n<div class=\"wp-block-columns is-layout-flex wp-container-core-columns-is-layout-2 wp-block-columns-is-layout-flex\">\n<div class=\"wp-block-column is-vertically-aligned-center is-layout-flow wp-block-column-is-layout-flow\">\n<ul class=\"wp-block-list\">\n<li>Dimensiones del disco duro port\u00e1til: 106,5 x 30 x 9 mm, peso 62,5 g<br><\/li>\n\n\n\n<li>Velocidad de transferencia de 10 Gbps, transfiere archivos de 1 GB en 1 segundo<br><\/li>\n\n\n\n<li>Opciones de carcasa de disco duro personalizables, como plata, verde, etc.<br><\/li>\n\n\n\n<li>Ampliaci\u00f3n del almacenamiento del m\u00f3vil: Transfiere sin esfuerzo colecciones masivas de fotos, ve pel\u00edculas taquilleras en cualquier momento<br><\/li>\n\n\n\n<li>Compacta y elegante, estilizada y minimalista<\/li>\n<\/ul>\n<\/div>\n\n\n\n<div class=\"wp-block-column is-layout-flow wp-block-column-is-layout-flow\">\n<figure class=\"wp-block-image size-full\"><img decoding=\"async\" width=\"790\" height=\"900\" src=\"https:\/\/www.yousanusb.com\/wp-content\/uploads\/2025\/11\/metal-external-hard-drive.jpg\" alt=\"\" class=\"wp-image-23598\" srcset=\"https:\/\/www.yousanusb.com\/wp-content\/uploads\/2025\/11\/metal-external-hard-drive.jpg 790w, https:\/\/www.yousanusb.com\/wp-content\/uploads\/2025\/11\/metal-external-hard-drive-263x300.jpg 263w, https:\/\/www.yousanusb.com\/wp-content\/uploads\/2025\/11\/metal-external-hard-drive-768x875.jpg 768w, https:\/\/www.yousanusb.com\/wp-content\/uploads\/2025\/11\/metal-external-hard-drive-11x12.jpg 11w, https:\/\/www.yousanusb.com\/wp-content\/uploads\/2025\/11\/metal-external-hard-drive-600x684.jpg 600w\" sizes=\"(max-width: 790px) 100vw, 790px\" \/><\/figure>\n<\/div>\n<\/div>","protected":false},"excerpt":{"rendered":"<ul>\n<li>aleaci\u00f3n de aluminio<\/li>\n<li>SSD M.2 NVMe\/SATA<\/li>\n<li>M.2 M-Key Interfaz integrada<\/li>\n<li>\u00a0USB3.1 Gen2<\/li>\n<li>Velocidad de transferencia USB de 10 Gbps<\/li>\n<li>MOQ:10pcs<\/li>\n<\/ul>","protected":false},"featured_media":23599,"comment_status":"open","ping_status":"closed","template":"","meta":{"_seopress_robots_primary_cat":"","_seopress_titles_title":"","_seopress_titles_desc":"","_seopress_robots_index":""},"class_list":["post-23593","product","type-product","status-publish","has-post-thumbnail","hentry","product_cat-portable-hard-drive"],"_links":{"self":[{"href":"https:\/\/www.yousanusb.com\/es\/wp-json\/wp\/v2\/product\/23593"}],"collection":[{"href":"https:\/\/www.yousanusb.com\/es\/wp-json\/wp\/v2\/product"}],"about":[{"href":"https:\/\/www.yousanusb.com\/es\/wp-json\/wp\/v2\/types\/product"}],"replies":[{"embeddable":true,"href":"https:\/\/www.yousanusb.com\/es\/wp-json\/wp\/v2\/comments?post=23593"}],"wp:featuredmedia":[{"embeddable":true,"href":"https:\/\/www.yousanusb.com\/es\/wp-json\/wp\/v2\/media\/23599"}],"wp:attachment":[{"href":"https:\/\/www.yousanusb.com\/es\/wp-json\/wp\/v2\/media?parent=23593"}],"curies":[{"name":"wp","href":"https:\/\/api.w.org\/{rel}","templated":true}]}}