{"id":23603,"date":"2025-11-07T12:11:05","date_gmt":"2025-11-07T12:11:05","guid":{"rendered":"https:\/\/www.yousanusb.com\/?post_type=product&#038;p=23603"},"modified":"2025-11-08T23:33:02","modified_gmt":"2025-11-08T23:33:02","slug":"usb-3-1-type-c-transparent-portable-hard-drive","status":"publish","type":"product","link":"https:\/\/www.yousanusb.com\/es\/producto\/usb-3-1-type-c-transparent-portable-hard-drive\/","title":{"rendered":"Disco duro port\u00e1til transparente USB 3.1 Tipo-C"},"content":{"rendered":"<div class=\"wp-block-columns is-layout-flex wp-container-core-columns-is-layout-1 wp-block-columns-is-layout-flex\">\n<div class=\"wp-block-column is-layout-flow wp-block-column-is-layout-flow\">\n<figure class=\"wp-block-image size-full\"><img fetchpriority=\"high\" decoding=\"async\" width=\"800\" height=\"800\" src=\"https:\/\/www.yousanusb.com\/wp-content\/uploads\/2025\/11\/custom-portable-hard-drive.jpg\" alt=\"\" class=\"wp-image-23606\" srcset=\"https:\/\/www.yousanusb.com\/wp-content\/uploads\/2025\/11\/custom-portable-hard-drive.jpg 800w, https:\/\/www.yousanusb.com\/wp-content\/uploads\/2025\/11\/custom-portable-hard-drive-300x300.jpg 300w, https:\/\/www.yousanusb.com\/wp-content\/uploads\/2025\/11\/custom-portable-hard-drive-150x150.jpg 150w, https:\/\/www.yousanusb.com\/wp-content\/uploads\/2025\/11\/custom-portable-hard-drive-768x768.jpg 768w, https:\/\/www.yousanusb.com\/wp-content\/uploads\/2025\/11\/custom-portable-hard-drive-12x12.jpg 12w, https:\/\/www.yousanusb.com\/wp-content\/uploads\/2025\/11\/custom-portable-hard-drive-600x600.jpg 600w, https:\/\/www.yousanusb.com\/wp-content\/uploads\/2025\/11\/custom-portable-hard-drive-100x100.jpg 100w\" sizes=\"(max-width: 800px) 100vw, 800px\" \/><\/figure>\n<\/div>\n\n\n\n<div class=\"wp-block-column is-vertically-aligned-center is-layout-flow wp-block-column-is-layout-flow\">\n<p>La carcasa transparente presenta un dise\u00f1o abierto que permite ver con claridad la estructura interna de la placa de circuito impreso. El extremo integra una interfaz Type-C, que ofrece un m\u00e9todo de conexi\u00f3n sencillo con un tama\u00f1o compacto para facilitar el transporte y el almacenamiento diarios.<\/p>\n\n\n\n<p>Fabricada en policarbonato (PC) de alta resistencia, la carcasa equilibra una portabilidad ligera con una protecci\u00f3n fundamental. Internamente, un sustrato de PCB negro combinado con interfaces de contacto met\u00e1licas garantiza la durabilidad de los componentes y una transmisi\u00f3n estable de la se\u00f1al. <\/p>\n\n\n\n<p>Dimensiones: 106,5 x 30 x 9 mm. Su dise\u00f1o ligero lo hace ideal para su uso m\u00f3vil.<\/p>\n<\/div>\n<\/div>\n\n\n\n<div class=\"wp-block-columns is-layout-flex wp-container-core-columns-is-layout-2 wp-block-columns-is-layout-flex\">\n<div class=\"wp-block-column is-vertically-aligned-center is-layout-flow wp-block-column-is-layout-flow\">\n<p>Es compatible con el protocolo NVMe con velocidades de transferencia de hasta 10 Gbps, lo que mejora significativamente la eficiencia de transferencia de archivos de gran tama\u00f1o, como v\u00eddeos de alta definici\u00f3n y documentos de varios gigabytes, en comparaci\u00f3n con los discos duros port\u00e1tiles SATA tradicionales. <\/p>\n\n\n\n<p><br>Compatible con cables de Tipo-C a USB-A, se conecta sin problemas a dispositivos convencionales como ordenadores y tabletas.<\/p>\n\n\n\n<p><br> La funcionalidad plug-and-play elimina la necesidad de controladores adicionales, satisfaciendo las demandas de transferencia de datos estables y de alta velocidad para el almacenamiento diario y los escenarios profesionales de oficina. Esto la convierte en una opci\u00f3n pr\u00e1ctica y de alto rendimiento en la categor\u00eda de almacenamiento port\u00e1til.<\/p>\n<\/div>\n\n\n\n<div class=\"wp-block-column is-layout-flow wp-block-column-is-layout-flow\">\n<figure class=\"wp-block-image size-full\"><img decoding=\"async\" width=\"800\" height=\"800\" src=\"https:\/\/www.yousanusb.com\/wp-content\/uploads\/2025\/11\/Type-c-transparent-portable-hard-drive.jpg\" alt=\"\" class=\"wp-image-23607\" srcset=\"https:\/\/www.yousanusb.com\/wp-content\/uploads\/2025\/11\/Type-c-transparent-portable-hard-drive.jpg 800w, https:\/\/www.yousanusb.com\/wp-content\/uploads\/2025\/11\/Type-c-transparent-portable-hard-drive-300x300.jpg 300w, https:\/\/www.yousanusb.com\/wp-content\/uploads\/2025\/11\/Type-c-transparent-portable-hard-drive-150x150.jpg 150w, https:\/\/www.yousanusb.com\/wp-content\/uploads\/2025\/11\/Type-c-transparent-portable-hard-drive-768x768.jpg 768w, https:\/\/www.yousanusb.com\/wp-content\/uploads\/2025\/11\/Type-c-transparent-portable-hard-drive-12x12.jpg 12w, https:\/\/www.yousanusb.com\/wp-content\/uploads\/2025\/11\/Type-c-transparent-portable-hard-drive-600x600.jpg 600w, https:\/\/www.yousanusb.com\/wp-content\/uploads\/2025\/11\/Type-c-transparent-portable-hard-drive-100x100.jpg 100w\" sizes=\"(max-width: 800px) 100vw, 800px\" \/><\/figure>\n<\/div>\n<\/div>\n\n\n\n<p><\/p>\n\n\n\n<p>Este producto ofrece dos opciones de configuraci\u00f3n de cable, ambas con el protocolo NVMe (con una velocidad de transferencia de 10 Gbps): la primera viene con un cable USB-A a Type-C (tambi\u00e9n denominado cable A-C), mientras que la segunda est\u00e1 equipada con un cable Type-C a USB.<\/p>\n\n\n\n<div class=\"wp-block-columns is-layout-flex wp-container-core-columns-is-layout-3 wp-block-columns-is-layout-flex\">\n<div class=\"wp-block-column is-layout-flow wp-block-column-is-layout-flow\"><div class=\"wp-block-image\">\n<figure class=\"aligncenter size-full\"><img decoding=\"async\" width=\"800\" height=\"800\" src=\"https:\/\/www.yousanusb.com\/wp-content\/uploads\/2025\/11\/USB3.1-A-c-transparent-portable-hard-drive.jpg\" alt=\"\" class=\"wp-image-23608\" srcset=\"https:\/\/www.yousanusb.com\/wp-content\/uploads\/2025\/11\/USB3.1-A-c-transparent-portable-hard-drive.jpg 800w, https:\/\/www.yousanusb.com\/wp-content\/uploads\/2025\/11\/USB3.1-A-c-transparent-portable-hard-drive-300x300.jpg 300w, https:\/\/www.yousanusb.com\/wp-content\/uploads\/2025\/11\/USB3.1-A-c-transparent-portable-hard-drive-150x150.jpg 150w, https:\/\/www.yousanusb.com\/wp-content\/uploads\/2025\/11\/USB3.1-A-c-transparent-portable-hard-drive-768x768.jpg 768w, https:\/\/www.yousanusb.com\/wp-content\/uploads\/2025\/11\/USB3.1-A-c-transparent-portable-hard-drive-12x12.jpg 12w, https:\/\/www.yousanusb.com\/wp-content\/uploads\/2025\/11\/USB3.1-A-c-transparent-portable-hard-drive-600x600.jpg 600w, https:\/\/www.yousanusb.com\/wp-content\/uploads\/2025\/11\/USB3.1-A-c-transparent-portable-hard-drive-100x100.jpg 100w\" sizes=\"(max-width: 800px) 100vw, 800px\" \/><figcaption class=\"wp-element-caption\"><strong>Protocolo NVMe (10 Gbps) con cable USB-A a Type-C<\/strong><\/figcaption><\/figure><\/div><\/div>\n\n\n\n<div class=\"wp-block-column is-layout-flow wp-block-column-is-layout-flow\"><div class=\"wp-block-image\">\n<figure class=\"aligncenter size-full is-resized\"><img loading=\"lazy\" decoding=\"async\" width=\"800\" height=\"800\" src=\"https:\/\/www.yousanusb.com\/wp-content\/uploads\/2025\/11\/USB3.1-Type-c-transparent-portable-hard-drive.jpg\" alt=\"\" class=\"wp-image-23610\" style=\"width:604px;height:auto\" srcset=\"https:\/\/www.yousanusb.com\/wp-content\/uploads\/2025\/11\/USB3.1-Type-c-transparent-portable-hard-drive.jpg 800w, https:\/\/www.yousanusb.com\/wp-content\/uploads\/2025\/11\/USB3.1-Type-c-transparent-portable-hard-drive-300x300.jpg 300w, https:\/\/www.yousanusb.com\/wp-content\/uploads\/2025\/11\/USB3.1-Type-c-transparent-portable-hard-drive-150x150.jpg 150w, https:\/\/www.yousanusb.com\/wp-content\/uploads\/2025\/11\/USB3.1-Type-c-transparent-portable-hard-drive-768x768.jpg 768w, https:\/\/www.yousanusb.com\/wp-content\/uploads\/2025\/11\/USB3.1-Type-c-transparent-portable-hard-drive-12x12.jpg 12w, https:\/\/www.yousanusb.com\/wp-content\/uploads\/2025\/11\/USB3.1-Type-c-transparent-portable-hard-drive-600x600.jpg 600w, https:\/\/www.yousanusb.com\/wp-content\/uploads\/2025\/11\/USB3.1-Type-c-transparent-portable-hard-drive-100x100.jpg 100w\" sizes=\"(max-width: 800px) 100vw, 800px\" \/><figcaption class=\"wp-element-caption\"><strong>Protocolo NVMe (10 Gbps) con cable de tipo C a USB<\/strong><\/figcaption><\/figure><\/div><\/div>\n<\/div>","protected":false},"excerpt":{"rendered":"<ul>\n<li>Fabricado con material PC de alta dureza<\/li>\n<li>Certificado CE\/RoHS<\/li>\n<li>Protocolo NVMe (10 Gbps) con cable A-C<\/li>\n<li>Protocolo NVMe (10 Gbps) con cable de Tipo-C a USB.<\/li>\n<li>MOQ: 10pcs<\/li>\n<\/ul>","protected":false},"featured_media":23609,"comment_status":"open","ping_status":"closed","template":"","meta":{"_seopress_robots_primary_cat":"","_seopress_titles_title":"","_seopress_titles_desc":"","_seopress_robots_index":""},"class_list":["post-23603","product","type-product","status-publish","has-post-thumbnail","hentry","product_cat-portable-hard-drive","product_cat-ssd-fllash-drive"],"_links":{"self":[{"href":"https:\/\/www.yousanusb.com\/es\/wp-json\/wp\/v2\/product\/23603"}],"collection":[{"href":"https:\/\/www.yousanusb.com\/es\/wp-json\/wp\/v2\/product"}],"about":[{"href":"https:\/\/www.yousanusb.com\/es\/wp-json\/wp\/v2\/types\/product"}],"replies":[{"embeddable":true,"href":"https:\/\/www.yousanusb.com\/es\/wp-json\/wp\/v2\/comments?post=23603"}],"wp:featuredmedia":[{"embeddable":true,"href":"https:\/\/www.yousanusb.com\/es\/wp-json\/wp\/v2\/media\/23609"}],"wp:attachment":[{"href":"https:\/\/www.yousanusb.com\/es\/wp-json\/wp\/v2\/media?parent=23603"}],"curies":[{"name":"wp","href":"https:\/\/api.w.org\/{rel}","templated":true}]}}